{"id":67372,"date":"2017-04-01T00:00:00","date_gmt":"2017-03-31T22:00:00","guid":{"rendered":"https:\/\/test.sp-ps.ch\/vote-general-sur-la-prevoyance-vieillesse-2020\/"},"modified":"2017-04-01T00:00:00","modified_gmt":"2017-03-31T22:00:00","slug":"vote-general-sur-la-prevoyance-vieillesse-2020","status":"publish","type":"page","link":"https:\/\/www.sp-ps.ch\/fr\/vote-general-sur-la-prevoyance-vieillesse-2020\/","title":{"rendered":"Vote g\u00e9n\u00e9ral sur la Pr\u00e9voyance vieillesse 2020"},"content":{"rendered":"\t\t<div data-elementor-type=\"wp-post\" data-elementor-id=\"67372\" class=\"elementor elementor-67372 elementor-66987\" data-elementor-post-type=\"page\">\n\t\t\t\t\t\t<section class=\"elementor-section elementor-top-section elementor-element elementor-element-62f6b39f93830 elementor-section-boxed elementor-section-height-default elementor-section-height-default\" data-id=\"62f6b39f93830\" data-element_type=\"section\" data-settings=\"{&quot;jet_parallax_layout_list&quot;:[],&quot;background_background&quot;:&quot;classic&quot;}\">\n\t\t\t\t\t\t<div class=\"elementor-container elementor-column-gap-wide\">\n\t\t\t\t\t<div class=\"elementor-column elementor-col-100 elementor-top-column elementor-element elementor-element-62f6b39f93831\" data-id=\"62f6b39f93831\" data-element_type=\"column\">\n\t\t\t<div class=\"elementor-widget-wrap elementor-element-populated\">\n\t\t\t\t\t\t<div class=\"elementor-element elementor-element-62f6b39f937a5 elementor-widget elementor-widget-heading\" data-id=\"62f6b39f937a5\" data-element_type=\"widget\" data-widget_type=\"heading.default\">\n\t\t\t\t<div class=\"elementor-widget-container\">\n\t\t\t\t\t<h1 class=\"elementor-heading-title elementor-size-default\">Vote g\u00e9n\u00e9ral sur la Pr\u00e9voyance vieillesse 2020<\/h1>\t\t\t\t<\/div>\n\t\t\t\t<\/div>\n\t\t\t\t<div class=\"elementor-element elementor-element-62f6b39f93813 elementor-widget elementor-widget-jet-breadcrumbs\" data-id=\"62f6b39f93813\" data-element_type=\"widget\" data-widget_type=\"jet-breadcrumbs.default\">\n\t\t\t\t<div class=\"elementor-widget-container\">\n\t\t\t\t\t<div class=\"elementor-jet-breadcrumbs jet-blocks\">\n\t\t<div class=\"jet-breadcrumbs\">\n\t\t<div class=\"jet-breadcrumbs__content\">\n\t\t<div class=\"jet-breadcrumbs__wrap\">\n\t\t<\/div>\n\t\t<\/div>\n\t\t<\/div><\/div>\t\t\t\t<\/div>\n\t\t\t\t<\/div>\n\t\t\t\t<div class=\"elementor-element elementor-element-62f6b39f9382d elementor-widget__width-initial elementor-widget elementor-widget-text-editor\" data-id=\"62f6b39f9382d\" data-element_type=\"widget\" data-widget_type=\"text-editor.default\">\n\t\t\t\t<div class=\"elementor-widget-container\">\n\t\t\t\t\t\t\t\t\tLe 24 septembre prochain, la Suisse se prononcera par votation populaire sur la r\u00e9forme \u00ab Pr\u00e9voyance vieillesse 2020 \u00bb. Apr\u00e8s 20 ans de blocages, cette votation rev\u00eat une importance historique et d\u00e9terminera le financement des futures rentes. C&#8217;est pourquoi le PS organise un vote g\u00e9n\u00e9ral.\t\t\t\t\t\t\t\t<\/div>\n\t\t\t\t<\/div>\n\t\t\t\t\t<\/div>\n\t\t<\/div>\n\t\t\t\t\t<\/div>\n\t\t<\/section>\n\t\t\t\t<section class=\"elementor-section elementor-top-section elementor-element elementor-element-62f6b39f93833 elementor-section-boxed elementor-section-height-default elementor-section-height-default\" data-id=\"62f6b39f93833\" data-element_type=\"section\" data-settings=\"{&quot;jet_parallax_layout_list&quot;:[]}\">\n\t\t\t\t\t\t<div class=\"elementor-container elementor-column-gap-default\">\n\t\t\t\t\t<div class=\"elementor-column elementor-col-100 elementor-top-column elementor-element elementor-element-62f6b39f93834\" data-id=\"62f6b39f93834\" data-element_type=\"column\">\n\t\t\t<div class=\"elementor-widget-wrap elementor-element-populated\">\n\t\t\t\t\t\t<div class=\"elementor-element elementor-element-62f6b39f93835 elementor-widget elementor-widget-spacer\" data-id=\"62f6b39f93835\" data-element_type=\"widget\" data-widget_type=\"spacer.default\">\n\t\t\t\t<div class=\"elementor-widget-container\">\n\t\t\t\t\t\t\t<div class=\"elementor-spacer\">\n\t\t\t<div class=\"elementor-spacer-inner\"><\/div>\n\t\t<\/div>\n\t\t\t\t\t\t<\/div>\n\t\t\t\t<\/div>\n\t\t\t\t\t<\/div>\n\t\t<\/div>\n\t\t\t\t\t<\/div>\n\t\t<\/section>\n\t\t\t\t<section class=\"elementor-section elementor-top-section elementor-element elementor-element-62f6b39f93837 elementor-section-boxed elementor-section-height-default elementor-section-height-default\" data-id=\"62f6b39f93837\" data-element_type=\"section\" data-settings=\"{&quot;jet_parallax_layout_list&quot;:[]}\">\n\t\t\t\t\t\t<div class=\"elementor-container elementor-column-gap-no\">\n\t\t\t\t\t<div class=\"elementor-column elementor-col-100 elementor-top-column elementor-element elementor-element-62f6b39f93838\" data-id=\"62f6b39f93838\" data-element_type=\"column\">\n\t\t\t<div class=\"elementor-widget-wrap elementor-element-populated\">\n\t\t\t\t\t\t<div class=\"elementor-element elementor-element-62f6b39f82ad3 elementor-widget elementor-widget-text-editor\" data-id=\"62f6b39f82ad3\" data-element_type=\"widget\" data-widget_type=\"text-editor.default\">\n\t\t\t\t<div class=\"elementor-widget-container\">\n\t\t\t\t\t\t\t\t\t<p>A l&#8217;origine de l&#8217;AVS se trouve le PS. Le Parti a construit et a d&eacute;velopp&eacute; cette institution sociale. Toute r&eacute;forme de l&rsquo;AVS ne peut se faire qu&rsquo;avec l&rsquo;assentiment du Parti socialiste et de sa base. Le compromis qui s&rsquo;est d&eacute;gag&eacute; des discussions au Parlement vise une revalorisation des rentes AVS, la premi&egrave;re depuis 40 ans, et une am&eacute;lioration des rentes pour les bas et moyens revenus, tout en garantissant le financement des futures rentes. Le prix &agrave; payer est connu : une augmentation de l&rsquo;&acirc;ge de la retraite des femmes et une baisse du taux de conversion.<blockquote><p><strong>A l&#8217;origine de l&#8217;AVS se trouve le PS. Le Parti a construit et a d&eacute;velopp&eacute; cette institution sociale. Toute r&eacute;forme de l&rsquo;AVS ne peut se faire qu&rsquo;avec l&rsquo;assentiment du PS.<\/strong><\/p><\/blockquote><p>La Pr&eacute;sidence, le Groupe socialiste et les d&eacute;l&eacute;gu&eacute;-e-s sont convaincus que les avantages de la r&eacute;forme l&#8217;emportent sur les d&eacute;savantages. Le PS veut permettre &agrave; ses membres de discuter et r&eacute;fl&eacute;chir sur cette importante question. L&#8217;Assembl&eacute;e des d&eacute;l&eacute;gu&eacute;-e-s du 1er avril a d&eacute;cid&eacute; de la position du PS dans le cadre du vote g&eacute;n&eacute;ral.<\/p><p><strong>Tous les membres du PS (inscrits en date du 3 avril 2017) peuvent participer au vote g&eacute;n&eacute;ral. Le mat&eacute;riel de vote sera envoy&eacute; par la poste durant la semaine du 10 avril. Le d&eacute;lai de participation est fix&eacute; au 29 avril &agrave; 12h00. Seul le vote par voie postale ou par d&eacute;p&ocirc;t au Secr&eacute;tariat central &agrave; Berne est autoris&eacute;.<\/strong><\/p><div class=\"issuuembed\" data-configid=\"1789122\/47611973\" style=\"width:100%; height:450px;\">&nbsp;<\/div><script type=\"text\/javascript\" src=\"\/\/e.issuu.com\/embed.js\" async=\"true\"><\/script><\/p>\n\t\t\t\t\t\t\t\t<\/div>\n\t\t\t\t<\/div>\n\t\t\t\t<div class=\"elementor-element elementor-element-62f6b39f8fa1d elementor-widget elementor-widget-spps_button_list\" data-id=\"62f6b39f8fa1d\" data-element_type=\"widget\" data-widget_type=\"spps_button_list.default\">\n\t\t\t\t<div class=\"elementor-widget-container\">\n\t\t\t\t\t<div class=\"button-list-wrapper wrapper-spacing-small  \"><div class=\"button-list-title\"><h3>Mat\u00e9riel<\/h3><\/div><div class=\"button-list-container\"><div class=\"button-list-items\"><div class=\"button-list-item\"><div class=\"button-wrapper \"><a href=\"https:\/\/www.sp-ps.ch\/wp-content\/uploads\/2017\/04\/sp_urabstimmung_a5_f_web_0.pdf\"  target=\"_self\" class=\"button-link button-link-default\" >Explications concernant le vote g\u00e9n\u00e9ral du 27 avril 2017 en PDF<span class=\"button-media-date\">20.04.2026<\/span><\/a><\/div><\/div><\/div><\/div><\/div>\t\t\t\t<\/div>\n\t\t\t\t<\/div>\n\t\t\t\t\t<\/div>\n\t\t<\/div>\n\t\t\t\t\t<\/div>\n\t\t<\/section>\n\t\t\t\t<\/div>\n\t\t","protected":false},"excerpt":{"rendered":"<p>Le 24 septembre prochain, la Suisse se prononcera par votation populaire sur la r\u00e9forme \u00ab Pr\u00e9voyance vieillesse 2020 \u00bb. Apr\u00e8s 20 ans de blocages, cette votation rev\u00eat une importance historique et d\u00e9terminera le financement des futures rentes. C&#8217;est pourquoi le PS organise un vote g\u00e9n\u00e9ral.<\/p>\n","protected":false},"author":1,"featured_media":64892,"parent":0,"menu_order":0,"comment_status":"open","ping_status":"closed","template":"","meta":{"footnotes":""},"class_list":["post-67372","page","type-page","status-publish","has-post-thumbnail","hentry"],"_links":{"self":[{"href":"https:\/\/www.sp-ps.ch\/fr\/wp-json\/wp\/v2\/pages\/67372","targetHints":{"allow":["GET"]}}],"collection":[{"href":"https:\/\/www.sp-ps.ch\/fr\/wp-json\/wp\/v2\/pages"}],"about":[{"href":"https:\/\/www.sp-ps.ch\/fr\/wp-json\/wp\/v2\/types\/page"}],"author":[{"embeddable":true,"href":"https:\/\/www.sp-ps.ch\/fr\/wp-json\/wp\/v2\/users\/1"}],"replies":[{"embeddable":true,"href":"https:\/\/www.sp-ps.ch\/fr\/wp-json\/wp\/v2\/comments?post=67372"}],"version-history":[{"count":0,"href":"https:\/\/www.sp-ps.ch\/fr\/wp-json\/wp\/v2\/pages\/67372\/revisions"}],"wp:featuredmedia":[{"embeddable":true,"href":"https:\/\/www.sp-ps.ch\/fr\/wp-json\/wp\/v2\/media\/64892"}],"wp:attachment":[{"href":"https:\/\/www.sp-ps.ch\/fr\/wp-json\/wp\/v2\/media?parent=67372"}],"curies":[{"name":"wp","href":"https:\/\/api.w.org\/{rel}","templated":true}]}}