{"id":67377,"date":"2016-12-19T11:57:33","date_gmt":"2016-12-19T10:57:33","guid":{"rendered":"https:\/\/test.sp-ps.ch\/po-per-pashaportizimin-e-lehtesuar-per-gjeneraten-e-trete\/"},"modified":"2016-12-19T11:57:33","modified_gmt":"2016-12-19T10:57:33","slug":"po-per-pashaportizimin-e-lehtesuar-per-gjeneraten-e-trete","status":"publish","type":"page","link":"https:\/\/www.sp-ps.ch\/fr\/po-per-pashaportizimin-e-lehtesuar-per-gjeneraten-e-trete\/","title":{"rendered":"Po p\u00ebr pashaportizimin e leht\u00ebsuar p\u00ebr gjenerat\u00ebn e tret\u00eb!"},"content":{"rendered":"\t\t<div data-elementor-type=\"wp-post\" data-elementor-id=\"67377\" class=\"elementor elementor-67377 elementor-66945\" data-elementor-post-type=\"page\">\n\t\t\t\t\t\t<section class=\"elementor-section elementor-top-section elementor-element elementor-element-62f6b3a53f286 elementor-section-boxed elementor-section-height-default elementor-section-height-default\" data-id=\"62f6b3a53f286\" data-element_type=\"section\" data-settings=\"{&quot;jet_parallax_layout_list&quot;:[],&quot;background_background&quot;:&quot;classic&quot;}\">\n\t\t\t\t\t\t<div class=\"elementor-container elementor-column-gap-wide\">\n\t\t\t\t\t<div class=\"elementor-column elementor-col-100 elementor-top-column elementor-element elementor-element-62f6b3a53f287\" data-id=\"62f6b3a53f287\" data-element_type=\"column\">\n\t\t\t<div class=\"elementor-widget-wrap elementor-element-populated\">\n\t\t\t\t\t\t<div class=\"elementor-element elementor-element-62f6b3a53f1fb elementor-widget elementor-widget-heading\" data-id=\"62f6b3a53f1fb\" data-element_type=\"widget\" data-widget_type=\"heading.default\">\n\t\t\t\t<div class=\"elementor-widget-container\">\n\t\t\t\t\t<h1 class=\"elementor-heading-title elementor-size-default\">Po p\u00ebr pashaportizimin e leht\u00ebsuar p\u00ebr gjenerat\u00ebn e tret\u00eb!<\/h1>\t\t\t\t<\/div>\n\t\t\t\t<\/div>\n\t\t\t\t<div class=\"elementor-element elementor-element-62f6b3a53f26f elementor-widget elementor-widget-jet-breadcrumbs\" data-id=\"62f6b3a53f26f\" data-element_type=\"widget\" data-widget_type=\"jet-breadcrumbs.default\">\n\t\t\t\t<div class=\"elementor-widget-container\">\n\t\t\t\t\t<div class=\"elementor-jet-breadcrumbs jet-blocks\">\n\t\t<div class=\"jet-breadcrumbs\">\n\t\t<div class=\"jet-breadcrumbs__content\">\n\t\t<div class=\"jet-breadcrumbs__wrap\">\n\t\t<\/div>\n\t\t<\/div>\n\t\t<\/div><\/div>\t\t\t\t<\/div>\n\t\t\t\t<\/div>\n\t\t\t\t\t<\/div>\n\t\t<\/div>\n\t\t\t\t\t<\/div>\n\t\t<\/section>\n\t\t\t\t<section class=\"elementor-section elementor-top-section elementor-element elementor-element-62f6b3a53f28a elementor-section-boxed elementor-section-height-default elementor-section-height-default\" data-id=\"62f6b3a53f28a\" data-element_type=\"section\" data-settings=\"{&quot;jet_parallax_layout_list&quot;:[]}\">\n\t\t\t\t\t\t<div class=\"elementor-container elementor-column-gap-default\">\n\t\t\t\t\t<div class=\"elementor-column elementor-col-100 elementor-top-column elementor-element elementor-element-62f6b3a53f28b\" data-id=\"62f6b3a53f28b\" data-element_type=\"column\">\n\t\t\t<div class=\"elementor-widget-wrap elementor-element-populated\">\n\t\t\t\t\t\t<div class=\"elementor-element elementor-element-62f6b3a53f28c elementor-widget elementor-widget-spacer\" data-id=\"62f6b3a53f28c\" data-element_type=\"widget\" data-widget_type=\"spacer.default\">\n\t\t\t\t<div class=\"elementor-widget-container\">\n\t\t\t\t\t\t\t<div class=\"elementor-spacer\">\n\t\t\t<div class=\"elementor-spacer-inner\"><\/div>\n\t\t<\/div>\n\t\t\t\t\t\t<\/div>\n\t\t\t\t<\/div>\n\t\t\t\t\t<\/div>\n\t\t<\/div>\n\t\t\t\t\t<\/div>\n\t\t<\/section>\n\t\t\t\t<section class=\"elementor-section elementor-top-section elementor-element elementor-element-62f6b3a53f28d elementor-section-boxed elementor-section-height-default elementor-section-height-default\" data-id=\"62f6b3a53f28d\" data-element_type=\"section\" data-settings=\"{&quot;jet_parallax_layout_list&quot;:[]}\">\n\t\t\t\t\t\t<div class=\"elementor-container elementor-column-gap-no\">\n\t\t\t\t\t<div class=\"elementor-column elementor-col-100 elementor-top-column elementor-element elementor-element-62f6b3a53f28e\" data-id=\"62f6b3a53f28e\" data-element_type=\"column\">\n\t\t\t<div class=\"elementor-widget-wrap elementor-element-populated\">\n\t\t\t\t\t\t<div class=\"elementor-element elementor-element-62f6b3a52dfd2 elementor-widget elementor-widget-text-editor\" data-id=\"62f6b3a52dfd2\" data-element_type=\"widget\" data-widget_type=\"text-editor.default\">\n\t\t\t\t<div class=\"elementor-widget-container\">\n\t\t\t\t\t\t\t\t\t<p>Partia Socialiste Zvicerane punon p&euml;r nj&euml; Zvic&euml;r t&euml; p&euml;rbashk&euml;t, p&euml;r nj&euml; Zvic&euml;r me shum&euml;llojshm&euml;ri gjuh&euml;sore, fetare dhe kulturore.<p>Mbi dy milion banor\/e nuk kan&euml; pasaport&euml; zvicerane. Ata\/o jetojn&euml; k&euml;tu, shkojn&euml; me ne n&euml; shkoll&euml;, paguajn&euml; taksat e tatimin &ndash; jan&euml; pjes&euml; e jona, e Zvicr&euml;s. Megjithat&euml; jan&euml; t&euml; p&euml;rjashtuar nga bashk&euml;-vendosja politike, edhe pse shum&euml; vendime politike n&euml; Parlament apo n&euml; kutit&euml; e votimeve kan&euml; ndikim t&euml; menj&euml;hersh&euml;m p&euml;r t&euml; gjith&euml;.<\/p><p>Bazuar n&euml; standardet krahasuese evropiane, natyralizimi n&euml; Zvic&euml;r &euml;sht&euml; shum&euml; i v&euml;shtir&euml;, i shtrenjt&euml; dhe burokratik. Me ligjin e ri p&euml;r t&euml; huajt, disa nga pengesat vijn&euml; duke u rritur. Nga 1 janari 2018 p&euml;r pasaport&euml; zvicerane mund t&euml; aplikojn&euml; vet&euml;m njer&euml;zit q&euml; kan&euml; lejen&nbsp; e p&euml;rhershme t&euml; q&euml;ndrimit (lejen C) n&euml; Zvic&euml;r. P&euml;r t&euml; gjith&euml; me lejen (vjetore) B, nuk do t&euml; ket&euml; (sikur q&euml; ka tani) m&euml; mund&euml;si aplikimi. Kjo prek 650&rsquo;000 njer&euml;z.<\/p><ul>\t<li>P&euml;r k&euml;to arsye ju ftojm&euml; t&euml; merrni pjes&euml; n&euml; fushat&euml;n PRO&nbsp; pashaportizimit t&euml; leht&euml;suar p&euml;r t&euml; cil&euml;n do votohet n&euml; 12 shkurt t&euml; 2017.<\/li>\t<li>Partia Socialdemokrate (SP\/PS)&nbsp; e Zvicr&euml;s bashk&euml; me migrantet\/&euml;t e SP\/PS ka b&euml;r&euml; nj&euml; apel dhe ka startuar nj&euml; fushat&euml; natyralizimi p&euml;r njer&euml;zit me lejen B t&euml; q&euml;ndrimit n&euml; Zvic&euml;r. <a href=\"\/node\/6677\">Ne duam t&euml; informojm&euml;, t&euml; ftojm&euml; dhe t&euml; ndihmojm&euml;.<\/a> Ne duam m&euml; shum&euml; Zvic&euml;r p&euml;r t&euml; gjith&euml;. &nbsp;<\/li><\/ul><\/p>\n\t\t\t\t\t\t\t\t<\/div>\n\t\t\t\t<\/div>\n\t\t\t\t<div class=\"elementor-element elementor-element-62f6b3a53b613 elementor-widget elementor-widget-spps_button_list\" data-id=\"62f6b3a53b613\" data-element_type=\"widget\" data-widget_type=\"spps_button_list.default\">\n\t\t\t\t<div class=\"elementor-widget-container\">\n\t\t\t\t\t<div class=\"button-list-wrapper wrapper-spacing-small  \"><div class=\"button-list-container\"><div class=\"button-list-items\"><div class=\"button-list-item\"><div class=\"button-wrapper \"><a href=\"node\/6677\"  target=\"_self\" class=\"button-link button-link-default\" >Aide \u00e0 la naturalisation<span class=\"button-media-date\">19.04.2026<\/span><\/a><\/div><\/div><div class=\"button-list-item\"><div class=\"button-wrapper \"><a href=\"node\/6546\"  target=\"_self\" class=\"button-link button-link-default\" >Einb\u00fcrgerungshilfe<span class=\"button-media-date\">19.04.2026<\/span><\/a><\/div><\/div><div class=\"button-list-item\"><div class=\"button-wrapper \"><a href=\"https:\/\/www.sp-ps.ch\/wp-content\/uploads\/2016\/12\/flyer_a5_natyralizimi_shqip_0.pdf\"  target=\"_self\" class=\"button-link button-link-default\" >Flyer<span class=\"button-media-date\">19.04.2026<\/span><\/a><\/div><\/div><\/div><\/div><\/div>\t\t\t\t<\/div>\n\t\t\t\t<\/div>\n\t\t\t\t<div class=\"elementor-element elementor-element-62f6b3a53b638 elementor-widget elementor-widget-spps_button_list\" data-id=\"62f6b3a53b638\" data-element_type=\"widget\" data-widget_type=\"spps_button_list.default\">\n\t\t\t\t<div class=\"elementor-widget-container\">\n\t\t\t\t\t<div class=\"button-list-wrapper wrapper-spacing-small  \"><div class=\"button-list-title\"><h3>Ju lutemi shp\u00ebrndajeni k\u00ebt\u00eb thirrje. Ajo ekziston n\u00eb gjuh\u00ebt e m\u00ebposhtme:<\/h3><\/div><div class=\"button-list-container\"><div class=\"button-list-items\"><div class=\"button-list-item\"><div class=\"button-wrapper \"><a href=\"node\/6755\"  target=\"_self\" class=\"button-link button-link-default\" >Anglisht<span class=\"button-media-date\">19.04.2026<\/span><\/a><\/div><\/div><div class=\"button-list-item\"><div class=\"button-wrapper \"><a href=\"node\/6766\"  target=\"_self\" class=\"button-link button-link-default\" >Arabisht<span class=\"button-media-date\">19.04.2026<\/span><\/a><\/div><\/div><div class=\"button-list-item\"><div class=\"button-wrapper \"><a href=\"node\/6772\"  target=\"_self\" class=\"button-link button-link-default\" >Fr\u00ebngjisht<span class=\"button-media-date\">19.04.2026<\/span><\/a><\/div><\/div><div class=\"button-list-item\"><div class=\"button-wrapper \"><a href=\"node\/6771\"  target=\"_self\" class=\"button-link button-link-default\" >Gjermanisht<span class=\"button-media-date\">19.04.2026<\/span><\/a><\/div><\/div><div class=\"button-list-item\"><div class=\"button-wrapper \"><a href=\"node\/6764\"  target=\"_self\" class=\"button-link button-link-default\" >Italisht<span class=\"button-media-date\">19.04.2026<\/span><\/a><\/div><\/div><div class=\"button-list-item\"><div class=\"button-wrapper \"><a href=\"node\/6768\"  target=\"_self\" class=\"button-link button-link-default\" >Kurde<span class=\"button-media-date\">19.04.2026<\/span><\/a><\/div><\/div><div class=\"button-list-item\"><div class=\"button-wrapper \"><a href=\"node\/6758\"  target=\"_self\" class=\"button-link button-link-default\" >Portugeze<span class=\"button-media-date\">19.04.2026<\/span><\/a><\/div><\/div><div class=\"button-list-item\"><div class=\"button-wrapper \"><a href=\"node\/6759\"  target=\"_self\" class=\"button-link button-link-default\" >Serbo-Kroate-Boshnjake<span class=\"button-media-date\">19.04.2026<\/span><\/a><\/div><\/div><div class=\"button-list-item\"><div class=\"button-wrapper \"><a href=\"node\/6762\"  target=\"_self\" class=\"button-link button-link-default\" >Tamile<span class=\"button-media-date\">19.04.2026<\/span><\/a><\/div><\/div><div class=\"button-list-item\"><div class=\"button-wrapper \"><a href=\"node\/6770\"  target=\"_self\" class=\"button-link button-link-default\" >Turke<span class=\"button-media-date\">19.04.2026<\/span><\/a><\/div><\/div><\/div><\/div><\/div>\t\t\t\t<\/div>\n\t\t\t\t<\/div>\n\t\t\t\t\t<\/div>\n\t\t<\/div>\n\t\t\t\t\t<\/div>\n\t\t<\/section>\n\t\t\t\t<\/div>\n\t\t","protected":false},"excerpt":{"rendered":"","protected":false},"author":1,"featured_media":0,"parent":0,"menu_order":0,"comment_status":"open","ping_status":"closed","template":"","meta":{"footnotes":""},"class_list":["post-67377","page","type-page","status-publish","hentry"],"_links":{"self":[{"href":"https:\/\/www.sp-ps.ch\/fr\/wp-json\/wp\/v2\/pages\/67377","targetHints":{"allow":["GET"]}}],"collection":[{"href":"https:\/\/www.sp-ps.ch\/fr\/wp-json\/wp\/v2\/pages"}],"about":[{"href":"https:\/\/www.sp-ps.ch\/fr\/wp-json\/wp\/v2\/types\/page"}],"author":[{"embeddable":true,"href":"https:\/\/www.sp-ps.ch\/fr\/wp-json\/wp\/v2\/users\/1"}],"replies":[{"embeddable":true,"href":"https:\/\/www.sp-ps.ch\/fr\/wp-json\/wp\/v2\/comments?post=67377"}],"version-history":[{"count":0,"href":"https:\/\/www.sp-ps.ch\/fr\/wp-json\/wp\/v2\/pages\/67377\/revisions"}],"wp:attachment":[{"href":"https:\/\/www.sp-ps.ch\/fr\/wp-json\/wp\/v2\/media?parent=67377"}],"curies":[{"name":"wp","href":"https:\/\/api.w.org\/{rel}","templated":true}]}}