{"id":67378,"date":"2018-02-25T00:00:00","date_gmt":"2018-02-24T23:00:00","guid":{"rendered":"https:\/\/test.sp-ps.ch\/politique-de-protection-des-donnees\/"},"modified":"2024-02-16T14:14:48","modified_gmt":"2024-02-16T13:14:48","slug":"politique-de-protection-des-donnees","status":"publish","type":"page","link":"https:\/\/www.sp-ps.ch\/fr\/politique-de-protection-des-donnees\/","title":{"rendered":"Politique de protection des donn\u00e9es"},"content":{"rendered":"\t\t<div data-elementor-type=\"wp-post\" data-elementor-id=\"67378\" class=\"elementor elementor-67378 elementor-66965\" data-elementor-post-type=\"page\">\n\t\t\t\t\t\t<section class=\"elementor-section elementor-top-section elementor-element elementor-element-62f6b3a67ef02 elementor-section-boxed elementor-section-height-default elementor-section-height-default\" data-id=\"62f6b3a67ef02\" data-element_type=\"section\" data-settings=\"{&quot;jet_parallax_layout_list&quot;:[],&quot;background_background&quot;:&quot;classic&quot;}\">\n\t\t\t\t\t\t<div class=\"elementor-container elementor-column-gap-wide\">\n\t\t\t\t\t<div class=\"elementor-column elementor-col-100 elementor-top-column elementor-element elementor-element-62f6b3a67ef03\" data-id=\"62f6b3a67ef03\" data-element_type=\"column\">\n\t\t\t<div class=\"elementor-widget-wrap elementor-element-populated\">\n\t\t\t\t\t\t<div class=\"elementor-element elementor-element-62f6b3a67ee69 elementor-widget elementor-widget-heading\" data-id=\"62f6b3a67ee69\" data-element_type=\"widget\" data-widget_type=\"heading.default\">\n\t\t\t\t<div class=\"elementor-widget-container\">\n\t\t\t\t\t<h1 class=\"elementor-heading-title elementor-size-default\">D\u00e9claration de confidentialit\u00e9 du\u00a0PS<\/h1>\t\t\t\t<\/div>\n\t\t\t\t<\/div>\n\t\t\t\t<div class=\"elementor-element elementor-element-62f6b3a67eee7 elementor-widget elementor-widget-jet-breadcrumbs\" data-id=\"62f6b3a67eee7\" data-element_type=\"widget\" data-widget_type=\"jet-breadcrumbs.default\">\n\t\t\t\t<div class=\"elementor-widget-container\">\n\t\t\t\t\t<div class=\"elementor-jet-breadcrumbs jet-blocks\">\n\t\t<div class=\"jet-breadcrumbs\">\n\t\t<div class=\"jet-breadcrumbs__content\">\n\t\t<div class=\"jet-breadcrumbs__wrap\">\n\t\t<\/div>\n\t\t<\/div>\n\t\t<\/div><\/div>\t\t\t\t<\/div>\n\t\t\t\t<\/div>\n\t\t\t\t\t<\/div>\n\t\t<\/div>\n\t\t\t\t\t<\/div>\n\t\t<\/section>\n\t\t\t\t<section class=\"elementor-section elementor-top-section elementor-element elementor-element-62f6b3a67ef06 elementor-section-boxed elementor-section-height-default elementor-section-height-default\" data-id=\"62f6b3a67ef06\" data-element_type=\"section\" data-settings=\"{&quot;jet_parallax_layout_list&quot;:[]}\">\n\t\t\t\t\t\t<div class=\"elementor-container elementor-column-gap-default\">\n\t\t\t\t\t<div class=\"elementor-column elementor-col-100 elementor-top-column elementor-element elementor-element-62f6b3a67ef07\" data-id=\"62f6b3a67ef07\" data-element_type=\"column\">\n\t\t\t<div class=\"elementor-widget-wrap elementor-element-populated\">\n\t\t\t\t\t\t<div class=\"elementor-element elementor-element-62f6b3a67ef08 elementor-widget elementor-widget-spacer\" data-id=\"62f6b3a67ef08\" data-element_type=\"widget\" data-widget_type=\"spacer.default\">\n\t\t\t\t<div class=\"elementor-widget-container\">\n\t\t\t\t\t\t\t<div class=\"elementor-spacer\">\n\t\t\t<div class=\"elementor-spacer-inner\"><\/div>\n\t\t<\/div>\n\t\t\t\t\t\t<\/div>\n\t\t\t\t<\/div>\n\t\t\t\t\t<\/div>\n\t\t<\/div>\n\t\t\t\t\t<\/div>\n\t\t<\/section>\n\t\t\t\t<section class=\"elementor-section elementor-top-section elementor-element elementor-element-62f6b3a67ef0c elementor-section-boxed elementor-section-height-default elementor-section-height-default\" data-id=\"62f6b3a67ef0c\" data-element_type=\"section\" data-settings=\"{&quot;jet_parallax_layout_list&quot;:[]}\">\n\t\t\t\t\t\t<div class=\"elementor-container elementor-column-gap-no\">\n\t\t\t\t\t<div class=\"elementor-column elementor-col-100 elementor-top-column elementor-element elementor-element-62f6b3a67ef0d\" data-id=\"62f6b3a67ef0d\" data-element_type=\"column\">\n\t\t\t<div class=\"elementor-widget-wrap elementor-element-populated\">\n\t\t\t\t\t\t<div class=\"elementor-element elementor-element-62f6b3a67b140 elementor-widget elementor-widget-text-editor\" data-id=\"62f6b3a67b140\" data-element_type=\"widget\" data-widget_type=\"text-editor.default\">\n\t\t\t\t<div class=\"elementor-widget-container\">\n\t\t\t\t\t\t\t\t\t<p>Selon la loi sur la protection des donn\u00e9es, on entend par <strong>donn\u00e9es sensibles<\/strong> les donn\u00e9es sur les opinions ou les activit\u00e9s religieuses, philosophiques, politiques ou syndicales. Nos membres et sympathisant-es comptent sur le fait que nous attachons la plus grande importance \u00e0 un traitement de leurs donn\u00e9es s\u00fbr, transparent et conforme \u00e0 la loi.\u00a0<\/p><ul><li><b>Le\u00a0PS s&#8217;engage \u00e0 ne jamais transmettre de donn\u00e9es personnelles \u00e0 des tiers<\/b>, sauf si la loi l&#8217;exige ou si cela est n\u00e9cessaire \u00e0 la r\u00e9alisation de l&#8217;objectif pour lequel une personne a donn\u00e9 son consentement (voir plus bas).<\/li><li><b>Le\u00a0PS garantit \u00e0 toute personne le droit d&#8217;acc\u00e9der <\/b>\u00e0 toutes les donn\u00e9es stock\u00e9es \u00e0 son sujet.<\/li><li><b>Le\u00a0PS garantit \u00e0 toute personne le droit de faire effacer <\/b>toutes les donn\u00e9es stock\u00e9es \u00e0 son sujet. Les donn\u00e9es que nous sommes tenu-es de conserver en vertu de la loi font exception \u00e0 cette r\u00e8gle. Il peut s&#8217;agir, par exemple, des justificatifs de paiement que nous avons l&#8217;obligation de conserver pendant 10\u00a0ans, conform\u00e9ment au Code des obligations suisse.<\/li><li><b>Le\u00a0PS garantit \u00e0 toute personne le droit de faire rectifier <\/b>toutes les donn\u00e9es stock\u00e9es \u00e0 son sujet. Le stockage et le traitement de donn\u00e9es \u00e0 caract\u00e8re personnel requi\u00e8rent dans tous les cas un consentement. Une personne peut donner au\u00a0PS son consentement au stockage et au traitement de donn\u00e9es personnelles la concernant lors de divers cas de figure. Par exemple, lors de la signature d&#8217;une p\u00e9tition ou lors de l&#8217;adh\u00e9sion en tant que membre, ceci peut \u00eatre mentionn\u00e9 express\u00e9ment ou conform\u00e9ment aux statuts du PS Suisse.<\/li><\/ul><p>Pour informer les personnes int\u00e9ress\u00e9es et communiquer avec elles, le\u00a0PS utilise diff\u00e9rents canaux, tels que les courriers postaux, les courriels ou les appels t\u00e9l\u00e9phoniques. Il supprime les donn\u00e9es \u00e0 caract\u00e8re personnel lorsque les celles-ci ne sont plus n\u00e9cessaires pour la finalit\u00e9 mentionn\u00e9e lors de l&#8217;octroi du consentement ou lorsqu&#8217;une personne retire son consentement \u00e0 l&#8217;utilisation de ses donn\u00e9es.<\/p><p>Le\u00a0PS se compose du\u00a0PS\u00a0Suisse, des Partis cantonaux, des sections ainsi que des organes mentionn\u00e9s dans les statuts (par exemple, PS\u00a060+, Femmes socialistes, PS Migrant-es, PS queer&#8230;).<\/p><p>Le\u00a0PS collabore avec des prestataires tiers et leur transmet des donn\u00e9es \u00e0 caract\u00e8re personnel lorsque cela est n\u00e9cessaire. Dans la mesure du possible, nous collaborons avec des prestataires domicili\u00e9s en Suisse. Voici une liste de quelques prestataires avec lesquels nous sommes amen\u00e9-es \u00e0 collaborer\u2009:<\/p><ul><li>Imprimeries\u2009: transmission des coordonn\u00e9es des destinataires pour les envois de lettres.<\/li><li>Diff\u00e9rents fournisseurs de services de messagerie. Pour l&#8217;envoi des lettres d&#8217;information, nous faisons actuellement appel aux services de\u00a0<a href=\"https:\/\/mailchimp.com\/fr\/\">MailChimp<\/a>, une soci\u00e9t\u00e9 qui exploite ses serveurs aux \u00c9tats-Unis. MailChimp est utilis\u00e9 par un grand nombre d&#8217;organisations et est le leader du march\u00e9 pour l&#8217;envoi de lettres d&#8217;information, \u00e9galement parmi les organisations politiques en Suisse. MailChimp est certifi\u00e9 par le <a href=\"https:\/\/www.privacyshield.gov\/Swiss-US-Privacy-Shield-FAQs\">Swiss-U.S Privacy Shield Framework<\/a>. Le PS\u00a0Suisse a en outre conclu un \u00ab\u2009<i>data processing agreement<\/i>\u2009\u00bb avec Mailchimp. Vous trouverez plus d&#8217;informations sur Mailchimp <a href=\"https:\/\/mailchimp.com\/legal\/privacy\/\">ici<\/a>.<\/li><li>Pour la d\u00e9fense contre les attaques DDoS (abr. de DDoS attack, pour Distributed Denial of Service attack = attaque par d\u00e9ni de service distribu\u00e9), notre site web est prot\u00e9g\u00e9 par <a href=\"https:\/\/www.cloudflare.com\/fr-fr\/\">Cloudflare<\/a>. Cette entreprise am\u00e9ricaine d\u00e9tient une part de march\u00e9 de 80\u00a0% dans ce domaine. Une partie importante du trafic Internet est achemin\u00e9e via l&#8217;infrastructure de Cloudflare. En raison du mode de fonctionnement d&#8217;Internet, il n&#8217;y a aucune garantie quant \u00e0 la voie par laquelle une demande est achemin\u00e9e. Tous les exploitants de l&#8217;infrastructure \u00e0 l&#8217;\u0153uvre sur le chemin d&#8217;un paquet de donn\u00e9es peuvent en principe le suivre et savoir quelle adresse\u00a0IP acc\u00e8de \u00e0 quel serveur. Cela vaut \u00e9galement pour Cloudflare. Cloudflare <a href=\"https:\/\/www.cloudflare.com\/fr-fr\/trust-hub\/gdpr\/\">garantit<\/a> toutefois le respect de la l\u00e9gislation suisse et europ\u00e9enne en mati\u00e8re de protection des donn\u00e9es.<\/li><li><a href=\"https:\/\/www.raisenow.com\/fr-ch\/\">RaiseNow<\/a> permet d&#8217;effectuer des paiements et de verser des dons en ligne en toute s\u00e9curit\u00e9 et simplicit\u00e9. Cette plateforme de paiement \u00e9lectronique certifi\u00e9e a \u00e9t\u00e9 sp\u00e9cialement d\u00e9velopp\u00e9e pour les organisations \u00e0 but non lucratif et caritatives. Le\u00a0PS recueille et utilise vos donn\u00e9es pour traiter le virement de votre don, pour entretenir la relation avec la donatrice ou le donateur et pour vous envoyer des informations sur nos projets en cours. Les instituts de cr\u00e9dit participants ne re\u00e7oivent vos donn\u00e9es que si cela est n\u00e9cessaire \u00e0 l&#8217;ex\u00e9cution du paiement.<\/li><li>Nous utilisons <a href=\"https:\/\/websms.ch\/\">WebSMS.ch<\/a> pour l&#8217;envoi de SMS.<\/li><li>Nous g\u00e9rons des bases de donn\u00e9es sur les plateformes de Tocco, ANT Informatik et Nine. Il s&#8217;agit de prestataires suisses qui exploitent leurs serveurs en Suisse.<\/li><li>Pour les sites web propres \u00e0 certaines campagnes, nous utilisons le \u00ab\u2009pixel Facebook\u2009\u00bb, afin de pouvoir cr\u00e9er des groupes cibles plus pr\u00e9cis pour la publicit\u00e9 payante. Lors de votre visite de notre site web, une connexion directe est \u00e9tablie avec les serveurs de Facebook, et il y a une transmission d&#8217;informations au sujet de cette visite. Facebook associe ensuite cette information \u00e0 votre compte d&#8217;utilisateur Facebook personnel. Le pixel Facebook n&#8217;est utilis\u00e9 que si vous acceptez l&#8217;utilisation de cookies dans le pop-up. Nous renon\u00e7ons \u00e0 transmettre d&#8217;autres donn\u00e9es personnelles \u00e0 Facebook (\u00ab\u2009r\u00e9glage avanc\u00e9\u2009\u00bb). Vous trouverez des informations sur la Politique de confidentialit\u00e9 de Facebook <a href=\"https:\/\/www.facebook.com\/about\/privacy\/\">ici<\/a>.<\/li><\/ul><p>Le PS peut adapter la liste des prestataires tiers si ces derniers nous permettent de garantir une protection des donn\u00e9es \u00e9quivalente \u00e0 celle des prestataires op\u00e9rant pour notre compte jusqu&#8217;\u00e0 pr\u00e9sent. Dans tous les cas, le\u00a0PS traitera et utilisera vos donn\u00e9es personnelles dans les buts pour lesquelles vous avez donn\u00e9 votre consentement.<\/p><p><b>Le pr\u00e9sent site web<\/b><\/p><p>Comme tous les sites web ou presque, notre serveur web enregistre des donn\u00e9es telles que la version du navigateur, la page visit\u00e9e ainsi que l&#8217;adresse\u00a0IP utilis\u00e9e.<\/p><p>Ces donn\u00e9es ne nous permettent pas de savoir quelle personne a visit\u00e9 notre site. Les donn\u00e9es peuvent \u00eatre utilis\u00e9es pour fournir et am\u00e9liorer la fonctionnalit\u00e9 de notre site ou, en cas d&#8217;attaque num\u00e9rique contre notre site, et dans les limites de la l\u00e9gislation en vigueur, \u00eatre mises \u00e0 la disposition des autorit\u00e9s charg\u00e9es de faire respecter la loi.<\/p><p><i>Cookies<\/i><\/p><p><a name=\"_Hlk154060626\"><\/a> Notre site peut \u00e9galement utiliser des cookies pour assurer sa fonctionnalit\u00e9. Hormis les exceptions mentionn\u00e9es ci-dessus, nous n&#8217;utilisons pas de cookies de tiers. Pour cette raison, les banni\u00e8res habituelles de cookies ne figurent normalement pas sur notre site.<\/p><p><i>Matomo<\/i><\/p><p><a name=\"_Hlk154060686\"><\/a> Sur le pr\u00e9sent site web et sur d&#8217;autres sites du\u00a0PS\u00a0Suisse, nous utilisons le logiciel Matomo pour l&#8217;analyse statistique de l&#8217;utilisation de notre site web. Ces donn\u00e9es permettent d&#8217;\u00e9tablir et d&#8217;\u00e9valuer des profils d&#8217;utilisation pseudonymis\u00e9s, c&#8217;est-\u00e0-dire anonymis\u00e9s gr\u00e2ce \u00e0 des pseudonymes. Des cookies sont utilis\u00e9s \u00e0 cet effet. Les informations g\u00e9n\u00e9r\u00e9es par les cookies ne peuvent pas \u00eatre utilis\u00e9es pour identifier personnellement les visiteur-euses de ce site et ne sont pas recoup\u00e9es avec des donn\u00e9es \u00e0 caract\u00e8re personnel relatives au porteur ou \u00e0 la porteuse du pseudonyme.<\/p><p>Si vous n&#8217;\u00eates pas d&#8217;accord avec le stockage et l&#8217;analyse de ces donn\u00e9es g\u00e9n\u00e9r\u00e9es lors de votre visite, vous pouvez vous opposer \u00e0 tout moment \u00e0 leur stockage et \u00e0 leur utilisation par un clic. Dans ce cas, un cookie dit \u00ab\u2009<i>opt-out<\/i>\u2009\u00bb est d\u00e9pos\u00e9 dans votre navigateur, ce qui a pour cons\u00e9quence que Matomo ne collecte aucune donn\u00e9e de session.<\/p><p>Vous avez la possibilit\u00e9 d&#8217;emp\u00eacher que les actions que vous effectuez ici soient analys\u00e9es et mises en relation. Cela prot\u00e9gera votre vie priv\u00e9e, mais emp\u00eachera aussi le propri\u00e9taire d&#8217;apprendre de vos actions et d&#8217;am\u00e9liorer la facilit\u00e9 d&#8217;utilisation pour vous et les autres utilisateur-trices.<\/p><p><b>Votre visite sur le pr\u00e9sent site web est actuellement enregistr\u00e9e par l&#8217;analyse web Matomo. D\u00e9cochez cette case pour l&#8217;opt-out.<\/b><\/p><div id=\"matomo-opt-out\">\u00a0<\/div><p><script src=\"https:\/\/matomo.spschweiz.ch\/index.php?module=CoreAdminHome&#038;action=optOutJS&#038;div=matomo-opt-out&#038;language=fr&#038;showIntro=1\"><\/script><\/p><p>L&#8217;impressum de notre site web se trouve <a href=\"https:\/\/www.sp-ps.ch\/fr\/impressum-3\/\">ici<\/a>.<\/p><p>Pour toute question relative \u00e0 la pr\u00e9sente d\u00e9claration de confidentialit\u00e9, nous sommes \u00e0 votre disposition \u00e0 l&#8217;adresse suivante\u2009: <a href=\"mailto:protectiondesdonnees@pssuisse.ch\">protectiondesdonnees@pssuisse.ch<\/a>.<\/p>\t\t\t\t\t\t\t\t<\/div>\n\t\t\t\t<\/div>\n\t\t\t\t\t<\/div>\n\t\t<\/div>\n\t\t\t\t\t<\/div>\n\t\t<\/section>\n\t\t\t\t<\/div>\n\t\t","protected":false},"excerpt":{"rendered":"<p>D\u00e9claration de confidentialit\u00e9 du\u00a0PS Selon la loi sur la protection des donn\u00e9es, on entend par donn\u00e9es sensibles les donn\u00e9es sur les opinions ou les activit\u00e9s religieuses, philosophiques, politiques ou syndicales. [&hellip;]<\/p>\n","protected":false},"author":1,"featured_media":0,"parent":0,"menu_order":0,"comment_status":"open","ping_status":"closed","template":"","meta":{"footnotes":""},"class_list":["post-67378","page","type-page","status-publish","hentry"],"_links":{"self":[{"href":"https:\/\/www.sp-ps.ch\/fr\/wp-json\/wp\/v2\/pages\/67378","targetHints":{"allow":["GET"]}}],"collection":[{"href":"https:\/\/www.sp-ps.ch\/fr\/wp-json\/wp\/v2\/pages"}],"about":[{"href":"https:\/\/www.sp-ps.ch\/fr\/wp-json\/wp\/v2\/types\/page"}],"author":[{"embeddable":true,"href":"https:\/\/www.sp-ps.ch\/fr\/wp-json\/wp\/v2\/users\/1"}],"replies":[{"embeddable":true,"href":"https:\/\/www.sp-ps.ch\/fr\/wp-json\/wp\/v2\/comments?post=67378"}],"version-history":[{"count":24,"href":"https:\/\/www.sp-ps.ch\/fr\/wp-json\/wp\/v2\/pages\/67378\/revisions"}],"predecessor-version":[{"id":124529,"href":"https:\/\/www.sp-ps.ch\/fr\/wp-json\/wp\/v2\/pages\/67378\/revisions\/124529"}],"wp:attachment":[{"href":"https:\/\/www.sp-ps.ch\/fr\/wp-json\/wp\/v2\/media?parent=67378"}],"curies":[{"name":"wp","href":"https:\/\/api.w.org\/{rel}","templated":true}]}}