{"id":67400,"date":"2016-12-19T00:00:00","date_gmt":"2016-12-18T23:00:00","guid":{"rendered":"https:\/\/test.sp-ps.ch\/sim-a-naturalizacao-facilitada-para-a-terceira-geracao\/"},"modified":"2016-12-19T00:00:00","modified_gmt":"2016-12-18T23:00:00","slug":"sim-a-naturalizacao-facilitada-para-a-terceira-geracao","status":"publish","type":"page","link":"https:\/\/www.sp-ps.ch\/fr\/sim-a-naturalizacao-facilitada-para-a-terceira-geracao\/","title":{"rendered":"SIM \u00e0 naturaliza\u00e7\u00e3o facilitada para a terceira gera\u00e7\u00e3o!"},"content":{"rendered":"\t\t<div data-elementor-type=\"wp-post\" data-elementor-id=\"67400\" class=\"elementor elementor-67400 elementor-66952\" data-elementor-post-type=\"page\">\n\t\t\t\t\t\t<section class=\"elementor-section elementor-top-section elementor-element elementor-element-62f6b3c2a2494 elementor-section-boxed elementor-section-height-default elementor-section-height-default\" data-id=\"62f6b3c2a2494\" data-element_type=\"section\" data-settings=\"{&quot;jet_parallax_layout_list&quot;:[],&quot;background_background&quot;:&quot;classic&quot;}\">\n\t\t\t\t\t\t<div class=\"elementor-container elementor-column-gap-wide\">\n\t\t\t\t\t<div class=\"elementor-column elementor-col-100 elementor-top-column elementor-element elementor-element-62f6b3c2a2495\" data-id=\"62f6b3c2a2495\" data-element_type=\"column\">\n\t\t\t<div class=\"elementor-widget-wrap elementor-element-populated\">\n\t\t\t\t\t\t<div class=\"elementor-element elementor-element-62f6b3c2a2429 elementor-widget elementor-widget-heading\" data-id=\"62f6b3c2a2429\" data-element_type=\"widget\" data-widget_type=\"heading.default\">\n\t\t\t\t<div class=\"elementor-widget-container\">\n\t\t\t\t\t<h1 class=\"elementor-heading-title elementor-size-default\">SIM \u00e0 naturaliza\u00e7\u00e3o facilitada para a terceira gera\u00e7\u00e3o!<\/h1>\t\t\t\t<\/div>\n\t\t\t\t<\/div>\n\t\t\t\t<div class=\"elementor-element elementor-element-62f6b3c2a2481 elementor-widget elementor-widget-jet-breadcrumbs\" data-id=\"62f6b3c2a2481\" data-element_type=\"widget\" data-widget_type=\"jet-breadcrumbs.default\">\n\t\t\t\t<div class=\"elementor-widget-container\">\n\t\t\t\t\t<div class=\"elementor-jet-breadcrumbs jet-blocks\">\n\t\t<div class=\"jet-breadcrumbs\">\n\t\t<div class=\"jet-breadcrumbs__content\">\n\t\t<div class=\"jet-breadcrumbs__wrap\">\n\t\t<\/div>\n\t\t<\/div>\n\t\t<\/div><\/div>\t\t\t\t<\/div>\n\t\t\t\t<\/div>\n\t\t\t\t\t<\/div>\n\t\t<\/div>\n\t\t\t\t\t<\/div>\n\t\t<\/section>\n\t\t\t\t<section class=\"elementor-section elementor-top-section elementor-element elementor-element-62f6b3c2a2496 elementor-section-boxed elementor-section-height-default elementor-section-height-default\" data-id=\"62f6b3c2a2496\" data-element_type=\"section\" data-settings=\"{&quot;jet_parallax_layout_list&quot;:[]}\">\n\t\t\t\t\t\t<div class=\"elementor-container elementor-column-gap-default\">\n\t\t\t\t\t<div class=\"elementor-column elementor-col-100 elementor-top-column elementor-element elementor-element-62f6b3c2a2497\" data-id=\"62f6b3c2a2497\" data-element_type=\"column\">\n\t\t\t<div class=\"elementor-widget-wrap elementor-element-populated\">\n\t\t\t\t\t\t<div class=\"elementor-element elementor-element-62f6b3c2a2498 elementor-widget elementor-widget-spacer\" data-id=\"62f6b3c2a2498\" data-element_type=\"widget\" data-widget_type=\"spacer.default\">\n\t\t\t\t<div class=\"elementor-widget-container\">\n\t\t\t\t\t\t\t<div class=\"elementor-spacer\">\n\t\t\t<div class=\"elementor-spacer-inner\"><\/div>\n\t\t<\/div>\n\t\t\t\t\t\t<\/div>\n\t\t\t\t<\/div>\n\t\t\t\t\t<\/div>\n\t\t<\/div>\n\t\t\t\t\t<\/div>\n\t\t<\/section>\n\t\t\t\t<section class=\"elementor-section elementor-top-section elementor-element elementor-element-62f6b3c2a2499 elementor-section-boxed elementor-section-height-default elementor-section-height-default\" data-id=\"62f6b3c2a2499\" data-element_type=\"section\" data-settings=\"{&quot;jet_parallax_layout_list&quot;:[]}\">\n\t\t\t\t\t\t<div class=\"elementor-container elementor-column-gap-no\">\n\t\t\t\t\t<div class=\"elementor-column elementor-col-100 elementor-top-column elementor-element elementor-element-62f6b3c2a249a\" data-id=\"62f6b3c2a249a\" data-element_type=\"column\">\n\t\t\t<div class=\"elementor-widget-wrap elementor-element-populated\">\n\t\t\t\t\t\t<div class=\"elementor-element elementor-element-62f6b3c291f0b elementor-widget elementor-widget-text-editor\" data-id=\"62f6b3c291f0b\" data-element_type=\"widget\" data-widget_type=\"text-editor.default\">\n\t\t\t\t<div class=\"elementor-widget-container\">\n\t\t\t\t\t\t\t\t\t<p>O Partido Socialista (PS) quer uma Su&iacute;&ccedil;a para todos, uma Su&iacute;&ccedil;a de diversidade lingu&iacute;stica, religiosa e cultural.<p>Em compara&ccedil;&atilde;o com outros pa&iacute;ses europeus, a naturaliza&ccedil;&atilde;o na Su&iacute;&ccedil;a &eacute; muito dif&iacute;cil, cara e exaustiva. Com a nova Lei de Estrangeiros as candidatas e candidatos ainda ter&atilde;o mais dificuldades a ultrapassar no seu caminho. A partir de 1 de Janeiro de 2018, s&oacute; pessoas com um visto de resid&ecirc;ncia permanente C poder&atilde;o solicitar o passaporte su&iacute;&ccedil;o. Ao contr&aacute;rio de hoje, para os titulares do visto B, a possibilidade de se nacionalizar, deixar&aacute; de existir. Esta medida atinge 650&rsquo;000 pessoas.<\/p><ul>\t<li>Participe na campanha SIM &agrave; naturaliza&ccedil;&atilde;o facilitada, sobre a qual se ir&aacute; votar a 12 de Fevereiro de 2017.<\/li>\t<li>No passado dia 1 de Agosto, o PS Su&iacute;&ccedil;o lan&ccedil;ou conjuntamente com o PS Migrant-e-s um apelo e iniciou uma campanha para fomentar a naturaliza&ccedil;&atilde;o de pessoas com o visto B. Queremos informar, encorajar e ajudar. Queremos uma Su&iacute;&ccedil;a para todas e todos. <a href=\"\/node\/6677\">Quem desejar contatar um conselheiro ou uma conselheira PS &agrave; naturaliza&ccedil;&atilde;o pode inscrever-se aqui<\/a>.<\/li><\/ul><\/p>\n\t\t\t\t\t\t\t\t<\/div>\n\t\t\t\t<\/div>\n\t\t\t\t<div class=\"elementor-element elementor-element-62f6b3c29eb89 elementor-widget elementor-widget-spps_button_list\" data-id=\"62f6b3c29eb89\" data-element_type=\"widget\" data-widget_type=\"spps_button_list.default\">\n\t\t\t\t<div class=\"elementor-widget-container\">\n\t\t\t\t\t<div class=\"button-list-wrapper wrapper-spacing-small  \"><div class=\"button-list-container\"><div class=\"button-list-items\"><div class=\"button-list-item\"><div class=\"button-wrapper \"><a href=\"node\/6677\"  target=\"_self\" class=\"button-link button-link-default\" >Aide \u00e0 la naturalisation<span class=\"button-media-date\">03.05.2026<\/span><\/a><\/div><\/div><div class=\"button-list-item\"><div class=\"button-wrapper \"><a href=\"node\/6546\"  target=\"_self\" class=\"button-link button-link-default\" >Einb\u00fcrgerungshilfe<span class=\"button-media-date\">03.05.2026<\/span><\/a><\/div><\/div><div class=\"button-list-item\"><div class=\"button-wrapper \"><a href=\"https:\/\/www.sp-ps.ch\/wp-content\/uploads\/2016\/12\/flyer_a5_naturalizacao_portugues_0.pdf\"  target=\"_self\" class=\"button-link button-link-default\" >Flyer<span class=\"button-media-date\">03.05.2026<\/span><\/a><\/div><\/div><\/div><\/div><\/div>\t\t\t\t<\/div>\n\t\t\t\t<\/div>\n\t\t\t\t<div class=\"elementor-element elementor-element-62f6b3c29ebb6 elementor-widget elementor-widget-spps_button_list\" data-id=\"62f6b3c29ebb6\" data-element_type=\"widget\" data-widget_type=\"spps_button_list.default\">\n\t\t\t\t<div class=\"elementor-widget-container\">\n\t\t\t\t\t<div class=\"button-list-wrapper wrapper-spacing-small  \"><div class=\"button-list-title\"><h3>Por favor propague este apelo! Ele existe nas seguintes l\u00ednguas:<\/h3><\/div><div class=\"button-list-container\"><div class=\"button-list-items\"><div class=\"button-list-item\"><div class=\"button-wrapper \"><a href=\"node\/6751\"  target=\"_self\" class=\"button-link button-link-default\" >alban\u00eas<span class=\"button-media-date\">03.05.2026<\/span><\/a><\/div><\/div><div class=\"button-list-item\"><div class=\"button-wrapper \"><a href=\"node\/6771\"  target=\"_self\" class=\"button-link button-link-default\" >alem\u00e3o<span class=\"button-media-date\">03.05.2026<\/span><\/a><\/div><\/div><div class=\"button-list-item\"><div class=\"button-wrapper \"><a href=\"node\/6768\"  target=\"_self\" class=\"button-link button-link-default\" >curdo<span class=\"button-media-date\">03.05.2026<\/span><\/a><\/div><\/div><div class=\"button-list-item\"><div class=\"button-wrapper \"><a href=\"node\/6772\"  target=\"_self\" class=\"button-link button-link-default\" >franc\u00eas<span class=\"button-media-date\">03.05.2026<\/span><\/a><\/div><\/div><div class=\"button-list-item\"><div class=\"button-wrapper \"><a href=\"node\/6755\"  target=\"_self\" class=\"button-link button-link-default\" >ingl\u00eas<span class=\"button-media-date\">03.05.2026<\/span><\/a><\/div><\/div><div class=\"button-list-item\"><div class=\"button-wrapper \"><a href=\"node\/6764\"  target=\"_self\" class=\"button-link button-link-default\" >italiano<span class=\"button-media-date\">03.05.2026<\/span><\/a><\/div><\/div><div class=\"button-list-item\"><div class=\"button-wrapper \"><a href=\"node\/6759\"  target=\"_self\" class=\"button-link button-link-default\" >s\u00e9rvio-croata-b\u00f3snio<span class=\"button-media-date\">03.05.2026<\/span><\/a><\/div><\/div><div class=\"button-list-item\"><div class=\"button-wrapper \"><a href=\"node\/6770\"  target=\"_self\" class=\"button-link button-link-default\" >turco<span class=\"button-media-date\">03.05.2026<\/span><\/a><\/div><\/div><div class=\"button-list-item\"><div class=\"button-wrapper \"><a href=\"node\/6762\"  target=\"_self\" class=\"button-link button-link-default\" >t\u00e2mil<span class=\"button-media-date\">03.05.2026<\/span><\/a><\/div><\/div><div class=\"button-list-item\"><div class=\"button-wrapper \"><a href=\"node\/6766\"  target=\"_self\" class=\"button-link button-link-default\" >\u00e1rabe<span class=\"button-media-date\">03.05.2026<\/span><\/a><\/div><\/div><\/div><\/div><\/div>\t\t\t\t<\/div>\n\t\t\t\t<\/div>\n\t\t\t\t\t<\/div>\n\t\t<\/div>\n\t\t\t\t\t<\/div>\n\t\t<\/section>\n\t\t\t\t<\/div>\n\t\t","protected":false},"excerpt":{"rendered":"","protected":false},"author":1,"featured_media":0,"parent":0,"menu_order":0,"comment_status":"open","ping_status":"closed","template":"","meta":{"footnotes":""},"class_list":["post-67400","page","type-page","status-publish","hentry"],"_links":{"self":[{"href":"https:\/\/www.sp-ps.ch\/fr\/wp-json\/wp\/v2\/pages\/67400","targetHints":{"allow":["GET"]}}],"collection":[{"href":"https:\/\/www.sp-ps.ch\/fr\/wp-json\/wp\/v2\/pages"}],"about":[{"href":"https:\/\/www.sp-ps.ch\/fr\/wp-json\/wp\/v2\/types\/page"}],"author":[{"embeddable":true,"href":"https:\/\/www.sp-ps.ch\/fr\/wp-json\/wp\/v2\/users\/1"}],"replies":[{"embeddable":true,"href":"https:\/\/www.sp-ps.ch\/fr\/wp-json\/wp\/v2\/comments?post=67400"}],"version-history":[{"count":0,"href":"https:\/\/www.sp-ps.ch\/fr\/wp-json\/wp\/v2\/pages\/67400\/revisions"}],"wp:attachment":[{"href":"https:\/\/www.sp-ps.ch\/fr\/wp-json\/wp\/v2\/media?parent=67400"}],"curies":[{"name":"wp","href":"https:\/\/api.w.org\/{rel}","templated":true}]}}