{"id":67583,"date":"2018-12-11T00:00:00","date_gmt":"2018-12-10T23:00:00","guid":{"rendered":"https:\/\/test.sp-ps.ch\/initiative-dallegement-des-primes\/"},"modified":"2023-04-13T11:03:07","modified_gmt":"2023-04-13T09:03:07","slug":"initiative-dallegement-des-primes","status":"publish","type":"page","link":"https:\/\/www.sp-ps.ch\/fr\/initiative-dallegement-des-primes\/","title":{"rendered":"Initiative d\u2019all\u00e8gement des primes"},"content":{"rendered":"\t\t<div data-elementor-type=\"wp-post\" data-elementor-id=\"67583\" class=\"elementor elementor-67583\" data-elementor-post-type=\"page\">\n\t\t\t\t\t\t<section class=\"elementor-section elementor-top-section elementor-element elementor-element-62f6b4b1561ca elementor-section-boxed elementor-section-height-default elementor-section-height-default\" data-id=\"62f6b4b1561ca\" data-element_type=\"section\" data-settings=\"{&quot;jet_parallax_layout_list&quot;:[],&quot;background_background&quot;:&quot;classic&quot;}\">\n\t\t\t\t\t\t<div class=\"elementor-container elementor-column-gap-wide\">\n\t\t\t\t\t<div class=\"elementor-column elementor-col-100 elementor-top-column elementor-element elementor-element-62f6b4b1561cb\" data-id=\"62f6b4b1561cb\" data-element_type=\"column\">\n\t\t\t<div class=\"elementor-widget-wrap elementor-element-populated\">\n\t\t\t\t\t\t<div class=\"elementor-element elementor-element-62f6b4b15613e elementor-widget elementor-widget-heading\" data-id=\"62f6b4b15613e\" data-element_type=\"widget\" data-widget_type=\"heading.default\">\n\t\t\t\t<div class=\"elementor-widget-container\">\n\t\t\t\t\t<h1 class=\"elementor-heading-title elementor-size-default\">Initiative d\u2019all\u00e8gement des primes<\/h1>\t\t\t\t<\/div>\n\t\t\t\t<\/div>\n\t\t\t\t<div class=\"elementor-element elementor-element-62f6b4b1561b0 elementor-widget elementor-widget-jet-breadcrumbs\" data-id=\"62f6b4b1561b0\" data-element_type=\"widget\" data-widget_type=\"jet-breadcrumbs.default\">\n\t\t\t\t<div class=\"elementor-widget-container\">\n\t\t\t\t\t<div class=\"elementor-jet-breadcrumbs jet-blocks\">\n\t\t<div class=\"jet-breadcrumbs\">\n\t\t<div class=\"jet-breadcrumbs__content\">\n\t\t<div class=\"jet-breadcrumbs__wrap\">\n\t\t<\/div>\n\t\t<\/div>\n\t\t<\/div><\/div>\t\t\t\t<\/div>\n\t\t\t\t<\/div>\n\t\t\t\t\t<\/div>\n\t\t<\/div>\n\t\t\t\t\t<\/div>\n\t\t<\/section>\n\t\t\t\t<section class=\"elementor-section elementor-top-section elementor-element elementor-element-62f6b4b1561cd elementor-section-boxed elementor-section-height-default elementor-section-height-default\" data-id=\"62f6b4b1561cd\" data-element_type=\"section\" data-settings=\"{&quot;jet_parallax_layout_list&quot;:[]}\">\n\t\t\t\t\t\t<div class=\"elementor-container elementor-column-gap-default\">\n\t\t\t\t\t<div class=\"elementor-column elementor-col-100 elementor-top-column elementor-element elementor-element-62f6b4b1561ce\" data-id=\"62f6b4b1561ce\" data-element_type=\"column\">\n\t\t\t<div class=\"elementor-widget-wrap elementor-element-populated\">\n\t\t\t\t\t\t<div class=\"elementor-element elementor-element-62f6b4b1561cf elementor-widget elementor-widget-spacer\" data-id=\"62f6b4b1561cf\" data-element_type=\"widget\" data-widget_type=\"spacer.default\">\n\t\t\t\t<div class=\"elementor-widget-container\">\n\t\t\t\t\t\t\t<div class=\"elementor-spacer\">\n\t\t\t<div class=\"elementor-spacer-inner\"><\/div>\n\t\t<\/div>\n\t\t\t\t\t\t<\/div>\n\t\t\t\t<\/div>\n\t\t\t\t\t<\/div>\n\t\t<\/div>\n\t\t\t\t\t<\/div>\n\t\t<\/section>\n\t\t\t\t<section class=\"elementor-section elementor-top-section elementor-element elementor-element-62f6b4b1561d2 elementor-section-boxed elementor-section-height-default elementor-section-height-default\" data-id=\"62f6b4b1561d2\" data-element_type=\"section\" data-settings=\"{&quot;jet_parallax_layout_list&quot;:[]}\">\n\t\t\t\t\t\t<div class=\"elementor-container elementor-column-gap-no\">\n\t\t\t\t\t<div class=\"elementor-column elementor-col-100 elementor-top-column elementor-element elementor-element-62f6b4b1561d3\" data-id=\"62f6b4b1561d3\" data-element_type=\"column\">\n\t\t\t<div class=\"elementor-widget-wrap elementor-element-populated\">\n\t\t\t\t\t\t<div class=\"elementor-element elementor-element-62f6b4b12c9ad elementor-widget elementor-widget-text-editor\" data-id=\"62f6b4b12c9ad\" data-element_type=\"widget\" data-widget_type=\"text-editor.default\">\n\t\t\t\t<div class=\"elementor-widget-container\">\n\t\t\t\t\t\t\t\t\t<p>Les primes d\u2019assurance maladie repr\u00e9sentent une charge de plus en plus lourde pour de nombreuses familles et personnes seules. Alors que les salaires et les rentes sont rest\u00e9s stables depuis des ann\u00e9es, les primes d\u2019assurance maladie ont doubl\u00e9 au cours des 20 derni\u00e8res ann\u00e9es. Et la situation s\u2019aggrave : un choc massif des primes menace l\u2019ann\u00e9e prochaine.\u00a0<strong>Il est donc urgent d\u2019agir et de prot\u00e9ger le pouvoir d\u2019achat.<\/strong><\/p><p>Avec l\u2019initiative pour l\u2019all\u00e8gement des primes, nous veillons \u00e0 ce qu\u2019aucun m\u00e9nage ne doive consacrer plus de 10% de son revenu disponible aux primes d\u2019assurance maladie. Cela a \u00e9galement un sens du point de vue \u00e9conomique, car cela permet aux gens de s\u2019offrir un souper dans un restaurant ou une sortie au cin\u00e9ma.<\/p>\t\t\t\t\t\t\t\t<\/div>\n\t\t\t\t<\/div>\n\t\t\t\t<div class=\"elementor-element elementor-element-62f6b4b1504bc elementor-widget elementor-widget-spps_button_list\" data-id=\"62f6b4b1504bc\" data-element_type=\"widget\" data-widget_type=\"spps_button_list.default\">\n\t\t\t\t<div class=\"elementor-widget-container\">\n\t\t\t\t\t<div class=\"button-list-wrapper wrapper-spacing-small  \"><div class=\"button-list-title\"><h3>Documents \u00e0 t\u00e9l\u00e9charger<\/h3><\/div><div class=\"button-list-container\"><div class=\"button-list-items\"><div class=\"button-list-item\"><div class=\"button-wrapper \"><a href=\"https:\/\/www.sp-ps.ch\/wp-content\/uploads\/2018\/12\/initiativtext_fr.pdf\"  target=\"_self\" class=\"button-link button-link-default\" >Texte de l'initiative<span class=\"button-media-date\">07.05.2026<\/span><\/a><\/div><\/div><\/div><\/div><\/div>\t\t\t\t<\/div>\n\t\t\t\t<\/div>\n\t\t\t\t\t<\/div>\n\t\t<\/div>\n\t\t\t\t\t<\/div>\n\t\t<\/section>\n\t\t\t\t<\/div>\n\t\t","protected":false},"excerpt":{"rendered":"<p>Le Conseil f\u00e9d\u00e9ral a rejet\u00e9 l\u2019initiative d\u2019all\u00e8gement des primes du PS et lui oppose un contre-projet inad\u00e9quat est une gifle adress\u00e9e \u00e0 toutes les personnes assur\u00e9es et payant des primes. En effet, les pr\u00e9occupations de l\u2019initiative sont plus que jamais d\u2019actualit\u00e9. Il appartient maintenant au parlement d\u2019approuver l\u2019initiative ou, ad minima, d\u2019\u00e9laborer un contre-projet s\u00e9rieux et efficace.<\/p>\n","protected":false},"author":1,"featured_media":65257,"parent":0,"menu_order":0,"comment_status":"open","ping_status":"closed","template":"","meta":{"footnotes":""},"class_list":["post-67583","page","type-page","status-publish","has-post-thumbnail","hentry"],"_links":{"self":[{"href":"https:\/\/www.sp-ps.ch\/fr\/wp-json\/wp\/v2\/pages\/67583","targetHints":{"allow":["GET"]}}],"collection":[{"href":"https:\/\/www.sp-ps.ch\/fr\/wp-json\/wp\/v2\/pages"}],"about":[{"href":"https:\/\/www.sp-ps.ch\/fr\/wp-json\/wp\/v2\/types\/page"}],"author":[{"embeddable":true,"href":"https:\/\/www.sp-ps.ch\/fr\/wp-json\/wp\/v2\/users\/1"}],"replies":[{"embeddable":true,"href":"https:\/\/www.sp-ps.ch\/fr\/wp-json\/wp\/v2\/comments?post=67583"}],"version-history":[{"count":9,"href":"https:\/\/www.sp-ps.ch\/fr\/wp-json\/wp\/v2\/pages\/67583\/revisions"}],"predecessor-version":[{"id":96581,"href":"https:\/\/www.sp-ps.ch\/fr\/wp-json\/wp\/v2\/pages\/67583\/revisions\/96581"}],"wp:featuredmedia":[{"embeddable":true,"href":"https:\/\/www.sp-ps.ch\/fr\/wp-json\/wp\/v2\/media\/65257"}],"wp:attachment":[{"href":"https:\/\/www.sp-ps.ch\/fr\/wp-json\/wp\/v2\/media?parent=67583"}],"curies":[{"name":"wp","href":"https:\/\/api.w.org\/{rel}","templated":true}]}}