{"id":67584,"date":"2019-05-08T00:00:00","date_gmt":"2019-05-07T22:00:00","guid":{"rendered":"https:\/\/test.sp-ps.ch\/initiative-pour-les-glaciers\/"},"modified":"2019-05-08T00:00:00","modified_gmt":"2019-05-07T22:00:00","slug":"initiative-pour-les-glaciers","status":"publish","type":"page","link":"https:\/\/www.sp-ps.ch\/fr\/initiative-pour-les-glaciers\/","title":{"rendered":"Initiative pour les glaciers"},"content":{"rendered":"\t\t<div data-elementor-type=\"wp-post\" data-elementor-id=\"67584\" class=\"elementor elementor-67584\" data-elementor-post-type=\"page\">\n\t\t\t\t\t\t<section class=\"elementor-section elementor-top-section elementor-element elementor-element-62f6b4b288b1d elementor-section-boxed elementor-section-height-default elementor-section-height-default\" data-id=\"62f6b4b288b1d\" data-element_type=\"section\" data-settings=\"{&quot;jet_parallax_layout_list&quot;:[],&quot;background_background&quot;:&quot;classic&quot;}\">\n\t\t\t\t\t\t<div class=\"elementor-container elementor-column-gap-wide\">\n\t\t\t\t\t<div class=\"elementor-column elementor-col-100 elementor-top-column elementor-element elementor-element-62f6b4b288b1f\" data-id=\"62f6b4b288b1f\" data-element_type=\"column\">\n\t\t\t<div class=\"elementor-widget-wrap elementor-element-populated\">\n\t\t\t\t\t\t<div class=\"elementor-element elementor-element-62f6b4b288a7d elementor-widget elementor-widget-heading\" data-id=\"62f6b4b288a7d\" data-element_type=\"widget\" data-widget_type=\"heading.default\">\n\t\t\t\t<div class=\"elementor-widget-container\">\n\t\t\t\t\t<h1 class=\"elementor-heading-title elementor-size-default\">Initiative pour les glaciers<\/h1>\t\t\t\t<\/div>\n\t\t\t\t<\/div>\n\t\t\t\t<div class=\"elementor-element elementor-element-62f6b4b288b02 elementor-widget elementor-widget-jet-breadcrumbs\" data-id=\"62f6b4b288b02\" data-element_type=\"widget\" data-widget_type=\"jet-breadcrumbs.default\">\n\t\t\t\t<div class=\"elementor-widget-container\">\n\t\t\t\t\t<div class=\"elementor-jet-breadcrumbs jet-blocks\">\n\t\t<div class=\"jet-breadcrumbs\">\n\t\t<div class=\"jet-breadcrumbs__content\">\n\t\t<div class=\"jet-breadcrumbs__wrap\">\n\t\t<\/div>\n\t\t<\/div>\n\t\t<\/div><\/div>\t\t\t\t<\/div>\n\t\t\t\t<\/div>\n\t\t\t\t<div class=\"elementor-element elementor-element-62f6b4b288b19 elementor-widget__width-initial elementor-widget elementor-widget-text-editor\" data-id=\"62f6b4b288b19\" data-element_type=\"widget\" data-widget_type=\"text-editor.default\">\n\t\t\t\t<div class=\"elementor-widget-container\">\n\t\t\t\t\t\t\t\t\tLa Suisse a sign\u00e9 l\u2019Accord de Paris sur le climat, mais le Conseil f\u00e9d\u00e9ral et le Parlement emp\u00eachent sa mise en \u0153uvre. Si nous n\u2019agissons pas maintenant, il sera trop tard pour le climat. C\u2019est la raison pour laquelle le PS soutient l\u2019initiative pour les glaciers. L\u2019initiative demande que les \u00e9missions nettes de CO2 soient r\u00e9duites \u00e0 z\u00e9ro d\u2019ici 2050 au plus tard. Gr\u00e2ce \u00e0 elle, les objectifs de l\u2019Accord de Paris sur le climat devront \u00eatre ancr\u00e9s dans la Constitution.\t\t\t\t\t\t\t\t<\/div>\n\t\t\t\t<\/div>\n\t\t\t\t\t<\/div>\n\t\t<\/div>\n\t\t\t\t\t<\/div>\n\t\t<\/section>\n\t\t\t\t<section class=\"elementor-section elementor-top-section elementor-element elementor-element-62f6b4b288b22 elementor-section-boxed elementor-section-height-default elementor-section-height-default\" data-id=\"62f6b4b288b22\" data-element_type=\"section\" data-settings=\"{&quot;jet_parallax_layout_list&quot;:[]}\">\n\t\t\t\t\t\t<div class=\"elementor-container elementor-column-gap-default\">\n\t\t\t\t\t<div class=\"elementor-column elementor-col-100 elementor-top-column elementor-element elementor-element-62f6b4b288b23\" data-id=\"62f6b4b288b23\" data-element_type=\"column\">\n\t\t\t<div class=\"elementor-widget-wrap elementor-element-populated\">\n\t\t\t\t\t\t<div class=\"elementor-element elementor-element-62f6b4b288b25 elementor-widget elementor-widget-spacer\" data-id=\"62f6b4b288b25\" data-element_type=\"widget\" data-widget_type=\"spacer.default\">\n\t\t\t\t<div class=\"elementor-widget-container\">\n\t\t\t\t\t\t\t<div class=\"elementor-spacer\">\n\t\t\t<div class=\"elementor-spacer-inner\"><\/div>\n\t\t<\/div>\n\t\t\t\t\t\t<\/div>\n\t\t\t\t<\/div>\n\t\t\t\t\t<\/div>\n\t\t<\/div>\n\t\t\t\t\t<\/div>\n\t\t<\/section>\n\t\t\t\t<section class=\"elementor-section elementor-top-section elementor-element elementor-element-62f6b4b288b29 elementor-section-boxed elementor-section-height-default elementor-section-height-default\" data-id=\"62f6b4b288b29\" data-element_type=\"section\" data-settings=\"{&quot;jet_parallax_layout_list&quot;:[]}\">\n\t\t\t\t\t\t<div class=\"elementor-container elementor-column-gap-no\">\n\t\t\t\t\t<div class=\"elementor-column elementor-col-100 elementor-top-column elementor-element elementor-element-62f6b4b288b2a\" data-id=\"62f6b4b288b2a\" data-element_type=\"column\">\n\t\t\t<div class=\"elementor-widget-wrap elementor-element-populated\">\n\t\t\t\t\t\t<div class=\"elementor-element elementor-element-62f6b4b284e9d elementor-widget elementor-widget-text-editor\" data-id=\"62f6b4b284e9d\" data-element_type=\"widget\" data-widget_type=\"text-editor.default\">\n\t\t\t\t<div class=\"elementor-widget-container\">\n\t\t\t\t\t\t\t\t\t<p>La Suisse a sign&eacute; l&#8217;<strong>Accord de Paris sur le climat<\/strong> en 2015. L&#8217;accord pr&eacute;voit que l&#8217;augmentation de la temp&eacute;rature mondiale soit limit&eacute;e &agrave; une temp&eacute;rature inf&eacute;rieure &agrave; 2 degr&eacute;s Celsius. Un r&eacute;chauffement plus important menace les &eacute;cosyst&egrave;mes du monde entier et entra&icirc;ne la disparition des glaciers, signe le plus visible en Suisse. Aujourd&#8217;hui, la politique climatique suisse est loin d&#8217;atteindre les objectifs de l&#8217;accord. <strong>Que devrions-nous faire ?<\/strong><p>La <strong>solution<\/strong> &agrave; la crise climatique est <strong>simple<\/strong> : R&eacute;duire &agrave; z&eacute;ro les &eacute;missions de CO2 d&#8217;origine humaine. En premier lieu, cela signifie ne plus br&ucirc;ler de combustibles fossiles. Afin d&#8217;engager la Suisse dans une d&eacute;marche respectueuse du climat, <a href=\"https:\/\/www.protection-climat.ch\"><strong>l&#8217;Association suisse pour la protection du climat<\/strong><\/a> lance son initiative pour les glaciers. Avec cette derni&egrave;re, les objectifs de la Convention de Paris doivent &ecirc;tre ancr&eacute;s dans la Constitution f&eacute;d&eacute;rale. Le PS soutient cette initiative et encourage &agrave; r&eacute;colter des signatures. Vous trouvez ci-dessous les feuilles de signature !&nbsp;<br><br>La r&eacute;colte est termin&eacute;e, et l&#8217;initiative en cours de validation.&nbsp;<\/p><\/p>\n\t\t\t\t\t\t\t\t<\/div>\n\t\t\t\t<\/div>\n\t\t\t\t<div class=\"elementor-element elementor-element-62f6b4b284eb8 elementor-widget elementor-widget-spps_button_list\" data-id=\"62f6b4b284eb8\" data-element_type=\"widget\" data-widget_type=\"spps_button_list.default\">\n\t\t\t\t<div class=\"elementor-widget-container\">\n\t\t\t\t\t<div class=\"button-list-wrapper wrapper-spacing-small  \"><div class=\"button-list-title\"><h3>Informations<\/h3><\/div><div class=\"button-list-container\"><div class=\"button-list-items\"><div class=\"button-list-item\"><div class=\"button-wrapper \"><a href=\"https:\/\/gletscher-initiative.ch\/fr\/\"  target=\"_self\" class=\"button-link button-link-default\" >site internet de l'initiative<span class=\"button-media-date\">07.05.2026<\/span><\/a><\/div><\/div><\/div><\/div><\/div>\t\t\t\t<\/div>\n\t\t\t\t<\/div>\n\t\t\t\t\t<\/div>\n\t\t<\/div>\n\t\t\t\t\t<\/div>\n\t\t<\/section>\n\t\t\t\t<\/div>\n\t\t","protected":false},"excerpt":{"rendered":"<p>L&#8217;initiative pour les glaciers demande que les \u00e9missions nettes de CO2 soient r\u00e9duites \u00e0 z\u00e9ro d&#8217;ici 2050 !<\/p>\n","protected":false},"author":1,"featured_media":65263,"parent":0,"menu_order":0,"comment_status":"open","ping_status":"closed","template":"","meta":{"footnotes":""},"class_list":["post-67584","page","type-page","status-publish","has-post-thumbnail","hentry"],"_links":{"self":[{"href":"https:\/\/www.sp-ps.ch\/fr\/wp-json\/wp\/v2\/pages\/67584","targetHints":{"allow":["GET"]}}],"collection":[{"href":"https:\/\/www.sp-ps.ch\/fr\/wp-json\/wp\/v2\/pages"}],"about":[{"href":"https:\/\/www.sp-ps.ch\/fr\/wp-json\/wp\/v2\/types\/page"}],"author":[{"embeddable":true,"href":"https:\/\/www.sp-ps.ch\/fr\/wp-json\/wp\/v2\/users\/1"}],"replies":[{"embeddable":true,"href":"https:\/\/www.sp-ps.ch\/fr\/wp-json\/wp\/v2\/comments?post=67584"}],"version-history":[{"count":0,"href":"https:\/\/www.sp-ps.ch\/fr\/wp-json\/wp\/v2\/pages\/67584\/revisions"}],"wp:featuredmedia":[{"embeddable":true,"href":"https:\/\/www.sp-ps.ch\/fr\/wp-json\/wp\/v2\/media\/65263"}],"wp:attachment":[{"href":"https:\/\/www.sp-ps.ch\/fr\/wp-json\/wp\/v2\/media?parent=67584"}],"curies":[{"name":"wp","href":"https:\/\/api.w.org\/{rel}","templated":true}]}}