{"id":67585,"date":"2020-03-05T00:00:00","date_gmt":"2020-03-04T23:00:00","guid":{"rendered":"https:\/\/test.sp-ps.ch\/initiative-pour-une-13e-rente-avs\/"},"modified":"2020-03-05T00:00:00","modified_gmt":"2020-03-04T23:00:00","slug":"initiative-pour-une-13e-rente-avs","status":"publish","type":"page","link":"https:\/\/www.sp-ps.ch\/fr\/initiative-pour-une-13e-rente-avs\/","title":{"rendered":"Initiative pour une 13e rente AVS"},"content":{"rendered":"\t\t<div data-elementor-type=\"wp-post\" data-elementor-id=\"67585\" class=\"elementor elementor-67585\" data-elementor-post-type=\"page\">\n\t\t\t\t\t\t<section class=\"elementor-section elementor-top-section elementor-element elementor-element-62f6b4b3bca0b elementor-section-boxed elementor-section-height-default elementor-section-height-default\" data-id=\"62f6b4b3bca0b\" data-element_type=\"section\" data-settings=\"{&quot;jet_parallax_layout_list&quot;:[],&quot;background_background&quot;:&quot;classic&quot;}\">\n\t\t\t\t\t\t<div class=\"elementor-container elementor-column-gap-wide\">\n\t\t\t\t\t<div class=\"elementor-column elementor-col-100 elementor-top-column elementor-element elementor-element-62f6b4b3bca0c\" data-id=\"62f6b4b3bca0c\" data-element_type=\"column\">\n\t\t\t<div class=\"elementor-widget-wrap elementor-element-populated\">\n\t\t\t\t\t\t<div class=\"elementor-element elementor-element-62f6b4b3bc968 elementor-widget elementor-widget-heading\" data-id=\"62f6b4b3bc968\" data-element_type=\"widget\" data-widget_type=\"heading.default\">\n\t\t\t\t<div class=\"elementor-widget-container\">\n\t\t\t\t\t<h1 class=\"elementor-heading-title elementor-size-default\">Initiative pour une 13e rente AVS<\/h1>\t\t\t\t<\/div>\n\t\t\t\t<\/div>\n\t\t\t\t<div class=\"elementor-element elementor-element-62f6b4b3bc9f3 elementor-widget elementor-widget-jet-breadcrumbs\" data-id=\"62f6b4b3bc9f3\" data-element_type=\"widget\" data-widget_type=\"jet-breadcrumbs.default\">\n\t\t\t\t<div class=\"elementor-widget-container\">\n\t\t\t\t\t<div class=\"elementor-jet-breadcrumbs jet-blocks\">\n\t\t<div class=\"jet-breadcrumbs\">\n\t\t<div class=\"jet-breadcrumbs__content\">\n\t\t<div class=\"jet-breadcrumbs__wrap\">\n\t\t<\/div>\n\t\t<\/div>\n\t\t<\/div><\/div>\t\t\t\t<\/div>\n\t\t\t\t<\/div>\n\t\t\t\t\t<\/div>\n\t\t<\/div>\n\t\t\t\t\t<\/div>\n\t\t<\/section>\n\t\t\t\t<section class=\"elementor-section elementor-top-section elementor-element elementor-element-62f6b4b3bca0f elementor-section-boxed elementor-section-height-default elementor-section-height-default\" data-id=\"62f6b4b3bca0f\" data-element_type=\"section\" data-settings=\"{&quot;jet_parallax_layout_list&quot;:[]}\">\n\t\t\t\t\t\t<div class=\"elementor-container elementor-column-gap-default\">\n\t\t\t\t\t<div class=\"elementor-column elementor-col-100 elementor-top-column elementor-element elementor-element-62f6b4b3bca10\" data-id=\"62f6b4b3bca10\" data-element_type=\"column\">\n\t\t\t<div class=\"elementor-widget-wrap elementor-element-populated\">\n\t\t\t\t\t\t<div class=\"elementor-element elementor-element-62f6b4b3bca11 elementor-widget elementor-widget-spacer\" data-id=\"62f6b4b3bca11\" data-element_type=\"widget\" data-widget_type=\"spacer.default\">\n\t\t\t\t<div class=\"elementor-widget-container\">\n\t\t\t\t\t\t\t<div class=\"elementor-spacer\">\n\t\t\t<div class=\"elementor-spacer-inner\"><\/div>\n\t\t<\/div>\n\t\t\t\t\t\t<\/div>\n\t\t\t\t<\/div>\n\t\t\t\t\t<\/div>\n\t\t<\/div>\n\t\t\t\t\t<\/div>\n\t\t<\/section>\n\t\t\t\t<section class=\"elementor-section elementor-top-section elementor-element elementor-element-62f6b4b3bca13 elementor-section-boxed elementor-section-height-default elementor-section-height-default\" data-id=\"62f6b4b3bca13\" data-element_type=\"section\" data-settings=\"{&quot;jet_parallax_layout_list&quot;:[]}\">\n\t\t\t\t\t\t<div class=\"elementor-container elementor-column-gap-no\">\n\t\t\t\t\t<div class=\"elementor-column elementor-col-100 elementor-top-column elementor-element elementor-element-62f6b4b3bca14\" data-id=\"62f6b4b3bca14\" data-element_type=\"column\">\n\t\t\t<div class=\"elementor-widget-wrap elementor-element-populated\">\n\t\t\t\t\t\t<div class=\"elementor-element elementor-element-62f6b4b3ac6a3 elementor-widget elementor-widget-text-editor\" data-id=\"62f6b4b3ac6a3\" data-element_type=\"widget\" data-widget_type=\"text-editor.default\">\n\t\t\t\t<div class=\"elementor-widget-container\">\n\t\t\t\t\t\t\t\t\t<p><strong>Ce que les travailleuses et travailleurs ont acquis depuis longtemps devrait &eacute;galement &ecirc;tre accessible aux retrait&eacute;-e-s : une 13e rente AVS. Les retrait&eacute;-e-s ont travaill&eacute; durement toute leur vie, et devraient pouvoir vivre dignement de leur rente. Or, beaucoup de gens &agrave; la retraite luttent pour joindre les deux bouts. Nous devons donc renforcer une AVS solidaire. Le PS Suisse soutient donc avec &eacute;nergie l&rsquo;initiative de l&rsquo;USS, car :<\/strong><div class=\"lyte-wrapper\" title=\"Initiative pour une 13e rente AVS\" style=\"width:420px;max-width:100%;margin:5px;\"><div class=\"lyMe hidef\" id=\"WYL_rZPRj_gwzbI\" itemprop=\"video\" itemscope itemtype=\"https:\/\/schema.org\/VideoObject\"><div><meta itemprop=\"thumbnailUrl\" content=\"https:\/\/www.sp-ps.ch\/youtubeLyteCache.php?origThumbUrl=https%3A%2F%2Fi.ytimg.com%2Fvi%2FrZPRj_gwzbI%2Fmaxresdefault.jpg\" \/><meta itemprop=\"embedURL\" content=\"https:\/\/www.youtube.com\/embed\/rZPRj_gwzbI\" \/><meta itemprop=\"duration\" content=\"PT1M11S\" \/><meta itemprop=\"uploadDate\" content=\"2020-03-09T11:36:50Z\" \/><\/div><div id=\"lyte_rZPRj_gwzbI\" data-src=\"https:\/\/www.sp-ps.ch\/youtubeLyteCache.php?origThumbUrl=https%3A%2F%2Fi.ytimg.com%2Fvi%2FrZPRj_gwzbI%2Fmaxresdefault.jpg\" class=\"pL\"><div class=\"tC\"><div class=\"tT\" itemprop=\"name\">Initiative pour une 13e rente AVS<\/div><\/div><div class=\"play\"><\/div><div class=\"ctrl\"><div class=\"Lctrl\"><\/div><div class=\"Rctrl\"><\/div><\/div><\/div><noscript><a href=\"https:\/\/youtu.be\/rZPRj_gwzbI\" rel=\"nofollow\"><img fetchpriority=\"high\" decoding=\"async\" src=\"https:\/\/www.sp-ps.ch\/youtubeLyteCache.php?origThumbUrl=https%3A%2F%2Fi.ytimg.com%2Fvi%2FrZPRj_gwzbI%2F0.jpg\" alt=\"Initiative pour une 13e rente AVS\" width=\"420\" height=\"216\" \/><br \/>Lire cette vid\u00e9o sur YouTube<\/a><\/noscript><meta itemprop=\"description\" content=\"L&#039;initiative populaire \u00ab Pour mieux vivre \u00e0 la retraite \u00bb est lanc\u00e9. Toute personne m\u00e9rite une bonne rente apr\u00e8s une vie de travail. Signez en ligne sur www.AVSx13.ch\"><\/div><\/div><div class=\"lL\" style=\"max-width:100%;width:420px;margin:5px;\"><\/div><\/p><ul>\t<li><strong>Les rentes sont trop basses : <\/strong>les rentes AVS ne couvrent plus le minimum vital. La moiti&eacute; des personnes parties &agrave; la retraite en 2017 doivent s&rsquo;en sortir avec 1777 francs ou moins de rentes AVS par mois. Bien que compl&eacute;t&eacute; par une rente du 2<sup>e<\/sup> pilier, celles-ci ne cessent de baisser depuis environ 10 ans. En 2017, la rente m&eacute;diane du 2<sup>e <\/sup>pilier &eacute;tait de 1838 francs, et une partie importante de la population n&rsquo;a pas ou peu de rente du 2<sup>e<\/sup> pilier. Ainsi, pr&egrave;s d&rsquo;une personne sur 10 n&eacute;cessite des prestations compl&eacute;mentaires.<\/li><\/ul><ul>\t<li><strong>Les femmes sont plus durement touch&eacute;es par la pauvret&eacute; : <\/strong>un tiers des femmes ne re&ccedil;oit pas de prestations du 2<sup>e <\/sup>pilier. Lorsqu&rsquo;elles ont effectivement une caisse de pension, leur rente du 2<sup>e <\/sup>pilier repr&eacute;sente en moyenne la moiti&eacute; de celle des hommes, car leur parcours de vie est marqu&eacute; par des coupures professionnelles, du travail &agrave; temps partiel et des salaires plus bas. Ainsi, une 13<sup>e<\/sup> rente AVS am&eacute;liore consid&eacute;rablement la situation des femmes. Les rentes AVS ont un niveau semblable entre hommes et femmes, car l&rsquo;AVS prend en compte le travail de garde des enfants et l&rsquo;assistance apport&eacute;e aux proches.<\/li><\/ul><ul>\t<li><strong>Une AVS solidaire, c&rsquo;est possible :<\/strong> la 13<sup>e<\/sup> rente AVS pourrait &ecirc;tre financ&eacute;e par les b&eacute;n&eacute;fices de la Banque nationale suisse, ou par une augmentation des cotisations de 0,35% pour les employ&eacute;-e-s. Le renforcement de l&#8217;AVS est la meilleure r&eacute;ponse au d&eacute;fi d&eacute;mographique, car ce n&#8217;est qu&#8217;avec elle (et non le 2<sup>e<\/sup> pilier) que la majorit&eacute; de la population touchera plus de rentes par rapport aux montants vers&eacute;s.<\/li><\/ul><p>&nbsp;<\/p><\/p>\n\t\t\t\t\t\t\t\t<\/div>\n\t\t\t\t<\/div>\n\t\t\t\t<div class=\"elementor-element elementor-element-62f6b4b3b8de3 elementor-widget elementor-widget-spps_button_list\" data-id=\"62f6b4b3b8de3\" data-element_type=\"widget\" data-widget_type=\"spps_button_list.default\">\n\t\t\t\t<div class=\"elementor-widget-container\">\n\t\t\t\t\t<div class=\"button-list-wrapper wrapper-spacing-small  \"><div class=\"button-list-container\"><div class=\"button-list-items\"><div class=\"button-list-item\"><div class=\"button-wrapper \"><a href=\"https:\/\/www.sp-ps.ch\/wp-content\/uploads\/2020\/03\/argumentaire-uss_fr.pdf\"  target=\"_self\" class=\"button-link button-link-default\" >Argumentaire<span class=\"button-media-date\">22.04.2026<\/span><\/a><\/div><\/div><div class=\"button-list-item\"><div class=\"button-wrapper \"><a href=\"https:\/\/www.avsx13.ch\/initiative-ps\/?src=sp-ps\"  target=\"_self\" class=\"button-link button-link-default\" >Oui ! Je signe<span class=\"button-media-date\">22.04.2026<\/span><\/a><\/div><\/div><\/div><\/div><\/div>\t\t\t\t<\/div>\n\t\t\t\t<\/div>\n\t\t\t\t\t<\/div>\n\t\t<\/div>\n\t\t\t\t\t<\/div>\n\t\t<\/section>\n\t\t\t\t<\/div>\n\t\t","protected":false},"excerpt":{"rendered":"","protected":false},"author":1,"featured_media":65267,"parent":0,"menu_order":0,"comment_status":"open","ping_status":"closed","template":"","meta":{"footnotes":""},"class_list":["post-67585","page","type-page","status-publish","has-post-thumbnail","hentry"],"_links":{"self":[{"href":"https:\/\/www.sp-ps.ch\/fr\/wp-json\/wp\/v2\/pages\/67585","targetHints":{"allow":["GET"]}}],"collection":[{"href":"https:\/\/www.sp-ps.ch\/fr\/wp-json\/wp\/v2\/pages"}],"about":[{"href":"https:\/\/www.sp-ps.ch\/fr\/wp-json\/wp\/v2\/types\/page"}],"author":[{"embeddable":true,"href":"https:\/\/www.sp-ps.ch\/fr\/wp-json\/wp\/v2\/users\/1"}],"replies":[{"embeddable":true,"href":"https:\/\/www.sp-ps.ch\/fr\/wp-json\/wp\/v2\/comments?post=67585"}],"version-history":[{"count":0,"href":"https:\/\/www.sp-ps.ch\/fr\/wp-json\/wp\/v2\/pages\/67585\/revisions"}],"wp:featuredmedia":[{"embeddable":true,"href":"https:\/\/www.sp-ps.ch\/fr\/wp-json\/wp\/v2\/media\/65267"}],"wp:attachment":[{"href":"https:\/\/www.sp-ps.ch\/fr\/wp-json\/wp\/v2\/media?parent=67585"}],"curies":[{"name":"wp","href":"https:\/\/api.w.org\/{rel}","templated":true}]}}