{"id":67591,"date":"2022-06-07T00:00:00","date_gmt":"2022-06-06T22:00:00","guid":{"rendered":"https:\/\/test.sp-ps.ch\/faire-un-don-pour-le-referendum-avs\/"},"modified":"2022-08-15T18:16:14","modified_gmt":"2022-08-15T16:16:14","slug":"faire-un-don-pour-le-referendum-avs","status":"publish","type":"page","link":"https:\/\/www.sp-ps.ch\/fr\/faire-un-don\/faire-un-don-pour-le-referendum-avs\/","title":{"rendered":"Faire un don pour le r\u00e9f\u00e9rendum AVS !"},"content":{"rendered":"\t\t<div data-elementor-type=\"wp-post\" data-elementor-id=\"67591\" class=\"elementor elementor-67591 elementor-67174\" data-elementor-post-type=\"page\">\n\t\t\t\t\t\t<section class=\"elementor-section elementor-top-section elementor-element elementor-element-62f6b4bb4a963 elementor-section-boxed elementor-section-height-default elementor-section-height-default\" data-id=\"62f6b4bb4a963\" data-element_type=\"section\" data-settings=\"{&quot;jet_parallax_layout_list&quot;:[],&quot;background_background&quot;:&quot;classic&quot;}\">\n\t\t\t\t\t\t<div class=\"elementor-container elementor-column-gap-wide\">\n\t\t\t\t\t<div class=\"elementor-column elementor-col-100 elementor-top-column elementor-element elementor-element-62f6b4bb4a964\" data-id=\"62f6b4bb4a964\" data-element_type=\"column\">\n\t\t\t<div class=\"elementor-widget-wrap elementor-element-populated\">\n\t\t\t\t\t\t<div class=\"elementor-element elementor-element-62f6b4bb4a901 elementor-widget elementor-widget-heading\" data-id=\"62f6b4bb4a901\" data-element_type=\"widget\" data-widget_type=\"heading.default\">\n\t\t\t\t<div class=\"elementor-widget-container\">\n\t\t\t\t\t<h1 class=\"elementor-heading-title elementor-size-default\">Faire un don pour le r\u00e9f\u00e9rendum AVS !<\/h1>\t\t\t\t<\/div>\n\t\t\t\t<\/div>\n\t\t\t\t<div class=\"elementor-element elementor-element-62f6b4bb4a956 elementor-widget elementor-widget-jet-breadcrumbs\" data-id=\"62f6b4bb4a956\" data-element_type=\"widget\" data-widget_type=\"jet-breadcrumbs.default\">\n\t\t\t\t<div class=\"elementor-widget-container\">\n\t\t\t\t\t<div class=\"elementor-jet-breadcrumbs jet-blocks\">\n\t\t<div class=\"jet-breadcrumbs\">\n\t\t<div class=\"jet-breadcrumbs__content\">\n\t\t<div class=\"jet-breadcrumbs__wrap\">\n\t\t<\/div>\n\t\t<\/div>\n\t\t<\/div><\/div>\t\t\t\t<\/div>\n\t\t\t\t<\/div>\n\t\t\t\t<div class=\"elementor-element elementor-element-62f6b4bb4a961 elementor-widget__width-initial elementor-widget elementor-widget-text-editor\" data-id=\"62f6b4bb4a961\" data-element_type=\"widget\" data-widget_type=\"text-editor.default\">\n\t\t\t\t<div class=\"elementor-widget-container\">\n\t\t\t\t\t\t\t\t\tAvec le projet AVS21, les femmes devront travailler plus longtemps, cotiser d\u2019avantage et perdre une ann\u00e9e de rente AVS, soit 26&#8217;000 francs. C\u2019est un d\u00e9mant\u00e8lement du premier pilier \u00e0 hauteur de 7 milliards de francs sur le dos des femmes ! Pour toutes ces raisons, nous dirons \u00ab non \u00bb le 25 septembre. Pouvez-vous nous soutenir par un don ?\t\t\t\t\t\t\t\t<\/div>\n\t\t\t\t<\/div>\n\t\t\t\t\t<\/div>\n\t\t<\/div>\n\t\t\t\t\t<\/div>\n\t\t<\/section>\n\t\t\t\t<section class=\"elementor-section elementor-top-section elementor-element elementor-element-62f6b4bb4a965 elementor-section-boxed elementor-section-height-default elementor-section-height-default\" data-id=\"62f6b4bb4a965\" data-element_type=\"section\" data-settings=\"{&quot;jet_parallax_layout_list&quot;:[]}\">\n\t\t\t\t\t\t<div class=\"elementor-container elementor-column-gap-wide\">\n\t\t\t\t\t<div class=\"elementor-column elementor-col-100 elementor-top-column elementor-element elementor-element-62f6b4bb4a966\" data-id=\"62f6b4bb4a966\" data-element_type=\"column\">\n\t\t\t<div class=\"elementor-widget-wrap elementor-element-populated\">\n\t\t\t\t\t\t<div class=\"elementor-element elementor-element-62f6b4bb4a967 elementor-widget elementor-widget-spacer\" data-id=\"62f6b4bb4a967\" data-element_type=\"widget\" data-widget_type=\"spacer.default\">\n\t\t\t\t<div class=\"elementor-widget-container\">\n\t\t\t\t\t\t\t<div class=\"elementor-spacer\">\n\t\t\t<div class=\"elementor-spacer-inner\"><\/div>\n\t\t<\/div>\n\t\t\t\t\t\t<\/div>\n\t\t\t\t<\/div>\n\t\t\t\t<div class=\"elementor-element elementor-element-e112dba elementor-widget elementor-widget-html\" data-id=\"e112dba\" data-element_type=\"widget\" data-widget_type=\"html.default\">\n\t\t\t\t<div class=\"elementor-widget-container\">\n\t\t\t\t\t&nbsp;\r\n<div class=\"rnw-widget-container\"><\/div>\r\n<script src=\"https:\/\/tamaro.raisenow.com\/sp-schweiz\/latest\/widget.js\"><\/script><script>window.rnw.tamaro.runWidget('.rnw-widget-container', {\tlanguage: 'fr',\ttestMode: false,\tdebug: false,\tpurposes: ['p1'],\tpurposeDetails: {\t\tp1: {\t\t\tstored_campaign_id: 30585893,\t\t},\t},\tpaymentTypes: [\t\t'onetime',\t\t\t],\ttranslations: {\t\tde: {\t\t\tpurposes: {\t\t\t\tp1: 'AHV21',\t\t\t},\t\t\tpayment_methods: {\t\t\t\tdd: 'Lastschriftenverfahren (LSV\/DD)',\t\t\t},\t\t},\t\tfr: {\t\t\tpurposes: {\t\t\t\tp1: 'AVS21',\t\t\t},\t\t\tpayment_methods: {\t\t\t\tdd: 'Recouvrement direct (LSV\/DD)',\t\t\t},\t\t},\t\tit: {\t\t\tpurposes: {\t\t\t\tp1: 'AVS21',\t\t\t},\t\t\tpayment_methods: {\t\t\t\tdd: 'Addebito diretto (LSV\/DD)',\t\t\t},\t\t}, \t},\tshowStoredCustomerEmailPermission: false,\tpaymentFormPrefill: {\t\tstored_customer_email_permission: true,\t\tstored_customer_donation_receipt: true,\t\tstored_customer_country: 'CH',\t\tstored_sxt_address_source: '1008',\t\tstored_sxt_product_id: '209933',\t\t\t},\tamounts: [\t\t{\t\t\t\"if\": \"paymentType() == onetime\",\t\t\t\"then\": [40,90,200,400],\t\t},\t\t{\t\t\t\"if\": \"recurringInterval() == monthly && paymentType() == recurring\",\t\t\t\"then\": [10,20,30,50],\t\t},\t\t{\t\t\t\"if\": \"recurringInterval() == quarterly && paymentType() == recurring\",\t\t\t\"then\": [30,60,90,150],\t\t},\t\t{\t\t\t\"if\": \"recurringInterval() == semestral && paymentType() == recurring\",\t\t\t\"then\": [60,120,180,300],\t\t},\t\t{\t\t\t\"if\": \"recurringInterval() == yearly && paymentType() == recurring\",\t\t\t\"then\": [120,240,360,600],\t\t},\t],\tpaymentSlipDeliveryTypes: [\t\t{\t\t\t\"if\": \"paymentType() == onetime\",\t\t\t\"then\": ['download','mail'],\t\t},\t\t{\t\t\t\"if\": \"paymentType() == recurring\",\t\t\t\"then\": ['mail'],\t\t},\t],\t\t\t})<\/script>\r\n\r\n<style type=\"text\/css\">:root {\t\t--tamaro-primary-color: #E4002B;\t\t--tamaro-primary-color__hover: rgba(228,0,43,0.75);\t\t--tamaro-primary-bg-color: rgba(228,0,43,0.03);\t\t--tamaro-border-color: #b5b5b5;\t\t\/*font-size: inherit;*\/\t}<\/style>\t\t\t\t<\/div>\n\t\t\t\t<\/div>\n\t\t\t\t\t<\/div>\n\t\t<\/div>\n\t\t\t\t\t<\/div>\n\t\t<\/section>\n\t\t\t\t<section class=\"elementor-section elementor-top-section elementor-element elementor-element-62f6b4bb4a968 elementor-section-boxed elementor-section-height-default elementor-section-height-default\" data-id=\"62f6b4bb4a968\" data-element_type=\"section\" data-settings=\"{&quot;jet_parallax_layout_list&quot;:[]}\">\n\t\t\t\t\t\t<div class=\"elementor-container elementor-column-gap-no\">\n\t\t\t\t\t<div class=\"elementor-column elementor-col-100 elementor-top-column elementor-element elementor-element-62f6b4bb4a969\" data-id=\"62f6b4bb4a969\" data-element_type=\"column\">\n\t\t\t<div class=\"elementor-widget-wrap elementor-element-populated\">\n\t\t\t\t\t\t\t<\/div>\n\t\t<\/div>\n\t\t\t\t\t<\/div>\n\t\t<\/section>\n\t\t\t\t<\/div>\n\t\t","protected":false},"excerpt":{"rendered":"<p>Faire un don pour le r\u00e9f\u00e9rendum AVS ! Avec le projet AVS21, les femmes devront travailler plus longtemps, cotiser d\u2019avantage et perdre une ann\u00e9e de rente AVS, soit 26&#8217;000 francs. [&hellip;]<\/p>\n","protected":false},"author":1,"featured_media":0,"parent":30422,"menu_order":0,"comment_status":"open","ping_status":"closed","template":"","meta":{"footnotes":""},"class_list":["post-67591","page","type-page","status-publish","hentry"],"_links":{"self":[{"href":"https:\/\/www.sp-ps.ch\/fr\/wp-json\/wp\/v2\/pages\/67591","targetHints":{"allow":["GET"]}}],"collection":[{"href":"https:\/\/www.sp-ps.ch\/fr\/wp-json\/wp\/v2\/pages"}],"about":[{"href":"https:\/\/www.sp-ps.ch\/fr\/wp-json\/wp\/v2\/types\/page"}],"author":[{"embeddable":true,"href":"https:\/\/www.sp-ps.ch\/fr\/wp-json\/wp\/v2\/users\/1"}],"replies":[{"embeddable":true,"href":"https:\/\/www.sp-ps.ch\/fr\/wp-json\/wp\/v2\/comments?post=67591"}],"version-history":[{"count":6,"href":"https:\/\/www.sp-ps.ch\/fr\/wp-json\/wp\/v2\/pages\/67591\/revisions"}],"predecessor-version":[{"id":72596,"href":"https:\/\/www.sp-ps.ch\/fr\/wp-json\/wp\/v2\/pages\/67591\/revisions\/72596"}],"up":[{"embeddable":true,"href":"https:\/\/www.sp-ps.ch\/fr\/wp-json\/wp\/v2\/pages\/30422"}],"wp:attachment":[{"href":"https:\/\/www.sp-ps.ch\/fr\/wp-json\/wp\/v2\/media?parent=67591"}],"curies":[{"name":"wp","href":"https:\/\/api.w.org\/{rel}","templated":true}]}}