{"id":67594,"date":"2021-05-03T00:00:00","date_gmt":"2021-05-02T22:00:00","guid":{"rendered":"https:\/\/test.sp-ps.ch\/initiative-populaire-pour-limposition-individuelle-le-changement-cest-maintenant\/"},"modified":"2021-05-03T00:00:00","modified_gmt":"2021-05-02T22:00:00","slug":"initiative-populaire-pour-limposition-individuelle-le-changement-cest-maintenant","status":"publish","type":"page","link":"https:\/\/www.sp-ps.ch\/fr\/initiative-populaire-pour-limposition-individuelle-le-changement-cest-maintenant\/","title":{"rendered":"Initiative populaire pour l\u2019imposition individuelle \u2013 le changement, c\u2019est maintenant !"},"content":{"rendered":"\t\t<div data-elementor-type=\"wp-post\" data-elementor-id=\"67594\" class=\"elementor elementor-67594\" data-elementor-post-type=\"page\">\n\t\t\t\t\t\t<section class=\"elementor-section elementor-top-section elementor-element elementor-element-62f6b4bed7c58 elementor-section-boxed elementor-section-height-default elementor-section-height-default\" data-id=\"62f6b4bed7c58\" data-element_type=\"section\" data-settings=\"{&quot;jet_parallax_layout_list&quot;:[],&quot;background_background&quot;:&quot;classic&quot;}\">\n\t\t\t\t\t\t<div class=\"elementor-container elementor-column-gap-wide\">\n\t\t\t\t\t<div class=\"elementor-column elementor-col-100 elementor-top-column elementor-element elementor-element-62f6b4bed7c59\" data-id=\"62f6b4bed7c59\" data-element_type=\"column\">\n\t\t\t<div class=\"elementor-widget-wrap elementor-element-populated\">\n\t\t\t\t\t\t<div class=\"elementor-element elementor-element-62f6b4bed7bd4 elementor-widget elementor-widget-heading\" data-id=\"62f6b4bed7bd4\" data-element_type=\"widget\" data-widget_type=\"heading.default\">\n\t\t\t\t<div class=\"elementor-widget-container\">\n\t\t\t\t\t<h1 class=\"elementor-heading-title elementor-size-default\">Initiative populaire pour l\u2019imposition individuelle \u2013 le changement, c\u2019est maintenant !<\/h1>\t\t\t\t<\/div>\n\t\t\t\t<\/div>\n\t\t\t\t<div class=\"elementor-element elementor-element-62f6b4bed7c43 elementor-widget elementor-widget-jet-breadcrumbs\" data-id=\"62f6b4bed7c43\" data-element_type=\"widget\" data-widget_type=\"jet-breadcrumbs.default\">\n\t\t\t\t<div class=\"elementor-widget-container\">\n\t\t\t\t\t<div class=\"elementor-jet-breadcrumbs jet-blocks\">\n\t\t<div class=\"jet-breadcrumbs\">\n\t\t<div class=\"jet-breadcrumbs__content\">\n\t\t<div class=\"jet-breadcrumbs__wrap\">\n\t\t<\/div>\n\t\t<\/div>\n\t\t<\/div><\/div>\t\t\t\t<\/div>\n\t\t\t\t<\/div>\n\t\t\t\t<div class=\"elementor-element elementor-element-62f6b4bed7c55 elementor-widget__width-initial elementor-widget elementor-widget-text-editor\" data-id=\"62f6b4bed7c55\" data-element_type=\"widget\" data-widget_type=\"text-editor.default\">\n\t\t\t\t<div class=\"elementor-widget-container\">\n\t\t\t\t\t\t\t\t\tDans le cadre de l\u2019imposition individuelle, le revenu de chaque personne physique est tax\u00e9 s\u00e9pa-r\u00e9ment. Le montant de l\u2019imp\u00f4t est principalement bas\u00e9 sur le revenu de l\u2019individu. En Suisse, les couples mari\u00e9s et les couples de m\u00eame genre vivant en partenariat enregistr\u00e9 sont actuellement impos\u00e9s conjointement. Nous voulons changer cela. Cependant, les pertes fiscales se chiffrant en milliards doivent absolument \u00eatre contre-financ\u00e9es.\t\t\t\t\t\t\t\t<\/div>\n\t\t\t\t<\/div>\n\t\t\t\t\t<\/div>\n\t\t<\/div>\n\t\t\t\t\t<\/div>\n\t\t<\/section>\n\t\t\t\t<section class=\"elementor-section elementor-top-section elementor-element elementor-element-62f6b4bed7c5a elementor-section-boxed elementor-section-height-default elementor-section-height-default\" data-id=\"62f6b4bed7c5a\" data-element_type=\"section\" data-settings=\"{&quot;jet_parallax_layout_list&quot;:[]}\">\n\t\t\t\t\t\t<div class=\"elementor-container elementor-column-gap-default\">\n\t\t\t\t\t<div class=\"elementor-column elementor-col-100 elementor-top-column elementor-element elementor-element-62f6b4bed7c5b\" data-id=\"62f6b4bed7c5b\" data-element_type=\"column\">\n\t\t\t<div class=\"elementor-widget-wrap elementor-element-populated\">\n\t\t\t\t\t\t<div class=\"elementor-element elementor-element-62f6b4bed7c5c elementor-widget elementor-widget-spacer\" data-id=\"62f6b4bed7c5c\" data-element_type=\"widget\" data-widget_type=\"spacer.default\">\n\t\t\t\t<div class=\"elementor-widget-container\">\n\t\t\t\t\t\t\t<div class=\"elementor-spacer\">\n\t\t\t<div class=\"elementor-spacer-inner\"><\/div>\n\t\t<\/div>\n\t\t\t\t\t\t<\/div>\n\t\t\t\t<\/div>\n\t\t\t\t\t<\/div>\n\t\t<\/div>\n\t\t\t\t\t<\/div>\n\t\t<\/section>\n\t\t\t\t<section class=\"elementor-section elementor-top-section elementor-element elementor-element-62f6b4bed7c5d elementor-section-boxed elementor-section-height-default elementor-section-height-default\" data-id=\"62f6b4bed7c5d\" data-element_type=\"section\" data-settings=\"{&quot;jet_parallax_layout_list&quot;:[]}\">\n\t\t\t\t\t\t<div class=\"elementor-container elementor-column-gap-no\">\n\t\t\t\t\t<div class=\"elementor-column elementor-col-100 elementor-top-column elementor-element elementor-element-62f6b4bed7c5e\" data-id=\"62f6b4bed7c5e\" data-element_type=\"column\">\n\t\t\t<div class=\"elementor-widget-wrap elementor-element-populated\">\n\t\t\t\t\t\t<div class=\"elementor-element elementor-element-62f6b4bebc91c elementor-widget elementor-widget-text-editor\" data-id=\"62f6b4bebc91c\" data-element_type=\"widget\" data-widget_type=\"text-editor.default\">\n\t\t\t\t<div class=\"elementor-widget-container\">\n\t\t\t\t\t\t\t\t\t<p><strong>Faire progresser l&rsquo;&eacute;galit&eacute;<\/strong><p>Le syst&egrave;me fiscal actuel d&eacute;savantage les couples mari&eacute;s &agrave; hauts revenus qui travaillent tous les deux. En cas d&rsquo;in&eacute;galit&eacute; des revenus, le &laquo;&nbsp;deuxi&egrave;me revenu&nbsp;&raquo;, le plus faible des deux, peut &ecirc;tre absorb&eacute; dans une large mesure par la progressivit&eacute; de l&rsquo;imp&ocirc;t, r&eacute;duisant l&rsquo;incitation &agrave; travailler.<\/p><p>En r&eacute;alit&eacute;, cela touche souvent les femmes, et en particulier les femmes ayant b&eacute;n&eacute;fici&eacute; d&rsquo;une &eacute;ducation sup&eacute;rieure, qui sont ainsi tenues &agrave; l&#8217;&eacute;cart du march&eacute; du travail. Or, les personnes qui restent longtemps en dehors du march&eacute; du travail n&#8217;ont pratiquement aucune possibilit&eacute; de carri&egrave;re&nbsp;: l&rsquo;imposition individuelle permettrait ainsi de rem&eacute;dier &agrave; la p&eacute;nurie de travailleuses et travailleurs qualifi&eacute;s et de cr&eacute;er une plus grande &eacute;galit&eacute; des chances sur le march&eacute; du travail.<\/p><p><strong>Repr&eacute;senter la diversit&eacute;<\/strong><\/p><p>Notre soci&eacute;t&eacute; est caract&eacute;ris&eacute;e par la diversit&eacute; et comprend diff&eacute;rents mod&egrave;les de vie en partenariat. L&rsquo;imposition individuelle est &eacute;quitable pour tous les types de vie commune. Avec celle-ci, aucun mod&egrave;le de vie n&#8217;est privil&eacute;gi&eacute; ou d&eacute;favoris&eacute;. Ainsi, la l&eacute;gislation fiscale refl&eacute;terait &eacute;galement l&rsquo;&eacute;galit&eacute; de tous les mod&egrave;les de vie !<\/p><p><strong>Simplifier la l&eacute;gislation fiscale<\/strong><\/p><p>Le principe de l&rsquo;imposition proportionnelle en fonction de la capacit&eacute; &eacute;conomique est ancr&eacute; dans notre Constitution&nbsp;: celles et ceux qui gagnent beaucoup devraient donc payer plus d&rsquo;imp&ocirc;ts. Aujourd&rsquo;hui, les couples impos&eacute;s conjointement (mariage \/ partenariat enregistr&eacute;) sont impos&eacute;s diff&eacute;remment des couples en concubinage ou des personnes c&eacute;libataires. Il en r&eacute;sulte des injustices compens&eacute;es par des d&eacute;ductions fiscales ou par des rentes AVS. L&rsquo;&eacute;valuation individuelle de la capacit&eacute; &eacute;conomique conduit &agrave; une simplification de ces proc&eacute;dures.&nbsp;<\/p><\/p>\n\t\t\t\t\t\t\t\t<\/div>\n\t\t\t\t<\/div>\n\t\t\t\t<div class=\"elementor-element elementor-element-62f6b4bed416b elementor-widget elementor-widget-spps_button_list\" data-id=\"62f6b4bed416b\" data-element_type=\"widget\" data-widget_type=\"spps_button_list.default\">\n\t\t\t\t<div class=\"elementor-widget-container\">\n\t\t\t\t\t<div class=\"button-list-wrapper wrapper-spacing-small  \"><div class=\"button-list-title\"><h3>T\u00e9l\u00e9charger les feuilles de signatures<\/h3><\/div><div class=\"button-list-container\"><div class=\"button-list-items\"><div class=\"button-list-item\"><div class=\"button-wrapper \"><a href=\"https:\/\/www.sp-ps.ch\/wp-content\/uploads\/2021\/05\/ps_ch_fr_10_unterschriftenbogen_ivb.pdf\"  target=\"_self\" class=\"button-link button-link-default\" >Feuille de signatures (10 places)<span class=\"button-media-date\">15.05.2026<\/span><\/a><\/div><\/div><div class=\"button-list-item\"><div class=\"button-wrapper \"><a href=\"https:\/\/www.sp-ps.ch\/wp-content\/uploads\/2021\/05\/ps_ch_fr_5_unterschriftenbogen_ivb.pdf\"  target=\"_self\" class=\"button-link button-link-default\" >Feuille de signatures (5 places)<span class=\"button-media-date\">15.05.2026<\/span><\/a><\/div><\/div><\/div><\/div><\/div>\t\t\t\t<\/div>\n\t\t\t\t<\/div>\n\t\t\t\t\t<\/div>\n\t\t<\/div>\n\t\t\t\t\t<\/div>\n\t\t<\/section>\n\t\t\t\t<\/div>\n\t\t","protected":false},"excerpt":{"rendered":"<p>Dans le cadre de l\u2019imposition individuelle, le revenu de chaque personne physique est tax\u00e9 s\u00e9pa-r\u00e9ment. Le montant de l\u2019imp\u00f4t est principalement bas\u00e9 sur le revenu de l\u2019individu. En Suisse, les couples mari\u00e9s et les couples de m\u00eame genre vivant en partenariat enregistr\u00e9 sont actuellement impos\u00e9s conjointement. Nous voulons changer cela. Cependant, les pertes fiscales se chiffrant en milliards doivent absolument \u00eatre contre-financ\u00e9es.<\/p>\n","protected":false},"author":1,"featured_media":0,"parent":0,"menu_order":0,"comment_status":"open","ping_status":"closed","template":"","meta":{"footnotes":""},"class_list":["post-67594","page","type-page","status-publish","hentry"],"_links":{"self":[{"href":"https:\/\/www.sp-ps.ch\/fr\/wp-json\/wp\/v2\/pages\/67594","targetHints":{"allow":["GET"]}}],"collection":[{"href":"https:\/\/www.sp-ps.ch\/fr\/wp-json\/wp\/v2\/pages"}],"about":[{"href":"https:\/\/www.sp-ps.ch\/fr\/wp-json\/wp\/v2\/types\/page"}],"author":[{"embeddable":true,"href":"https:\/\/www.sp-ps.ch\/fr\/wp-json\/wp\/v2\/users\/1"}],"replies":[{"embeddable":true,"href":"https:\/\/www.sp-ps.ch\/fr\/wp-json\/wp\/v2\/comments?post=67594"}],"version-history":[{"count":0,"href":"https:\/\/www.sp-ps.ch\/fr\/wp-json\/wp\/v2\/pages\/67594\/revisions"}],"wp:attachment":[{"href":"https:\/\/www.sp-ps.ch\/fr\/wp-json\/wp\/v2\/media?parent=67594"}],"curies":[{"name":"wp","href":"https:\/\/api.w.org\/{rel}","templated":true}]}}