{"id":67597,"date":"2022-03-07T00:00:00","date_gmt":"2022-03-06T23:00:00","guid":{"rendered":"https:\/\/test.sp-ps.ch\/oui-a-linitiative-sur-les-creches\/"},"modified":"2023-10-12T11:46:40","modified_gmt":"2023-10-12T09:46:40","slug":"oui-a-linitiative-sur-les-creches","status":"publish","type":"page","link":"https:\/\/www.sp-ps.ch\/fr\/oui-a-linitiative-sur-les-creches\/","title":{"rendered":"Oui \u00e0 l&#8217;initiative sur les cr\u00e8ches"},"content":{"rendered":"\t\t<div data-elementor-type=\"wp-post\" data-elementor-id=\"67597\" class=\"elementor elementor-67597 elementor-67178\" data-elementor-post-type=\"page\">\n\t\t\t\t\t\t<section class=\"elementor-section elementor-top-section elementor-element elementor-element-62f6b4c34d78c elementor-section-boxed elementor-section-height-default elementor-section-height-default\" data-id=\"62f6b4c34d78c\" data-element_type=\"section\" data-settings=\"{&quot;jet_parallax_layout_list&quot;:[],&quot;background_background&quot;:&quot;classic&quot;}\">\n\t\t\t\t\t\t<div class=\"elementor-container elementor-column-gap-wide\">\n\t\t\t\t\t<div class=\"elementor-column elementor-col-100 elementor-top-column elementor-element elementor-element-62f6b4c34d78d\" data-id=\"62f6b4c34d78d\" data-element_type=\"column\">\n\t\t\t<div class=\"elementor-widget-wrap elementor-element-populated\">\n\t\t\t\t\t\t<div class=\"elementor-element elementor-element-62f6b4c34d708 elementor-widget elementor-widget-heading\" data-id=\"62f6b4c34d708\" data-element_type=\"widget\" data-widget_type=\"heading.default\">\n\t\t\t\t<div class=\"elementor-widget-container\">\n\t\t\t\t\t<h1 class=\"elementor-heading-title elementor-size-default\">Oui \u00e0 l&#8217;initiative sur les cr\u00e8ches<\/h1>\t\t\t\t<\/div>\n\t\t\t\t<\/div>\n\t\t\t\t<div class=\"elementor-element elementor-element-62f6b4c34d777 elementor-widget elementor-widget-jet-breadcrumbs\" data-id=\"62f6b4c34d777\" data-element_type=\"widget\" data-widget_type=\"jet-breadcrumbs.default\">\n\t\t\t\t<div class=\"elementor-widget-container\">\n\t\t\t\t\t<div class=\"elementor-jet-breadcrumbs jet-blocks\">\n\t\t<div class=\"jet-breadcrumbs\">\n\t\t<div class=\"jet-breadcrumbs__content\">\n\t\t<div class=\"jet-breadcrumbs__wrap\">\n\t\t<\/div>\n\t\t<\/div>\n\t\t<\/div><\/div>\t\t\t\t<\/div>\n\t\t\t\t<\/div>\n\t\t\t\t<div class=\"elementor-element elementor-element-62f6b4c34d78a elementor-widget__width-initial elementor-widget elementor-widget-text-editor\" data-id=\"62f6b4c34d78a\" data-element_type=\"widget\" data-widget_type=\"text-editor.default\">\n\t\t\t\t<div class=\"elementor-widget-container\">\n\t\t\t\t\t\t\t\t\t<p>Nous avons r\u00e9ussi ! Ensemble, nous avons r\u00e9colt\u00e9 environ 105&#8217;000 signatures pour l&#8217;initiative sur les cr\u00e8ches !<\/p><p>Pour les jeunes familles, il est difficile de trouver une place de cr\u00e8che de qualit\u00e9 et abordable. Cela conduit notamment les femmes \u00e0 abandonner totalement ou partiellement leur activit\u00e9 professionnelle pour garder les enfants. L&#8217;initiative pour les cr\u00e8ches veut changer cela. Elle garantit suffisamment de places de cr\u00e8che abordables et favorise ainsi la conciliation de la vie familiale avec la vie professionnelle. C&#8217;est une pi\u00e8ce importante du puzzle sur la voie de l&#8217;\u00e9galit\u00e9.<\/p>\t\t\t\t\t\t\t\t<\/div>\n\t\t\t\t<\/div>\n\t\t\t\t\t<\/div>\n\t\t<\/div>\n\t\t\t\t\t<\/div>\n\t\t<\/section>\n\t\t\t\t<section class=\"elementor-section elementor-top-section elementor-element elementor-element-22d8352 elementor-section-boxed elementor-section-height-default elementor-section-height-default\" data-id=\"22d8352\" data-element_type=\"section\" data-settings=\"{&quot;jet_parallax_layout_list&quot;:[]}\">\n\t\t\t\t\t\t<div class=\"elementor-container elementor-column-gap-default\">\n\t\t\t\t\t<div class=\"elementor-column elementor-col-100 elementor-top-column elementor-element elementor-element-fdb3c5e\" data-id=\"fdb3c5e\" data-element_type=\"column\">\n\t\t\t<div class=\"elementor-widget-wrap elementor-element-populated\">\n\t\t\t\t\t\t<div class=\"elementor-element elementor-element-513ce85 elementor-widget elementor-widget-image\" data-id=\"513ce85\" data-element_type=\"widget\" data-widget_type=\"image.default\">\n\t\t\t\t<div class=\"elementor-widget-container\">\n\t\t\t\t\t\t\t\t\t\t\t\t\t\t\t<img fetchpriority=\"high\" decoding=\"async\" width=\"800\" height=\"564\" src=\"https:\/\/www.sp-ps.ch\/wp-content\/uploads\/2022\/01\/KITA-Initiative-A5-RGB-FR-quer-1024x722.jpg\" class=\"attachment-large size-large wp-image-73783\" alt=\"\" srcset=\"https:\/\/www.sp-ps.ch\/wp-content\/uploads\/2022\/01\/KITA-Initiative-A5-RGB-FR-quer-1024x722.jpg 1024w, https:\/\/www.sp-ps.ch\/wp-content\/uploads\/2022\/01\/KITA-Initiative-A5-RGB-FR-quer-300x211.jpg 300w, https:\/\/www.sp-ps.ch\/wp-content\/uploads\/2022\/01\/KITA-Initiative-A5-RGB-FR-quer-768x541.jpg 768w, https:\/\/www.sp-ps.ch\/wp-content\/uploads\/2022\/01\/KITA-Initiative-A5-RGB-FR-quer-1536x1083.jpg 1536w, https:\/\/www.sp-ps.ch\/wp-content\/uploads\/2022\/01\/KITA-Initiative-A5-RGB-FR-quer-2048x1444.jpg 2048w\" sizes=\"(max-width: 800px) 100vw, 800px\" \/>\t\t\t\t\t\t\t\t\t\t\t\t\t\t\t<\/div>\n\t\t\t\t<\/div>\n\t\t\t\t\t<\/div>\n\t\t<\/div>\n\t\t\t\t\t<\/div>\n\t\t<\/section>\n\t\t\t\t<section class=\"elementor-section elementor-top-section elementor-element elementor-element-2f94c74 elementor-section-boxed elementor-section-height-default elementor-section-height-default\" data-id=\"2f94c74\" data-element_type=\"section\" data-settings=\"{&quot;jet_parallax_layout_list&quot;:[]}\">\n\t\t\t\t\t\t<div class=\"elementor-container elementor-column-gap-default\">\n\t\t\t\t\t<div class=\"elementor-column elementor-col-100 elementor-top-column elementor-element elementor-element-ea12431\" data-id=\"ea12431\" data-element_type=\"column\">\n\t\t\t<div class=\"elementor-widget-wrap\">\n\t\t\t\t\t\t\t<\/div>\n\t\t<\/div>\n\t\t\t\t\t<\/div>\n\t\t<\/section>\n\t\t\t\t<section class=\"elementor-section elementor-top-section elementor-element elementor-element-62f6b4c34d792 elementor-section-boxed elementor-section-height-default elementor-section-height-default\" data-id=\"62f6b4c34d792\" data-element_type=\"section\" data-settings=\"{&quot;jet_parallax_layout_list&quot;:[]}\">\n\t\t\t\t\t\t<div class=\"elementor-container elementor-column-gap-no\">\n\t\t\t\t\t<div class=\"elementor-column elementor-col-100 elementor-top-column elementor-element elementor-element-62f6b4c34d793\" data-id=\"62f6b4c34d793\" data-element_type=\"column\">\n\t\t\t<div class=\"elementor-widget-wrap elementor-element-populated\">\n\t\t\t\t\t\t<div class=\"elementor-element elementor-element-131ad36 elementor-widget elementor-widget-spps_button_list\" data-id=\"131ad36\" data-element_type=\"widget\" data-widget_type=\"spps_button_list.default\">\n\t\t\t\t<div class=\"elementor-widget-container\">\n\t\t\t\t\t<div class=\"button-list-wrapper wrapper-spacing-default  \"><div class=\"button-list-title\"><h2>L'initiative sur les cr\u00e8ches demande :<\/h2><\/div><div class=\"button-list-container\"><div class=\"button-list-text\"><h3><strong>Des cr\u00e8ches abordables\u00a0<\/strong><\/h3><p>Aujourd'hui, de nombreux parents ne peuvent pas s'offrir un moyen d\u2019accueil extrafamilial pour leurs enfants. En cons\u00e9quence, les femmes, en particulier, abandonnent tout ou partie de leur travail, ce qui se traduit par des salaires et des rentes plus faibles. Avec l\u2019initiative, les parents ne devraient pas d\u00e9penser plus de 10 pourcents de leur revenu pour les places de cr\u00e8che de leurs enfants. Cela favorisera l'\u00e9galit\u00e9.<\/p><h3><strong>\u00a0Suffisamment de cr\u00e8ches\u00a0<\/strong><\/h3><p>La possibilit\u00e9 de trouver une cr\u00e8che adapt\u00e9e d\u00e9pend aujourd'hui fortement du lieu de r\u00e9sidence. Avec l'initiative sur les cr\u00e8ches, nous garantissons aux familles un acc\u00e8s \u00e0 un accueil extrafamilial des enfants sur l\u2019ensemble du territoire. Les parents doivent pouvoir choisir librement le mode de garde de leurs enfants, quel que soit leur lieu de r\u00e9sidence.<\/p><h3><strong>De bonnes conditions de travail pour les travailleurs et travailleuses de la petite enfance\u00a0<\/strong><\/h3><p>Trop peu de personnel form\u00e9, trop d'enfants par \u00e9ducateur-trice, mauvaise r\u00e9mun\u00e9ration - de telles conditions sont aujourd'hui une r\u00e9alit\u00e9 dans de nombreux endroits. L'initiative pour les cr\u00e8ches veille \u00e0 ce que les salaires soient \u00e9quitables et les conditions de travail bonnes.\u00a0\u00a0<\/p><\/div><\/div><\/div>\t\t\t\t<\/div>\n\t\t\t\t<\/div>\n\t\t\t\t<div class=\"elementor-element elementor-element-62f6b4c349823 elementor-widget elementor-widget-spps_button_list\" data-id=\"62f6b4c349823\" data-element_type=\"widget\" data-widget_type=\"spps_button_list.default\">\n\t\t\t\t<div class=\"elementor-widget-container\">\n\t\t\t\t\t<div class=\"button-list-wrapper wrapper-spacing-small  \"><div class=\"button-list-title\"><h3>Plus d'information<\/h3><\/div><div class=\"button-list-container\"><div class=\"button-list-items\"><div class=\"button-list-item\"><div class=\"button-wrapper \"><a href=\"https:\/\/www.sp-ps.ch\/wp-content\/uploads\/2022\/03\/220306_sps_kita_argumentarium_a4_fr_ohnefussnoten.pdf\"  target=\"_self\" class=\"button-link button-link-default\" >Argumentaire<span class=\"button-media-date\">20.04.2026<\/span><\/a><\/div><\/div><\/div><\/div><\/div>\t\t\t\t<\/div>\n\t\t\t\t<\/div>\n\t\t\t\t\t<\/div>\n\t\t<\/div>\n\t\t\t\t\t<\/div>\n\t\t<\/section>\n\t\t\t\t<\/div>\n\t\t","protected":false},"excerpt":{"rendered":"<p>Pour les jeunes familles, il est difficile de trouver une place de cr\u00e8che de qualit\u00e9 et abordable. Cela conduit notamment les femmes \u00e0 abandonner totalement ou partiellement leur activit\u00e9 professionnelle pour garder les enfants. L&#8217;initiative pour les cr\u00e8ches veut changer cela. Elle garantit suffisamment de places de cr\u00e8che abordables et favorise ainsi la conciliation de la vie familiale avec la vie professionnelle. C&#8217;est une pi\u00e8ce importante du puzzle sur la voie de l&#8217;\u00e9galit\u00e9.<\/p>\n","protected":false},"author":1,"featured_media":65309,"parent":0,"menu_order":0,"comment_status":"open","ping_status":"closed","template":"","meta":{"footnotes":""},"class_list":["post-67597","page","type-page","status-publish","has-post-thumbnail","hentry"],"_links":{"self":[{"href":"https:\/\/www.sp-ps.ch\/fr\/wp-json\/wp\/v2\/pages\/67597","targetHints":{"allow":["GET"]}}],"collection":[{"href":"https:\/\/www.sp-ps.ch\/fr\/wp-json\/wp\/v2\/pages"}],"about":[{"href":"https:\/\/www.sp-ps.ch\/fr\/wp-json\/wp\/v2\/types\/page"}],"author":[{"embeddable":true,"href":"https:\/\/www.sp-ps.ch\/fr\/wp-json\/wp\/v2\/users\/1"}],"replies":[{"embeddable":true,"href":"https:\/\/www.sp-ps.ch\/fr\/wp-json\/wp\/v2\/comments?post=67597"}],"version-history":[{"count":15,"href":"https:\/\/www.sp-ps.ch\/fr\/wp-json\/wp\/v2\/pages\/67597\/revisions"}],"predecessor-version":[{"id":115312,"href":"https:\/\/www.sp-ps.ch\/fr\/wp-json\/wp\/v2\/pages\/67597\/revisions\/115312"}],"wp:featuredmedia":[{"embeddable":true,"href":"https:\/\/www.sp-ps.ch\/fr\/wp-json\/wp\/v2\/media\/65309"}],"wp:attachment":[{"href":"https:\/\/www.sp-ps.ch\/fr\/wp-json\/wp\/v2\/media?parent=67597"}],"curies":[{"name":"wp","href":"https:\/\/api.w.org\/{rel}","templated":true}]}}