{"id":67598,"date":"2021-08-27T00:00:00","date_gmt":"2021-08-26T22:00:00","guid":{"rendered":"https:\/\/test.sp-ps.ch\/pourquoi-nous-avons-besoin-de-la-responsabilite-environnementale\/"},"modified":"2021-08-27T00:00:00","modified_gmt":"2021-08-26T22:00:00","slug":"pourquoi-nous-avons-besoin-de-la-responsabilite-environnementale","status":"publish","type":"page","link":"https:\/\/www.sp-ps.ch\/fr\/pourquoi-nous-avons-besoin-de-la-responsabilite-environnementale\/","title":{"rendered":"Pourquoi nous avons besoin de la responsabilit\u00e9 environnementale"},"content":{"rendered":"\t\t<div data-elementor-type=\"wp-post\" data-elementor-id=\"67598\" class=\"elementor elementor-67598 elementor-67235\" data-elementor-post-type=\"page\">\n\t\t\t\t\t\t<section class=\"elementor-section elementor-top-section elementor-element elementor-element-62f6b4c4a6abe elementor-section-boxed elementor-section-height-default elementor-section-height-default\" data-id=\"62f6b4c4a6abe\" data-element_type=\"section\" data-settings=\"{&quot;jet_parallax_layout_list&quot;:[],&quot;background_background&quot;:&quot;classic&quot;}\">\n\t\t\t\t\t\t<div class=\"elementor-container elementor-column-gap-wide\">\n\t\t\t\t\t<div class=\"elementor-column elementor-col-100 elementor-top-column elementor-element elementor-element-62f6b4c4a6abf\" data-id=\"62f6b4c4a6abf\" data-element_type=\"column\">\n\t\t\t<div class=\"elementor-widget-wrap elementor-element-populated\">\n\t\t\t\t\t\t<div class=\"elementor-element elementor-element-62f6b4c4a6a2a elementor-widget elementor-widget-heading\" data-id=\"62f6b4c4a6a2a\" data-element_type=\"widget\" data-widget_type=\"heading.default\">\n\t\t\t\t<div class=\"elementor-widget-container\">\n\t\t\t\t\t<h1 class=\"elementor-heading-title elementor-size-default\">Pourquoi nous avons besoin de la responsabilit\u00e9 environnementale<\/h1>\t\t\t\t<\/div>\n\t\t\t\t<\/div>\n\t\t\t\t<div class=\"elementor-element elementor-element-62f6b4c4a6aa4 elementor-widget elementor-widget-jet-breadcrumbs\" data-id=\"62f6b4c4a6aa4\" data-element_type=\"widget\" data-widget_type=\"jet-breadcrumbs.default\">\n\t\t\t\t<div class=\"elementor-widget-container\">\n\t\t\t\t\t<div class=\"elementor-jet-breadcrumbs jet-blocks\">\n\t\t<div class=\"jet-breadcrumbs\">\n\t\t<div class=\"jet-breadcrumbs__content\">\n\t\t<div class=\"jet-breadcrumbs__wrap\">\n\t\t<\/div>\n\t\t<\/div>\n\t\t<\/div><\/div>\t\t\t\t<\/div>\n\t\t\t\t<\/div>\n\t\t\t\t\t<\/div>\n\t\t<\/div>\n\t\t\t\t\t<\/div>\n\t\t<\/section>\n\t\t\t\t<section class=\"elementor-section elementor-top-section elementor-element elementor-element-62f6b4c4a6ac2 elementor-section-boxed elementor-section-height-default elementor-section-height-default\" data-id=\"62f6b4c4a6ac2\" data-element_type=\"section\" data-settings=\"{&quot;jet_parallax_layout_list&quot;:[]}\">\n\t\t\t\t\t\t<div class=\"elementor-container elementor-column-gap-default\">\n\t\t\t\t\t<div class=\"elementor-column elementor-col-100 elementor-top-column elementor-element elementor-element-62f6b4c4a6ac3\" data-id=\"62f6b4c4a6ac3\" data-element_type=\"column\">\n\t\t\t<div class=\"elementor-widget-wrap elementor-element-populated\">\n\t\t\t\t\t\t<div class=\"elementor-element elementor-element-62f6b4c4a6ac4 elementor-widget elementor-widget-spacer\" data-id=\"62f6b4c4a6ac4\" data-element_type=\"widget\" data-widget_type=\"spacer.default\">\n\t\t\t\t<div class=\"elementor-widget-container\">\n\t\t\t\t\t\t\t<div class=\"elementor-spacer\">\n\t\t\t<div class=\"elementor-spacer-inner\"><\/div>\n\t\t<\/div>\n\t\t\t\t\t\t<\/div>\n\t\t\t\t<\/div>\n\t\t\t\t\t<\/div>\n\t\t<\/div>\n\t\t\t\t\t<\/div>\n\t\t<\/section>\n\t\t\t\t<section class=\"elementor-section elementor-top-section elementor-element elementor-element-62f6b4c4a6ac6 elementor-section-boxed elementor-section-height-default elementor-section-height-default\" data-id=\"62f6b4c4a6ac6\" data-element_type=\"section\" data-settings=\"{&quot;jet_parallax_layout_list&quot;:[]}\">\n\t\t\t\t\t\t<div class=\"elementor-container elementor-column-gap-no\">\n\t\t\t\t\t<div class=\"elementor-column elementor-col-100 elementor-top-column elementor-element elementor-element-62f6b4c4a6ac7\" data-id=\"62f6b4c4a6ac7\" data-element_type=\"column\">\n\t\t\t<div class=\"elementor-widget-wrap elementor-element-populated\">\n\t\t\t\t\t\t<div class=\"elementor-element elementor-element-62f6b4c497983 elementor-widget elementor-widget-text-editor\" data-id=\"62f6b4c497983\" data-element_type=\"widget\" data-widget_type=\"text-editor.default\">\n\t\t\t\t<div class=\"elementor-widget-container\">\n\t\t\t\t\t\t\t\t\t<h3><strong>De quoi il s&rsquo;agit <\/strong><p>Crise climatique, extinction des esp&egrave;ces, pollution de l&rsquo;eau et des sols : l&rsquo;&eacute;conomie de march&eacute; telle que nous la connaissons aujourd&rsquo;hui a entra&icirc;n&eacute; toute une s&eacute;rie de crises environnementales. L&rsquo;initiative pour la responsabilit&eacute; environnementale veut changer cela. La protec&shy;tion de l&rsquo;environnement doit devenir une priorit&eacute; et servir de cadre &agrave; notre &eacute;conomie et &agrave; notre soci&eacute;t&eacute;. <strong>Concr&egrave;tement, cela signifie que la Suisse ne doit plus d&eacute;passer les limites plan&eacute;taires d&rsquo;ici 10 ans.<\/strong><\/p><h3><strong>Pourquoi nous avons besoin de la responsabilit&eacute; environnementale <\/strong><\/h3><p><strong>Le temps presse : nous n&rsquo;avons qu&rsquo;une seule Terre<\/strong><\/p><p>La fa&ccedil;on dont nous vivons et fonctionnons aujourd&rsquo;hui surcharge la Terre. Le facteur le plus important pour stopper la crise climatique et l&rsquo;extinction des esp&egrave;ces est le temps. C&rsquo;est pourquoi nous vou&shy;lons que la Suisse agisse rapidement et respecte les limites plan&eacute;&shy;taires d&rsquo;ici 10 ans.<\/p><p><strong>L&rsquo;initiative est &eacute;quitable et sociale<\/strong><\/p><p>Les pays riches comme la Suisse sont les principaux responsables de la destruction de l&rsquo;environnement. N&eacute;anmoins, ce sont les pays du Sud qui sont les premiers touch&eacute;s lorsque le niveau des mers augmente ou que les r&eacute;coltes sont mauvaises. Il est donc juste et &eacute;quitable que la Suisse assume ses responsabilit&eacute;s maintenant.<\/p><p><strong>Une chance pour nous toutes et tous<\/strong><\/p><p>Une Suisse en harmonie avec les limites plan&eacute;taires est une oppor&shy;tunit&eacute; &eacute;norme : une meilleure qualit&eacute; de vie, une alimentation saine et une nature intacte pour toutes et tous &ndash; et les bonnes conditions cadres pour une &eacute;conomie durable.<\/p><\/h3>\n\t\t\t\t\t\t\t\t<\/div>\n\t\t\t\t<\/div>\n\t\t\t\t<div class=\"elementor-element elementor-element-62f6b4c4a3482 elementor-widget elementor-widget-spps_button_list\" data-id=\"62f6b4c4a3482\" data-element_type=\"widget\" data-widget_type=\"spps_button_list.default\">\n\t\t\t\t<div class=\"elementor-widget-container\">\n\t\t\t\t\t<div class=\"button-list-wrapper wrapper-spacing-small  \"><div class=\"button-list-title\"><h3>Feuilles de signatures vierges<\/h3><\/div><div class=\"button-list-container\"><div class=\"button-list-items\"><div class=\"button-list-item\"><div class=\"button-wrapper \"><a href=\"https:\/\/www.sp-ps.ch\/wp-content\/uploads\/2021\/08\/sammelbogen_neutral_umweltverantwortungsinitiative_fr.pdf\"  target=\"_self\" class=\"button-link button-link-default\" >Feuilles de signatures \u00e0 t\u00e9l\u00e9charger (PDF)<span class=\"button-media-date\">22.04.2026<\/span><\/a><\/div><\/div><\/div><\/div><\/div>\t\t\t\t<\/div>\n\t\t\t\t<\/div>\n\t\t\t\t\t<\/div>\n\t\t<\/div>\n\t\t\t\t\t<\/div>\n\t\t<\/section>\n\t\t\t\t<\/div>\n\t\t","protected":false},"excerpt":{"rendered":"","protected":false},"author":1,"featured_media":0,"parent":0,"menu_order":0,"comment_status":"open","ping_status":"closed","template":"","meta":{"footnotes":""},"class_list":["post-67598","page","type-page","status-publish","hentry"],"_links":{"self":[{"href":"https:\/\/www.sp-ps.ch\/fr\/wp-json\/wp\/v2\/pages\/67598","targetHints":{"allow":["GET"]}}],"collection":[{"href":"https:\/\/www.sp-ps.ch\/fr\/wp-json\/wp\/v2\/pages"}],"about":[{"href":"https:\/\/www.sp-ps.ch\/fr\/wp-json\/wp\/v2\/types\/page"}],"author":[{"embeddable":true,"href":"https:\/\/www.sp-ps.ch\/fr\/wp-json\/wp\/v2\/users\/1"}],"replies":[{"embeddable":true,"href":"https:\/\/www.sp-ps.ch\/fr\/wp-json\/wp\/v2\/comments?post=67598"}],"version-history":[{"count":0,"href":"https:\/\/www.sp-ps.ch\/fr\/wp-json\/wp\/v2\/pages\/67598\/revisions"}],"wp:attachment":[{"href":"https:\/\/www.sp-ps.ch\/fr\/wp-json\/wp\/v2\/media?parent=67598"}],"curies":[{"name":"wp","href":"https:\/\/api.w.org\/{rel}","templated":true}]}}