{"id":67620,"date":"2014-03-29T00:00:00","date_gmt":"2014-03-28T23:00:00","guid":{"rendered":"https:\/\/test.sp-ps.ch\/malleray-bevilard\/"},"modified":"2022-08-15T16:40:43","modified_gmt":"2022-08-15T14:40:43","slug":"malleray-bevilard","status":"publish","type":"page","link":"https:\/\/www.sp-ps.ch\/fr\/malleray-bevilard\/","title":{"rendered":"Malleray-B\u00e9vilard"},"content":{"rendered":"\t\t<div data-elementor-type=\"wp-post\" data-elementor-id=\"67620\" class=\"elementor elementor-67620 elementor-67211\" data-elementor-post-type=\"page\">\n\t\t\t\t\t\t<section class=\"elementor-section elementor-top-section elementor-element elementor-element-62f6b4ea28bd6 elementor-section-boxed elementor-section-height-default elementor-section-height-default\" data-id=\"62f6b4ea28bd6\" data-element_type=\"section\" data-settings=\"{&quot;jet_parallax_layout_list&quot;:[],&quot;background_background&quot;:&quot;classic&quot;}\">\n\t\t\t\t\t\t<div class=\"elementor-container elementor-column-gap-wide\">\n\t\t\t\t\t<div class=\"elementor-column elementor-col-100 elementor-top-column elementor-element elementor-element-62f6b4ea28bd7\" data-id=\"62f6b4ea28bd7\" data-element_type=\"column\">\n\t\t\t<div class=\"elementor-widget-wrap elementor-element-populated\">\n\t\t\t\t\t\t<div class=\"elementor-element elementor-element-62f6b4ea28b4b elementor-widget elementor-widget-heading\" data-id=\"62f6b4ea28b4b\" data-element_type=\"widget\" data-widget_type=\"heading.default\">\n\t\t\t\t<div class=\"elementor-widget-container\">\n\t\t\t\t\t<h1 class=\"elementor-heading-title elementor-size-default\">Malleray-B\u00e9vilard<\/h1>\t\t\t\t<\/div>\n\t\t\t\t<\/div>\n\t\t\t\t<div class=\"elementor-element elementor-element-62f6b4ea28bbe elementor-widget elementor-widget-jet-breadcrumbs\" data-id=\"62f6b4ea28bbe\" data-element_type=\"widget\" data-widget_type=\"jet-breadcrumbs.default\">\n\t\t\t\t<div class=\"elementor-widget-container\">\n\t\t\t\t\t<div class=\"elementor-jet-breadcrumbs jet-blocks\">\n\t\t<div class=\"jet-breadcrumbs\">\n\t\t<div class=\"jet-breadcrumbs__content\">\n\t\t<div class=\"jet-breadcrumbs__wrap\">\n\t\t<\/div>\n\t\t<\/div>\n\t\t<\/div><\/div>\t\t\t\t<\/div>\n\t\t\t\t<\/div>\n\t\t\t\t\t<\/div>\n\t\t<\/div>\n\t\t\t\t\t<\/div>\n\t\t<\/section>\n\t\t\t\t<section class=\"elementor-section elementor-top-section elementor-element elementor-element-62f6b4ea28bd8 elementor-section-boxed elementor-section-height-default elementor-section-height-default\" data-id=\"62f6b4ea28bd8\" data-element_type=\"section\" data-settings=\"{&quot;jet_parallax_layout_list&quot;:[]}\">\n\t\t\t\t\t\t<div class=\"elementor-container elementor-column-gap-default\">\n\t\t\t\t\t<div class=\"elementor-column elementor-col-100 elementor-top-column elementor-element elementor-element-62f6b4ea28bd9\" data-id=\"62f6b4ea28bd9\" data-element_type=\"column\">\n\t\t\t<div class=\"elementor-widget-wrap elementor-element-populated\">\n\t\t\t\t\t\t<div class=\"elementor-element elementor-element-62f6b4ea28bda elementor-widget elementor-widget-spacer\" data-id=\"62f6b4ea28bda\" data-element_type=\"widget\" data-widget_type=\"spacer.default\">\n\t\t\t\t<div class=\"elementor-widget-container\">\n\t\t\t\t\t\t\t<div class=\"elementor-spacer\">\n\t\t\t<div class=\"elementor-spacer-inner\"><\/div>\n\t\t<\/div>\n\t\t\t\t\t\t<\/div>\n\t\t\t\t<\/div>\n\t\t\t\t\t<\/div>\n\t\t<\/div>\n\t\t\t\t\t<\/div>\n\t\t<\/section>\n\t\t\t\t<section class=\"elementor-section elementor-top-section elementor-element elementor-element-62f6b4ea28bdc elementor-section-boxed elementor-section-height-default elementor-section-height-default\" data-id=\"62f6b4ea28bdc\" data-element_type=\"section\" data-settings=\"{&quot;jet_parallax_layout_list&quot;:[]}\">\n\t\t\t\t\t\t<div class=\"elementor-container elementor-column-gap-no\">\n\t\t\t\t\t<div class=\"elementor-column elementor-col-100 elementor-top-column elementor-element elementor-element-62f6b4ea28bdd\" data-id=\"62f6b4ea28bdd\" data-element_type=\"column\">\n\t\t\t<div class=\"elementor-widget-wrap elementor-element-populated\">\n\t\t\t\t\t\t<div class=\"elementor-element elementor-element-62f6b4e9e9853 elementor-widget elementor-widget-text-editor\" data-id=\"62f6b4e9e9853\" data-element_type=\"widget\" data-widget_type=\"text-editor.default\">\n\t\t\t\t<div class=\"elementor-widget-container\">\n\t\t\t\t\t\t\t\t\t<div class=\"lyte-wrapper\" style=\"width:420px;max-width:100%;margin:5px;\"><div class=\"lyMe hidef qsa_\\&amp;showinfo\\=0\" id=\"WYL_0lkXAOBWHAo\"><div id=\"lyte_0lkXAOBWHAo\" data-src=\"https:\/\/www.sp-ps.ch\/youtubeLyteCache.php?origThumbUrl=%2F%2Fi.ytimg.com%2Fvi%2F0lkXAOBWHAo%2Fhqdefault.jpg\" class=\"pL\"><div class=\"tC hidden\"><div class=\"tT\"><\/div><\/div><div class=\"play\"><\/div><div class=\"ctrl\"><div class=\"Lctrl\"><\/div><div class=\"Rctrl\"><\/div><\/div><\/div><noscript><a href=\"https:\/\/youtu.be\/0lkXAOBWHAo\" rel=\"nofollow\"><img fetchpriority=\"high\" decoding=\"async\" src=\"https:\/\/www.sp-ps.ch\/youtubeLyteCache.php?origThumbUrl=https%3A%2F%2Fi.ytimg.com%2Fvi%2F0lkXAOBWHAo%2F0.jpg\" alt=\"YouTube video thumbnail\" width=\"420\" height=\"216\" \/><br \/>Lire cette vid\u00e9o sur YouTube<\/a><\/noscript><\/div><\/div><div class=\"lL\" style=\"max-width:100%;width:420px;margin:5px;\"><\/div><\/p><p><strong>C\u2019est \u00e0 l\u2019unanimit\u00e9, moins deux abstentions, que l\u2019Assembl\u00e9e des d\u00e9l\u00e9gu\u00e9-e-s du PS Suisse a adopt\u00e9 la r\u00e9solution intitul\u00e9e : \u00ab Ensemble pour une Suisse sociale et ouverte dans une Europe sociale et prosp\u00e8re \u2013 c\u2019est le moment ! \u00bb. La base socialiste confirme ainsi la politique europ\u00e9enne en vigueur au sein du Parti. Ainsi, toutes les options possibles dans nos relations avec l\u2019Europe doivent d\u00e9sormais \u00eatre pos\u00e9es sur la table et \u00e9tudi\u00e9es. Les recommandations de vote pour les votations du 18 mai prochain ont \u00e9t\u00e9 adopt\u00e9es \u00e0 la quasi-unanimit\u00e9 : OUI au salaire minimum et \u00e0 la m\u00e9decine de famille \u2013 NON au Gripen et \u00e0 l\u2019initiative sur la p\u00e9dophilie.<\/strong><\/p><p>Christian Levrat, pr\u00e9sident du PS Suisse, a ouvert l\u2019Assembl\u00e9e des d\u00e9l\u00e9gu\u00e9-e-s avec un discours fondamental sur la th\u00e9matique europ\u00e9enne. Ainsi, le PS ne se laisse pas dicter sa politique europ\u00e9enne par ses opposants politique. Ainsi, pour Christian Levrat, \u00ab Le d\u00e9bat europ\u00e9en doit \u00eatre men\u00e9 avec le peuple et par le peuple \u00bb. Le PS a conscience que la voie bilat\u00e9rale, telle que nous l\u2019avons connue jusqu\u2019\u00e0 pr\u00e9sent est termin\u00e9e. \u00ab L\u2019Alleingang \u00bb, l\u2019adh\u00e9sion, tout comme le renouvellement des accords bilat\u00e9raux doivent maintenant \u00eatre \u00e9tudi\u00e9s de mani\u00e8re pr\u00e9cise.<\/p>\t\t\t\t\t\t\t\t<\/div>\n\t\t\t\t<\/div>\n\t\t\t\t<div class=\"elementor-element elementor-element-ba85f77 elementor-widget elementor-widget-jet-slider\" data-id=\"ba85f77\" data-element_type=\"widget\" data-settings=\"{&quot;slider_height&quot;:{&quot;unit&quot;:&quot;px&quot;,&quot;size&quot;:600,&quot;sizes&quot;:[]},&quot;slider_height_tablet&quot;:{&quot;unit&quot;:&quot;px&quot;,&quot;size&quot;:&quot;&quot;,&quot;sizes&quot;:[]},&quot;slider_height_mobile&quot;:{&quot;unit&quot;:&quot;px&quot;,&quot;size&quot;:&quot;&quot;,&quot;sizes&quot;:[]},&quot;thumbnail_width&quot;:120,&quot;thumbnail_height&quot;:80}\" data-widget_type=\"jet-slider.default\">\n\t\t\t\t<div class=\"elementor-widget-container\">\n\t\t\t\t\t<div class=\"elementor-jet-slider jet-elements\">\n<div class=\"jet-slider jet-slider__image-exact\" data-settings='{&quot;sliderWidth&quot;:{&quot;unit&quot;:&quot;%&quot;,&quot;size&quot;:100,&quot;sizes&quot;:[]},&quot;sliderHeight&quot;:{&quot;unit&quot;:&quot;px&quot;,&quot;size&quot;:600,&quot;sizes&quot;:[]},&quot;sliderNavigation&quot;:true,&quot;sliderNavigationIcon&quot;:&quot;jet-slider__arrow-icon-ba85f77&quot;,&quot;sliderNaviOnHover&quot;:false,&quot;sliderPagination&quot;:false,&quot;sliderAutoplay&quot;:true,&quot;sliderAutoplayDelay&quot;:5000,&quot;sliderAutoplayOnHover&quot;:&quot;pause&quot;,&quot;sliderFullScreen&quot;:true,&quot;sliderFullscreenIcon&quot;:&quot;jet-slider__fullscreen-icon-ba85f77&quot;,&quot;sliderShuffle&quot;:false,&quot;sliderLoop&quot;:true,&quot;sliderFadeMode&quot;:false,&quot;slideDistance&quot;:{&quot;unit&quot;:&quot;px&quot;,&quot;size&quot;:10,&quot;sizes&quot;:[]},&quot;slideDuration&quot;:500,&quot;imageScaleMode&quot;:&quot;exact&quot;,&quot;thumbnails&quot;:true,&quot;thumbnailWidth&quot;:120,&quot;thumbnailHeight&quot;:80,&quot;rightToLeft&quot;:false,&quot;touchswipe&quot;:true,&quot;fractionPag&quot;:false,&quot;fractionPrefix&quot;:&quot;&quot;,&quot;fractionSeparator&quot;:&quot;\\\/&quot;,&quot;fractionSuffix&quot;:&quot;&quot;,&quot;autoSliderHeight&quot;:false}'>\n\t\n<div  class=\"slider-pro\">\n\t<div class=\"jet-slider__arrow-icon-ba85f77 hidden-html\"><i aria-hidden=\"true\" class=\"fas fa-angle-left\"><\/i><\/div><div class=\"jet-slider__fullscreen-icon-ba85f77 hidden-html\"><i aria-hidden=\"true\" class=\"fas fa-arrows-alt\"><\/i><\/div>\t<div class=\"jet-slider__items sp-slides\">\n\n\n<div  class=\"jet-slider__item sp-slide elementor-repeater-item-f30aff9\"><img decoding=\"async\" class=\"sp-image\" src=\"https:\/\/www.sp-ps.ch\/wp-content\/uploads\/2022\/08\/1947916_10153062169809897_358815335_n.jpg\" alt=\"1947916_10153062169809897_358815335_n\" loading=\"lazy\"><img decoding=\"async\" class=\"sp-thumbnail\" src=\"https:\/\/www.sp-ps.ch\/wp-content\/uploads\/2022\/08\/1947916_10153062169809897_358815335_n-150x150.jpg\" alt=\"1947916_10153062169809897_358815335_n\" loading=\"lazy\"><div class=\"jet-slider__content sp-layer \" data-position=\"centerCenter\" data-width=\"100%\" data-height=\"100%\" data-horizontal=\"0%\" data-show-transition=\"up\" data-show-duration=\"400\" data-show-delay=\"400\" >\n\t\t<div class=\"jet-slider__content-item\">\n\t\t\t<div class=\"jet-slider__content-inner\"> \n\n\t\t\t\t\t\t<div class=\"jet-slider__button-wrapper\">\t\t\t\t\t\t<\/div><\/div>\n\t\t<\/div>\n\t\t\t<\/div>\n<\/div>\n\n<div  class=\"jet-slider__item sp-slide elementor-repeater-item-ca33654\"><img decoding=\"async\" class=\"sp-image\" src=\"https:\/\/www.sp-ps.ch\/wp-content\/uploads\/2022\/08\/sommaruga.jpg\" alt=\"sommaruga\" loading=\"lazy\"><img decoding=\"async\" class=\"sp-thumbnail\" src=\"https:\/\/www.sp-ps.ch\/wp-content\/uploads\/2022\/08\/sommaruga-150x150.jpg\" alt=\"sommaruga\" loading=\"lazy\"><div class=\"jet-slider__content sp-layer \" data-position=\"centerCenter\" data-width=\"100%\" data-height=\"100%\" data-horizontal=\"0%\" data-show-transition=\"up\" data-show-duration=\"400\" data-show-delay=\"400\" >\n\t\t<div class=\"jet-slider__content-item\">\n\t\t\t<div class=\"jet-slider__content-inner\"> \n\n\t\t\t\t\t\t<div class=\"jet-slider__button-wrapper\">\t\t\t\t\t\t<\/div><\/div>\n\t\t<\/div>\n\t\t\t<\/div>\n<\/div>\n\n<div  class=\"jet-slider__item sp-slide elementor-repeater-item-53277ff\"><img decoding=\"async\" class=\"sp-image\" src=\"https:\/\/www.sp-ps.ch\/wp-content\/uploads\/2022\/08\/levrat.jpg\" alt=\"levrat\" loading=\"lazy\"><img decoding=\"async\" class=\"sp-thumbnail\" src=\"https:\/\/www.sp-ps.ch\/wp-content\/uploads\/2022\/08\/levrat-150x150.jpg\" alt=\"levrat\" loading=\"lazy\"><div class=\"jet-slider__content sp-layer \" data-position=\"centerCenter\" data-width=\"100%\" data-height=\"100%\" data-horizontal=\"0%\" data-show-transition=\"up\" data-show-duration=\"400\" data-show-delay=\"400\" >\n\t\t<div class=\"jet-slider__content-item\">\n\t\t\t<div class=\"jet-slider__content-inner\"> \n\n\t\t\t\t\t\t<div class=\"jet-slider__button-wrapper\">\t\t\t\t\t\t<\/div><\/div>\n\t\t<\/div>\n\t\t\t<\/div>\n<\/div>\n\n<div  class=\"jet-slider__item sp-slide elementor-repeater-item-500e149\"><img decoding=\"async\" class=\"sp-image\" src=\"https:\/\/www.sp-ps.ch\/wp-content\/uploads\/2022\/08\/gl.jpg\" alt=\"gl\" loading=\"lazy\"><img decoding=\"async\" class=\"sp-thumbnail\" src=\"https:\/\/www.sp-ps.ch\/wp-content\/uploads\/2022\/08\/gl-150x150.jpg\" alt=\"gl\" loading=\"lazy\"><div class=\"jet-slider__content sp-layer \" data-position=\"centerCenter\" data-width=\"100%\" data-height=\"100%\" data-horizontal=\"0%\" data-show-transition=\"up\" data-show-duration=\"400\" data-show-delay=\"400\" >\n\t\t<div class=\"jet-slider__content-item\">\n\t\t\t<div class=\"jet-slider__content-inner\"> \n\n\t\t\t\t\t\t<div class=\"jet-slider__button-wrapper\">\t\t\t\t\t\t<\/div><\/div>\n\t\t<\/div>\n\t\t\t<\/div>\n<\/div>\n\n<\/div>\n<\/div>\n<\/div>\n<\/div>\t\t\t\t<\/div>\n\t\t\t\t<\/div>\n\t\t\t\t<div class=\"elementor-element elementor-element-cf31e4d elementor-widget elementor-widget-text-editor\" data-id=\"cf31e4d\" data-element_type=\"widget\" data-widget_type=\"text-editor.default\">\n\t\t\t\t<div class=\"elementor-widget-container\">\n\t\t\t\t\t\t\t\t\t<p>Les d\u00e9bats constructifs et tr\u00e8s engag\u00e9s ont d\u00e9montr\u00e9 que la base socialiste soutient globalement la position de la direction du Parti. Elle a ainsi adopt\u00e9 la r\u00e9solution propos\u00e9e par le Comit\u00e9 directeur \u00e0 l\u2019unanimit\u00e9 moins deux abstentions. Une tr\u00e8s large majorit\u00e9 a \u00e9galement accept\u00e9 une proposition modifi\u00e9e en provenance des Partis cantonaux des Grisons et de Saint-Gall. Avec cette position solide, le PS se montre uni sur ce d\u00e9bat europ\u00e9en et peut d\u00e9sormais prendre l\u2019offensive, avec une puissance de feu militante.<\/p><p>Les d\u00e9l\u00e9gu\u00e9-e-s ont charg\u00e9 le Comit\u00e9 directeur d\u2019\u00e9laborer un projet d\u2019initiative sous le titre \u00ab Soulager \u00e9quitablement les familles \u2013 pour une r\u00e9partition plus juste \u00bb. La proposition qui visait \u00e0 renoncer au lancement d\u2019une initiative propre au PS a \u00e9t\u00e9 repouss\u00e9e par une large majorit\u00e9 des d\u00e9l\u00e9gu\u00e9-e-s.<\/p><p>Enfin, l\u2019Assembl\u00e9e des d\u00e9l\u00e9gu\u00e9-e-s du PS Suisse a donn\u00e9 ses recommandations de vote pour les votations du 18 mai prochain :<\/p><ul><li>OUI \u00e0 <strong>l\u2019initiative sur les salaires minimum<\/strong> par 117 oui, 0 non<\/li><li>NON \u00e0 <strong>l\u2019acquisition du Gripen<\/strong> \u00e0 l\u2019unanimit\u00e9 des 135 voix<\/li><li>NON \u00e0 <strong>l\u2019initiative sur la p\u00e9dophilie<\/strong> par 121 voix contre, 1 oui<\/li><li>OUI \u00e0 <strong>l\u2019article sur la m\u00e9decine de famille <\/strong>par 124 voix, 0 non<\/li><\/ul>\t\t\t\t\t\t\t\t<\/div>\n\t\t\t\t<\/div>\n\t\t\t\t<div class=\"elementor-element elementor-element-62f6b4ea25284 elementor-widget elementor-widget-spps_button_list\" data-id=\"62f6b4ea25284\" data-element_type=\"widget\" data-widget_type=\"spps_button_list.default\">\n\t\t\t\t<div class=\"elementor-widget-container\">\n\t\t\t\t\t<div class=\"button-list-wrapper wrapper-spacing-small  \"><div class=\"button-list-title\"><h3>Documents<\/h3><\/div><div class=\"button-list-container\"><div class=\"button-list-items\"><div class=\"button-list-item\"><div class=\"button-wrapper \"><a href=\"https:\/\/www.sp-ps.ch\/wp-content\/uploads\/2014\/03\/140329_discours_christian_levrat_-_malleray_-_def.pdf\"  target=\"_self\" class=\"button-link button-link-default\" >Discours de Christian Levrat en PDF<span class=\"button-media-date\">02.05.2026<\/span><\/a><\/div><\/div><div class=\"button-list-item\"><div class=\"button-wrapper \"><a href=\"https:\/\/www.sp-ps.ch\/wp-content\/uploads\/2014\/03\/20140329_tischvorlage_fra.pdf\"  target=\"_self\" class=\"button-link button-link-default\" >Documentation distribu\u00e9e sur place en PDF<span class=\"button-media-date\">02.05.2026<\/span><\/a><\/div><\/div><div class=\"button-list-item\"><div class=\"button-wrapper \"><a href=\"https:\/\/www.sp-ps.ch\/wp-content\/uploads\/2014\/03\/20140329_invitation_f_def.pdf\"  target=\"_self\" class=\"button-link button-link-default\" >Invitation en PDF<span class=\"button-media-date\">02.05.2026<\/span><\/a><\/div><\/div><div class=\"button-list-item\"><div class=\"button-wrapper \"><a href=\"https:\/\/www.sp-ps.ch\/wp-content\/uploads\/2014\/03\/ensemble_pour_une_suisse_sociale_et_ouverte_dans_une_europe_sociale_et_prospere_-_cest_le_moment.pdf\"  target=\"_self\" class=\"button-link button-link-default\" >R\u00e9solution \u00abEnsemble pour une Suisse sociale et ouverte\u00bb en PDF <span class=\"button-media-date\">02.05.2026<\/span><\/a><\/div><\/div><\/div><\/div><\/div>\t\t\t\t<\/div>\n\t\t\t\t<\/div>\n\t\t\t\t<div class=\"elementor-element elementor-element-62f6b4ea2529e elementor-widget elementor-widget-spps_button_list\" data-id=\"62f6b4ea2529e\" data-element_type=\"widget\" data-widget_type=\"spps_button_list.default\">\n\t\t\t\t<div class=\"elementor-widget-container\">\n\t\t\t\t\t<div class=\"button-list-wrapper wrapper-spacing-small  \"><div class=\"button-list-title\"><h3>Liens<\/h3><\/div><div class=\"button-list-container\"><div class=\"button-list-items\"><div class=\"button-list-item\"><div class=\"button-wrapper \"><a href=\"node\/2527\"  target=\"_self\" class=\"button-link button-link-default\" >Communiqu\u00e9 de presse<span class=\"button-media-date\">02.05.2026<\/span><\/a><\/div><\/div><div class=\"button-list-item\"><div class=\"button-wrapper \"><a href=\"https:\/\/www.facebook.com\/media\/set\/?set=a.10153062031179897.1073741834.97220294896&type=3\"  target=\"_self\" class=\"button-link button-link-default\" >Galerie de photos sur Facebook<span class=\"button-media-date\">02.05.2026<\/span><\/a><\/div><\/div><\/div><\/div><\/div>\t\t\t\t<\/div>\n\t\t\t\t<\/div>\n\t\t\t\t\t<\/div>\n\t\t<\/div>\n\t\t\t\t\t<\/div>\n\t\t<\/section>\n\t\t\t\t<\/div>\n\t\t","protected":false},"excerpt":{"rendered":"<p>C\u2019est \u00e0 l\u2019unanimit\u00e9, moins deux abstentions, que l\u2019Assembl\u00e9e des d\u00e9l\u00e9gu\u00e9-e-s du PS Suisse a adopt\u00e9 la r\u00e9solution intitul\u00e9e : \u00ab Ensemble pour une Suisse sociale et ouverte dans une Europe sociale et prosp\u00e8re \u2013 c\u2019est le moment ! \u00bb. La base socialiste confirme ainsi la politique europ\u00e9enne en vigueur au sein du Parti. Ainsi, toutes les options possibles dans nos relations avec l\u2019Europe doivent d\u00e9sormais \u00eatre pos\u00e9es sur la table et \u00e9tudi\u00e9es. Les recommandations de vote pour les votations du 18 mai prochain ont \u00e9t\u00e9 adopt\u00e9es \u00e0 la quasi-unanimit\u00e9 : OUI au salaire minimum et \u00e0 la m\u00e9decine de famille \u2013 NON au Gripen et \u00e0 l\u2019initiative sur la p\u00e9dophilie.<\/p>\n","protected":false},"author":1,"featured_media":0,"parent":0,"menu_order":0,"comment_status":"open","ping_status":"closed","template":"","meta":{"footnotes":""},"class_list":["post-67620","page","type-page","status-publish","hentry"],"_links":{"self":[{"href":"https:\/\/www.sp-ps.ch\/fr\/wp-json\/wp\/v2\/pages\/67620","targetHints":{"allow":["GET"]}}],"collection":[{"href":"https:\/\/www.sp-ps.ch\/fr\/wp-json\/wp\/v2\/pages"}],"about":[{"href":"https:\/\/www.sp-ps.ch\/fr\/wp-json\/wp\/v2\/types\/page"}],"author":[{"embeddable":true,"href":"https:\/\/www.sp-ps.ch\/fr\/wp-json\/wp\/v2\/users\/1"}],"replies":[{"embeddable":true,"href":"https:\/\/www.sp-ps.ch\/fr\/wp-json\/wp\/v2\/comments?post=67620"}],"version-history":[{"count":12,"href":"https:\/\/www.sp-ps.ch\/fr\/wp-json\/wp\/v2\/pages\/67620\/revisions"}],"predecessor-version":[{"id":72395,"href":"https:\/\/www.sp-ps.ch\/fr\/wp-json\/wp\/v2\/pages\/67620\/revisions\/72395"}],"wp:attachment":[{"href":"https:\/\/www.sp-ps.ch\/fr\/wp-json\/wp\/v2\/media?parent=67620"}],"curies":[{"name":"wp","href":"https:\/\/api.w.org\/{rel}","templated":true}]}}