{"id":67627,"date":"2014-10-08T00:00:00","date_gmt":"2014-10-07T22:00:00","guid":{"rendered":"https:\/\/test.sp-ps.ch\/notre-programme\/"},"modified":"2014-10-08T00:00:00","modified_gmt":"2014-10-07T22:00:00","slug":"notre-programme","status":"publish","type":"page","link":"https:\/\/www.sp-ps.ch\/fr\/notre-programme\/","title":{"rendered":"Notre programme"},"content":{"rendered":"\t\t<div data-elementor-type=\"wp-post\" data-elementor-id=\"67627\" class=\"elementor elementor-67627 elementor-66979\" data-elementor-post-type=\"page\">\n\t\t\t\t\t\t<section class=\"elementor-section elementor-top-section elementor-element elementor-element-62f6b4f6094fa elementor-section-boxed elementor-section-height-default elementor-section-height-default\" data-id=\"62f6b4f6094fa\" data-element_type=\"section\" data-settings=\"{&quot;jet_parallax_layout_list&quot;:[],&quot;background_background&quot;:&quot;classic&quot;}\">\n\t\t\t\t\t\t<div class=\"elementor-container elementor-column-gap-wide\">\n\t\t\t\t\t<div class=\"elementor-column elementor-col-100 elementor-top-column elementor-element elementor-element-62f6b4f6094fb\" data-id=\"62f6b4f6094fb\" data-element_type=\"column\">\n\t\t\t<div class=\"elementor-widget-wrap elementor-element-populated\">\n\t\t\t\t\t\t<div class=\"elementor-element elementor-element-62f6b4f60945d elementor-widget elementor-widget-heading\" data-id=\"62f6b4f60945d\" data-element_type=\"widget\" data-widget_type=\"heading.default\">\n\t\t\t\t<div class=\"elementor-widget-container\">\n\t\t\t\t\t<h1 class=\"elementor-heading-title elementor-size-default\">Notre programme<\/h1>\t\t\t\t<\/div>\n\t\t\t\t<\/div>\n\t\t\t\t<div class=\"elementor-element elementor-element-62f6b4f6094dd elementor-widget elementor-widget-jet-breadcrumbs\" data-id=\"62f6b4f6094dd\" data-element_type=\"widget\" data-widget_type=\"jet-breadcrumbs.default\">\n\t\t\t\t<div class=\"elementor-widget-container\">\n\t\t\t\t\t<div class=\"elementor-jet-breadcrumbs jet-blocks\">\n\t\t<div class=\"jet-breadcrumbs\">\n\t\t<div class=\"jet-breadcrumbs__content\">\n\t\t<div class=\"jet-breadcrumbs__wrap\">\n\t\t<\/div>\n\t\t<\/div>\n\t\t<\/div><\/div>\t\t\t\t<\/div>\n\t\t\t\t<\/div>\n\t\t\t\t<div class=\"elementor-element elementor-element-62f6b4f6094f6 elementor-widget__width-initial elementor-widget elementor-widget-text-editor\" data-id=\"62f6b4f6094f6\" data-element_type=\"widget\" data-widget_type=\"text-editor.default\">\n\t\t\t\t<div class=\"elementor-widget-container\">\n\t\t\t\t\t\t\t\t\tLe programme actuel est le septi\u00e8me du genre depuis la cr\u00e9ation, il y a un si\u00e8cle, du Parti socialiste suisse. Il succ\u00e8de \u00e0 ceux de 1888, 1904, 1920, 1935, 1959 et 1982.\t\t\t\t\t\t\t\t<\/div>\n\t\t\t\t<\/div>\n\t\t\t\t\t<\/div>\n\t\t<\/div>\n\t\t\t\t\t<\/div>\n\t\t<\/section>\n\t\t\t\t<section class=\"elementor-section elementor-top-section elementor-element elementor-element-62f6b4f6094fd elementor-section-boxed elementor-section-height-default elementor-section-height-default\" data-id=\"62f6b4f6094fd\" data-element_type=\"section\" data-settings=\"{&quot;jet_parallax_layout_list&quot;:[]}\">\n\t\t\t\t\t\t<div class=\"elementor-container elementor-column-gap-default\">\n\t\t\t\t\t<div class=\"elementor-column elementor-col-100 elementor-top-column elementor-element elementor-element-62f6b4f6094fe\" data-id=\"62f6b4f6094fe\" data-element_type=\"column\">\n\t\t\t<div class=\"elementor-widget-wrap elementor-element-populated\">\n\t\t\t\t\t\t<div class=\"elementor-element elementor-element-62f6b4f6094ff elementor-widget elementor-widget-spacer\" data-id=\"62f6b4f6094ff\" data-element_type=\"widget\" data-widget_type=\"spacer.default\">\n\t\t\t\t<div class=\"elementor-widget-container\">\n\t\t\t\t\t\t\t<div class=\"elementor-spacer\">\n\t\t\t<div class=\"elementor-spacer-inner\"><\/div>\n\t\t<\/div>\n\t\t\t\t\t\t<\/div>\n\t\t\t\t<\/div>\n\t\t\t\t\t<\/div>\n\t\t<\/div>\n\t\t\t\t\t<\/div>\n\t\t<\/section>\n\t\t\t\t<section class=\"elementor-section elementor-top-section elementor-element elementor-element-62f6b4f609501 elementor-section-boxed elementor-section-height-default elementor-section-height-default\" data-id=\"62f6b4f609501\" data-element_type=\"section\" data-settings=\"{&quot;jet_parallax_layout_list&quot;:[]}\">\n\t\t\t\t\t\t<div class=\"elementor-container elementor-column-gap-no\">\n\t\t\t\t\t<div class=\"elementor-column elementor-col-100 elementor-top-column elementor-element elementor-element-62f6b4f609502\" data-id=\"62f6b4f609502\" data-element_type=\"column\">\n\t\t\t<div class=\"elementor-widget-wrap elementor-element-populated\">\n\t\t\t\t\t\t<div class=\"elementor-element elementor-element-62f6b4f585ebb elementor-widget elementor-widget-text-editor\" data-id=\"62f6b4f585ebb\" data-element_type=\"widget\" data-widget_type=\"text-editor.default\">\n\t\t\t\t<div class=\"elementor-widget-container\">\n\t\t\t\t\t\t\t\t\t<p>Le programme du parti a toujours eu une importance particuli&egrave;re&nbsp;pour le Parti socialiste. Il exprime, de fa&ccedil;on ramass&eacute;e, les principes id&eacute;ologiques et caract&eacute;ristiques d&#8217;une p&eacute;riode d&eacute;termin&eacute;e et constitue une pr&eacute;sentation des grandes id&eacute;es autour desquelles un nombre aussi grand que possible de membres se rassemblent et qui servent de base &agrave; leurs actions politiques. Les diff&eacute;rents programmes du PS Suisse traduisent les &eacute;tapes franchies par le mouvement ouvrier dans notre pays. En ce sens, ils constituent une tranche de l&#8217;histoire de la Suisse, puisqu&#8217;au cours du XXe si&egrave;cle, le socialisme d&eacute;mocratique a profond&eacute;ment marqu&eacute; et modifi&eacute; notre pays.<\/p>\n\t\t\t\t\t\t\t\t<\/div>\n\t\t\t\t<\/div>\n\t\t\t\t<div class=\"elementor-element elementor-element-62f6b4f59f949 elementor-widget elementor-widget-spps_button_list\" data-id=\"62f6b4f59f949\" data-element_type=\"widget\" data-widget_type=\"spps_button_list.default\">\n\t\t\t\t<div class=\"elementor-widget-container\">\n\t\t\t\t\t<div class=\"button-list-wrapper wrapper-spacing-small  \"><div class=\"button-list-title\"><h3>Programme actuel<\/h3><\/div><div class=\"button-list-container\"><div class=\"button-list-items\"><div class=\"button-list-item\"><div class=\"button-wrapper \"><a href=\"https:\/\/www.sp-ps.ch\/wp-content\/uploads\/2014\/10\/ps_programme_0.pdf\"  target=\"_self\" class=\"button-link button-link-default\" >Programme du Parti socialiste suisse de 2010 en PDF<span class=\"button-media-date\">26.04.2026<\/span><\/a><\/div><\/div><div class=\"button-list-item\"><div class=\"button-wrapper \"><a href=\"https:\/\/www.sp-ps.ch\/wp-content\/uploads\/2022\/07\/ps_programme_a5.pdf\"  target=\"_self\" class=\"button-link button-link-default\" >Version courte du programme du Parti socialiste Suisse de 2010 en PDF<span class=\"button-media-date\">26.04.2026<\/span><\/a><\/div><\/div><\/div><\/div><\/div>\t\t\t\t<\/div>\n\t\t\t\t<\/div>\n\t\t\t\t<div class=\"elementor-element elementor-element-62f6b4f605612 elementor-widget elementor-widget-spps_button_list\" data-id=\"62f6b4f605612\" data-element_type=\"widget\" data-widget_type=\"spps_button_list.default\">\n\t\t\t\t<div class=\"elementor-widget-container\">\n\t\t\t\t\t<div class=\"button-list-wrapper wrapper-spacing-small  \"><div class=\"button-list-title\"><h3>Programmes pr\u00e9c\u00e9dents<\/h3><\/div><div class=\"button-list-container\"><div class=\"button-list-items\"><div class=\"button-list-item\"><div class=\"button-wrapper \"><a href=\"https:\/\/www.sp-ps.ch\/wp-content\/uploads\/2022\/07\/1870_parteiprogramm_d_0.pdf\"  target=\"_self\" class=\"button-link button-link-default\" >Programme du Parti socialiste suisse de 1870 en PDF &#091;en allemand&#093;<span class=\"button-media-date\">26.04.2026<\/span><\/a><\/div><\/div><div class=\"button-list-item\"><div class=\"button-wrapper \"><a href=\"https:\/\/www.sp-ps.ch\/wp-content\/uploads\/2022\/07\/1888_parteiprogramm_f.pdf\"  target=\"_self\" class=\"button-link button-link-default\" >Programme du Parti socialiste suisse de 1888 en PDF<span class=\"button-media-date\">26.04.2026<\/span><\/a><\/div><\/div><div class=\"button-list-item\"><div class=\"button-wrapper \"><a href=\"https:\/\/www.sp-ps.ch\/wp-content\/uploads\/2022\/07\/1904_parteiprogramm_f.pdf\"  target=\"_self\" class=\"button-link button-link-default\" >Programme du Parti socialiste suisse de 1904 en PDF<span class=\"button-media-date\">26.04.2026<\/span><\/a><\/div><\/div><div class=\"button-list-item\"><div class=\"button-wrapper \"><a href=\"https:\/\/www.sp-ps.ch\/wp-content\/uploads\/2022\/07\/1920_parteiprogramm_d.pdf\"  target=\"_self\" class=\"button-link button-link-default\" >Programme du Parti socialiste suisse de 1920 en PDF &#091;en allemand&#093;<span class=\"button-media-date\">26.04.2026<\/span><\/a><\/div><\/div><div class=\"button-list-item\"><div class=\"button-wrapper \"><a href=\"https:\/\/www.sp-ps.ch\/wp-content\/uploads\/2022\/07\/1935_parteiprogramm_d_0.pdf\"  target=\"_self\" class=\"button-link button-link-default\" >Programme du Parti socialiste suisse de 1935 en PDF &#091;en allemand&#093;<span class=\"button-media-date\">26.04.2026<\/span><\/a><\/div><\/div><div class=\"button-list-item\"><div class=\"button-wrapper \"><a href=\"https:\/\/www.sp-ps.ch\/wp-content\/uploads\/2022\/07\/1959_parteiprogramm_f.pdf\"  target=\"_self\" class=\"button-link button-link-default\" >Programme du Parti socialiste suisse de 1959 en PDF<span class=\"button-media-date\">26.04.2026<\/span><\/a><\/div><\/div><div class=\"button-list-item\"><div class=\"button-wrapper \"><a href=\"https:\/\/www.sp-ps.ch\/wp-content\/uploads\/2014\/10\/1982_parteiprogramm_f.pdf\"  target=\"_self\" class=\"button-link button-link-default\" >Programme du Parti socialiste suisse de 1982 en PDF<span class=\"button-media-date\">26.04.2026<\/span><\/a><\/div><\/div><\/div><\/div><\/div>\t\t\t\t<\/div>\n\t\t\t\t<\/div>\n\t\t\t\t\t<\/div>\n\t\t<\/div>\n\t\t\t\t\t<\/div>\n\t\t<\/section>\n\t\t\t\t<\/div>\n\t\t","protected":false},"excerpt":{"rendered":"<p>Le programme actuel est le septi\u00e8me du genre depuis la cr\u00e9ation, il y a un si\u00e8cle, du Parti socialiste suisse. Il succ\u00e8de \u00e0 ceux de 1888, 1904, 1920, 1935, 1959 et 1982.<\/p>\n","protected":false},"author":1,"featured_media":0,"parent":0,"menu_order":0,"comment_status":"open","ping_status":"closed","template":"","meta":{"footnotes":""},"class_list":["post-67627","page","type-page","status-publish","hentry"],"_links":{"self":[{"href":"https:\/\/www.sp-ps.ch\/fr\/wp-json\/wp\/v2\/pages\/67627","targetHints":{"allow":["GET"]}}],"collection":[{"href":"https:\/\/www.sp-ps.ch\/fr\/wp-json\/wp\/v2\/pages"}],"about":[{"href":"https:\/\/www.sp-ps.ch\/fr\/wp-json\/wp\/v2\/types\/page"}],"author":[{"embeddable":true,"href":"https:\/\/www.sp-ps.ch\/fr\/wp-json\/wp\/v2\/users\/1"}],"replies":[{"embeddable":true,"href":"https:\/\/www.sp-ps.ch\/fr\/wp-json\/wp\/v2\/comments?post=67627"}],"version-history":[{"count":0,"href":"https:\/\/www.sp-ps.ch\/fr\/wp-json\/wp\/v2\/pages\/67627\/revisions"}],"wp:attachment":[{"href":"https:\/\/www.sp-ps.ch\/fr\/wp-json\/wp\/v2\/media?parent=67627"}],"curies":[{"name":"wp","href":"https:\/\/api.w.org\/{rel}","templated":true}]}}