{"id":67628,"date":"2017-05-09T00:00:00","date_gmt":"2017-05-08T22:00:00","guid":{"rendered":"https:\/\/test.sp-ps.ch\/parti-socialiste-europeen\/"},"modified":"2017-05-09T00:00:00","modified_gmt":"2017-05-08T22:00:00","slug":"parti-socialiste-europeen","status":"publish","type":"page","link":"https:\/\/www.sp-ps.ch\/fr\/parti-socialiste-europeen\/","title":{"rendered":"Parti socialiste europ\u00e9en"},"content":{"rendered":"\t\t<div data-elementor-type=\"wp-post\" data-elementor-id=\"67628\" class=\"elementor elementor-67628 elementor-67231\" data-elementor-post-type=\"page\">\n\t\t\t\t\t\t<section class=\"elementor-section elementor-top-section elementor-element elementor-element-62f6b4f9af47c elementor-section-boxed elementor-section-height-default elementor-section-height-default\" data-id=\"62f6b4f9af47c\" data-element_type=\"section\" data-settings=\"{&quot;jet_parallax_layout_list&quot;:[],&quot;background_background&quot;:&quot;classic&quot;}\">\n\t\t\t\t\t\t<div class=\"elementor-container elementor-column-gap-wide\">\n\t\t\t\t\t<div class=\"elementor-column elementor-col-100 elementor-top-column elementor-element elementor-element-62f6b4f9af47d\" data-id=\"62f6b4f9af47d\" data-element_type=\"column\">\n\t\t\t<div class=\"elementor-widget-wrap elementor-element-populated\">\n\t\t\t\t\t\t<div class=\"elementor-element elementor-element-62f6b4f9af3e6 elementor-widget elementor-widget-heading\" data-id=\"62f6b4f9af3e6\" data-element_type=\"widget\" data-widget_type=\"heading.default\">\n\t\t\t\t<div class=\"elementor-widget-container\">\n\t\t\t\t\t<h1 class=\"elementor-heading-title elementor-size-default\">Parti socialiste europ\u00e9en<\/h1>\t\t\t\t<\/div>\n\t\t\t\t<\/div>\n\t\t\t\t<div class=\"elementor-element elementor-element-62f6b4f9af462 elementor-widget elementor-widget-jet-breadcrumbs\" data-id=\"62f6b4f9af462\" data-element_type=\"widget\" data-widget_type=\"jet-breadcrumbs.default\">\n\t\t\t\t<div class=\"elementor-widget-container\">\n\t\t\t\t\t<div class=\"elementor-jet-breadcrumbs jet-blocks\">\n\t\t<div class=\"jet-breadcrumbs\">\n\t\t<div class=\"jet-breadcrumbs__content\">\n\t\t<div class=\"jet-breadcrumbs__wrap\">\n\t\t<\/div>\n\t\t<\/div>\n\t\t<\/div><\/div>\t\t\t\t<\/div>\n\t\t\t\t<\/div>\n\t\t\t\t<div class=\"elementor-element elementor-element-62f6b4f9af479 elementor-widget__width-initial elementor-widget elementor-widget-text-editor\" data-id=\"62f6b4f9af479\" data-element_type=\"widget\" data-widget_type=\"text-editor.default\">\n\t\t\t\t<div class=\"elementor-widget-container\">\n\t\t\t\t\t\t\t\t\tLe PS\u202fSuisse n\u2019entretient des relations aussi intensives avec aucun autre r\u00e9seau que le Parti socialiste europ\u00e9en (PSE). Depuis deux d\u00e9cennies, le Parti socialiste europ\u00e9en, plus connu sous le nom de Party of European Socialists (PES), est le principal partenaire politique du PS Suisse au niveau international. \t\t\t\t\t\t\t\t<\/div>\n\t\t\t\t<\/div>\n\t\t\t\t\t<\/div>\n\t\t<\/div>\n\t\t\t\t\t<\/div>\n\t\t<\/section>\n\t\t\t\t<section class=\"elementor-section elementor-top-section elementor-element elementor-element-62f6b4f9af47f elementor-section-boxed elementor-section-height-default elementor-section-height-default\" data-id=\"62f6b4f9af47f\" data-element_type=\"section\" data-settings=\"{&quot;jet_parallax_layout_list&quot;:[]}\">\n\t\t\t\t\t\t<div class=\"elementor-container elementor-column-gap-default\">\n\t\t\t\t\t<div class=\"elementor-column elementor-col-100 elementor-top-column elementor-element elementor-element-62f6b4f9af480\" data-id=\"62f6b4f9af480\" data-element_type=\"column\">\n\t\t\t<div class=\"elementor-widget-wrap elementor-element-populated\">\n\t\t\t\t\t\t<div class=\"elementor-element elementor-element-62f6b4f9af481 elementor-widget elementor-widget-spacer\" data-id=\"62f6b4f9af481\" data-element_type=\"widget\" data-widget_type=\"spacer.default\">\n\t\t\t\t<div class=\"elementor-widget-container\">\n\t\t\t\t\t\t\t<div class=\"elementor-spacer\">\n\t\t\t<div class=\"elementor-spacer-inner\"><\/div>\n\t\t<\/div>\n\t\t\t\t\t\t<\/div>\n\t\t\t\t<\/div>\n\t\t\t\t\t<\/div>\n\t\t<\/div>\n\t\t\t\t\t<\/div>\n\t\t<\/section>\n\t\t\t\t<section class=\"elementor-section elementor-top-section elementor-element elementor-element-62f6b4f9af482 elementor-section-boxed elementor-section-height-default elementor-section-height-default\" data-id=\"62f6b4f9af482\" data-element_type=\"section\" data-settings=\"{&quot;jet_parallax_layout_list&quot;:[]}\">\n\t\t\t\t\t\t<div class=\"elementor-container elementor-column-gap-no\">\n\t\t\t\t\t<div class=\"elementor-column elementor-col-100 elementor-top-column elementor-element elementor-element-62f6b4f9af483\" data-id=\"62f6b4f9af483\" data-element_type=\"column\">\n\t\t\t<div class=\"elementor-widget-wrap elementor-element-populated\">\n\t\t\t\t\t\t<div class=\"elementor-element elementor-element-62f6b4f98d1c6 elementor-widget elementor-widget-text-editor\" data-id=\"62f6b4f98d1c6\" data-element_type=\"widget\" data-widget_type=\"text-editor.default\">\n\t\t\t\t<div class=\"elementor-widget-container\">\n\t\t\t\t\t\t\t\t\t<h3>Campagne &eacute;lectorale pour le Parlement europ&eacute;en<p>Le <a href=\"https:\/\/www.pes.eu\/fr\/about-us\/the-party\/congress\/lisbon-2018\/\">congr&egrave;s du PS europ&eacute;en &agrave; Lisbonne<\/a> d&eacute;but d&eacute;cembre 2018, auquel ont particip&eacute; plus de 1000 d&eacute;l&eacute;gu&eacute;-e-s, a lanc&eacute; la campagne &eacute;lectorale pour le Parlement europ&eacute;en sous le slogan &#8220;Juste, libre, durable : L&#8217;Europe progressiste que nous voulons&#8221; et a &eacute;lu Frans Timmermanns comme t&ecirc;te de liste. Le congr&egrave;s a approuv&eacute; des r&eacute;solutions <a href=\"https:\/\/www.pes.eu\/exporthttps:\/\/sp-ps.ch\/sites\/default\/.galleries\/Documents-gallery\/Resolution_template_women_Fr.pdf_2063069264.pdf\">pour l&#8217;&eacute;galit&eacute; hommes-femmes<\/a>, une <a href=\"https:\/\/www.pes.eu\/exporthttps:\/\/sp-ps.ch\/sites\/default\/.galleries\/Documents-gallery\/Resolution_template_Economy_Fr.pdf_2063069264.pdf\">&eacute;conomie progressiste<\/a>, une <a href=\"https:\/\/www.pes.eu\/exporthttps:\/\/sp-ps.ch\/sites\/default\/.galleries\/Documents-gallery\/Resolution_template_Social_Fr.pdf_2063069264.pdf\">Europe sociale<\/a>, un <a href=\"https:\/\/www.pes.eu\/exporthttps:\/\/sp-ps.ch\/sites\/default\/Downloads\/Policy-Documents\/Economy\/Resolution_template_Enviroment_Fr.pdf_2063069264.pdf\">environnement sain<\/a>, une <a href=\"https:\/\/www.pes.eu\/exporthttps:\/\/sp-ps.ch\/sites\/default\/.galleries\/Documents-gallery\/Resolution_template_Democracy_Fr.pdf_2063069299.pdf\">d&eacute;mocratie europ&eacute;enne forte<\/a>, une <a href=\"https:\/\/www.pes.eu\/exporthttps:\/\/sp-ps.ch\/sites\/default\/.galleries\/Documents-gallery\/Resolution_template_migration_Fr.pdf_2063069264.pdf\">migration juste<\/a>, une <a href=\"https:\/\/www.pes.eu\/exporthttps:\/\/sp-ps.ch\/sites\/default\/.galleries\/Documents-gallery\/Resolution_template_Youth_Fr.pdf_2063069264.pdf\">jeunesse autonome<\/a>&nbsp;et un <a href=\"https:\/\/www.pes.eu\/exporthttps:\/\/sp-ps.ch\/sites\/default\/.galleries\/Documents-gallery\/Resolution_template_International_Fr.pdf_2063069264.pdf\">monde juste, durable et pacifique<\/a>. Le manifeste &eacute;lectoral sommaire s&#8217;intitule &#8220;<strong><a href=\"https:\/\/www.sp-ps.ch\/wp-content\/uploads\/2017\/05\/PES-Manifesto-2019_FR.pdf_2063069299.pdf\">Un nouveau contrat social pour l&#8217;Europe<\/a><\/strong>&#8220;.<\/p><p>Le congr&egrave;s du PS &agrave; Brugg du 1<sup>er<\/sup> et 2 d&eacute;cembre 2018 a appel&eacute; <a href=\"https:\/\/www.sp-ps.ch\/wp-content\/uploads\/2018\/05\/europaresolution_f_0.pdf\">dans une r&eacute;solution <\/a>&agrave; la mobilisation des 2.18 millions de citoyens et citoyennes de l&#8217;UE en Suisse pour les &eacute;l&eacute;ctions europ&eacute;ennes. 25% de la population suisse dispose d&#8217;un passeport europ&eacute;en et pourra &eacute;lire ses d&eacute;put&eacute;s au Parlement europ&eacute;en du 23 au 26 mai 2019. Pour la Suisse aussi, la diff&eacute;rence est grande selon qu&rsquo;elle s&#8217;opposent ou non au nationalisme croissant en Europe et pr&ocirc;nent une UE forte et sociale. C&#8217;est pourquoi qu&#8217;en&nbsp;2019 (<a href=\"https:\/\/www.sp-ps.ch\/fr\/thema\/europawahl-2014\">comme en 2014<\/a>) le PS collabore avec les sections et d&eacute;l&eacute;gu&eacute;s des partis fr&egrave;res du PS europ&eacute;en en Suisse dans leur campagne &eacute;lectorale dans notre pays (voir <a href=\"https:\/\/elections-europeennes2019.ch\/\">https:\/\/elections-europeennes2019.ch<\/a>).<\/p><h3>Campagnes pr&eacute;c&eacute;dentes<\/h3><p>Voici les trois axes principaux des campagnes du&nbsp;Parti socialiste europ&eacute;en&nbsp;au cours de ces derni&egrave;res ann&eacute;es :<\/p><ul>\t<li>Pour l&rsquo;ancrage d&rsquo;un <a href=\"https:\/\/www.pes.eu\/oc\/en\/news-events\/news\/detail\/Social-Europe-network-For-a-Europe-people-can-trust-a-proposal-for-a-solid-European-Pillar-of-Social-Rights\/\">pilier de droits sociaux solide dans l&rsquo;UE<\/a>&nbsp;: pour promouvoir les <a href=\"http:\/\/www.europarl.europa.eu\/sides\/getDoc.do?pubRef=-\/\/EP\/\/TEXT+REPORT+A8-2016-0391+0+DOC+XML+V0\/\/FR\">exigences du Parlement europ&eacute;en<\/a>, le gouvernement su&eacute;dois, emmen&eacute; par Stefan L&ouml;fven, leader du Parti social-d&eacute;mocrate su&eacute;dois des travailleurs, organise une <a href=\"http:\/\/europa.eu\/rapid\/press-release_IP-17-114_en.htm?locale=FR\">conf&eacute;rence de l&rsquo;UE &agrave; G&ouml;teborg<\/a>, le 17&nbsp;novembre. Il y sera notamment question de la libre circulation des personnes, qui <a href=\"http:\/\/www.socialistsanddemocrats.eu\/fr\/position-papers\/la-libre-circulation-doit-tre-plus-quitable-et-non-pas-restreinte-notre-vision\">doit gagner en &eacute;quit&eacute; et en justice plut&ocirc;t que perdre en libert&eacute;<\/a>.<\/li>\t<li>Le <a href=\"http:\/\/www.youthplan.eu\/fr\">Plan europ&eacute;en pour la jeunesse<\/a>&nbsp;: le Parti socialiste europ&eacute;en lutte pour augmenter les chances des jeunes en mati&egrave;re d&rsquo;emploi et leur garantir &agrave; chacun l&rsquo;acc&egrave;s &agrave; la formation et l&rsquo;acc&egrave;s gratuit &agrave; la culture. Il se bat aussi pour que tout enfant puisse recevoir une alimentation saine et des soins de sant&eacute; ad&eacute;quats et pour lui assurer un bon encadrement. Voir <a href=\"http:\/\/www.sp-ps.ch\/fr\/publications\/communiques-de-presse\/des-paroles-aux-actes-mobilisation-en-faveur-derasmus\">action du groupe PS<\/a> et&nbsp;#Act4Youth<\/li>\t<li>Pour des<a href=\"http:\/\/payrise.eu\/fr\/accueil\/\"> salaires europ&eacute;ens plus &eacute;lev&eacute;s<\/a>&nbsp;: conjointement avec la Conf&eacute;d&eacute;ration europ&eacute;enne des syndicats (<a href=\"https:\/\/www.etuc.org\/fr\/\">CES<\/a>), le Parti socialiste europ&eacute;en s&rsquo;engage pour plus de justice sociale et une r&eacute;partition &eacute;quitable des fruits de la croissance. Voir #ourpayrise<\/li><\/ul><h3>Membres<\/h3><p>Le&nbsp;PSE a pris corps parall&egrave;lement &agrave; l&rsquo;UE et constitue avec&nbsp;179&nbsp;d&eacute;put&eacute;s au Parlement europ&eacute;en la deuxi&egrave;me plus grande fraction (<a href=\"http:\/\/www.socialistsanddemocrats.eu\/fr\">S &amp; D<\/a>) apr&egrave;s le Parti populaire europ&eacute;en&nbsp;(PPE). Le&nbsp;PSE compte 33&nbsp;partis fr&egrave;res dans les &Eacute;tats membres de&nbsp;l&rsquo;UE et en Norv&egrave;ge. 10&nbsp;partis fr&egrave;res ont une affiliation en tant que membre associ&eacute; &ndash; pays d&rsquo;activit&eacute;&nbsp;: Albanie, Bosnie-Herz&eacute;govine, Bulgarie, Islande, Mac&eacute;doine, Mont&eacute;n&eacute;gro, Serbie, Turquie et Suisse (le&nbsp;PS). 13&nbsp;autres partis fr&egrave;res ont un statut d&rsquo;observateur &ndash; pays d&rsquo;activit&eacute;&nbsp;: Arm&eacute;nie, &Eacute;gypte, G&eacute;orgie, Isra&euml;l, Lettonie, Maroc, Moldavie, Palestine, Tunisie, R&eacute;publique turque de Chypre du Nord ainsi que les micro-&Eacute;tats Andorre et Saint-Marin.<\/p><h3>Adh&eacute;rer aux activistes du PSE<\/h3><p>Tous les membres du PS ou bien d&#8217;un parti fr&egrave;re europ&eacute;en puissent adh&eacute;rer aux activistes du PSE qui&nbsp;r&eacute;unissent les militants int&eacute;ress&eacute;s pour approfondir les questions qui touchent &agrave; la construction politique, sociale, &eacute;cologique de l&rsquo;Union europ&eacute;enne.<\/p><h3>&nbsp;<\/h3><\/h3>\n\t\t\t\t\t\t\t\t<\/div>\n\t\t\t\t<\/div>\n\t\t\t\t<div class=\"elementor-element elementor-element-62f6b4f9a6b8d elementor-widget elementor-widget-spps_button_list\" data-id=\"62f6b4f9a6b8d\" data-element_type=\"widget\" data-widget_type=\"spps_button_list.default\">\n\t\t\t\t<div class=\"elementor-widget-container\">\n\t\t\t\t\t<div class=\"button-list-wrapper wrapper-spacing-small  \"><div class=\"button-list-title\"><h3>Liens et mat\u00e9riel<\/h3><\/div><div class=\"button-list-container\"><div class=\"button-list-items\"><div class=\"button-list-item\"><div class=\"button-wrapper \"><a href=\"https:\/\/activists.pes.eu\/\"  target=\"_self\" class=\"button-link button-link-default\" >Adh\u00e9rer aux activistes PSE<span class=\"button-media-date\">16.04.2026<\/span><\/a><\/div><\/div><div class=\"button-list-item\"><div class=\"button-wrapper \"><a href=\"https:\/\/www.elections-europeennes-2019.eu\/comment-voter\/de-l-etranger\"  target=\"_self\" class=\"button-link button-link-default\" >Comment voter? Instructions \u00e9lectorales pour les citoyens et citoyennes de l'UE en Suisse<span class=\"button-media-date\">16.04.2026<\/span><\/a><\/div><\/div><div class=\"button-list-item\"><div class=\"button-wrapper \"><a href=\"https:\/\/www.sp-ps.ch\/wp-content\/uploads\/2017\/05\/europawahlen_19_falzflyer_f_web_0.pdf\"  target=\"_self\" class=\"button-link button-link-default\" >D\u00e9pliant \u00e9lections europ\u00e9ennes 2019 en fran\u00e7ais<span class=\"button-media-date\">16.04.2026<\/span><\/a><\/div><\/div><div class=\"button-list-item\"><div class=\"button-wrapper \"><a href=\"https:\/\/www.sp-ps.ch\/wp-content\/uploads\/2022\/06\/ps_faconner-ue_fr_0.pdf\"  target=\"_self\" class=\"button-link button-link-default\" >Fa\u00e7onner l\u2019Europe ensemble: pour plus d'UE, pour une UE meilleure, pour une UE sociale (Prise de position 2016)<span class=\"button-media-date\">16.04.2026<\/span><\/a><\/div><\/div><div class=\"button-list-item\"><div class=\"button-wrapper \"><a href=\"https:\/\/www.pes.eu\/fr\/\"  target=\"_self\" class=\"button-link button-link-default\" >Le site du Parti socialiste europ\u00e9en (PSE)<span class=\"button-media-date\">16.04.2026<\/span><\/a><\/div><\/div><div class=\"button-list-item\"><div class=\"button-wrapper \"><a href=\"https:\/\/www.sp-ps.ch\/wp-content\/uploads\/2017\/05\/PES-Manifesto-2019_FR.pdf_2063069299.pdf\"  target=\"_self\" class=\"button-link button-link-default\" >Manifeste \u00e9lectorale du PSE 2019<span class=\"button-media-date\">16.04.2026<\/span><\/a><\/div><\/div><div class=\"button-list-item\"><div class=\"button-wrapper \"><a href=\"http:\/\/www.pes-activists-initiative.org\/politique-dasile-due-protegez-les-droits-de-lhomme\/\"  target=\"_self\" class=\"button-link button-link-default\" >Signer la p\u00e9tition des activistes PSE pour une politique d'asile de l'UE qui prot\u00e9ge les droits humains<span class=\"button-media-date\">16.04.2026<\/span><\/a><\/div><\/div><div class=\"button-list-item\"><div class=\"button-wrapper \"><a href=\"http:\/\/www.pesgenevecitygroup.org\/\"  target=\"_self\" class=\"button-link button-link-default\" >Site web: Le city group du PES \u00e0 Gen\u00e8ve<span class=\"button-media-date\">16.04.2026<\/span><\/a><\/div><\/div><\/div><\/div><\/div>\t\t\t\t<\/div>\n\t\t\t\t<\/div>\n\t\t\t\t\t<\/div>\n\t\t<\/div>\n\t\t\t\t\t<\/div>\n\t\t<\/section>\n\t\t\t\t<\/div>\n\t\t","protected":false},"excerpt":{"rendered":"<p>Le PS\u202fSuisse n\u2019entretient des relations aussi intensives avec aucun autre r\u00e9seau que le Parti socialiste europ\u00e9en (PSE).<\/p>\n","protected":false},"author":1,"featured_media":64104,"parent":0,"menu_order":0,"comment_status":"open","ping_status":"closed","template":"","meta":{"footnotes":""},"class_list":["post-67628","page","type-page","status-publish","has-post-thumbnail","hentry"],"_links":{"self":[{"href":"https:\/\/www.sp-ps.ch\/fr\/wp-json\/wp\/v2\/pages\/67628","targetHints":{"allow":["GET"]}}],"collection":[{"href":"https:\/\/www.sp-ps.ch\/fr\/wp-json\/wp\/v2\/pages"}],"about":[{"href":"https:\/\/www.sp-ps.ch\/fr\/wp-json\/wp\/v2\/types\/page"}],"author":[{"embeddable":true,"href":"https:\/\/www.sp-ps.ch\/fr\/wp-json\/wp\/v2\/users\/1"}],"replies":[{"embeddable":true,"href":"https:\/\/www.sp-ps.ch\/fr\/wp-json\/wp\/v2\/comments?post=67628"}],"version-history":[{"count":0,"href":"https:\/\/www.sp-ps.ch\/fr\/wp-json\/wp\/v2\/pages\/67628\/revisions"}],"wp:featuredmedia":[{"embeddable":true,"href":"https:\/\/www.sp-ps.ch\/fr\/wp-json\/wp\/v2\/media\/64104"}],"wp:attachment":[{"href":"https:\/\/www.sp-ps.ch\/fr\/wp-json\/wp\/v2\/media?parent=67628"}],"curies":[{"name":"wp","href":"https:\/\/api.w.org\/{rel}","templated":true}]}}