{"id":67632,"date":"2021-02-13T00:00:00","date_gmt":"2021-02-12T23:00:00","guid":{"rendered":"https:\/\/test.sp-ps.ch\/assemblee-des-delegue-e-s-numerique-2\/"},"modified":"2021-02-13T00:00:00","modified_gmt":"2021-02-12T23:00:00","slug":"assemblee-des-delegue-e-s-numerique-2","status":"publish","type":"page","link":"https:\/\/www.sp-ps.ch\/fr\/assemblee-des-delegue-e-s-numerique-2\/","title":{"rendered":"Assembl\u00e9e des d\u00e9l\u00e9gu\u00e9-e-s num\u00e9rique"},"content":{"rendered":"\t\t<div data-elementor-type=\"wp-post\" data-elementor-id=\"67632\" class=\"elementor elementor-67632 elementor-67219\" data-elementor-post-type=\"page\">\n\t\t\t\t\t\t<section class=\"elementor-section elementor-top-section elementor-element elementor-element-62f6b50301472 elementor-section-boxed elementor-section-height-default elementor-section-height-default\" data-id=\"62f6b50301472\" data-element_type=\"section\" data-settings=\"{&quot;jet_parallax_layout_list&quot;:[],&quot;background_background&quot;:&quot;classic&quot;}\">\n\t\t\t\t\t\t<div class=\"elementor-container elementor-column-gap-wide\">\n\t\t\t\t\t<div class=\"elementor-column elementor-col-100 elementor-top-column elementor-element elementor-element-62f6b50301474\" data-id=\"62f6b50301474\" data-element_type=\"column\">\n\t\t\t<div class=\"elementor-widget-wrap elementor-element-populated\">\n\t\t\t\t\t\t<div class=\"elementor-element elementor-element-62f6b503013d6 elementor-widget elementor-widget-heading\" data-id=\"62f6b503013d6\" data-element_type=\"widget\" data-widget_type=\"heading.default\">\n\t\t\t\t<div class=\"elementor-widget-container\">\n\t\t\t\t\t<h1 class=\"elementor-heading-title elementor-size-default\">Assembl\u00e9e des d\u00e9l\u00e9gu\u00e9-e-s num\u00e9rique<\/h1>\t\t\t\t<\/div>\n\t\t\t\t<\/div>\n\t\t\t\t<div class=\"elementor-element elementor-element-62f6b50301455 elementor-widget elementor-widget-jet-breadcrumbs\" data-id=\"62f6b50301455\" data-element_type=\"widget\" data-widget_type=\"jet-breadcrumbs.default\">\n\t\t\t\t<div class=\"elementor-widget-container\">\n\t\t\t\t\t<div class=\"elementor-jet-breadcrumbs jet-blocks\">\n\t\t<div class=\"jet-breadcrumbs\">\n\t\t<div class=\"jet-breadcrumbs__content\">\n\t\t<div class=\"jet-breadcrumbs__wrap\">\n\t\t<\/div>\n\t\t<\/div>\n\t\t<\/div><\/div>\t\t\t\t<\/div>\n\t\t\t\t<\/div>\n\t\t\t\t\t<\/div>\n\t\t<\/div>\n\t\t\t\t\t<\/div>\n\t\t<\/section>\n\t\t\t\t<section class=\"elementor-section elementor-top-section elementor-element elementor-element-62f6b50301476 elementor-section-boxed elementor-section-height-default elementor-section-height-default\" data-id=\"62f6b50301476\" data-element_type=\"section\" data-settings=\"{&quot;jet_parallax_layout_list&quot;:[]}\">\n\t\t\t\t\t\t<div class=\"elementor-container elementor-column-gap-default\">\n\t\t\t\t\t<div class=\"elementor-column elementor-col-100 elementor-top-column elementor-element elementor-element-62f6b50301477\" data-id=\"62f6b50301477\" data-element_type=\"column\">\n\t\t\t<div class=\"elementor-widget-wrap elementor-element-populated\">\n\t\t\t\t\t\t<div class=\"elementor-element elementor-element-62f6b50301478 elementor-widget elementor-widget-spacer\" data-id=\"62f6b50301478\" data-element_type=\"widget\" data-widget_type=\"spacer.default\">\n\t\t\t\t<div class=\"elementor-widget-container\">\n\t\t\t\t\t\t\t<div class=\"elementor-spacer\">\n\t\t\t<div class=\"elementor-spacer-inner\"><\/div>\n\t\t<\/div>\n\t\t\t\t\t\t<\/div>\n\t\t\t\t<\/div>\n\t\t\t\t\t<\/div>\n\t\t<\/div>\n\t\t\t\t\t<\/div>\n\t\t<\/section>\n\t\t\t\t<section class=\"elementor-section elementor-top-section elementor-element elementor-element-62f6b5030147b elementor-section-boxed elementor-section-height-default elementor-section-height-default\" data-id=\"62f6b5030147b\" data-element_type=\"section\" data-settings=\"{&quot;jet_parallax_layout_list&quot;:[]}\">\n\t\t\t\t\t\t<div class=\"elementor-container elementor-column-gap-no\">\n\t\t\t\t\t<div class=\"elementor-column elementor-col-100 elementor-top-column elementor-element elementor-element-62f6b5030147c\" data-id=\"62f6b5030147c\" data-element_type=\"column\">\n\t\t\t<div class=\"elementor-widget-wrap elementor-element-populated\">\n\t\t\t\t\t\t<div class=\"elementor-element elementor-element-62f6b5020035d elementor-widget elementor-widget-text-editor\" data-id=\"62f6b5020035d\" data-element_type=\"widget\" data-widget_type=\"text-editor.default\">\n\t\t\t\t<div class=\"elementor-widget-container\">\n\t\t\t\t\t\t\t\t\t<p>Livestream de l&#8217;AD en fran&ccedil;ais<div class=\"lyte-wrapper\" style=\"width:420px;max-width:100%;margin:5px;\"><div class=\"lyMe hidef\" id=\"WYL_ETcrpRcj_8U\"><div id=\"lyte_ETcrpRcj_8U\" data-src=\"https:\/\/www.sp-ps.ch\/youtubeLyteCache.php?origThumbUrl=%2F%2Fi.ytimg.com%2Fvi%2FETcrpRcj_8U%2Fhqdefault.jpg\" class=\"pL\"><div class=\"tC\"><div class=\"tT\"><\/div><\/div><div class=\"play\"><\/div><div class=\"ctrl\"><div class=\"Lctrl\"><\/div><div class=\"Rctrl\"><\/div><\/div><\/div><noscript><a href=\"https:\/\/youtu.be\/ETcrpRcj_8U\" rel=\"nofollow\"><img fetchpriority=\"high\" decoding=\"async\" src=\"https:\/\/www.sp-ps.ch\/youtubeLyteCache.php?origThumbUrl=https%3A%2F%2Fi.ytimg.com%2Fvi%2FETcrpRcj_8U%2F0.jpg\" alt=\"YouTube video thumbnail\" width=\"420\" height=\"216\" \/><br \/>Lire cette vid\u00e9o sur YouTube<\/a><\/noscript><\/div><\/div><div class=\"lL\" style=\"max-width:100%;width:420px;margin:5px;\"><\/div><\/p><p>Livestream de l&#8217;AD en langue originale<\/p><div class=\"lyte-wrapper\" style=\"width:420px;max-width:100%;margin:5px;\"><div class=\"lyMe hidef\" id=\"WYL_TqyOnsw27TM\"><div id=\"lyte_TqyOnsw27TM\" data-src=\"https:\/\/www.sp-ps.ch\/youtubeLyteCache.php?origThumbUrl=%2F%2Fi.ytimg.com%2Fvi%2FTqyOnsw27TM%2Fhqdefault.jpg\" class=\"pL\"><div class=\"tC\"><div class=\"tT\"><\/div><\/div><div class=\"play\"><\/div><div class=\"ctrl\"><div class=\"Lctrl\"><\/div><div class=\"Rctrl\"><\/div><\/div><\/div><noscript><a href=\"https:\/\/youtu.be\/TqyOnsw27TM\" rel=\"nofollow\"><img decoding=\"async\" src=\"https:\/\/www.sp-ps.ch\/youtubeLyteCache.php?origThumbUrl=https%3A%2F%2Fi.ytimg.com%2Fvi%2FTqyOnsw27TM%2F0.jpg\" alt=\"YouTube video thumbnail\" width=\"420\" height=\"216\" \/><br \/>Lire cette vid\u00e9o sur YouTube<\/a><\/noscript><\/div><\/div><div class=\"lL\" style=\"max-width:100%;width:420px;margin:5px;\"><\/div><\/p><\/p>\n\t\t\t\t\t\t\t\t<\/div>\n\t\t\t\t<\/div>\n\t\t\t\t<div class=\"elementor-element elementor-element-62f6b5020e1e1 elementor-widget elementor-widget-spps_button_list\" data-id=\"62f6b5020e1e1\" data-element_type=\"widget\" data-widget_type=\"spps_button_list.default\">\n\t\t\t\t<div class=\"elementor-widget-container\">\n\t\t\t\t\t<div class=\"button-list-wrapper wrapper-spacing-small  \"><div class=\"button-list-title\"><h3>Papier de position approuv\u00e9<\/h3><\/div><div class=\"button-list-container\"><div class=\"button-list-items\"><div class=\"button-list-item\"><div class=\"button-wrapper \"><a href=\"https:\/\/www.sp-ps.ch\/wp-content\/uploads\/2021\/02\/positionspapier_corona_bereinigt_f.pdf\"  target=\"_self\" class=\"button-link button-link-default\" >La crise du coronavirus: Prot\u00e9ger la sant\u00e9 \u2013 pr\u00e9server les moyens de subsistance (2021)<span class=\"button-media-date\">20.04.2026<\/span><\/a><\/div><\/div><\/div><\/div><\/div>\t\t\t\t<\/div>\n\t\t\t\t<\/div>\n\t\t\t\t<div class=\"elementor-element elementor-element-62f6b50278289 elementor-widget elementor-widget-spps_button_list\" data-id=\"62f6b50278289\" data-element_type=\"widget\" data-widget_type=\"spps_button_list.default\">\n\t\t\t\t<div class=\"elementor-widget-container\">\n\t\t\t\t\t<div class=\"button-list-wrapper wrapper-spacing-small  \"><div class=\"button-list-title\"><h3>R\u00e9solutions approuv\u00e9es<\/h3><\/div><div class=\"button-list-container\"><div class=\"button-list-items\"><div class=\"button-list-item\"><div class=\"button-wrapper \"><a href=\"https:\/\/www.sp-ps.ch\/wp-content\/uploads\/2021\/02\/individualbesteuerung_f_0.pdf\"  target=\"_self\" class=\"button-link button-link-default\" >50 ans apr\u00e8s l\u2019introduction du suffrage f\u00e9minin, aider l\u2019id\u00e9e socialiste de l\u2019imposition individuelle \u00e0 faire une perc\u00e9e<span class=\"button-media-date\">20.04.2026<\/span><\/a><\/div><\/div><div class=\"button-list-item\"><div class=\"button-wrapper \"><a href=\"https:\/\/www.sp-ps.ch\/wp-content\/uploads\/2021\/02\/intersektionaler_kampf_f_0.pdf\"  target=\"_self\" class=\"button-link button-link-default\" >50 ans de suffrage f\u00e9minin : Notre lutte intersectionnelle se poursuit ! <span class=\"button-media-date\">20.04.2026<\/span><\/a><\/div><\/div><div class=\"button-list-item\"><div class=\"button-wrapper \"><a href=\"https:\/\/www.sp-ps.ch\/wp-content\/uploads\/2021\/02\/gute_pflege_f_0.pdf\"  target=\"_self\" class=\"button-link button-link-default\" >Des soins de qualit\u00e9 n\u00e9cessitent du temps et des conditions de travail justes<span class=\"button-media-date\">20.04.2026<\/span><\/a><\/div><\/div><div class=\"button-list-item\"><div class=\"button-wrapper \"><a href=\"https:\/\/www.sp-ps.ch\/wp-content\/uploads\/2021\/02\/luftverkehr_f_0.pdf\"  target=\"_self\" class=\"button-link button-link-default\" >Le PS et les syndicats se battent pour des salaires d\u00e9cents et des conditions de travail acceptables dans le transport a\u00e9rien <span class=\"button-media-date\">20.04.2026<\/span><\/a><\/div><\/div><div class=\"button-list-item\"><div class=\"button-wrapper \"><a href=\"https:\/\/www.sp-ps.ch\/wp-content\/uploads\/2021\/02\/stimmrecht_fur_alle_f_0.pdf\"  target=\"_self\" class=\"button-link button-link-default\" >Le droit de vote pour toutes et tous : le PS se bat pour plus de d\u00e9mocratie dans notre pays ! <span class=\"button-media-date\">20.04.2026<\/span><\/a><\/div><\/div><div class=\"button-list-item\"><div class=\"button-wrapper \"><a href=\"https:\/\/www.sp-ps.ch\/wp-content\/uploads\/2021\/02\/altersvorsorge_f_0.pdf\"  target=\"_self\" class=\"button-link button-link-default\" >Pas de jeux politiques avec notre pr\u00e9voyance vieillesse !<span class=\"button-media-date\">20.04.2026<\/span><\/a><\/div><\/div><div class=\"button-list-item\"><div class=\"button-wrapper \"><a href=\"https:\/\/www.sp-ps.ch\/wp-content\/uploads\/2021\/02\/kosovo_f_1.pdf\"  target=\"_self\" class=\"button-link button-link-default\" >Pour la d\u00e9mocratie, l\u2019\u00c9tat de droit et la justice sociale au Kosovo \u2013 so-lidarit\u00e9 avec Vet\u00ebvendosje\u2009!<span class=\"button-media-date\">20.04.2026<\/span><\/a><\/div><\/div><div class=\"button-list-item\"><div class=\"button-wrapper \"><a href=\"https:\/\/www.sp-ps.ch\/wp-content\/uploads\/2021\/02\/gute_ausbildung_f_0.pdf\"  target=\"_self\" class=\"button-link button-link-default\" >Une bonne formation dans de bonnes conditions \u2013 m\u00eame pendant la pand\u00e9mie de Coronavirus ! <span class=\"button-media-date\">20.04.2026<\/span><\/a><\/div><\/div><\/div><\/div><\/div>\t\t\t\t<\/div>\n\t\t\t\t<\/div>\n\t\t\t\t<div class=\"elementor-element elementor-element-62f6b502abf2e elementor-widget elementor-widget-spps_button_list\" data-id=\"62f6b502abf2e\" data-element_type=\"widget\" data-widget_type=\"spps_button_list.default\">\n\t\t\t\t<div class=\"elementor-widget-container\">\n\t\t\t\t\t<div class=\"button-list-wrapper wrapper-spacing-small  \"><div class=\"button-list-title\"><h3>Documentation finale (du 9 f\u00e9vrier 2021)<\/h3><\/div><div class=\"button-list-container\"><div class=\"button-list-items\"><div class=\"button-list-item\"><div class=\"button-wrapper \"><a href=\"https:\/\/www.sp-ps.ch\/wp-content\/uploads\/2021\/02\/schlussdokumentation_f_def_3.pdf\"  target=\"_self\" class=\"button-link button-link-default\" >Documentation finale<span class=\"button-media-date\">20.04.2026<\/span><\/a><\/div><\/div><div class=\"button-list-item\"><div class=\"button-wrapper \"><a href=\"https:\/\/www.sp-ps.ch\/wp-content\/uploads\/2021\/02\/instruktionsheft_f.pdf\"  target=\"_self\" class=\"button-link button-link-default\" >Livret d'instructions<span class=\"button-media-date\">20.04.2026<\/span><\/a><\/div><\/div><div class=\"button-list-item\"><div class=\"button-wrapper \"><a href=\"https:\/\/www.sp-ps.ch\/wp-content\/uploads\/2021\/02\/positionspapier_corona_f_def_2.pdf\"  target=\"_self\" class=\"button-link button-link-default\" >Papier de position 'Prot\u00e9ger la sant\u00e9 \u2013 pr\u00e9server les moyens de subsistance !' (avec amendements 1-18)<span class=\"button-media-date\">20.04.2026<\/span><\/a><\/div><\/div><div class=\"button-list-item\"><div class=\"button-wrapper \"><a href=\"https:\/\/www.sp-ps.ch\/wp-content\/uploads\/2021\/02\/dv_protokoll_06272020_def_2.pdf\"  target=\"_self\" class=\"button-link button-link-default\" >Proc\u00e8s-verbal de l\u2019Assembl\u00e9e des d\u00e9l\u00e9gu\u00e9-e-s num\u00e9rique du 27 juin 2020<span class=\"button-media-date\">20.04.2026<\/span><\/a><\/div><\/div><\/div><\/div><\/div>\t\t\t\t<\/div>\n\t\t\t\t<\/div>\n\t\t\t\t<div class=\"elementor-element elementor-element-62f6b502b9057 elementor-widget elementor-widget-spps_button_list\" data-id=\"62f6b502b9057\" data-element_type=\"widget\" data-widget_type=\"spps_button_list.default\">\n\t\t\t\t<div class=\"elementor-widget-container\">\n\t\t\t\t\t<div class=\"button-list-wrapper wrapper-spacing-small  \"><div class=\"button-list-title\"><h3>M\u00e9dias<\/h3><\/div><div class=\"button-list-container\"><div class=\"button-list-items\"><div class=\"button-list-item\"><div class=\"button-wrapper \"><a href=\"https:\/\/www.sp-ps.ch\/wp-content\/uploads\/2021\/02\/210208_medieneinladung_ad_13_fevrier_2021_fr.pdf\"  target=\"_self\" class=\"button-link button-link-default\" >Invitation aux m\u00e9dias<span class=\"button-media-date\">20.04.2026<\/span><\/a><\/div><\/div><\/div><\/div><\/div>\t\t\t\t<\/div>\n\t\t\t\t<\/div>\n\t\t\t\t<div class=\"elementor-element elementor-element-62f6b502d746b elementor-widget elementor-widget-spps_button_list\" data-id=\"62f6b502d746b\" data-element_type=\"widget\" data-widget_type=\"spps_button_list.default\">\n\t\t\t\t<div class=\"elementor-widget-container\">\n\t\t\t\t\t<div class=\"button-list-wrapper wrapper-spacing-small  \"><div class=\"button-list-title\"><h3>Papier du Comit\u00e9 directeur (Papier de travail, non amendable)<\/h3><\/div><div class=\"button-list-container\"><div class=\"button-list-items\"><div class=\"button-list-item\"><div class=\"button-wrapper \"><a href=\"https:\/\/www.sp-ps.ch\/wp-content\/uploads\/2021\/02\/positionspapier_alterspolitik_i_def_versand.pdf\"  target=\"_self\" class=\"button-link button-link-default\" >RISPONDERE AI BISOGNI INVECE DI MASSIMIZZARE I PROFITTI: Per una vecchiaia dignitosa e autodeterminata<span class=\"button-media-date\">20.04.2026<\/span><\/a><\/div><\/div><div class=\"button-list-item\"><div class=\"button-wrapper \"><a href=\"https:\/\/www.sp-ps.ch\/wp-content\/uploads\/2021\/02\/positionspapier_alterspolitik_f_def_versand.pdf\"  target=\"_self\" class=\"button-link button-link-default\" >SANS PROFITS, R\u00c9PONDRE AUX BESOINS DES SENIORS: Vieillir de fa\u00e7on autonome et digne<span class=\"button-media-date\">20.04.2026<\/span><\/a><\/div><\/div><\/div><\/div><\/div>\t\t\t\t<\/div>\n\t\t\t\t<\/div>\n\t\t\t\t<div class=\"elementor-element elementor-element-62f6b502f165d elementor-widget elementor-widget-spps_button_list\" data-id=\"62f6b502f165d\" data-element_type=\"widget\" data-widget_type=\"spps_button_list.default\">\n\t\t\t\t<div class=\"elementor-widget-container\">\n\t\t\t\t\t<div class=\"button-list-wrapper wrapper-spacing-small  \"><div class=\"button-list-title\"><h3>Discours et autre documentation<\/h3><\/div><div class=\"button-list-container\"><div class=\"button-list-items\"><div class=\"button-list-item\"><div class=\"button-wrapper \"><a href=\"https:\/\/www.sp-ps.ch\/wp-content\/uploads\/2021\/02\/210213_rede_mattea_f.pdf\"  target=\"_self\" class=\"button-link button-link-default\" >Discours de Mattea Meyer, co-pr\u00e9sidente du PS Suisse (D\/F)<span class=\"button-media-date\">20.04.2026<\/span><\/a><\/div><\/div><div class=\"button-list-item\"><div class=\"button-wrapper \"><a href=\"https:\/\/www.sp-ps.ch\/wp-content\/uploads\/2021\/02\/210213_rede_sommaruga_f.pdf\"  target=\"_self\" class=\"button-link button-link-default\" >Discours de Simonetta Sommaruga, conseill\u00e8re f\u00e9d\u00e9rale socialiste (en allemand)<span class=\"button-media-date\">20.04.2026<\/span><\/a><\/div><\/div><\/div><\/div><\/div>\t\t\t\t<\/div>\n\t\t\t\t<\/div>\n\t\t\t\t\t<\/div>\n\t\t<\/div>\n\t\t\t\t\t<\/div>\n\t\t<\/section>\n\t\t\t\t<\/div>\n\t\t","protected":false},"excerpt":{"rendered":"","protected":false},"author":1,"featured_media":0,"parent":0,"menu_order":0,"comment_status":"open","ping_status":"closed","template":"","meta":{"footnotes":""},"class_list":["post-67632","page","type-page","status-publish","hentry"],"_links":{"self":[{"href":"https:\/\/www.sp-ps.ch\/fr\/wp-json\/wp\/v2\/pages\/67632","targetHints":{"allow":["GET"]}}],"collection":[{"href":"https:\/\/www.sp-ps.ch\/fr\/wp-json\/wp\/v2\/pages"}],"about":[{"href":"https:\/\/www.sp-ps.ch\/fr\/wp-json\/wp\/v2\/types\/page"}],"author":[{"embeddable":true,"href":"https:\/\/www.sp-ps.ch\/fr\/wp-json\/wp\/v2\/users\/1"}],"replies":[{"embeddable":true,"href":"https:\/\/www.sp-ps.ch\/fr\/wp-json\/wp\/v2\/comments?post=67632"}],"version-history":[{"count":0,"href":"https:\/\/www.sp-ps.ch\/fr\/wp-json\/wp\/v2\/pages\/67632\/revisions"}],"wp:attachment":[{"href":"https:\/\/www.sp-ps.ch\/fr\/wp-json\/wp\/v2\/media?parent=67632"}],"curies":[{"name":"wp","href":"https:\/\/api.w.org\/{rel}","templated":true}]}}