{"id":67638,"date":"2019-03-02T00:00:00","date_gmt":"2019-03-01T23:00:00","guid":{"rendered":"https:\/\/test.sp-ps.ch\/goldau\/"},"modified":"2019-03-02T00:00:00","modified_gmt":"2019-03-01T23:00:00","slug":"goldau","status":"publish","type":"page","link":"https:\/\/www.sp-ps.ch\/fr\/goldau\/","title":{"rendered":"Goldau"},"content":{"rendered":"\t\t<div data-elementor-type=\"wp-post\" data-elementor-id=\"67638\" class=\"elementor elementor-67638 elementor-67223\" data-elementor-post-type=\"page\">\n\t\t\t\t\t\t<section class=\"elementor-section elementor-top-section elementor-element elementor-element-62f6b5127dfde elementor-section-boxed elementor-section-height-default elementor-section-height-default\" data-id=\"62f6b5127dfde\" data-element_type=\"section\" data-settings=\"{&quot;jet_parallax_layout_list&quot;:[],&quot;background_background&quot;:&quot;classic&quot;}\">\n\t\t\t\t\t\t<div class=\"elementor-container elementor-column-gap-wide\">\n\t\t\t\t\t<div class=\"elementor-column elementor-col-100 elementor-top-column elementor-element elementor-element-62f6b5127dfdf\" data-id=\"62f6b5127dfdf\" data-element_type=\"column\">\n\t\t\t<div class=\"elementor-widget-wrap elementor-element-populated\">\n\t\t\t\t\t\t<div class=\"elementor-element elementor-element-62f6b5127df46 elementor-widget elementor-widget-heading\" data-id=\"62f6b5127df46\" data-element_type=\"widget\" data-widget_type=\"heading.default\">\n\t\t\t\t<div class=\"elementor-widget-container\">\n\t\t\t\t\t<h1 class=\"elementor-heading-title elementor-size-default\">Goldau<\/h1>\t\t\t\t<\/div>\n\t\t\t\t<\/div>\n\t\t\t\t<div class=\"elementor-element elementor-element-62f6b5127dfc6 elementor-widget elementor-widget-jet-breadcrumbs\" data-id=\"62f6b5127dfc6\" data-element_type=\"widget\" data-widget_type=\"jet-breadcrumbs.default\">\n\t\t\t\t<div class=\"elementor-widget-container\">\n\t\t\t\t\t<div class=\"elementor-jet-breadcrumbs jet-blocks\">\n\t\t<div class=\"jet-breadcrumbs\">\n\t\t<div class=\"jet-breadcrumbs__content\">\n\t\t<div class=\"jet-breadcrumbs__wrap\">\n\t\t<\/div>\n\t\t<\/div>\n\t\t<\/div><\/div>\t\t\t\t<\/div>\n\t\t\t\t<\/div>\n\t\t\t\t\t<\/div>\n\t\t<\/div>\n\t\t\t\t\t<\/div>\n\t\t<\/section>\n\t\t\t\t<section class=\"elementor-section elementor-top-section elementor-element elementor-element-62f6b5127dfe1 elementor-section-boxed elementor-section-height-default elementor-section-height-default\" data-id=\"62f6b5127dfe1\" data-element_type=\"section\" data-settings=\"{&quot;jet_parallax_layout_list&quot;:[]}\">\n\t\t\t\t\t\t<div class=\"elementor-container elementor-column-gap-default\">\n\t\t\t\t\t<div class=\"elementor-column elementor-col-100 elementor-top-column elementor-element elementor-element-62f6b5127dfe2\" data-id=\"62f6b5127dfe2\" data-element_type=\"column\">\n\t\t\t<div class=\"elementor-widget-wrap elementor-element-populated\">\n\t\t\t\t\t\t<div class=\"elementor-element elementor-element-62f6b5127dfe3 elementor-widget elementor-widget-spacer\" data-id=\"62f6b5127dfe3\" data-element_type=\"widget\" data-widget_type=\"spacer.default\">\n\t\t\t\t<div class=\"elementor-widget-container\">\n\t\t\t\t\t\t\t<div class=\"elementor-spacer\">\n\t\t\t<div class=\"elementor-spacer-inner\"><\/div>\n\t\t<\/div>\n\t\t\t\t\t\t<\/div>\n\t\t\t\t<\/div>\n\t\t\t\t\t<\/div>\n\t\t<\/div>\n\t\t\t\t\t<\/div>\n\t\t<\/section>\n\t\t\t\t<section class=\"elementor-section elementor-top-section elementor-element elementor-element-62f6b5127dfe5 elementor-section-boxed elementor-section-height-default elementor-section-height-default\" data-id=\"62f6b5127dfe5\" data-element_type=\"section\" data-settings=\"{&quot;jet_parallax_layout_list&quot;:[]}\">\n\t\t\t\t\t\t<div class=\"elementor-container elementor-column-gap-no\">\n\t\t\t\t\t<div class=\"elementor-column elementor-col-100 elementor-top-column elementor-element elementor-element-62f6b5127dfe6\" data-id=\"62f6b5127dfe6\" data-element_type=\"column\">\n\t\t\t<div class=\"elementor-widget-wrap elementor-element-populated\">\n\t\t\t\t\t\t<div class=\"elementor-element elementor-element-62f6b511dd0e4 elementor-widget elementor-widget-text-editor\" data-id=\"62f6b511dd0e4\" data-element_type=\"widget\" data-widget_type=\"text-editor.default\">\n\t\t\t\t<div class=\"elementor-widget-container\">\n\t\t\t\t\t\t\t\t\t<p>Samedi 2 mars 2019, 10h45&nbsp;<p>Maison paroissiale Eichmatt, Rigistrasse<\/p><\/p>\n\t\t\t\t\t\t\t\t<\/div>\n\t\t\t\t<\/div>\n\t\t\t\t<div class=\"elementor-element elementor-element-62f6b511ea1fe elementor-widget elementor-widget-spps_button_list\" data-id=\"62f6b511ea1fe\" data-element_type=\"widget\" data-widget_type=\"spps_button_list.default\">\n\t\t\t\t<div class=\"elementor-widget-container\">\n\t\t\t\t\t<div class=\"button-list-wrapper wrapper-spacing-small  \"><div class=\"button-list-title\"><h3>Papier de position approuv\u00e9<\/h3><\/div><div class=\"button-list-container\"><div class=\"button-list-items\"><div class=\"button-list-item\"><div class=\"button-wrapper \"><a href=\"https:\/\/www.sp-ps.ch\/wp-content\/uploads\/2019\/04\/positionspapier_arbeit_und_ausbildung_fur_alle_f_nach_dv_finale.pdf\"  target=\"_self\" class=\"button-link button-link-default\" >Emploi et formation pour toutes et tous<span class=\"button-media-date\">04.05.2026<\/span><\/a><\/div><\/div><\/div><\/div><\/div>\t\t\t\t<\/div>\n\t\t\t\t<\/div>\n\t\t\t\t<div class=\"elementor-element elementor-element-62f6b5122aece elementor-widget elementor-widget-spps_button_list\" data-id=\"62f6b5122aece\" data-element_type=\"widget\" data-widget_type=\"spps_button_list.default\">\n\t\t\t\t<div class=\"elementor-widget-container\">\n\t\t\t\t\t<div class=\"button-list-wrapper wrapper-spacing-small  \"><div class=\"button-list-title\"><h3>R\u00e9solutions approuv\u00e9es<\/h3><\/div><div class=\"button-list-container\"><div class=\"button-list-items\"><div class=\"button-list-item\"><div class=\"button-wrapper \"><a href=\"https:\/\/www.sp-ps.ch\/wp-content\/uploads\/2019\/03\/r_investition_bildung_f.pdf\"  target=\"_self\" class=\"button-link button-link-default\" >Investir les milliards d\u2019exc\u00e9dent de la Conf\u00e9d\u00e9ration dans la formation<span class=\"button-media-date\">04.05.2026<\/span><\/a><\/div><\/div><div class=\"button-list-item\"><div class=\"button-wrapper \"><a href=\"https:\/\/www.sp-ps.ch\/wp-content\/uploads\/2019\/03\/r_bvg_renten_f.pdf\"  target=\"_self\" class=\"button-link button-link-default\" >Pas de r\u00e9duction des rentes LPP actuelles \u2013 Renforcement de l\u2019AVS<span class=\"button-media-date\">04.05.2026<\/span><\/a><\/div><\/div><div class=\"button-list-item\"><div class=\"button-wrapper \"><a href=\"https:\/\/www.sp-ps.ch\/wp-content\/uploads\/2019\/03\/r_klimastreikbewegung_f.pdf\"  target=\"_self\" class=\"button-link button-link-default\" >Solidarit\u00e9 avec les mouvements de gr\u00e8ve en faveur du climat<span class=\"button-media-date\">04.05.2026<\/span><\/a><\/div><\/div><div class=\"button-list-item\"><div class=\"button-wrapper \"><a href=\"https:\/\/www.sp-ps.ch\/wp-content\/uploads\/2019\/03\/r_chancengerechtigkeit_f.pdf\"  target=\"_self\" class=\"button-link button-link-default\" >\u00c9galit\u00e9 des chances pour la formation professionnelle<span class=\"button-media-date\">04.05.2026<\/span><\/a><\/div><\/div><\/div><\/div><\/div>\t\t\t\t<\/div>\n\t\t\t\t<\/div>\n\t\t\t\t<div class=\"elementor-element elementor-element-62f6b512455ad elementor-widget elementor-widget-spps_button_list\" data-id=\"62f6b512455ad\" data-element_type=\"widget\" data-widget_type=\"spps_button_list.default\">\n\t\t\t\t<div class=\"elementor-widget-container\">\n\t\t\t\t\t<div class=\"button-list-wrapper wrapper-spacing-small  \"><div class=\"button-list-title\"><h3>Versions finales<\/h3><\/div><div class=\"button-list-container\"><div class=\"button-list-items\"><div class=\"button-list-item\"><div class=\"button-wrapper \"><a href=\"https:\/\/www.sp-ps.ch\/fr\/publications\/communiques-de-presse\/le-ps-veut-investir-un-milliard-dans-une-offensive-de-formation\"  target=\"_self\" class=\"button-link button-link-default\" >Communiqu\u00e9 de presse<span class=\"button-media-date\">04.05.2026<\/span><\/a><\/div><\/div><div class=\"button-list-item\"><div class=\"button-wrapper \"><a href=\"https:\/\/www.sp-ps.ch\/wp-content\/uploads\/2019\/03\/schlussdokumentation_f_def_2.pdf\"  target=\"_self\" class=\"button-link button-link-default\" >Documentation finale AD Goldau du 2 mars 2019<span class=\"button-media-date\">04.05.2026<\/span><\/a><\/div><\/div><div class=\"button-list-item\"><div class=\"button-wrapper \"><a href=\"https:\/\/www.sp-ps.ch\/wp-content\/uploads\/2019\/03\/antrage_positionspapier_arbeit_und_ausbildung_fur_alle_f_def_0.pdf\"  target=\"_self\" class=\"button-link button-link-default\" >Papier de position du PS Suisse 'Emploi et formation pour toutes et tous' (Amendements 1 - 31)<span class=\"button-media-date\">04.05.2026<\/span><\/a><\/div><\/div><\/div><\/div><\/div>\t\t\t\t<\/div>\n\t\t\t\t<\/div>\n\t\t\t\t<div class=\"elementor-element elementor-element-62f6b5126da22 elementor-widget elementor-widget-spps_button_list\" data-id=\"62f6b5126da22\" data-element_type=\"widget\" data-widget_type=\"spps_button_list.default\">\n\t\t\t\t<div class=\"elementor-widget-container\">\n\t\t\t\t\t<div class=\"button-list-wrapper wrapper-spacing-small  \"><div class=\"button-list-title\"><h3>Documents (Envoi 1)<\/h3><\/div><div class=\"button-list-container\"><div class=\"button-list-items\"><div class=\"button-list-item\"><div class=\"button-wrapper \"><a href=\"https:\/\/www.sp-ps.ch\/sites\/default\/files\/documents\/antragsformular_f_def_2.docx\"  target=\"_self\" class=\"button-link button-link-default\" >Formulaire d'amendements sur le papier de position<span class=\"button-media-date\">04.05.2026<\/span><\/a><\/div><\/div><div class=\"button-list-item\"><div class=\"button-wrapper \"><a href=\"https:\/\/www.sp-ps.ch\/wp-content\/uploads\/2019\/03\/versandheft_f_def_13.pdf\"  target=\"_self\" class=\"button-link button-link-default\" >Invitation Assembl\u00e9e des d\u00e9l\u00e9gu\u00e9-e-s du 2 mars 2019<span class=\"button-media-date\">04.05.2026<\/span><\/a><\/div><\/div><div class=\"button-list-item\"><div class=\"button-wrapper \"><a href=\"https:\/\/www.sp-ps.ch\/wp-content\/uploads\/2019\/03\/positionspapier_arbeit_und_ausbildung_fur_alle_f_def.pdf\"  target=\"_self\" class=\"button-link button-link-default\" >Papier de position du PS Suisse 'Emploi et formation pour toutes et tous'<span class=\"button-media-date\">04.05.2026<\/span><\/a><\/div><\/div><div class=\"button-list-item\"><div class=\"button-wrapper \"><a href=\"https:\/\/www.sp-ps.ch\/wp-content\/uploads\/2019\/03\/dv_protokoll_29092018.pdf\"  target=\"_self\" class=\"button-link button-link-default\" >Proc\u00e8s-verbal de l'assembl\u00e9e des d\u00e9l\u00e9gu\u00e9-e-s extraordinaire \u00e0 Olten du 29.09.2018<span class=\"button-media-date\">04.05.2026<\/span><\/a><\/div><\/div><\/div><\/div><\/div>\t\t\t\t<\/div>\n\t\t\t\t<\/div>\n\t\t\t\t<div class=\"elementor-element elementor-element-62f6b51279da8 elementor-widget elementor-widget-spps_button_list\" data-id=\"62f6b51279da8\" data-element_type=\"widget\" data-widget_type=\"spps_button_list.default\">\n\t\t\t\t<div class=\"elementor-widget-container\">\n\t\t\t\t\t<div class=\"button-list-wrapper wrapper-spacing-small  \"><div class=\"button-list-title\"><h3>Discours<\/h3><\/div><div class=\"button-list-container\"><div class=\"button-list-items\"><div class=\"button-list-item\"><div class=\"button-wrapper \"><a href=\"https:\/\/www.sp-ps.ch\/wp-content\/uploads\/2019\/03\/190302_-_rede_levrat_-_d-f_-_def.pdf\"  target=\"_self\" class=\"button-link button-link-default\" >Discours de Christian Levrat, pr\u00e9sident du PS Suisse<span class=\"button-media-date\">04.05.2026<\/span><\/a><\/div><\/div><\/div><\/div><\/div>\t\t\t\t<\/div>\n\t\t\t\t<\/div>\n\t\t\t\t\t<\/div>\n\t\t<\/div>\n\t\t\t\t\t<\/div>\n\t\t<\/section>\n\t\t\t\t<\/div>\n\t\t","protected":false},"excerpt":{"rendered":"","protected":false},"author":1,"featured_media":64006,"parent":0,"menu_order":0,"comment_status":"open","ping_status":"closed","template":"","meta":{"footnotes":""},"class_list":["post-67638","page","type-page","status-publish","has-post-thumbnail","hentry"],"_links":{"self":[{"href":"https:\/\/www.sp-ps.ch\/fr\/wp-json\/wp\/v2\/pages\/67638","targetHints":{"allow":["GET"]}}],"collection":[{"href":"https:\/\/www.sp-ps.ch\/fr\/wp-json\/wp\/v2\/pages"}],"about":[{"href":"https:\/\/www.sp-ps.ch\/fr\/wp-json\/wp\/v2\/types\/page"}],"author":[{"embeddable":true,"href":"https:\/\/www.sp-ps.ch\/fr\/wp-json\/wp\/v2\/users\/1"}],"replies":[{"embeddable":true,"href":"https:\/\/www.sp-ps.ch\/fr\/wp-json\/wp\/v2\/comments?post=67638"}],"version-history":[{"count":0,"href":"https:\/\/www.sp-ps.ch\/fr\/wp-json\/wp\/v2\/pages\/67638\/revisions"}],"wp:featuredmedia":[{"embeddable":true,"href":"https:\/\/www.sp-ps.ch\/fr\/wp-json\/wp\/v2\/media\/64006"}],"wp:attachment":[{"href":"https:\/\/www.sp-ps.ch\/fr\/wp-json\/wp\/v2\/media?parent=67638"}],"curies":[{"name":"wp","href":"https:\/\/api.w.org\/{rel}","templated":true}]}}