{"id":67644,"date":"2015-12-05T00:00:00","date_gmt":"2015-12-04T23:00:00","guid":{"rendered":"https:\/\/test.sp-ps.ch\/saint-gall\/"},"modified":"2022-08-15T16:57:42","modified_gmt":"2022-08-15T14:57:42","slug":"saint-gall","status":"publish","type":"page","link":"https:\/\/www.sp-ps.ch\/fr\/saint-gall\/","title":{"rendered":"Saint-Gall"},"content":{"rendered":"\t\t<div data-elementor-type=\"wp-post\" data-elementor-id=\"67644\" class=\"elementor elementor-67644 elementor-67229\" data-elementor-post-type=\"page\">\n\t\t\t\t\t\t<section class=\"elementor-section elementor-top-section elementor-element elementor-element-62f6b5207dd6e elementor-section-boxed elementor-section-height-default elementor-section-height-default\" data-id=\"62f6b5207dd6e\" data-element_type=\"section\" data-settings=\"{&quot;jet_parallax_layout_list&quot;:[],&quot;background_background&quot;:&quot;classic&quot;}\">\n\t\t\t\t\t\t<div class=\"elementor-container elementor-column-gap-wide\">\n\t\t\t\t\t<div class=\"elementor-column elementor-col-100 elementor-top-column elementor-element elementor-element-62f6b5207dd70\" data-id=\"62f6b5207dd70\" data-element_type=\"column\">\n\t\t\t<div class=\"elementor-widget-wrap elementor-element-populated\">\n\t\t\t\t\t\t<div class=\"elementor-element elementor-element-62f6b5207dcd2 elementor-widget elementor-widget-heading\" data-id=\"62f6b5207dcd2\" data-element_type=\"widget\" data-widget_type=\"heading.default\">\n\t\t\t\t<div class=\"elementor-widget-container\">\n\t\t\t\t\t<h1 class=\"elementor-heading-title elementor-size-default\">Saint-Gall<\/h1>\t\t\t\t<\/div>\n\t\t\t\t<\/div>\n\t\t\t\t<div class=\"elementor-element elementor-element-62f6b5207dd4b elementor-widget elementor-widget-jet-breadcrumbs\" data-id=\"62f6b5207dd4b\" data-element_type=\"widget\" data-widget_type=\"jet-breadcrumbs.default\">\n\t\t\t\t<div class=\"elementor-widget-container\">\n\t\t\t\t\t<div class=\"elementor-jet-breadcrumbs jet-blocks\">\n\t\t<div class=\"jet-breadcrumbs\">\n\t\t<div class=\"jet-breadcrumbs__content\">\n\t\t<div class=\"jet-breadcrumbs__wrap\">\n\t\t<\/div>\n\t\t<\/div>\n\t\t<\/div><\/div>\t\t\t\t<\/div>\n\t\t\t\t<\/div>\n\t\t\t\t\t<\/div>\n\t\t<\/div>\n\t\t\t\t\t<\/div>\n\t\t<\/section>\n\t\t\t\t<section class=\"elementor-section elementor-top-section elementor-element elementor-element-62f6b5207dd71 elementor-section-boxed elementor-section-height-default elementor-section-height-default\" data-id=\"62f6b5207dd71\" data-element_type=\"section\" data-settings=\"{&quot;jet_parallax_layout_list&quot;:[]}\">\n\t\t\t\t\t\t<div class=\"elementor-container elementor-column-gap-default\">\n\t\t\t\t\t<div class=\"elementor-column elementor-col-100 elementor-top-column elementor-element elementor-element-62f6b5207dd72\" data-id=\"62f6b5207dd72\" data-element_type=\"column\">\n\t\t\t<div class=\"elementor-widget-wrap elementor-element-populated\">\n\t\t\t\t\t\t<div class=\"elementor-element elementor-element-62f6b5207dd73 elementor-widget elementor-widget-spacer\" data-id=\"62f6b5207dd73\" data-element_type=\"widget\" data-widget_type=\"spacer.default\">\n\t\t\t\t<div class=\"elementor-widget-container\">\n\t\t\t\t\t\t\t<div class=\"elementor-spacer\">\n\t\t\t<div class=\"elementor-spacer-inner\"><\/div>\n\t\t<\/div>\n\t\t\t\t\t\t<\/div>\n\t\t\t\t<\/div>\n\t\t\t\t\t<\/div>\n\t\t<\/div>\n\t\t\t\t\t<\/div>\n\t\t<\/section>\n\t\t\t\t<section class=\"elementor-section elementor-top-section elementor-element elementor-element-62f6b5207dd75 elementor-section-boxed elementor-section-height-default elementor-section-height-default\" data-id=\"62f6b5207dd75\" data-element_type=\"section\" data-settings=\"{&quot;jet_parallax_layout_list&quot;:[]}\">\n\t\t\t\t\t\t<div class=\"elementor-container elementor-column-gap-no\">\n\t\t\t\t\t<div class=\"elementor-column elementor-col-100 elementor-top-column elementor-element elementor-element-62f6b5207dd76\" data-id=\"62f6b5207dd76\" data-element_type=\"column\">\n\t\t\t<div class=\"elementor-widget-wrap elementor-element-populated\">\n\t\t\t\t\t\t<div class=\"elementor-element elementor-element-62f6b52004098 elementor-widget elementor-widget-text-editor\" data-id=\"62f6b52004098\" data-element_type=\"widget\" data-widget_type=\"text-editor.default\">\n\t\t\t\t<div class=\"elementor-widget-container\">\n\t\t\t\t\t\t\t\t\t<p>Samedi, 5 d\u00e9cembre 2015, 10h15 \u00e0 16h, Lokremise, Saint-Gall.<\/p><p>\u00a0<\/p><p><strong>Election compl\u00e9mentaire \u00e0 la vice-pr\u00e9sidence du PS Suisse :<\/strong><\/p><p><span style=\"color: #141823; font-family: helvetica, arial, sans-serif;\">Beat Jans, conseiller national (BS), est \u00e9lu vice-pr\u00e9sident du PS Suisse lors de l&#8217;Assembl\u00e9e des d\u00e9l\u00e9gu\u00e9-e-s de Saint-Gall, en remplacement de Jacqueline Fehr, \u00e9lue au gouvernement zurichois.<\/span><\/p><p style=\"margin: 6px 0px 0px; display: inline; color: #141823; font-family: helvetica, arial, sans-serif;\">Jacqueline Badran, conseill\u00e8re nationale (ZH) a retir\u00e9 sa candidature&#8230;<\/p>\t\t\t\t\t\t\t\t<\/div>\n\t\t\t\t<\/div>\n\t\t\t\t<div class=\"elementor-element elementor-element-5ece114 elementor-widget elementor-widget-jet-slider\" data-id=\"5ece114\" data-element_type=\"widget\" data-settings=\"{&quot;slider_height&quot;:{&quot;unit&quot;:&quot;px&quot;,&quot;size&quot;:600,&quot;sizes&quot;:[]},&quot;slider_height_tablet&quot;:{&quot;unit&quot;:&quot;px&quot;,&quot;size&quot;:&quot;&quot;,&quot;sizes&quot;:[]},&quot;slider_height_mobile&quot;:{&quot;unit&quot;:&quot;px&quot;,&quot;size&quot;:&quot;&quot;,&quot;sizes&quot;:[]},&quot;thumbnail_width&quot;:120,&quot;thumbnail_height&quot;:80}\" data-widget_type=\"jet-slider.default\">\n\t\t\t\t<div class=\"elementor-widget-container\">\n\t\t\t\t\t<div class=\"elementor-jet-slider jet-elements\">\n<div class=\"jet-slider jet-slider__image-exact\" data-settings='{&quot;sliderWidth&quot;:{&quot;unit&quot;:&quot;%&quot;,&quot;size&quot;:100,&quot;sizes&quot;:[]},&quot;sliderHeight&quot;:{&quot;unit&quot;:&quot;px&quot;,&quot;size&quot;:600,&quot;sizes&quot;:[]},&quot;sliderNavigation&quot;:true,&quot;sliderNavigationIcon&quot;:&quot;jet-slider__arrow-icon-5ece114&quot;,&quot;sliderNaviOnHover&quot;:false,&quot;sliderPagination&quot;:false,&quot;sliderAutoplay&quot;:true,&quot;sliderAutoplayDelay&quot;:5000,&quot;sliderAutoplayOnHover&quot;:&quot;pause&quot;,&quot;sliderFullScreen&quot;:true,&quot;sliderFullscreenIcon&quot;:&quot;jet-slider__fullscreen-icon-5ece114&quot;,&quot;sliderShuffle&quot;:false,&quot;sliderLoop&quot;:true,&quot;sliderFadeMode&quot;:false,&quot;slideDistance&quot;:{&quot;unit&quot;:&quot;px&quot;,&quot;size&quot;:10,&quot;sizes&quot;:[]},&quot;slideDuration&quot;:500,&quot;imageScaleMode&quot;:&quot;exact&quot;,&quot;thumbnails&quot;:true,&quot;thumbnailWidth&quot;:120,&quot;thumbnailHeight&quot;:80,&quot;rightToLeft&quot;:false,&quot;touchswipe&quot;:true,&quot;fractionPag&quot;:false,&quot;fractionPrefix&quot;:&quot;&quot;,&quot;fractionSeparator&quot;:&quot;\\\/&quot;,&quot;fractionSuffix&quot;:&quot;&quot;,&quot;autoSliderHeight&quot;:false}'>\n\t\n<div  class=\"slider-pro\">\n\t<div class=\"jet-slider__arrow-icon-5ece114 hidden-html\"><i aria-hidden=\"true\" class=\"fas fa-angle-left\"><\/i><\/div><div class=\"jet-slider__fullscreen-icon-5ece114 hidden-html\"><i aria-hidden=\"true\" class=\"fas fa-arrows-alt\"><\/i><\/div>\t<div class=\"jet-slider__items sp-slides\">\n\n\n<div  class=\"jet-slider__item sp-slide elementor-repeater-item-f30aff9\"><img decoding=\"async\" class=\"sp-image\" src=\"https:\/\/www.sp-ps.ch\/wp-content\/uploads\/2022\/08\/p1050536-1024x768.jpg\" alt=\"p1050536\" loading=\"lazy\"><img decoding=\"async\" class=\"sp-thumbnail\" src=\"https:\/\/www.sp-ps.ch\/wp-content\/uploads\/2022\/08\/p1050536-150x150.jpg\" alt=\"p1050536\" loading=\"lazy\"><div class=\"jet-slider__content sp-layer \" data-position=\"centerCenter\" data-width=\"100%\" data-height=\"100%\" data-horizontal=\"0%\" data-show-transition=\"up\" data-show-duration=\"400\" data-show-delay=\"400\" >\n\t\t<div class=\"jet-slider__content-item\">\n\t\t\t<div class=\"jet-slider__content-inner\"> \n\n\t\t\t\t\t\t<div class=\"jet-slider__button-wrapper\">\t\t\t\t\t\t<\/div><\/div>\n\t\t<\/div>\n\t\t\t<\/div>\n<\/div>\n\n<div  class=\"jet-slider__item sp-slide elementor-repeater-item-fc63166\"><img decoding=\"async\" class=\"sp-image\" src=\"https:\/\/www.sp-ps.ch\/wp-content\/uploads\/2022\/08\/p1050381-1024x768.jpg\" alt=\"p1050381\" loading=\"lazy\"><img decoding=\"async\" class=\"sp-thumbnail\" src=\"https:\/\/www.sp-ps.ch\/wp-content\/uploads\/2022\/08\/p1050381-150x150.jpg\" alt=\"p1050381\" loading=\"lazy\"><div class=\"jet-slider__content sp-layer \" data-position=\"centerCenter\" data-width=\"100%\" data-height=\"100%\" data-horizontal=\"0%\" data-show-transition=\"up\" data-show-duration=\"400\" data-show-delay=\"400\" >\n\t\t<div class=\"jet-slider__content-item\">\n\t\t\t<div class=\"jet-slider__content-inner\"> \n\n\t\t\t\t\t\t<div class=\"jet-slider__button-wrapper\">\t\t\t\t\t\t<\/div><\/div>\n\t\t<\/div>\n\t\t\t<\/div>\n<\/div>\n\n<div  class=\"jet-slider__item sp-slide elementor-repeater-item-61ae1c7\"><img decoding=\"async\" class=\"sp-image\" src=\"https:\/\/www.sp-ps.ch\/wp-content\/uploads\/2022\/08\/p1050340-1024x768.jpg\" alt=\"p1050340\" loading=\"lazy\"><img decoding=\"async\" class=\"sp-thumbnail\" src=\"https:\/\/www.sp-ps.ch\/wp-content\/uploads\/2022\/08\/p1050340-150x150.jpg\" alt=\"p1050340\" loading=\"lazy\"><div class=\"jet-slider__content sp-layer \" data-position=\"centerCenter\" data-width=\"100%\" data-height=\"100%\" data-horizontal=\"0%\" data-show-transition=\"up\" data-show-duration=\"400\" data-show-delay=\"400\" >\n\t\t<div class=\"jet-slider__content-item\">\n\t\t\t<div class=\"jet-slider__content-inner\"> \n\n\t\t\t\t\t\t<div class=\"jet-slider__button-wrapper\">\t\t\t\t\t\t<\/div><\/div>\n\t\t<\/div>\n\t\t\t<\/div>\n<\/div>\n\n<div  class=\"jet-slider__item sp-slide elementor-repeater-item-66ff029\"><img decoding=\"async\" class=\"sp-image\" src=\"https:\/\/www.sp-ps.ch\/wp-content\/uploads\/2022\/08\/p1050429-1024x768.jpg\" alt=\"p1050429\" loading=\"lazy\"><img decoding=\"async\" class=\"sp-thumbnail\" src=\"https:\/\/www.sp-ps.ch\/wp-content\/uploads\/2022\/08\/p1050429-150x150.jpg\" alt=\"p1050429\" loading=\"lazy\"><div class=\"jet-slider__content sp-layer \" data-position=\"centerCenter\" data-width=\"100%\" data-height=\"100%\" data-horizontal=\"0%\" data-show-transition=\"up\" data-show-duration=\"400\" data-show-delay=\"400\" >\n\t\t<div class=\"jet-slider__content-item\">\n\t\t\t<div class=\"jet-slider__content-inner\"> \n\n\t\t\t\t\t\t<div class=\"jet-slider__button-wrapper\">\t\t\t\t\t\t<\/div><\/div>\n\t\t<\/div>\n\t\t\t<\/div>\n<\/div>\n\n<div  class=\"jet-slider__item sp-slide elementor-repeater-item-f6693a7\"><img decoding=\"async\" class=\"sp-image\" src=\"https:\/\/www.sp-ps.ch\/wp-content\/uploads\/2022\/08\/p1050494-1024x768.jpg\" alt=\"p1050494\" loading=\"lazy\"><img decoding=\"async\" class=\"sp-thumbnail\" src=\"https:\/\/www.sp-ps.ch\/wp-content\/uploads\/2022\/08\/p1050494-150x150.jpg\" alt=\"p1050494\" loading=\"lazy\"><div class=\"jet-slider__content sp-layer \" data-position=\"centerCenter\" data-width=\"100%\" data-height=\"100%\" data-horizontal=\"0%\" data-show-transition=\"up\" data-show-duration=\"400\" data-show-delay=\"400\" >\n\t\t<div class=\"jet-slider__content-item\">\n\t\t\t<div class=\"jet-slider__content-inner\"> \n\n\t\t\t\t\t\t<div class=\"jet-slider__button-wrapper\">\t\t\t\t\t\t<\/div><\/div>\n\t\t<\/div>\n\t\t\t<\/div>\n<\/div>\n\n<\/div>\n<\/div>\n<\/div>\n<\/div>\t\t\t\t<\/div>\n\t\t\t\t<\/div>\n\t\t\t\t<div class=\"elementor-element elementor-element-62f6b52011637 elementor-widget elementor-widget-spps_button_list\" data-id=\"62f6b52011637\" data-element_type=\"widget\" data-widget_type=\"spps_button_list.default\">\n\t\t\t\t<div class=\"elementor-widget-container\">\n\t\t\t\t\t<div class=\"button-list-wrapper wrapper-spacing-small  \"><div class=\"button-list-title\"><h3>Prise de position<\/h3><\/div><div class=\"button-list-container\"><div class=\"button-list-items\"><div class=\"button-list-item\"><div class=\"button-wrapper \"><a href=\"https:\/\/www.sp-ps.ch\/wp-content\/uploads\/2015\/12\/internet_verabschiedet_f.pdf\"  target=\"_self\" class=\"button-link button-link-default\" >Politique li\u00e9e \u00e0 l'internet<span class=\"button-media-date\">15.04.2026<\/span><\/a><\/div><\/div><\/div><\/div><\/div>\t\t\t\t<\/div>\n\t\t\t\t<\/div>\n\t\t\t\t<div class=\"elementor-element elementor-element-62f6b5203882d elementor-widget elementor-widget-spps_button_list\" data-id=\"62f6b5203882d\" data-element_type=\"widget\" data-widget_type=\"spps_button_list.default\">\n\t\t\t\t<div class=\"elementor-widget-container\">\n\t\t\t\t\t<div class=\"button-list-wrapper wrapper-spacing-small  \"><div class=\"button-list-title\"><h3>R\u00e9solutions<\/h3><\/div><div class=\"button-list-container\"><div class=\"button-list-items\"><div class=\"button-list-item\"><div class=\"button-wrapper \"><a href=\"https:\/\/www.sp-ps.ch\/wp-content\/uploads\/2022\/06\/menschenrechte_f.pdf\"  target=\"_self\" class=\"button-link button-link-default\" >Droits humains<span class=\"button-media-date\">15.04.2026<\/span><\/a><\/div><\/div><div class=\"button-list-item\"><div class=\"button-wrapper \"><a href=\"https:\/\/www.sp-ps.ch\/wp-content\/uploads\/2022\/06\/familienpolitik_f.pdf\"  target=\"_self\" class=\"button-link button-link-default\" >Politique familiale<span class=\"button-media-date\">15.04.2026<\/span><\/a><\/div><\/div><div class=\"button-list-item\"><div class=\"button-wrapper \"><a href=\"https:\/\/www.sp-ps.ch\/wp-content\/uploads\/2022\/06\/starke_ahv_f.pdf\"  target=\"_self\" class=\"button-link button-link-default\" >Pour un AVS forte<span class=\"button-media-date\">15.04.2026<\/span><\/a><\/div><\/div><\/div><\/div><\/div>\t\t\t\t<\/div>\n\t\t\t\t<\/div>\n\t\t\t\t<div class=\"elementor-element elementor-element-62f6b5204589e elementor-widget elementor-widget-spps_button_list\" data-id=\"62f6b5204589e\" data-element_type=\"widget\" data-widget_type=\"spps_button_list.default\">\n\t\t\t\t<div class=\"elementor-widget-container\">\n\t\t\t\t\t<div class=\"button-list-wrapper wrapper-spacing-small  \"><div class=\"button-list-title\"><h3>Discours<\/h3><\/div><div class=\"button-list-container\"><div class=\"button-list-items\"><div class=\"button-list-item\"><div class=\"button-wrapper \"><a href=\"https:\/\/www.sp-ps.ch\/wp-content\/uploads\/2015\/12\/151205_rede_levrat_dvsg_1.pdf\"  target=\"_self\" class=\"button-link button-link-default\" >Discours de Christian Levrat<span class=\"button-media-date\">15.04.2026<\/span><\/a><\/div><\/div><\/div><\/div><\/div>\t\t\t\t<\/div>\n\t\t\t\t<\/div>\n\t\t\t\t<div class=\"elementor-element elementor-element-62f6b52079d38 elementor-widget elementor-widget-spps_button_list\" data-id=\"62f6b52079d38\" data-element_type=\"widget\" data-widget_type=\"spps_button_list.default\">\n\t\t\t\t<div class=\"elementor-widget-container\">\n\t\t\t\t\t<div class=\"button-list-wrapper wrapper-spacing-small  \"><div class=\"button-list-title\"><h3>Documents<\/h3><\/div><div class=\"button-list-container\"><div class=\"button-list-items\"><div class=\"button-list-item\"><div class=\"button-wrapper \"><a href=\"http:\/\/www.sp-ps.ch\/fr\/publications\/communiques-de-presse\/les-delegue-e-s-du-ps-soutiennent-le-referendum-contre-la-lrens\"  target=\"_self\" class=\"button-link button-link-default\" >Communiqu\u00e9 de presse<span class=\"button-media-date\">15.04.2026<\/span><\/a><\/div><\/div><div class=\"button-list-item\"><div class=\"button-wrapper \"><a href=\"https:\/\/www.sp-ps.ch\/wp-content\/uploads\/2015\/12\/tischvorlage_05122015_f_def.pdf\"  target=\"_self\" class=\"button-link button-link-default\" >Documentation distribu\u00e9e sur place I<span class=\"button-media-date\">15.04.2026<\/span><\/a><\/div><\/div><div class=\"button-list-item\"><div class=\"button-wrapper \"><a href=\"https:\/\/www.sp-ps.ch\/wp-content\/uploads\/2015\/12\/tischvorlage_internetpolitik_f_def.pdf\"  target=\"_self\" class=\"button-link button-link-default\" >Documentation distribu\u00e9e sur place II Politique li\u00e9e \u00e0 internet<span class=\"button-media-date\">15.04.2026<\/span><\/a><\/div><\/div><div class=\"button-list-item\"><div class=\"button-wrapper \"><a href=\"https:\/\/www.sp-ps.ch\/wp-content\/uploads\/2015\/12\/versandheft_f_def_0.pdf\"  target=\"_self\" class=\"button-link button-link-default\" >Invitation AD Saint-Gall du 05.12.2015<span class=\"button-media-date\">15.04.2026<\/span><\/a><\/div><\/div><div class=\"button-list-item\"><div class=\"button-wrapper \"><a href=\"https:\/\/www.sp-ps.ch\/wp-content\/uploads\/2015\/12\/protokoll20dv20bern2025041520definitiv_0.pdf\"  target=\"_self\" class=\"button-link button-link-default\" >Proc\u00e8s-verbal AD Berne du 25.04.2015<span class=\"button-media-date\">15.04.2026<\/span><\/a><\/div><\/div><\/div><\/div><\/div>\t\t\t\t<\/div>\n\t\t\t\t<\/div>\n\t\t\t\t\t<\/div>\n\t\t<\/div>\n\t\t\t\t\t<\/div>\n\t\t<\/section>\n\t\t\t\t<\/div>\n\t\t","protected":false},"excerpt":{"rendered":"<p>Samedi, 5 d\u00e9cembre 2015<\/p>\n","protected":false},"author":1,"featured_media":65728,"parent":0,"menu_order":0,"comment_status":"open","ping_status":"closed","template":"","meta":{"footnotes":""},"class_list":["post-67644","page","type-page","status-publish","has-post-thumbnail","hentry"],"_links":{"self":[{"href":"https:\/\/www.sp-ps.ch\/fr\/wp-json\/wp\/v2\/pages\/67644","targetHints":{"allow":["GET"]}}],"collection":[{"href":"https:\/\/www.sp-ps.ch\/fr\/wp-json\/wp\/v2\/pages"}],"about":[{"href":"https:\/\/www.sp-ps.ch\/fr\/wp-json\/wp\/v2\/types\/page"}],"author":[{"embeddable":true,"href":"https:\/\/www.sp-ps.ch\/fr\/wp-json\/wp\/v2\/users\/1"}],"replies":[{"embeddable":true,"href":"https:\/\/www.sp-ps.ch\/fr\/wp-json\/wp\/v2\/comments?post=67644"}],"version-history":[{"count":12,"href":"https:\/\/www.sp-ps.ch\/fr\/wp-json\/wp\/v2\/pages\/67644\/revisions"}],"predecessor-version":[{"id":72462,"href":"https:\/\/www.sp-ps.ch\/fr\/wp-json\/wp\/v2\/pages\/67644\/revisions\/72462"}],"wp:featuredmedia":[{"embeddable":true,"href":"https:\/\/www.sp-ps.ch\/fr\/wp-json\/wp\/v2\/media\/65728"}],"wp:attachment":[{"href":"https:\/\/www.sp-ps.ch\/fr\/wp-json\/wp\/v2\/media?parent=67644"}],"curies":[{"name":"wp","href":"https:\/\/api.w.org\/{rel}","templated":true}]}}