{"id":67647,"date":"2018-12-17T00:00:00","date_gmt":"2018-12-16T23:00:00","guid":{"rendered":"https:\/\/test.sp-ps.ch\/reglement-sur-les-dons\/"},"modified":"2022-10-11T13:59:23","modified_gmt":"2022-10-11T11:59:23","slug":"reglement-sur-les-dons","status":"publish","type":"page","link":"https:\/\/www.sp-ps.ch\/fr\/faire-un-don\/reglement-sur-les-dons\/","title":{"rendered":"R\u00e8glement sur les dons"},"content":{"rendered":"\t\t<div data-elementor-type=\"wp-post\" data-elementor-id=\"67647\" class=\"elementor elementor-67647 elementor-67234\" data-elementor-post-type=\"page\">\n\t\t\t\t\t\t<section class=\"elementor-section elementor-top-section elementor-element elementor-element-62f6b526cc46d elementor-section-boxed elementor-section-height-default elementor-section-height-default\" data-id=\"62f6b526cc46d\" data-element_type=\"section\" data-settings=\"{&quot;jet_parallax_layout_list&quot;:[],&quot;background_background&quot;:&quot;classic&quot;}\">\n\t\t\t\t\t\t<div class=\"elementor-container elementor-column-gap-wide\">\n\t\t\t\t\t<div class=\"elementor-column elementor-col-100 elementor-top-column elementor-element elementor-element-62f6b526cc46e\" data-id=\"62f6b526cc46e\" data-element_type=\"column\">\n\t\t\t<div class=\"elementor-widget-wrap elementor-element-populated\">\n\t\t\t\t\t\t<div class=\"elementor-element elementor-element-62f6b526cc3cd elementor-widget elementor-widget-heading\" data-id=\"62f6b526cc3cd\" data-element_type=\"widget\" data-widget_type=\"heading.default\">\n\t\t\t\t<div class=\"elementor-widget-container\">\n\t\t\t\t\t<h1 class=\"elementor-heading-title elementor-size-default\">R\u00e8glement sur les dons<\/h1>\t\t\t\t<\/div>\n\t\t\t\t<\/div>\n\t\t\t\t<div class=\"elementor-element elementor-element-62f6b526cc455 elementor-widget elementor-widget-jet-breadcrumbs\" data-id=\"62f6b526cc455\" data-element_type=\"widget\" data-widget_type=\"jet-breadcrumbs.default\">\n\t\t\t\t<div class=\"elementor-widget-container\">\n\t\t\t\t\t<div class=\"elementor-jet-breadcrumbs jet-blocks\">\n\t\t<div class=\"jet-breadcrumbs\">\n\t\t<div class=\"jet-breadcrumbs__content\">\n\t\t<div class=\"jet-breadcrumbs__wrap\">\n\t\t<\/div>\n\t\t<\/div>\n\t\t<\/div><\/div>\t\t\t\t<\/div>\n\t\t\t\t<\/div>\n\t\t\t\t\t<\/div>\n\t\t<\/div>\n\t\t\t\t\t<\/div>\n\t\t<\/section>\n\t\t\t\t<section class=\"elementor-section elementor-top-section elementor-element elementor-element-62f6b526cc476 elementor-section-boxed elementor-section-height-default elementor-section-height-default\" data-id=\"62f6b526cc476\" data-element_type=\"section\" data-settings=\"{&quot;jet_parallax_layout_list&quot;:[]}\">\n\t\t\t\t\t\t<div class=\"elementor-container elementor-column-gap-wide\">\n\t\t\t\t\t<div class=\"elementor-column elementor-col-100 elementor-top-column elementor-element elementor-element-62f6b526cc477\" data-id=\"62f6b526cc477\" data-element_type=\"column\">\n\t\t\t<div class=\"elementor-widget-wrap elementor-element-populated\">\n\t\t\t\t\t\t<div class=\"elementor-element elementor-element-7133da8 elementor-widget elementor-widget-spacer\" data-id=\"7133da8\" data-element_type=\"widget\" data-widget_type=\"spacer.default\">\n\t\t\t\t<div class=\"elementor-widget-container\">\n\t\t\t\t\t\t\t<div class=\"elementor-spacer\">\n\t\t\t<div class=\"elementor-spacer-inner\"><\/div>\n\t\t<\/div>\n\t\t\t\t\t\t<\/div>\n\t\t\t\t<\/div>\n\t\t\t\t<div class=\"elementor-element elementor-element-62f6b526bcfb2 elementor-widget elementor-widget-text-editor\" data-id=\"62f6b526bcfb2\" data-element_type=\"widget\" data-widget_type=\"text-editor.default\">\n\t\t\t\t<div class=\"elementor-widget-container\">\n\t\t\t\t\t\t\t\t\t<p><strong>Principes g\u00e9n\u00e9raux<\/strong><\/p><ol><li>Le PS\u00a0Suisse est principalement financ\u00e9 par les cotisations des membres, les cotisations extraordinaires des personnes exer\u00e7ant un mandat et par les dons.<\/li><li>Le PS\u00a0Suisse concentre sa collecte de fonds sur les personnes physiques, afin de garantir son ind\u00e9pendance.<\/li><li>Le PS\u00a0Suisse n\u2019accepte pas de dons portant atteinte \u00e0 l\u2019ind\u00e9pendance, aux objectifs ou \u00e0 l\u2019int\u00e9grit\u00e9 du parti.<\/li><li>Le PS Suisse collecte des dons conform\u00e9ment \u00e0 la Loi f\u00e9d\u00e9rale sur les droits politiques (transparence du financement de la politique) et \u00e0 son ordonnance d&#8217;application. Il respecte en particulier les obligations d&#8217;information qui y sont stipul\u00e9es et n&#8217;accepte pas de dons anonymes ou de l&#8217;\u00e9tranger, \u00e0 l&#8217;exception des dons de Suisses de l&#8217;\u00e9tranger.<\/li><\/ol><p><strong>Dons affect\u00e9s et dons non affect\u00e9s<\/strong><\/p><ol start=\"5\"><li>Les fonds qui ne sont pas explicitement donn\u00e9s \u00e0 des fins sp\u00e9cifiques sont mis \u00e0 la libre disposition du PS Suisse.<\/li><li>Les dons affect\u00e9s sont accept\u00e9s si leur but correspond aux principes et aux objectifs du PS Suisse.<\/li><\/ol><p><strong>Dons d\u2019entreprises<\/strong><\/p><ol start=\"7\"><li>Le PS Suisse v\u00e9rifie les dons des entreprises selon les crit\u00e8res suivants\u2009:<\/li><\/ol><ol type=\"a\"><li>Le PS\u00a0Suisse accepte les dons des coop\u00e9ratives et des soci\u00e9t\u00e9s de collaborateur-ices.<\/li><li>Si une telle entreprise fait un don au PS\u00a0Suisse, tous les paiements effectu\u00e9s par cette entreprise en faveur de tous les partis doivent \u00eatre rendus publics.<\/li><li>L\u2019entreprise qui fait un paiement doit s\u2019engager publiquement \u00e0 ne pas effectuer de paiement occulte suppl\u00e9mentaire aux partis ou \u00e0 ne pas participer \u00e0 des campagnes \u00e9lectorales ou de votations.<\/li><li>Le PS\u00a0Suisse n\u2019accepte aucune condition (y compris la garantie de discussions r\u00e9guli\u00e8res ou d\u2019autres contacts) li\u00e9e au don.<\/li><li>Les fonds donn\u00e9s par les entreprises sont affect\u00e9s \u00e0 un fonds distinct. La Pr\u00e9sidence d\u00e9cide de l\u2019utilisation de ces fonds et informe le Congr\u00e8s des d\u00e9tails avec les comptes annuels.<\/li><\/ol><ol start=\"8\"><li>Le PS Suisse rejette les dons des entreprises qui ne remplissent pas tous les crit\u00e8res \u00e9nonc\u00e9s \u00e0 l\u2019article 7 du pr\u00e9sent r\u00e8glement.<\/li><\/ol><p><strong>Transparence<\/strong><\/p><ol start=\"9\"><li>Le PS\u00a0Suisse s\u2019engage \u00e0 la transparence des finances des partis. Les comptes annuels et le budget sont publi\u00e9s sur le site Internet.<\/li><li>Les dons au PS\u00a0Suisse de plus de\u00a015\u2009000\u00a0francs par an sont publi\u00e9s dans le rapport annuel avec le nom du donateur ou de la donatrice. Les noms des donateurs et des donatrices de montants inf\u00e9rieurs \u00e0 ce seuil ne sont pas publi\u00e9s.<\/li><li>Les dispositions de l\u2019article\u00a010 s\u2019appliquent \u00e9galement mutatis mutandis aux donations testamentaires ou aux legs.<\/li><\/ol><p><strong>V\u00e9rification des dons<\/strong><\/p><ol start=\"12\"><li>Le PS\u00a0Suisse v\u00e9rifie que tous les dons de plus de 5\u2009000\u00a0francs par an sont conformes au r\u00e8glement sur les dons.<\/li><li>En principe, le PS Suisse se r\u00e9serve le droit de contr\u00f4ler chaque don, ind\u00e9pendamment de son montant et de sa source. Il v\u00e9rifie en particulier si les prescriptions de la Loi f\u00e9d\u00e9rale sur les droits politiques (transparence du financement de la politique) et de l&#8217;ordonnance d&#8217;ex\u00e9cution correspondante sont respect\u00e9es.<\/li><li>Dans les cas litigieux, la Pr\u00e9sidence du PS\u00a0Suisse statue sur l\u2019acceptation du don.<\/li><\/ol><p><strong>Protection des donn\u00e9es<\/strong><\/p><p>15. Le PS Suisse respecte les lois sur la protection des donn\u00e9es. Les noms et les adresses des donateurs ne sont jamais vendus, lou\u00e9s ni pr\u00eat\u00e9s \u00e0 des tiers.<\/p><ol start=\"16\"><li>Le PS\u00a0Suisse acc\u00e8de aux souhaits des donateurs-ices qui ne souhaitent pas recevoir \u2013 ou qui souhaitent recevoir moins \u2013 d\u2019informations du PS\u00a0Suisse.<\/li><li>Le PS\u00a0Suisse informe le Pr\u00e9pos\u00e9 f\u00e9d\u00e9ral \u00e0 la protection des donn\u00e9es de la collecte de ses donn\u00e9es et lui communique l\u2019objet et les cat\u00e9gories des donn\u00e9es personnelles trait\u00e9es.<\/li><li>La politique de protection des donn\u00e9es du PS\u00a0Suisse, qui est publi\u00e9e sur le <a href=\"https:\/\/www.sp-ps.ch\/fr\/politique-de-protection-des-donnees\">site Internet<\/a>, s\u2019applique \u00e9galement.<\/li><\/ol><p><strong>Fondation proche du parti<\/strong><\/p><ol start=\"20\"><li>En\u00a02018, le PS\u00a0Suisse a cr\u00e9\u00e9 une fondation ind\u00e9pendante sous le nom de \u00ab\u2009Anny Klawa-Morf\u2009\u00bb.<\/li><li>La fondation encourage l\u2019\u00e9ducation politique et le dialogue. Les d\u00e9tails des buts assign\u00e9s \u00e0 la fondation se trouvent dans l\u2019acte de fondation.<\/li><li>La fondation peut accepter des dons de personnes physiques et morales, pour autant qu\u2019ils ne soient soumis \u00e0 aucune condition. La fondation porte tous les dons \u00e0 la connaissance du public.<\/li><\/ol><p><strong>Champ d\u2019application<\/strong><\/p><ol start=\"23\"><li>Ce r\u00e8glement s\u2019applique au PS Suisse et \u00e0 ses organes. Les Partis cantonaux et les sections peuvent \u00e9dicter des r\u00e8gles diff\u00e9rentes.<\/li><\/ol><p><em>Adopt\u00e9 par le Conseil de parti le 7 octobre 2022.<\/em><\/p>\t\t\t\t\t\t\t\t<\/div>\n\t\t\t\t<\/div>\n\t\t\t\t<div class=\"elementor-element elementor-element-62f6b526c8b8d elementor-widget elementor-widget-spps_button_list\" data-id=\"62f6b526c8b8d\" data-element_type=\"widget\" data-widget_type=\"spps_button_list.default\">\n\t\t\t\t<div class=\"elementor-widget-container\">\n\t\t\t\t\t<div class=\"button-list-wrapper wrapper-spacing-small  \"><div class=\"button-list-title\"><h3>Downloads<\/h3><\/div><div class=\"button-list-container\"><div class=\"button-list-items\"><div class=\"button-list-item\"><div class=\"button-wrapper \"><a href=\"https:\/\/www.sp-ps.ch\/wp-content\/uploads\/2018\/12\/spendenreglement_der_sp_schweiz_fr_def.pdf\"  target=\"_self\" class=\"button-link button-link-download\" >R\u00e8glement sur les dons du PS Suisse<span class=\"button-media-date\">15.04.2026<\/span><\/a><\/div><\/div><\/div><\/div><\/div>\t\t\t\t<\/div>\n\t\t\t\t<\/div>\n\t\t\t\t\t<\/div>\n\t\t<\/div>\n\t\t\t\t\t<\/div>\n\t\t<\/section>\n\t\t\t\t<\/div>\n\t\t","protected":false},"excerpt":{"rendered":"<p>Le PS Suisse s\u2019engage \u00e0 la transparence des finances des partis et n\u2019accepte pas de dons portant atteinte \u00e0 l\u2019ind\u00e9pendance, aux objectifs ou \u00e0 l\u2019int\u00e9grit\u00e9 du parti.<\/p>\n","protected":false},"author":1,"featured_media":0,"parent":30422,"menu_order":0,"comment_status":"open","ping_status":"closed","template":"","meta":{"footnotes":""},"class_list":["post-67647","page","type-page","status-publish","hentry"],"_links":{"self":[{"href":"https:\/\/www.sp-ps.ch\/fr\/wp-json\/wp\/v2\/pages\/67647","targetHints":{"allow":["GET"]}}],"collection":[{"href":"https:\/\/www.sp-ps.ch\/fr\/wp-json\/wp\/v2\/pages"}],"about":[{"href":"https:\/\/www.sp-ps.ch\/fr\/wp-json\/wp\/v2\/types\/page"}],"author":[{"embeddable":true,"href":"https:\/\/www.sp-ps.ch\/fr\/wp-json\/wp\/v2\/users\/1"}],"replies":[{"embeddable":true,"href":"https:\/\/www.sp-ps.ch\/fr\/wp-json\/wp\/v2\/comments?post=67647"}],"version-history":[{"count":24,"href":"https:\/\/www.sp-ps.ch\/fr\/wp-json\/wp\/v2\/pages\/67647\/revisions"}],"predecessor-version":[{"id":82226,"href":"https:\/\/www.sp-ps.ch\/fr\/wp-json\/wp\/v2\/pages\/67647\/revisions\/82226"}],"up":[{"embeddable":true,"href":"https:\/\/www.sp-ps.ch\/fr\/wp-json\/wp\/v2\/pages\/30422"}],"wp:attachment":[{"href":"https:\/\/www.sp-ps.ch\/fr\/wp-json\/wp\/v2\/media?parent=67647"}],"curies":[{"name":"wp","href":"https:\/\/api.w.org\/{rel}","templated":true}]}}