{"id":67649,"date":"2018-05-25T00:00:00","date_gmt":"2018-05-24T22:00:00","guid":{"rendered":"https:\/\/test.sp-ps.ch\/etre-membre\/"},"modified":"2018-05-25T00:00:00","modified_gmt":"2018-05-24T22:00:00","slug":"etre-membre","status":"publish","type":"page","link":"https:\/\/www.sp-ps.ch\/fr\/etre-membre\/","title":{"rendered":"\u00catre membre"},"content":{"rendered":"\t\t<div data-elementor-type=\"wp-post\" data-elementor-id=\"67649\" class=\"elementor elementor-67649 elementor-67238\" data-elementor-post-type=\"page\">\n\t\t\t\t\t\t<section class=\"elementor-section elementor-top-section elementor-element elementor-element-62f6b52bc5afc elementor-section-boxed elementor-section-height-default elementor-section-height-default\" data-id=\"62f6b52bc5afc\" data-element_type=\"section\" data-settings=\"{&quot;jet_parallax_layout_list&quot;:[],&quot;background_background&quot;:&quot;classic&quot;}\">\n\t\t\t\t\t\t<div class=\"elementor-container elementor-column-gap-wide\">\n\t\t\t\t\t<div class=\"elementor-column elementor-col-100 elementor-top-column elementor-element elementor-element-62f6b52bc5afd\" data-id=\"62f6b52bc5afd\" data-element_type=\"column\">\n\t\t\t<div class=\"elementor-widget-wrap elementor-element-populated\">\n\t\t\t\t\t\t<div class=\"elementor-element elementor-element-62f6b52bc5a71 elementor-widget elementor-widget-heading\" data-id=\"62f6b52bc5a71\" data-element_type=\"widget\" data-widget_type=\"heading.default\">\n\t\t\t\t<div class=\"elementor-widget-container\">\n\t\t\t\t\t<h1 class=\"elementor-heading-title elementor-size-default\">\u00catre membre<\/h1>\t\t\t\t<\/div>\n\t\t\t\t<\/div>\n\t\t\t\t<div class=\"elementor-element elementor-element-62f6b52bc5ae1 elementor-widget elementor-widget-jet-breadcrumbs\" data-id=\"62f6b52bc5ae1\" data-element_type=\"widget\" data-widget_type=\"jet-breadcrumbs.default\">\n\t\t\t\t<div class=\"elementor-widget-container\">\n\t\t\t\t\t<div class=\"elementor-jet-breadcrumbs jet-blocks\">\n\t\t<div class=\"jet-breadcrumbs\">\n\t\t<div class=\"jet-breadcrumbs__content\">\n\t\t<div class=\"jet-breadcrumbs__wrap\">\n\t\t<\/div>\n\t\t<\/div>\n\t\t<\/div><\/div>\t\t\t\t<\/div>\n\t\t\t\t<\/div>\n\t\t\t\t<div class=\"elementor-element elementor-element-62f6b52bc5af8 elementor-widget__width-initial elementor-widget elementor-widget-text-editor\" data-id=\"62f6b52bc5af8\" data-element_type=\"widget\" data-widget_type=\"text-editor.default\">\n\t\t\t\t<div class=\"elementor-widget-container\">\n\t\t\t\t\t\t\t\t\tTu es d\u00e9j\u00e0 membre du PS et tu as des questions concernant ton adh\u00e9sion ? Tu souhaites soutenir le PS d&#8217;une autre mani\u00e8re qu&#8217;uniquement sur le papier ? Tu trouveras ici toutes les informations n\u00e9cessaires concernant l&#8217;engagement personnel, les informations des \u00e9v\u00e8nements et des changements d&#8217;adresses. Ta section et ton parti cantonal sont tes interlocuteurs principaux que tu peux contacter \u00e0 tout moment.\t\t\t\t\t\t\t\t<\/div>\n\t\t\t\t<\/div>\n\t\t\t\t\t<\/div>\n\t\t<\/div>\n\t\t\t\t\t<\/div>\n\t\t<\/section>\n\t\t\t\t<section class=\"elementor-section elementor-top-section elementor-element elementor-element-62f6b52bc5aff elementor-section-boxed elementor-section-height-default elementor-section-height-default\" data-id=\"62f6b52bc5aff\" data-element_type=\"section\" data-settings=\"{&quot;jet_parallax_layout_list&quot;:[]}\">\n\t\t\t\t\t\t<div class=\"elementor-container elementor-column-gap-default\">\n\t\t\t\t\t<div class=\"elementor-column elementor-col-100 elementor-top-column elementor-element elementor-element-62f6b52bc5b01\" data-id=\"62f6b52bc5b01\" data-element_type=\"column\">\n\t\t\t<div class=\"elementor-widget-wrap elementor-element-populated\">\n\t\t\t\t\t\t<div class=\"elementor-element elementor-element-62f6b52bc5b02 elementor-widget elementor-widget-spacer\" data-id=\"62f6b52bc5b02\" data-element_type=\"widget\" data-widget_type=\"spacer.default\">\n\t\t\t\t<div class=\"elementor-widget-container\">\n\t\t\t\t\t\t\t<div class=\"elementor-spacer\">\n\t\t\t<div class=\"elementor-spacer-inner\"><\/div>\n\t\t<\/div>\n\t\t\t\t\t\t<\/div>\n\t\t\t\t<\/div>\n\t\t\t\t\t<\/div>\n\t\t<\/div>\n\t\t\t\t\t<\/div>\n\t\t<\/section>\n\t\t\t\t<section class=\"elementor-section elementor-top-section elementor-element elementor-element-62f6b52bc5b04 elementor-section-boxed elementor-section-height-default elementor-section-height-default\" data-id=\"62f6b52bc5b04\" data-element_type=\"section\" data-settings=\"{&quot;jet_parallax_layout_list&quot;:[]}\">\n\t\t\t\t\t\t<div class=\"elementor-container elementor-column-gap-no\">\n\t\t\t\t\t<div class=\"elementor-column elementor-col-100 elementor-top-column elementor-element elementor-element-62f6b52bc5b05\" data-id=\"62f6b52bc5b05\" data-element_type=\"column\">\n\t\t\t<div class=\"elementor-widget-wrap elementor-element-populated\">\n\t\t\t\t\t\t<div class=\"elementor-element elementor-element-62f6b52bc19c4 elementor-widget elementor-widget-text-editor\" data-id=\"62f6b52bc19c4\" data-element_type=\"widget\" data-widget_type=\"text-editor.default\">\n\t\t\t\t<div class=\"elementor-widget-container\">\n\t\t\t\t\t\t\t\t\t<p><strong>Engagement personnel :&nbsp;<\/strong><blockquote><p>Je voudrais travailler sur les positions du parti avec des politicien-ne-s.<\/p><\/blockquote><p>Celles et ceux d&#8217;entre vous qui sont passionn&eacute;-e-s par l&#8217;argumentation et la politique trouveront leur place dans les diff&eacute;rentes <a href=\"https:\/\/www.sp-ps.ch\/fr\/commissions-specialisees\">commissions sp&eacute;cialis&eacute;es<\/a> (par exemple la Commission sp&eacute;cialis&eacute;e Politique ext&eacute;rieure), o&ugrave; les prises de position du PS sont pr&eacute;par&eacute;es pour, ou au nom, de la direction du Parti. La plupart des partis cantonaux ont &eacute;galement des commissions sp&eacute;cialis&eacute;es, et tu peux obtenir plus d&#8217;informations &agrave; ce sujet aupr&egrave;s du secr&eacute;tariat de ta section.<\/p><blockquote><p style=\"margin: 0px 0px 13.33px; line-height: normal;\">J&#8217;aimerais pr&eacute;senter ma candidature &agrave; une &eacute;lection.&nbsp;<\/p><\/blockquote><p>La meilleure mani&egrave;re d&#8217;y parvenir est de contacter directement ton <a href=\"https:\/\/www.sp-ps.ch\/fr\/parti\/organisation\/partis-cantonaux\">parti cantonal<\/a> ou section. Ils savent mieux que quiconque ce qui est &agrave; l&#8217;ordre du jour et pour quelle &eacute;lections des candidat-e-s sont recherch&eacute;-e-s.&nbsp;<\/p><blockquote><p>J&#8217;aimerais soutenir financi&egrave;rement le PS.&nbsp;<\/p><\/blockquote><p>Tu aimerais soutenir financi&egrave;rement le PS Suisse ? Il y a deux mani&egrave;re de le faire : d&#8217;une part, il y a le <a href=\"https:\/\/www.sp-ps.ch\/fr\/sengager\/soutenez-le-ps-en-lui-versant-un-don\">formulaire de don<\/a>, et sinon, en tant que membre du <a href=\"https:\/\/www.sp-ps.ch\/fr\/groupe-2019\">Groupe 2019<\/a>, tu as la possibilit&eacute; de soutenir le PS &agrave; long terme et de mani&egrave;re durable par une contribution financi&egrave;re. Tu seras &eacute;galement invit&eacute; &agrave; la r&eacute;union annuelle en septembre, o&ugrave; tu entreras en contact avec les politicien-ne-s du PS. &nbsp;<\/p><blockquote><p>J&#8217;&eacute;cris bien et volontiers.&nbsp;<\/p><\/blockquote><p>La r&eacute;daction de courriers des lecteurs est particuli&egrave;rement pertinente et utile en p&eacute;riode de votations. Si tu es int&eacute;ress&eacute;-e, contacte-nous &agrave; <a href=\"mailto:kommunikation@spschweiz.ch\">kommunikation@spschweiz.ch<\/a> et nous t&#8217;enverrons les informations n&eacute;cessaire pour t&#8217;aider dans la r&eacute;daction de ces courrier des lecteurs.<\/p><blockquote><p style=\"margin: 0px 0px 13.33px; line-height: normal;\">J&#8217;aimerais recruter de nouveaux membres pour le PS.&nbsp;<\/p><\/blockquote><p>Le recrutement des membres ainsi que le traitement de nos valeurs sont un point central du d&eacute;veloppement de notre parti de sorte que la politique soit accessible pour toutes et tous. Un pas simple et efficace dans cette direction est de proposer &agrave; ton entourage direct de devenir membre du PS. &nbsp;<\/p><p>Cependant, si tu es int&eacute;ress&eacute;e par les r&eacute;coltes nationales de signatures, tu trouveras plus d&#8217;informations <a href=\"https:\/\/www.sp-ps.ch\/fr\/sengager\/recoltez-des-signatures\">ici<\/a>.<\/p><blockquote><p>J&#8217;ai de bonnes photos d&#8217;&eacute;v&egrave;nements du PS.&nbsp;<\/p><\/blockquote><p>Nous sommes toujours heureux de recevoir de nouvelles photos des &eacute;v&egrave;nements du PS, par exemple des conf&eacute;rences ou r&eacute;unions. Tu peux envoyer tes photos &agrave; : <a href=\"mailto:kommunikation@spschweiz.ch\">kommunikation@spschweiz.ch<\/a>.<\/p><p><strong>Information:<\/strong><\/p><p>Les canaux d&#8217;informations suivants sont disponibles : sous la rubrique <a href=\"https:\/\/www.sp-ps.ch\/fr\/publications\">Publications<\/a>, tu trouveras le journal des membres, les communiqu&eacute;s de presse et le blog du PS. Nous avons &eacute;galement un compte <a href=\"https:\/\/www.facebook.com\/pssuisse\">Facebook<\/a>, <a href=\"http:\/\/twitter.com\/pssuisse?lang=fr\">Twitter <\/a>et une cha&icirc;ne <a href=\"http:\/\/www.youtube.com\/channel\/UCxCpgTGZQUdKV-Yzts9zoZQ\">YouTube<\/a>.<\/p><p style=\"margin: 0px 0px 13.33px; line-height: normal;\"><strong>Ev&eacute;nements :&nbsp;<\/strong><\/p><p>Tu trouveras <a href=\"https:\/\/www.sp-ps.ch\/fr\/agenda\">ici <\/a>des &eacute;v&eacute;nements &agrave; venir dans toute la Suisse qui pourraient t&#8217;int&eacute;resser.&nbsp;<\/p><p><strong>Changements d&#8217;adresse :&nbsp;<\/strong><\/p><p>Si tu d&eacute;m&eacute;nages, tu peux te connecter au <a href=\"https:\/\/login.sp-ps.ch\/fr\">portail des membres<\/a> et changer ton adresse en cliquant sur &#8220;modifier&#8221;. Si tu as oubli&eacute; ton mot de passe, il est facile d&#8217;en redemander un nouveau.&nbsp;<\/p><\/p>\n\t\t\t\t\t\t\t\t<\/div>\n\t\t\t\t<\/div>\n\t\t\t\t\t<\/div>\n\t\t<\/div>\n\t\t\t\t\t<\/div>\n\t\t<\/section>\n\t\t\t\t<\/div>\n\t\t","protected":false},"excerpt":{"rendered":"","protected":false},"author":1,"featured_media":0,"parent":0,"menu_order":0,"comment_status":"open","ping_status":"closed","template":"","meta":{"footnotes":""},"class_list":["post-67649","page","type-page","status-publish","hentry"],"_links":{"self":[{"href":"https:\/\/www.sp-ps.ch\/fr\/wp-json\/wp\/v2\/pages\/67649","targetHints":{"allow":["GET"]}}],"collection":[{"href":"https:\/\/www.sp-ps.ch\/fr\/wp-json\/wp\/v2\/pages"}],"about":[{"href":"https:\/\/www.sp-ps.ch\/fr\/wp-json\/wp\/v2\/types\/page"}],"author":[{"embeddable":true,"href":"https:\/\/www.sp-ps.ch\/fr\/wp-json\/wp\/v2\/users\/1"}],"replies":[{"embeddable":true,"href":"https:\/\/www.sp-ps.ch\/fr\/wp-json\/wp\/v2\/comments?post=67649"}],"version-history":[{"count":0,"href":"https:\/\/www.sp-ps.ch\/fr\/wp-json\/wp\/v2\/pages\/67649\/revisions"}],"wp:attachment":[{"href":"https:\/\/www.sp-ps.ch\/fr\/wp-json\/wp\/v2\/media?parent=67649"}],"curies":[{"name":"wp","href":"https:\/\/api.w.org\/{rel}","templated":true}]}}