{"id":67651,"date":"2014-09-07T00:00:00","date_gmt":"2014-09-06T22:00:00","guid":{"rendered":"https:\/\/test.sp-ps.ch\/recoltez-des-signatures\/"},"modified":"2014-09-07T00:00:00","modified_gmt":"2014-09-06T22:00:00","slug":"recoltez-des-signatures","status":"publish","type":"page","link":"https:\/\/www.sp-ps.ch\/fr\/recoltez-des-signatures\/","title":{"rendered":"R\u00e9coltez des signatures !"},"content":{"rendered":"\t\t<div data-elementor-type=\"wp-post\" data-elementor-id=\"67651\" class=\"elementor elementor-67651 elementor-67196\" data-elementor-post-type=\"page\">\n\t\t\t\t\t\t<section class=\"elementor-section elementor-top-section elementor-element elementor-element-62f6b52ec2d99 elementor-section-boxed elementor-section-height-default elementor-section-height-default\" data-id=\"62f6b52ec2d99\" data-element_type=\"section\" data-settings=\"{&quot;jet_parallax_layout_list&quot;:[],&quot;background_background&quot;:&quot;classic&quot;}\">\n\t\t\t\t\t\t<div class=\"elementor-container elementor-column-gap-wide\">\n\t\t\t\t\t<div class=\"elementor-column elementor-col-100 elementor-top-column elementor-element elementor-element-62f6b52ec2d9a\" data-id=\"62f6b52ec2d9a\" data-element_type=\"column\">\n\t\t\t<div class=\"elementor-widget-wrap elementor-element-populated\">\n\t\t\t\t\t\t<div class=\"elementor-element elementor-element-62f6b52ec2cff elementor-widget elementor-widget-heading\" data-id=\"62f6b52ec2cff\" data-element_type=\"widget\" data-widget_type=\"heading.default\">\n\t\t\t\t<div class=\"elementor-widget-container\">\n\t\t\t\t\t<h1 class=\"elementor-heading-title elementor-size-default\">R\u00e9coltez des signatures !<\/h1>\t\t\t\t<\/div>\n\t\t\t\t<\/div>\n\t\t\t\t<div class=\"elementor-element elementor-element-62f6b52ec2d7f elementor-widget elementor-widget-jet-breadcrumbs\" data-id=\"62f6b52ec2d7f\" data-element_type=\"widget\" data-widget_type=\"jet-breadcrumbs.default\">\n\t\t\t\t<div class=\"elementor-widget-container\">\n\t\t\t\t\t<div class=\"elementor-jet-breadcrumbs jet-blocks\">\n\t\t<div class=\"jet-breadcrumbs\">\n\t\t<div class=\"jet-breadcrumbs__content\">\n\t\t<div class=\"jet-breadcrumbs__wrap\">\n\t\t<\/div>\n\t\t<\/div>\n\t\t<\/div><\/div>\t\t\t\t<\/div>\n\t\t\t\t<\/div>\n\t\t\t\t<div class=\"elementor-element elementor-element-62f6b52ec2d96 elementor-widget__width-initial elementor-widget elementor-widget-text-editor\" data-id=\"62f6b52ec2d96\" data-element_type=\"widget\" data-widget_type=\"text-editor.default\">\n\t\t\t\t<div class=\"elementor-widget-container\">\n\t\t\t\t\t\t\t\t\tLe PS utilise r\u00e9guli\u00e8rement les instruments de la d\u00e9mocratie directe que sont l\u2019initiative et le r\u00e9f\u00e9rendum, pour soumettre ses projets en votation ou pour contrer des d\u00e9cisions qu\u2019il consid\u00e8re comme contraires aux valeurs de solidarit\u00e9 et d&#8217;ouverture. Pour pouvoir r\u00e9colter les signatures n\u00e9cessaires, nous devons pouvoir compter sur l\u2019engagement de nombreux b\u00e9n\u00e9voles.\t\t\t\t\t\t\t\t<\/div>\n\t\t\t\t<\/div>\n\t\t\t\t\t<\/div>\n\t\t<\/div>\n\t\t\t\t\t<\/div>\n\t\t<\/section>\n\t\t\t\t<section class=\"elementor-section elementor-top-section elementor-element elementor-element-62f6b52ec2d9c elementor-section-boxed elementor-section-height-default elementor-section-height-default\" data-id=\"62f6b52ec2d9c\" data-element_type=\"section\" data-settings=\"{&quot;jet_parallax_layout_list&quot;:[]}\">\n\t\t\t\t\t\t<div class=\"elementor-container elementor-column-gap-default\">\n\t\t\t\t\t<div class=\"elementor-column elementor-col-100 elementor-top-column elementor-element elementor-element-62f6b52ec2d9d\" data-id=\"62f6b52ec2d9d\" data-element_type=\"column\">\n\t\t\t<div class=\"elementor-widget-wrap elementor-element-populated\">\n\t\t\t\t\t\t<div class=\"elementor-element elementor-element-62f6b52ec2d9e elementor-widget elementor-widget-spacer\" data-id=\"62f6b52ec2d9e\" data-element_type=\"widget\" data-widget_type=\"spacer.default\">\n\t\t\t\t<div class=\"elementor-widget-container\">\n\t\t\t\t\t\t\t<div class=\"elementor-spacer\">\n\t\t\t<div class=\"elementor-spacer-inner\"><\/div>\n\t\t<\/div>\n\t\t\t\t\t\t<\/div>\n\t\t\t\t<\/div>\n\t\t\t\t\t<\/div>\n\t\t<\/div>\n\t\t\t\t\t<\/div>\n\t\t<\/section>\n\t\t\t\t<section class=\"elementor-section elementor-top-section elementor-element elementor-element-62f6b52ec2da0 elementor-section-boxed elementor-section-height-default elementor-section-height-default\" data-id=\"62f6b52ec2da0\" data-element_type=\"section\" data-settings=\"{&quot;jet_parallax_layout_list&quot;:[]}\">\n\t\t\t\t\t\t<div class=\"elementor-container elementor-column-gap-no\">\n\t\t\t\t\t<div class=\"elementor-column elementor-col-100 elementor-top-column elementor-element elementor-element-62f6b52ec2da1\" data-id=\"62f6b52ec2da1\" data-element_type=\"column\">\n\t\t\t<div class=\"elementor-widget-wrap elementor-element-populated\">\n\t\t\t\t\t\t<div class=\"elementor-element elementor-element-62f6b52ebef25 elementor-widget elementor-widget-text-editor\" data-id=\"62f6b52ebef25\" data-element_type=\"widget\" data-widget_type=\"text-editor.default\">\n\t\t\t\t<div class=\"elementor-widget-container\">\n\t\t\t\t\t\t\t\t\t<p>Rassembler 100&#8217;000 signatures valables en 18 mois pour une initiative populaire ou 50&#8217;000 en l&rsquo;espace de 100 jours pour un r&eacute;f&eacute;rendum est loin d&rsquo;&ecirc;tre une sin&eacute;cure. Avant que les paraphes ne soient transmis aux communes et qu&rsquo;ils y soient valid&eacute;s, il faut bien les r&eacute;colter: &agrave; la maison, au boulot, au bistrot, dans les cercles sportifs ou culturels, voire dans la rue sur des stands ou lors de manifestations dans les quartiers.&nbsp;<\/p>\n\t\t\t\t\t\t\t\t<\/div>\n\t\t\t\t<\/div>\n\t\t\t\t<div class=\"elementor-element elementor-element-62f6b52ebef39 elementor-widget elementor-widget-spps_button_list\" data-id=\"62f6b52ebef39\" data-element_type=\"widget\" data-widget_type=\"spps_button_list.default\">\n\t\t\t\t<div class=\"elementor-widget-container\">\n\t\t\t\t\t<div class=\"button-list-wrapper wrapper-spacing-small  \"><div class=\"button-list-container\"><div class=\"button-list-items\"><div class=\"button-list-item\"><div class=\"button-wrapper \"><a href=\"overview\/all\/229\/all\"  target=\"_self\" class=\"button-link button-link-default\" >R\u00e9coltes de signatures actuelles<span class=\"button-media-date\">22.04.2026<\/span><\/a><\/div><\/div><\/div><\/div><\/div>\t\t\t\t<\/div>\n\t\t\t\t<\/div>\n\t\t\t\t\t<\/div>\n\t\t<\/div>\n\t\t\t\t\t<\/div>\n\t\t<\/section>\n\t\t\t\t<\/div>\n\t\t","protected":false},"excerpt":{"rendered":"<p>Le PS utilise r\u00e9guli\u00e8rement les instruments de la d\u00e9mocratie directe que sont l\u2019initiative et le r\u00e9f\u00e9rendum, pour soumettre ses projets en votation ou pour contrer des d\u00e9cisions qu\u2019il consid\u00e8re comme contraires aux valeurs de solidarit\u00e9 et d&#8217;ouverture. Pour pouvoir r\u00e9colter les signatures n\u00e9cessaires, nous devons pouvoir compter sur l\u2019engagement de nombreux b\u00e9n\u00e9voles.<\/p>\n","protected":false},"author":1,"featured_media":63648,"parent":0,"menu_order":0,"comment_status":"open","ping_status":"closed","template":"","meta":{"footnotes":""},"class_list":["post-67651","page","type-page","status-publish","has-post-thumbnail","hentry"],"_links":{"self":[{"href":"https:\/\/www.sp-ps.ch\/fr\/wp-json\/wp\/v2\/pages\/67651","targetHints":{"allow":["GET"]}}],"collection":[{"href":"https:\/\/www.sp-ps.ch\/fr\/wp-json\/wp\/v2\/pages"}],"about":[{"href":"https:\/\/www.sp-ps.ch\/fr\/wp-json\/wp\/v2\/types\/page"}],"author":[{"embeddable":true,"href":"https:\/\/www.sp-ps.ch\/fr\/wp-json\/wp\/v2\/users\/1"}],"replies":[{"embeddable":true,"href":"https:\/\/www.sp-ps.ch\/fr\/wp-json\/wp\/v2\/comments?post=67651"}],"version-history":[{"count":0,"href":"https:\/\/www.sp-ps.ch\/fr\/wp-json\/wp\/v2\/pages\/67651\/revisions"}],"wp:featuredmedia":[{"embeddable":true,"href":"https:\/\/www.sp-ps.ch\/fr\/wp-json\/wp\/v2\/media\/63648"}],"wp:attachment":[{"href":"https:\/\/www.sp-ps.ch\/fr\/wp-json\/wp\/v2\/media?parent=67651"}],"curies":[{"name":"wp","href":"https:\/\/api.w.org\/{rel}","templated":true}]}}