{"id":72630,"date":"2022-08-15T23:41:13","date_gmt":"2022-08-15T21:41:13","guid":{"rendered":"https:\/\/test.sp-ps.ch\/oui-a-linitiative-sur-lelevage-intensif\/"},"modified":"2022-08-16T00:32:28","modified_gmt":"2022-08-15T22:32:28","slug":"oui-a-linitiative-sur-lelevage-intensif-votation-septembre2022","status":"publish","type":"page","link":"https:\/\/www.sp-ps.ch\/fr\/oui-a-linitiative-sur-lelevage-intensif-votation-septembre2022\/","title":{"rendered":"Oui \u00e0 l&#8217;initiative sur l\u2019\u00e9levage intensif"},"content":{"rendered":"\t\t<div data-elementor-type=\"wp-page\" data-elementor-id=\"72630\" class=\"elementor elementor-72630 elementor-71937\" data-elementor-post-type=\"page\">\n\t\t\t\t\t\t<section class=\"elementor-section elementor-top-section elementor-element elementor-element-e06896a elementor-section-boxed elementor-section-height-default elementor-section-height-default\" data-id=\"e06896a\" data-element_type=\"section\" data-settings=\"{&quot;jet_parallax_layout_list&quot;:[]}\">\n\t\t\t\t\t\t<div class=\"elementor-container elementor-column-gap-default\">\n\t\t\t\t\t<div class=\"elementor-column elementor-col-100 elementor-top-column elementor-element elementor-element-5ea78ad\" data-id=\"5ea78ad\" data-element_type=\"column\">\n\t\t\t<div class=\"elementor-widget-wrap elementor-element-populated\">\n\t\t\t\t\t\t<div class=\"elementor-element elementor-element-9d45a52 elementor-widget elementor-widget-image\" data-id=\"9d45a52\" data-element_type=\"widget\" data-widget_type=\"image.default\">\n\t\t\t\t<div class=\"elementor-widget-container\">\n\t\t\t\t\t\t\t\t\t\t\t\t\t\t\t<img fetchpriority=\"high\" decoding=\"async\" width=\"2000\" height=\"956\" src=\"https:\/\/www.sp-ps.ch\/wp-content\/uploads\/2022\/08\/220711_MASSENTIER_820x360px_d_RGB-2000x956.jpg\" class=\"attachment-spps-sujet-f12 size-spps-sujet-f12 wp-image-71988\" alt=\"\" srcset=\"https:\/\/www.sp-ps.ch\/wp-content\/uploads\/2022\/08\/220711_MASSENTIER_820x360px_d_RGB-2000x956.jpg 2000w, https:\/\/www.sp-ps.ch\/wp-content\/uploads\/2022\/08\/220711_MASSENTIER_820x360px_d_RGB-1000x478.jpg 1000w\" sizes=\"(max-width: 2000px) 100vw, 2000px\" \/>\t\t\t\t\t\t\t\t\t\t\t\t\t\t\t<\/div>\n\t\t\t\t<\/div>\n\t\t\t\t<div class=\"elementor-element elementor-element-8306027 elementor-widget elementor-widget-spps_button_list\" data-id=\"8306027\" data-element_type=\"widget\" data-widget_type=\"spps_button_list.default\">\n\t\t\t\t<div class=\"elementor-widget-container\">\n\t\t\t\t\t<div class=\"button-list-wrapper   \"><div class=\"button-list-title\"><h2>Oui \u00e0 l'initiative sur l\u2019\u00e9levage intensif<\/h2><\/div><div class=\"button-list-container\"><div class=\"button-list-text\">La production animale industrielle ne cesse d'augmenter, \u00e9galement en Suisse. Les animaux dans l'agriculture (par exemple les vaches, les poules, les porcs) ne sont pas suffisamment prot\u00e9g\u00e9s \u00e0 ce jour. Il est prouv\u00e9 que les animaux souffrent \u00e9galement \u2013 pourtant, ils sont rabaiss\u00e9s au rang de produits, engraiss\u00e9s comme des marchandises et \u00e9lev\u00e9s en grand nombre sur de petits espaces. L'\u00e9levage intensif, l'augmentation de la productivit\u00e9 et la tendance \u00e0 l'\u00e9levage de masse ne sont pas des solutions d'avenir, au contraire :\r\n<ul>\r\n \t<li>Ils provoquent des souffrances massives et des probl\u00e8mes de sant\u00e9 pour les animaux et mettent en p\u00e9ril les objectifs de durabilit\u00e9 de la Suisse.<\/li>\r\n \t<li>La production animale industrielle conduit \u00e0 une utilisation accrue de m\u00e9dicaments et donc \u00e0 une r\u00e9sistance croissante aux antibiotiques.<\/li>\r\n \t<li>L'\u00e9levage de masse favorise le risque de nouvelles pand\u00e9mies, et l'augmentation du nombre d'animaux due \u00e0 l'importation massive de fourrage pollue les eaux et d'autres \u00e9cosyst\u00e8mes sensibles avec de l'azote.<\/li>\r\n<\/ul>\r\n<h3>Exigences de l'initiative sur l'\u00e9levage intensif<\/h3>\r\nL'initiative veut, en Suisse, briser la tendance \u00e0 l'\u00e9levage industriel intensif. Elle ancre pour la premi\u00e8re fois la dignit\u00e9 animale dans l'agriculture, exige un h\u00e9bergement et des soins respectueux des animaux, des sorties en plein air, une taille maximale des groupes et un abattage respectueux. De plus, une r\u00e8glementation des importations veille \u00e0 ce qu'aucun animal ou produit animal issu de m\u00e9thodes de production interdites en Suisse ne soit import\u00e9.\r\n\r\nSelon le Conseil f\u00e9d\u00e9ral, environ 5 % seulement des exploitations agricoles seraient concern\u00e9es par l'initiative. Il s'agit notamment des exploitations d'engraissement qui \u00e9l\u00e8vent actuellement jusqu'\u00e0 27\u00a0000 poulets, 1\u00a0500 porcs ou 300 bovins dans une \u00e9table.\r\n<h3>Qui se cache derri\u00e8re l'initiative ?<\/h3>\r\nL'initiative lanc\u00e9e par l'association Sentience Politics est soutenue par diff\u00e9rentes organisations de protection des animaux et de l'environnement. L'organisation de protection des animaux \u00ab\u00a0Quatre pattes \u00bb, la Fondation Franz Weber et Greenpeace Suisse font notamment partie des organismes responsables de l'initiative. Une large alliance d'organisations de protection des animaux, de d\u00e9fense des droits des animaux, d'agriculture et d'environnement soutient la cause. En font partie par exemple KAGfreiland, Demeter, Tier im Recht et Pro Natura. Bio Suisse et les Verts ont \u00e9galement d\u00e9cid\u00e9 de la soutenir.\r\n\r\nL'Union suisse des paysans et le lobby agricole ne veulent pas de contraintes suppl\u00e9mentaires et combattent l'initiative.\r\n\r\nIl faut renforcer le bien-\u00eatre des animaux tout en rendant l'agriculture plus respectueuse de l'environnement et du climat. Le PS s'engage pour une agriculture paysanne et diversifi\u00e9e sans \u00e9levage intensif.\r\n\r\n<strong>C'est pourquoi la Pr\u00e9sidence recommande au Conseil de parti du PS Suisse de voter oui \u00e0 l'initiative sur l\u2019\u00e9levage intensif.<\/strong><\/div><\/div><\/div>\t\t\t\t<\/div>\n\t\t\t\t<\/div>\n\t\t\t\t\t<\/div>\n\t\t<\/div>\n\t\t\t\t\t<\/div>\n\t\t<\/section>\n\t\t\t\t<\/div>\n\t\t","protected":false},"excerpt":{"rendered":"<p>Oui \u00e0 l&#8217;initiative sur l\u2019\u00e9levage intensif La production animale industrielle ne cesse d&#8217;augmenter, \u00e9galement en Suisse. Les animaux dans l&#8217;agriculture (par exemple les vaches, les poules, les porcs) ne sont [&hellip;]<\/p>\n","protected":false},"author":64,"featured_media":0,"parent":0,"menu_order":0,"comment_status":"closed","ping_status":"closed","template":"","meta":{"footnotes":""},"class_list":["post-72630","page","type-page","status-publish","hentry"],"_links":{"self":[{"href":"https:\/\/www.sp-ps.ch\/fr\/wp-json\/wp\/v2\/pages\/72630","targetHints":{"allow":["GET"]}}],"collection":[{"href":"https:\/\/www.sp-ps.ch\/fr\/wp-json\/wp\/v2\/pages"}],"about":[{"href":"https:\/\/www.sp-ps.ch\/fr\/wp-json\/wp\/v2\/types\/page"}],"author":[{"embeddable":true,"href":"https:\/\/www.sp-ps.ch\/fr\/wp-json\/wp\/v2\/users\/64"}],"replies":[{"embeddable":true,"href":"https:\/\/www.sp-ps.ch\/fr\/wp-json\/wp\/v2\/comments?post=72630"}],"version-history":[{"count":7,"href":"https:\/\/www.sp-ps.ch\/fr\/wp-json\/wp\/v2\/pages\/72630\/revisions"}],"predecessor-version":[{"id":72656,"href":"https:\/\/www.sp-ps.ch\/fr\/wp-json\/wp\/v2\/pages\/72630\/revisions\/72656"}],"wp:attachment":[{"href":"https:\/\/www.sp-ps.ch\/fr\/wp-json\/wp\/v2\/media?parent=72630"}],"curies":[{"name":"wp","href":"https:\/\/api.w.org\/{rel}","templated":true}]}}