{"id":74061,"date":"2022-08-17T11:13:02","date_gmt":"2022-08-17T09:13:02","guid":{"rendered":"https:\/\/www.sp-ps.ch\/en-langue-simplifiee-non-au-demantelement-de-lavs\/"},"modified":"2022-08-22T08:15:14","modified_gmt":"2022-08-22T06:15:14","slug":"en-langue-simplifiee-non-au-demantelement-de-lavs","status":"publish","type":"page","link":"https:\/\/www.sp-ps.ch\/fr\/en-langue-simplifiee-non-au-demantelement-de-lavs\/","title":{"rendered":"En langue simplifi\u00e9e: NON au d\u00e9mant\u00e8lement de l&#8217;AVS"},"content":{"rendered":"\t\t<div data-elementor-type=\"wp-page\" data-elementor-id=\"74061\" class=\"elementor elementor-74061 elementor-73025\" data-elementor-post-type=\"page\">\n\t\t\t\t\t\t<section class=\"elementor-section elementor-top-section elementor-element elementor-element-228a8ca elementor-section-boxed elementor-section-height-default elementor-section-height-default\" data-id=\"228a8ca\" data-element_type=\"section\" data-settings=\"{&quot;jet_parallax_layout_list&quot;:[]}\">\n\t\t\t\t\t\t<div class=\"elementor-container elementor-column-gap-default\">\n\t\t\t\t\t<div class=\"elementor-column elementor-col-100 elementor-top-column elementor-element elementor-element-a70d6d6\" data-id=\"a70d6d6\" data-element_type=\"column\">\n\t\t\t<div class=\"elementor-widget-wrap elementor-element-populated\">\n\t\t\t\t\t\t<div class=\"elementor-element elementor-element-04ee510 elementor-widget elementor-widget-spps_button_list\" data-id=\"04ee510\" data-element_type=\"widget\" data-widget_type=\"spps_button_list.default\">\n\t\t\t\t<div class=\"elementor-widget-container\">\n\t\t\t\t\t<div class=\"button-list-wrapper   \"><div class=\"button-list-title\"><h2>En langue simplifi\u00e9e: NON au d\u00e9mant\u00e8lement de l'AVS<\/h2><\/div><div class=\"button-list-container\"><div class=\"button-list-text\"><p><strong>L\u2019AVS, c\u2019est quoi\u00a0?<\/strong><\/p><p>AVS est le nom d\u2019une assurance.<\/p><p>AVS veut dire\u00a0: <br \/>assurance-vieillesse et survivants.<\/p><p>La lettre <strong>A<\/strong> est l\u2019abr\u00e9g\u00e9 d\u2019<strong>A<\/strong>ssurance. <br \/>La lettre <strong>V<\/strong> veut dire <strong>V<\/strong>ieillesse, <br \/>c\u2019est-\u00e0-dire les personnes \u00e2g\u00e9es, <br \/>qui ne travaillent plus.<\/p><p>La lettre <strong>S<\/strong> veut dire <strong>S<\/strong>urvivants. <br \/>Quand une personne meurt dans une famille,<br \/>les survivants sont les personnes qui restent. <br \/>Par exemple\u00a0: <br \/>Une m\u00e8re, qui a trois enfants, meurt. <br \/>Les enfants sont les survivants.<\/p><p><strong>Explication des mots soulign\u00e9s<\/strong><\/p><p>Certains mots dans le texte sont soulign\u00e9s. <br \/>Par exemple <u>PS<\/u> ou <u>initiative<\/u>. <br \/>Cela signifie que ces mots sont expliqu\u00e9s <br \/>\u00e0 la fin du texte.<\/p><p><strong>\u00a0<\/strong><\/p><p><strong>Votations du 25\u00a0septembre\u00a02022<\/strong><\/p><p>Le 25\u00a0septembre\u00a02022, la population suisse <br \/>va voter sur l\u2019AVS. <br \/>Il faudra r\u00e9pondre \u00e0 deux questions.<\/p><p>Les noms officiels de ces votations sont\u00a0:<\/p><ul><li>\u00ab\u00a0Arr\u00eat\u00e9 f\u00e9d\u00e9ral sur le financement additionnel de l\u2019AVS par le biais d\u2019un rel\u00e8vement de la TVA du 17\u00a0d\u00e9cembre\u00a02021\u00a0\u00bb<\/li><li>\u00ab\u00a0Modification de la Loi f\u00e9d\u00e9rale sur l\u2019assurance-vieillesse et survivants (AVS21)\u00a0\u00bb<\/li><\/ul><p><strong>L\u2019AVS, c\u2019est quoi\u00a0?<\/strong><\/p><p>L\u2019AVS est une assurance. <br \/>Cette assurance verse de l\u2019argent<br \/>chaque mois \u00e0 beaucoup de personnes en Suisse. <br \/>On dit que les personnes re\u00e7oivent une rente. <br \/>Les personnes ont besoin de cette rente pour vivre. <br \/>Pour payer le loyer ou pour manger, par exemple.<\/p><p><strong>D\u2019o\u00f9 vient l\u2019argent de l\u2019AVS\u00a0?<\/strong><\/p><p>Chaque mois, les personnes qui travaillent <br \/>versent une partie de leur salaire \u00e0 l\u2019AVS. <br \/>Les personnes qui gagnent beaucoup d\u2019argent,<br \/>versent beaucoup d\u2019argent \u00e0 l\u2019AVS. <br \/>Les personnes qui gagnent peu d\u2019argent,<br \/>versent peu d\u2019argent \u00e0 l\u2019AVS.<\/p><p>Les employeurs versent aussi <br \/>de l\u2019argent \u00e0 l\u2019AVS, chaque mois.<\/p><p>Il y a donc beaucoup d\u2019argent <br \/>qui est vers\u00e9 \u00e0 l\u2019AVS chaque mois. <br \/>Et cet argent sert \u00e0 payer les rentes.<\/p><p><strong>Qui re\u00e7oit une rente\u00a0?<\/strong><\/p><ul><li><strong>Les retrait\u00e9s <\/strong><br \/>Autrement dit, les personnes \u00e2g\u00e9es. <br \/>En Suisse, les personnes retrait\u00e9es <br \/>re\u00e7oivent une rente de l\u2019AVS chaque mois. <br \/>Une personne retrait\u00e9e, <br \/>c\u2019est une personne qui ne travaille plus <br \/>parce qu\u2019elle a pass\u00e9 un certain \u00e2ge.<\/li><li><strong>Les survivants<br \/><\/strong>Les survivants sont les personnes<br \/>qui ont perdu quelqu\u2019un. <br \/>Par exemple, quand la m\u00e8re d\u2019un enfant meurt, <br \/>l\u2019enfant re\u00e7oit une rente. <br \/>Ou quand un homme mari\u00e9 meurt, <br \/>sa femme re\u00e7oit une rente.<\/li><\/ul><p><strong>Quel est le montant de la rente\u00a0?<\/strong><\/p><p>Toutes les personnes ne re\u00e7oivent <strong>pas<\/strong> la m\u00eame rente.<\/p><p>Certaines personnes re\u00e7oivent une grosse rente. <br \/>D\u2019autres personnes re\u00e7oivent une petite rente. <br \/>Celui qui a beaucoup travaill\u00e9<br \/>re\u00e7oit une grosse rente. <br \/>Celui qui a peu travaill\u00e9<br \/>re\u00e7oit une petite rente.<\/p><p><strong>\u00c0 partir de quel \u00e2ge les retrait\u00e9s re\u00e7oivent une rente\u00a0?<\/strong><\/p><p>Les hommes travaillent jusqu\u2019\u00e0 l\u2019\u00e2ge de 65\u00a0ans. <br \/>Ensuite, ils re\u00e7oivent une rente.<\/p><p>Les femmes travaillent jusqu\u2019\u00e0 l\u2019\u00e2ge de 64\u00a0ans. <br \/>Ensuite, elles re\u00e7oivent une rente.<\/p><p><strong>Qu\u2019est-ce que les deux votations veulent changer\u00a0?<\/strong><\/p><ul><li>Les femmes devront travailler une ann\u00e9e de plus. <br \/>Elles devront travailler<br \/>jusqu\u2019\u00e0 65\u00a0ans.<\/li><li>Toute la population en Suisse devra payer plus pour l\u2019AVS. <br \/>La <u>TVA<\/u> (on lit\u00a0: t\u00e9-v\u00e9-a) va \u00eatre augment\u00e9e. <br \/>Cela veut dire que tout le monde payera tout plus cher.<\/li><\/ul><p><strong>Pourquoi le PS dit NON \u00e0 ces votations\u00a0?<\/strong><\/p><ol><li><strong>Les femmes re\u00e7oivent d\u00e9j\u00e0 une rente moins \u00e9lev\u00e9e.<\/strong> <br \/>Souvent, les femmes re\u00e7oivent une rente <br \/>moins \u00e9lev\u00e9e que les hommes,<br \/>parce qu\u2019elles travaillent en g\u00e9n\u00e9ral moins. <br \/>M\u00eame si les femmes travaillaient une ann\u00e9e de plus,<br \/>elles recevraient moins d\u2019argent que les hommes.<\/li><li><strong>Les femmes qui re\u00e7oivent de petits salaires sont les plus touch\u00e9es.<\/strong> <br \/>Les femmes qui re\u00e7oivent de petits salaires <br \/>ont souvent un travail p\u00e9nible. <br \/>Par exemple dans la vente ou le nettoyage. <br \/>Ces femmes sont souvent \u00e9puis\u00e9es par leur travail. <br \/>Et avec la nouvelle loi, <br \/>il faudra qu\u2019elles travaillent une ann\u00e9e de plus.<\/li><li><strong>Tous les produits vont co\u00fbter plus cher<\/strong><strong><br \/><\/strong>La votation veut aussi augmenter la <u><\/u> <br \/>Tous les produits vont co\u00fbter plus cher.<br \/>Et en m\u00eame temps, <br \/>les rentes AVS vont baisser.<\/li><\/ol><p>&nbsp;<\/p><ol start=\"4\"><li><strong>Il y aura plus de personnes, qui devront chercher du travail longtemps<br \/><\/strong>Les personnes de plus de 60\u00a0ans qui perdent leur emploi <br \/>ont de la peine \u00e0 retrouver du travail. <br \/>Ce sera encore plus difficile apr\u00e8s la votation. <br \/>Il y aura donc plus de personnes qui<br \/>seront sans emploi tr\u00e8s longtemps.<br \/>\u00a0\u00a0<\/li><li><strong>Tout le monde devra travailler jusqu\u2019\u00e0 67\u00a0ans. <br \/><\/strong>Les personnes qui ont un gros salaire<br \/>pourront partir \u00e0 la retraite plus t\u00f4t. <br \/>Les personnes qui ont un petit salaire<br \/>ne pourront pas se permettre de partir \u00e0 la retraite. <br \/>Elles devront travailler plus longtemps.<\/li><\/ol><p>Il y a de meilleures solutions. <br \/>Le PS a de meilleures propositions pour l\u2019AVS. <br \/>Il lance sa propre <u>initiative<\/u> sur l\u2019AVS.<\/p><p>Que pouvez-vous faire\u00a0?<\/p><p>Dites <strong>NON<\/strong> le 25\u00a0septembre\u00a02022 aux votations sur l\u2019AVS.<\/p><p>Sur le bulletin de vote, il est \u00e9crit\u00a0:<\/p><p>Acceptez-vous l\u2019arr\u00eat\u00e9 f\u00e9d\u00e9ral du 17\u00a0d\u00e9cembre\u00a02021 sur le financement additionnel de l\u2019AVS par le biais d\u2019un rel\u00e8vement de la TVA\u00a0?<\/p><p>et<\/p><p>Acceptez-vous la modification du 17\u00a0d\u00e9cembre\u00a02021 de la loi f\u00e9d\u00e9rale sur l\u2019assurance-vieillesse et survivants (LAVS) (AVS 21)\u00a0?<\/p><p>R\u00e9pondez alors\u00a0: <strong>NON<\/strong><\/p><p>&nbsp;<\/p><p>&nbsp;<\/p><p>Explication des mots soulign\u00e9s<\/p><p><strong>Initiative<\/strong> <br \/>On prononce \u00ab\u00a0ini-ssia-tive\u00a0\u00bb<\/p><p>En Suisse, quand des personnes veulent changer quelque chose,<br \/>elles peuvent le faire par une initiative. <br \/>Elles expliquent dans un texte ce qu\u2019elles veulent changer.<\/p><p>Puis, elles cherchent d\u2019autres personnes<br \/>qui ont aussi envie de changer cette chose. <br \/>Ces personnes doivent signer l\u2019initiative.<\/p><p>Ensuite, le peuple peut donner son avis en votant. <br \/>Autrement dit\u00a0: tous les Suisses peuvent dire<br \/>s\u2019ils sont d\u2019accord avec ce que propose l\u2019initiative.<\/p><p>On appelle cela initiative populaire.<\/p><p><strong>TVA<\/strong><br \/>TVA est l\u2019abr\u00e9viation de <strong>T<\/strong>axe sur la <strong>V<\/strong>aleur <strong>A<\/strong>jout\u00e9e.<br \/>Toutes les personnes et les entreprises en Suisse<br \/>doivent verser de l\u2019argent \u00e0 l\u2019<u>\u00c9tat.<\/u> <br \/>Ce sont les imp\u00f4ts.<\/p><p>La taxe sur la valeur ajout\u00e9e est un imp\u00f4t particulier.<\/p><p>La population paie la TVA quand elle ach\u00e8te des produits. <br \/>Par exemple\u00a0:<\/p><p>Une personne ach\u00e8te une table. <br \/>Cette table co\u00fbte 1000 francs. <br \/>La personne doit encore payer la TVA pour la table. <br \/>La TVA pour la table s\u2019\u00e9l\u00e8ve \u00e0 77 francs. <br \/>La personne paie donc 1077 francs pour la table.<\/p><p><strong>PS<br \/><\/strong>PS est l\u2019abr\u00e9viation de Parti socialiste suisse.<\/p><\/div><\/div><\/div>\t\t\t\t<\/div>\n\t\t\t\t<\/div>\n\t\t\t\t\t<\/div>\n\t\t<\/div>\n\t\t\t\t\t<\/div>\n\t\t<\/section>\n\t\t\t\t<\/div>\n\t\t","protected":false},"excerpt":{"rendered":"<p>En langue simplifi\u00e9e: NON au d\u00e9mant\u00e8lement de l&#8217;AVS L\u2019AVS, c\u2019est quoi\u00a0? AVS est le nom d\u2019une assurance. AVS veut dire\u00a0: assurance-vieillesse et survivants. La lettre A est l\u2019abr\u00e9g\u00e9 d\u2019Assurance. La [&hellip;]<\/p>\n","protected":false},"author":64,"featured_media":0,"parent":0,"menu_order":0,"comment_status":"closed","ping_status":"closed","template":"","meta":{"footnotes":""},"class_list":["post-74061","page","type-page","status-publish","hentry"],"_links":{"self":[{"href":"https:\/\/www.sp-ps.ch\/fr\/wp-json\/wp\/v2\/pages\/74061","targetHints":{"allow":["GET"]}}],"collection":[{"href":"https:\/\/www.sp-ps.ch\/fr\/wp-json\/wp\/v2\/pages"}],"about":[{"href":"https:\/\/www.sp-ps.ch\/fr\/wp-json\/wp\/v2\/types\/page"}],"author":[{"embeddable":true,"href":"https:\/\/www.sp-ps.ch\/fr\/wp-json\/wp\/v2\/users\/64"}],"replies":[{"embeddable":true,"href":"https:\/\/www.sp-ps.ch\/fr\/wp-json\/wp\/v2\/comments?post=74061"}],"version-history":[{"count":7,"href":"https:\/\/www.sp-ps.ch\/fr\/wp-json\/wp\/v2\/pages\/74061\/revisions"}],"predecessor-version":[{"id":75160,"href":"https:\/\/www.sp-ps.ch\/fr\/wp-json\/wp\/v2\/pages\/74061\/revisions\/75160"}],"wp:attachment":[{"href":"https:\/\/www.sp-ps.ch\/fr\/wp-json\/wp\/v2\/media?parent=74061"}],"curies":[{"name":"wp","href":"https:\/\/api.w.org\/{rel}","templated":true}]}}