{"id":76198,"date":"2022-08-23T17:28:12","date_gmt":"2022-08-23T15:28:12","guid":{"rendered":"https:\/\/www.sp-ps.ch\/en-langage-simplifie-non-a-la-suppression-de-limpot-anticipe\/"},"modified":"2022-08-23T17:33:16","modified_gmt":"2022-08-23T15:33:16","slug":"en-langage-simplifie-non-a-la-suppression-de-limpot-anticipe","status":"publish","type":"page","link":"https:\/\/www.sp-ps.ch\/fr\/en-langage-simplifie-non-a-la-suppression-de-limpot-anticipe\/","title":{"rendered":"En langage simplifi\u00e9 : Non \u00e0 la suppression de l\u2019imp\u00f4t anticip\u00e9"},"content":{"rendered":"\t\t<div data-elementor-type=\"wp-page\" data-elementor-id=\"76198\" class=\"elementor elementor-76198 elementor-72986\" data-elementor-post-type=\"page\">\n\t\t\t\t\t\t<section class=\"elementor-section elementor-top-section elementor-element elementor-element-c121325 elementor-section-boxed elementor-section-height-default elementor-section-height-default\" data-id=\"c121325\" data-element_type=\"section\" data-settings=\"{&quot;jet_parallax_layout_list&quot;:[]}\">\n\t\t\t\t\t\t<div class=\"elementor-container elementor-column-gap-default\">\n\t\t\t\t\t<div class=\"elementor-column elementor-col-100 elementor-top-column elementor-element elementor-element-94318f1\" data-id=\"94318f1\" data-element_type=\"column\">\n\t\t\t<div class=\"elementor-widget-wrap elementor-element-populated\">\n\t\t\t\t\t\t<div class=\"elementor-element elementor-element-c6a6cf2 elementor-widget elementor-widget-spps_button_list\" data-id=\"c6a6cf2\" data-element_type=\"widget\" data-widget_type=\"spps_button_list.default\">\n\t\t\t\t<div class=\"elementor-widget-container\">\n\t\t\t\t\t<div class=\"button-list-wrapper   \"><div class=\"button-list-title\"><h2>En langage simplifi\u00e9 : Non \u00e0 la suppression de l\u2019imp\u00f4t anticip\u00e9<\/h2><\/div><div class=\"button-list-container\"><div class=\"button-list-text\"><p><strong>Explication des mots soulign\u00e9s<\/strong><\/p><p>Certains mots dans le texte sont soulign\u00e9s. <br \/>Par exemple <u>PS<\/u> ou <u>initiative<\/u>. <br \/>Cela veut dire que ces mots sont expliqu\u00e9s <br \/>\u00e0 la fin du texte.<\/p><p><strong>Qu\u2019est-ce que l\u2019imp\u00f4t anticip\u00e9\u00a0?<\/strong><\/p><p>Toutes les personnes et les entreprises en Suisse<br \/>doivent verser de l\u2019argent \u00e0 l\u2019<u>\u00c9tat.<\/u> <br \/>Ce sont les imp\u00f4ts.<\/p><p>L\u2019imp\u00f4t anticip\u00e9 est un imp\u00f4t particulier.<\/p><p>Les personnes et les entreprises doivent payer cet imp\u00f4t<br \/>quand elles gagnent de l\u2019argent d\u2019une mani\u00e8re particuli\u00e8re. <br \/>Par exemple, quand elles gagnent de l\u2019argent gr\u00e2ce aux <u>int\u00e9r\u00eats<\/u>.<\/p><p><strong>Pourquoi l\u2019imp\u00f4t anticip\u00e9 existe-t-il\u00a0?<\/strong> <br \/>Il arrive que les personnes et les entreprises donnent de fausses informations<br \/>quand elles remplissent leur d\u00e9claration d\u2019imp\u00f4t. <br \/>Elles mentionnent seulement une partie de leur <u>fortune,<\/u> par exemple. <br \/>Ce qui leur permet de payer moins d\u2019imp\u00f4ts. <br \/>On appelle cela la \u00ab\u00a0soustraction fiscale\u00a0\u00bb.<\/p><p>L\u2019imp\u00f4t anticip\u00e9 est l\u00e0 pour que les personnes et les entreprises<br \/>donnent des informations correctes. <br \/>Et paient tous leurs imp\u00f4ts.<\/p><p>Car si elles indiquent correctement leur fortune,<br \/>l\u2019imp\u00f4t anticip\u00e9 leur est rembours\u00e9.<\/p><p><strong>Votation du 25\u00a0septembre\u00a02022<\/strong><\/p><p>Le 25\u00a0septembre\u00a02022, la population suisse va voter<br \/>sur la suppression de l\u2019imp\u00f4t anticip\u00e9.<\/p><p>Le nom officiel de cette votation est\u00a0:<\/p><p>\u00ab\u00a0Modification de la loi f\u00e9d\u00e9rale sur l\u2019imp\u00f4t anticip\u00e9\u00a0\u00bb<\/p><p><strong>De quoi s\u2019agit-il\u00a0?<\/strong><\/p><p>La loi veut supprimer un certain type d\u2019imp\u00f4t anticip\u00e9. <br \/>Et les grandes entreprises vont avoir des avantages.<\/p><p><strong>Pourquoi le PS est contre la <\/strong><br \/><strong>suppression de l\u2019imp\u00f4t anticip\u00e9\u00a0?<\/strong><\/p><ul><li>Les grandes entreprises et les personnes riches payeront moins d\u2019imp\u00f4ts. <br \/>Elles auront des droits sp\u00e9ciaux. <br \/>Ce n\u2019est pas juste.<\/li><li>Car la population devra continuer de payer l\u2019imp\u00f4t anticip\u00e9.<\/li><li>Pour les personnes et les entreprises, il sera plus facile<br \/>de fournir de fausses informations aux imp\u00f4ts. <br \/>Ce n\u2019est pas juste. <br \/>Tout le monde doit indiquer correctement sa <u>fortune<br \/><\/u>et payer assez d\u2019imp\u00f4ts.<\/li><\/ul><p><strong>Que pouvez-vous faire\u00a0?<\/strong><\/p><p>Votez <strong>NON<\/strong> \u00e0 la suppression de l\u2019imp\u00f4t anticip\u00e9 le 25\u00a0septembre\u00a02022.<\/p><p>Sur le bulletin de vote, il est \u00e9crit\u00a0: <br \/>Acceptez-vous la modification du 17\u00a0d\u00e9cembre\u00a02021 de la loi f\u00e9d\u00e9rale sur l\u2019imp\u00f4t anticip\u00e9 (LIA) (Renforcement du march\u00e9 des capitaux de tiers)\u00a0?<\/p><p>\u00c9crivez alors\u00a0: <strong>NON<\/strong><\/p><p><strong>Explication des mots soulign\u00e9s<\/strong><\/p><p><strong>PS<br \/><\/strong>PS est l\u2019abr\u00e9viation de Parti socialiste suisse.<\/p><p><strong>\u00c9tat<\/strong><\/p><p>Un \u00c9tat regroupe un grand nombre de personnes sur un territoire.\u00a0 <br \/>Un \u00c9tat, c\u2019est un pays.<br \/>Par exemple\u00a0: la Suisse est un \u00c9tat.<\/p><p><strong>Fortune<\/strong> <br \/>La fortune, c\u2019est tout ce qu\u2019on poss\u00e8de<br \/>et qui a une certaine valeur.<br \/>Par exemple\u00a0:<\/p><ul><li>l\u2019argent<\/li><li>les bijoux et les objets pr\u00e9cieux<\/li><li>les maisons<\/li><li>les voitures<\/li><\/ul><p><strong>Int\u00e9r\u00eats<\/strong> <br \/>Une personne paie des int\u00e9r\u00eats,<br \/>quand elle emprunte de l\u2019argent. <br \/>\u00c0 une autre personne ou \u00e0 la banque, par exemple. <br \/>Elle donne donc de l\u2019argent pour<br \/>qu\u2019on lui pr\u00eate beaucoup d\u2019argent.<\/p><\/div><\/div><\/div>\t\t\t\t<\/div>\n\t\t\t\t<\/div>\n\t\t\t\t\t<\/div>\n\t\t<\/div>\n\t\t\t\t\t<\/div>\n\t\t<\/section>\n\t\t\t\t<\/div>\n\t\t","protected":false},"excerpt":{"rendered":"<p>En langage simplifi\u00e9 : Non \u00e0 la suppression de l\u2019imp\u00f4t anticip\u00e9 Explication des mots soulign\u00e9s Certains mots dans le texte sont soulign\u00e9s. Par exemple PS ou initiative. Cela veut dire [&hellip;]<\/p>\n","protected":false},"author":64,"featured_media":0,"parent":0,"menu_order":0,"comment_status":"closed","ping_status":"closed","template":"","meta":{"footnotes":""},"class_list":["post-76198","page","type-page","status-publish","hentry"],"_links":{"self":[{"href":"https:\/\/www.sp-ps.ch\/fr\/wp-json\/wp\/v2\/pages\/76198","targetHints":{"allow":["GET"]}}],"collection":[{"href":"https:\/\/www.sp-ps.ch\/fr\/wp-json\/wp\/v2\/pages"}],"about":[{"href":"https:\/\/www.sp-ps.ch\/fr\/wp-json\/wp\/v2\/types\/page"}],"author":[{"embeddable":true,"href":"https:\/\/www.sp-ps.ch\/fr\/wp-json\/wp\/v2\/users\/64"}],"replies":[{"embeddable":true,"href":"https:\/\/www.sp-ps.ch\/fr\/wp-json\/wp\/v2\/comments?post=76198"}],"version-history":[{"count":1,"href":"https:\/\/www.sp-ps.ch\/fr\/wp-json\/wp\/v2\/pages\/76198\/revisions"}],"predecessor-version":[{"id":76199,"href":"https:\/\/www.sp-ps.ch\/fr\/wp-json\/wp\/v2\/pages\/76198\/revisions\/76199"}],"wp:attachment":[{"href":"https:\/\/www.sp-ps.ch\/fr\/wp-json\/wp\/v2\/media?parent=76198"}],"curies":[{"name":"wp","href":"https:\/\/api.w.org\/{rel}","templated":true}]}}