{"id":81664,"date":"2022-10-06T15:47:58","date_gmt":"2022-10-06T13:47:58","guid":{"rendered":"https:\/\/www.sp-ps.ch\/?page_id=81664"},"modified":"2022-10-07T15:27:16","modified_gmt":"2022-10-07T13:27:16","slug":"protection-du-climat-merci","status":"publish","type":"page","link":"https:\/\/www.sp-ps.ch\/fr\/protection-du-climat-merci\/","title":{"rendered":"Merci pour votre commande !"},"content":{"rendered":"\t\t<div data-elementor-type=\"wp-page\" data-elementor-id=\"81664\" class=\"elementor elementor-81664 elementor-81663\" data-elementor-post-type=\"page\">\n\t\t\t\t\t\t<section class=\"elementor-section elementor-top-section elementor-element elementor-element-6a04e1b elementor-section-height-min-height elementor-section-items-top elementor-section-content-middle elementor-section-boxed elementor-section-height-default\" data-id=\"6a04e1b\" data-element_type=\"section\" data-settings=\"{&quot;jet_parallax_layout_list&quot;:[],&quot;background_background&quot;:&quot;slideshow&quot;,&quot;background_slideshow_gallery&quot;:[],&quot;background_slideshow_loop&quot;:&quot;yes&quot;,&quot;background_slideshow_slide_duration&quot;:5000,&quot;background_slideshow_slide_transition&quot;:&quot;fade&quot;,&quot;background_slideshow_transition_duration&quot;:500}\">\n\t\t\t\t\t\t\t<div class=\"elementor-background-overlay\"><\/div>\n\t\t\t\t\t\t\t<div class=\"elementor-container elementor-column-gap-no\">\n\t\t\t\t\t<div class=\"elementor-column elementor-col-100 elementor-top-column elementor-element elementor-element-68adfee\" data-id=\"68adfee\" data-element_type=\"column\">\n\t\t\t<div class=\"elementor-widget-wrap elementor-element-populated\">\n\t\t\t\t\t\t<section class=\"elementor-section elementor-inner-section elementor-element elementor-element-de45a7b elementor-section-content-top elementor-section-boxed elementor-section-height-default elementor-section-height-default\" data-id=\"de45a7b\" data-element_type=\"section\" data-settings=\"{&quot;jet_parallax_layout_list&quot;:[],&quot;background_background&quot;:&quot;classic&quot;}\">\n\t\t\t\t\t\t<div class=\"elementor-container elementor-column-gap-wide\">\n\t\t\t\t\t<div class=\"elementor-column elementor-col-100 elementor-inner-column elementor-element elementor-element-0122374\" data-id=\"0122374\" data-element_type=\"column\">\n\t\t\t<div class=\"elementor-widget-wrap elementor-element-populated\">\n\t\t\t\t\t\t<div class=\"elementor-element elementor-element-3d7759f elementor-widget elementor-widget-heading\" data-id=\"3d7759f\" data-element_type=\"widget\" data-widget_type=\"heading.default\">\n\t\t\t\t<div class=\"elementor-widget-container\">\n\t\t\t\t\t<h1 class=\"elementor-heading-title elementor-size-default\">KLIMA SCH\u00dcTZEN.<br>VERSORGUNG SICHERN.<\/h1>\t\t\t\t<\/div>\n\t\t\t\t<\/div>\n\t\t\t\t\t<\/div>\n\t\t<\/div>\n\t\t\t\t\t<\/div>\n\t\t<\/section>\n\t\t\t\t\t<\/div>\n\t\t<\/div>\n\t\t\t\t\t<\/div>\n\t\t<\/section>\n\t\t\t\t<section class=\"elementor-section elementor-top-section elementor-element elementor-element-5084e46 elementor-section-boxed elementor-section-height-default elementor-section-height-default\" data-id=\"5084e46\" data-element_type=\"section\" data-settings=\"{&quot;jet_parallax_layout_list&quot;:[],&quot;background_background&quot;:&quot;classic&quot;}\">\n\t\t\t\t\t\t<div class=\"elementor-container elementor-column-gap-wide\">\n\t\t\t\t\t<div class=\"elementor-column elementor-col-100 elementor-top-column elementor-element elementor-element-217a95f\" data-id=\"217a95f\" data-element_type=\"column\" data-settings=\"{&quot;background_background&quot;:&quot;classic&quot;}\">\n\t\t\t<div class=\"elementor-widget-wrap elementor-element-populated\">\n\t\t\t\t\t\t<div class=\"elementor-element elementor-element-1c5c45b elementor-widget elementor-widget-heading\" data-id=\"1c5c45b\" data-element_type=\"widget\" data-widget_type=\"heading.default\">\n\t\t\t\t<div class=\"elementor-widget-container\">\n\t\t\t\t\t<h3 class=\"elementor-heading-title elementor-size-default\">Merci pour votre commande<\/h3>\t\t\t\t<\/div>\n\t\t\t\t<\/div>\n\t\t\t\t<div class=\"elementor-element elementor-element-ebc92f1 elementor-widget elementor-widget-spacer\" data-id=\"ebc92f1\" data-element_type=\"widget\" data-widget_type=\"spacer.default\">\n\t\t\t\t<div class=\"elementor-widget-container\">\n\t\t\t\t\t\t\t<div class=\"elementor-spacer\">\n\t\t\t<div class=\"elementor-spacer-inner\"><\/div>\n\t\t<\/div>\n\t\t\t\t\t\t<\/div>\n\t\t\t\t<\/div>\n\t\t\t\t<div class=\"elementor-element elementor-element-ef5f66b elementor-widget elementor-widget-text-editor\" data-id=\"ef5f66b\" data-element_type=\"widget\" data-widget_type=\"text-editor.default\">\n\t\t\t\t<div class=\"elementor-widget-container\">\n\t\t\t\t\t\t\t\t\t<p>Les sacs seront livr\u00e9s par la poste \u00e0 la mi-novembre.\u00a0<\/p><p>Avez-vous encore un peu de temps ? Partagez notre appel avec votre entourage. Nous pourrons ainsi attirer l&#8217;attention d&#8217;un plus grand nombre de personnes :<\/p>\t\t\t\t\t\t\t\t<\/div>\n\t\t\t\t<\/div>\n\t\t\t\t<div class=\"elementor-element elementor-element-4d4175c elementor-widget__width-auto elementor-widget elementor-widget-button\" data-id=\"4d4175c\" data-element_type=\"widget\" data-widget_type=\"button.default\">\n\t\t\t\t<div class=\"elementor-widget-container\">\n\t\t\t\t\t\t\t\t\t<div class=\"elementor-button-wrapper\">\n\t\t\t\t\t<a class=\"elementor-button elementor-button-link elementor-size-sm\" href=\"https:\/\/www.facebook.com\/sharer\/sharer.php?u=http:\/\/klimafonds.spschweiz.ch\" target=\"_blank\">\n\t\t\t\t\t\t<span class=\"elementor-button-content-wrapper\">\n\t\t\t\t\t\t\t\t\t<span class=\"elementor-button-text\">Facebook<\/span>\n\t\t\t\t\t<\/span>\n\t\t\t\t\t<\/a>\n\t\t\t\t<\/div>\n\t\t\t\t\t\t\t\t<\/div>\n\t\t\t\t<\/div>\n\t\t\t\t<div class=\"elementor-element elementor-element-3d1e814 elementor-widget__width-auto elementor-widget elementor-widget-button\" data-id=\"3d1e814\" data-element_type=\"widget\" data-widget_type=\"button.default\">\n\t\t\t\t<div class=\"elementor-widget-container\">\n\t\t\t\t\t\t\t\t\t<div class=\"elementor-button-wrapper\">\n\t\t\t\t\t<a class=\"elementor-button elementor-button-link elementor-size-sm\" href=\"https:\/\/api.whatsapp.com\/send?text=Der%20Klimaschutz%20ist%20die%20gr%C3%B6sste%20Aufgabe%20unserer%20Generation.%20Diese%20Herausforderung%20k%C3%B6nnen%20wir%20nur%20mit%20einer%20gerechten%20und%20gemeinschaftlichen%20L%C3%B6sung%20richtig%20anpacken.%20Darum%20habe%20ich%20eben%20die%20Klimafonds-Initiative%20unterschrieben.%20Machst%20du%20auch%20mit%3F%20http%3A%2F%2Fklimafonds.spschweiz.ch%2F\" target=\"_blank\">\n\t\t\t\t\t\t<span class=\"elementor-button-content-wrapper\">\n\t\t\t\t\t\t\t\t\t<span class=\"elementor-button-text\">WhatsApp<\/span>\n\t\t\t\t\t<\/span>\n\t\t\t\t\t<\/a>\n\t\t\t\t<\/div>\n\t\t\t\t\t\t\t\t<\/div>\n\t\t\t\t<\/div>\n\t\t\t\t<div class=\"elementor-element elementor-element-9d8ac29 elementor-widget__width-auto elementor-widget elementor-widget-button\" data-id=\"9d8ac29\" data-element_type=\"widget\" data-widget_type=\"button.default\">\n\t\t\t\t<div class=\"elementor-widget-container\">\n\t\t\t\t\t\t\t\t\t<div class=\"elementor-button-wrapper\">\n\t\t\t\t\t<a class=\"elementor-button elementor-button-link elementor-size-sm\" href=\"https:\/\/twitter.com\/intent\/tweet?text=Der%20Klimaschutz%20ist%20die%20gr%C3%B6sste%20Aufgabe%20unserer%20Generation.%20Diese%20Herausforderung%20k%C3%B6nnen%20wir%20nur%20mit%20einer%20gerechten%20und%20gemeinschaftlichen%20L%C3%B6sung%20richtig%20anpacken.%20Darum%20habe%20ich%20eben%20die%20Klimafonds-Initiative%20unterschrieben.%20Machst%20du%20auch%20mit%3F%20http%3A%2F%2Fklimafonds.spschweiz.ch%2F\" target=\"_blank\">\n\t\t\t\t\t\t<span class=\"elementor-button-content-wrapper\">\n\t\t\t\t\t\t\t\t\t<span class=\"elementor-button-text\">Twitter<\/span>\n\t\t\t\t\t<\/span>\n\t\t\t\t\t<\/a>\n\t\t\t\t<\/div>\n\t\t\t\t\t\t\t\t<\/div>\n\t\t\t\t<\/div>\n\t\t\t\t\t<\/div>\n\t\t<\/div>\n\t\t\t\t\t<\/div>\n\t\t<\/section>\n\t\t\t\t<section class=\"elementor-section elementor-top-section elementor-element elementor-element-df3e05e elementor-section-boxed elementor-section-height-default elementor-section-height-default\" data-id=\"df3e05e\" data-element_type=\"section\" data-settings=\"{&quot;jet_parallax_layout_list&quot;:[],&quot;background_background&quot;:&quot;classic&quot;}\">\n\t\t\t\t\t\t<div class=\"elementor-container elementor-column-gap-wide\">\n\t\t\t\t\t<div class=\"elementor-column elementor-col-100 elementor-top-column elementor-element elementor-element-5a319dd\" data-id=\"5a319dd\" data-element_type=\"column\">\n\t\t\t<div class=\"elementor-widget-wrap elementor-element-populated\">\n\t\t\t\t\t\t<div class=\"elementor-element elementor-element-8ef43ff elementor-widget elementor-widget-text-editor\" data-id=\"8ef43ff\" data-element_type=\"widget\" data-widget_type=\"text-editor.default\">\n\t\t\t\t<div class=\"elementor-widget-container\">\n\t\t\t\t\t\t\t\t\t<p>Vous nous soutenez par un don ?<\/p>\t\t\t\t\t\t\t\t<\/div>\n\t\t\t\t<\/div>\n\t\t\t\t<div class=\"elementor-element elementor-element-24db90d elementor-widget elementor-widget-html\" data-id=\"24db90d\" data-element_type=\"widget\" data-widget_type=\"html.default\">\n\t\t\t\t<div class=\"elementor-widget-container\">\n\t\t\t\t\t<div class=\"rnw-widget-container\"><\/div>\n<script src=\"https:\/\/tamaro.raisenow.com\/sp-schweiz\/latest\/widget.js\"><\/script>\n<script>\n  window.rnw.tamaro.runWidget(\".rnw-widget-container\", {\n    \/***************Settings**************\/\n\n    \/\/ Sprache w\u00e4hlen (de,fr,it)\n    language: \"de\",\n\n    \/\/ Kampagnen-ID setzen (Projekt-UID aus Sextant)\n    purposeDetails: {\n      p1: {\n        stored_campaign_id: 30729253,\n      },\n    },\n\n    \/\/ Purpose (p1) in allen Sprachen hinterlegen\n    translations: {\n      de: {\n        purposes: {\n          p1: \"Klimafonds-Initiative\",\n        },\n        payment_methods: {\n          dd: \"Lastschriftenverfahren (LSV\/DD)\",\n        },\n        blocks: {\n          payment_amounts_and_intervals: {\n            payment_types: {\n              setup_recurring_payment:\n                \"Ich m\u00f6chte regelm\u00e4ssig spenden (Klima-Gruppe)\",\n            },\n          },\n        },\n      },\n      fr: {\n        purposes: {\n          p1: \"Initiative pour un fonds climat\",\n        },\n        payment_methods: {\n          dd: \"Recouvrement direct (LSV\/DD)\",\n        },\n        blocks: {\n          payment_amounts_and_intervals: {\n            payment_types: {\n              setup_recurring_payment:\n                \"Je souhaite mettre en place un paiement r\u00e9gulier (Groupe climat)\",\n            },\n          },\n        },\n      },\n      it: {\n        purposes: {\n          p1: \"Iniziativa per un fondo per il clima\",\n        },\n        payment_methods: {\n          dd: \"Addebito diretto (LSV\/DD)\",\n        },\n        blocks: {\n          payment_amounts_and_intervals: {\n            payment_types: {\n              setup_recurring_payment:\n                \"Voglio effettuare una donazione ricorrente (Gruppo clima)\",\n            },\n          },\n        },\n      },\n    },\n\n    \/\/ Standard-Betr\u00e4ge setzen\n    amounts: [\n      {\n        if: \"paymentType() == onetime\",\n        then: [40, 100, 200, 400],\n      },\n      {\n        if: \"recurringInterval() == monthly && paymentType() == recurring\",\n        then: [6, 12, 30, 60],\n      },\n      {\n        if: \"recurringInterval() == quarterly && paymentType() == recurring\",\n        then: [18, 36, 90, 180],\n      },\n      {\n        if: \"recurringInterval() == semestral && paymentType() == recurring\",\n        then: [36, 72, 180, 360],\n      },\n      {\n        if: \"recurringInterval() == yearly && paymentType() == recurring\",\n        then: [72, 144, 360, 720],\n      },\n    ],\n\n    \/\/ Regelm\u00e4ssige Spenden aktivieren (optional)\n    paymentTypes: [\"onetime\", \"recurring\"],\n\n    \/\/ Stored_hidden_parameter aktivieren und setzen (optional)\n    paymentFormPrefill: {\n      stored_customer_email_permission: true,\n      stored_customer_donation_receipt: true,\n      stored_customer_country: \"CH\",\n      stored_sxt_address_source: \"1008\",\n      stored_sxt_product_id: \"4101133\",\n      \/\/stored_hidden_parameter: 'myValue',\n    },\n\n    \/\/ Sonstige Konfigurationen (nur bei begr\u00fcndetem Bedarf anpassen)\n    testMode: false,\n    debug: false,\n    purposes: [\"p1\"],\n    showStoredCustomerEmailPermission: false,\n    coverFeePercentage: [\n      {\n        if: \"amount() < 937.5\",\n        then: 3.2,\n        else: 0,\n      },\n    ],\n    coverFeeFixed: [\n      {\n        if: \"amount() >= 937.5\",\n        then: 30,\n        else: 0,\n      },\n    ],\n    \/\/minimumCustomAmount: [15],\n    \/\/allowCustomAmount: true,\n    \/\/layout: 'list',\n  });\n<\/script>\n\n<style>\n  \/*Prim\u00e4rfarben anpassen (optional)*\/\n  :root {\n    --tamaro-primary-color: #e4002b;\n    --tamaro-primary-color__hover: rgba(228, 0, 43, 0.75);\n    --tamaro-primary-bg-color: rgba(228, 0, 43, 0.03);\n    --tamaro-border-color: #b5b5b5;\n    \/*font-size: inherit;*\/\n  }\n<\/style>\n\n\t\t\t\t<\/div>\n\t\t\t\t<\/div>\n\t\t\t\t<div class=\"elementor-element elementor-element-bb8a1b4 elementor-widget elementor-widget-spacer\" data-id=\"bb8a1b4\" data-element_type=\"widget\" data-widget_type=\"spacer.default\">\n\t\t\t\t<div class=\"elementor-widget-container\">\n\t\t\t\t\t\t\t<div class=\"elementor-spacer\">\n\t\t\t<div class=\"elementor-spacer-inner\"><\/div>\n\t\t<\/div>\n\t\t\t\t\t\t<\/div>\n\t\t\t\t<\/div>\n\t\t\t\t\t<\/div>\n\t\t<\/div>\n\t\t\t\t\t<\/div>\n\t\t<\/section>\n\t\t\t\t<section class=\"elementor-section elementor-top-section elementor-element elementor-element-ab82e2e elementor-section-boxed elementor-section-height-default elementor-section-height-default\" data-id=\"ab82e2e\" data-element_type=\"section\" data-settings=\"{&quot;jet_parallax_layout_list&quot;:[],&quot;background_background&quot;:&quot;classic&quot;}\">\n\t\t\t\t\t\t<div class=\"elementor-container elementor-column-gap-no\">\n\t\t\t\t\t<div class=\"elementor-column elementor-col-100 elementor-top-column elementor-element elementor-element-e06d4e1\" data-id=\"e06d4e1\" data-element_type=\"column\">\n\t\t\t<div class=\"elementor-widget-wrap elementor-element-populated\">\n\t\t\t\t\t\t<section class=\"elementor-section elementor-inner-section elementor-element elementor-element-89a7138 elementor-section-boxed elementor-section-height-default elementor-section-height-default\" data-id=\"89a7138\" data-element_type=\"section\" data-settings=\"{&quot;jet_parallax_layout_list&quot;:[]}\">\n\t\t\t\t\t\t<div class=\"elementor-container elementor-column-gap-wide\">\n\t\t\t\t\t<div class=\"elementor-column elementor-col-50 elementor-inner-column elementor-element elementor-element-b51d9a7\" data-id=\"b51d9a7\" data-element_type=\"column\">\n\t\t\t<div class=\"elementor-widget-wrap elementor-element-populated\">\n\t\t\t\t\t\t<div class=\"elementor-element elementor-element-e960d33 elementor-widget__width-auto elementor-widget elementor-widget-image\" data-id=\"e960d33\" data-element_type=\"widget\" data-widget_type=\"image.default\">\n\t\t\t\t<div class=\"elementor-widget-container\">\n\t\t\t\t\t\t\t\t\t\t\t\t\t\t\t\t<a href=\"https:\/\/www.sp-ps.ch\/fr\/\">\n\t\t\t\t\t\t\t<img fetchpriority=\"high\" decoding=\"async\" width=\"800\" height=\"848\" src=\"https:\/\/www.sp-ps.ch\/wp-content\/uploads\/2022\/08\/PS_f_Logo_blanc-966x1024.png\" class=\"attachment-large size-large wp-image-31652\" alt=\"\" srcset=\"https:\/\/www.sp-ps.ch\/wp-content\/uploads\/2022\/08\/PS_f_Logo_blanc-966x1024.png 966w, https:\/\/www.sp-ps.ch\/wp-content\/uploads\/2022\/08\/PS_f_Logo_blanc-283x300.png 283w, https:\/\/www.sp-ps.ch\/wp-content\/uploads\/2022\/08\/PS_f_Logo_blanc-768x814.png 768w\" sizes=\"(max-width: 800px) 100vw, 800px\" \/>\t\t\t\t\t\t\t\t<\/a>\n\t\t\t\t\t\t\t\t\t\t\t\t\t\t\t<\/div>\n\t\t\t\t<\/div>\n\t\t\t\t<div class=\"elementor-element elementor-element-f59d52b el-menu-language-switcher elementor-widget elementor-widget-shortcode\" data-id=\"f59d52b\" data-element_type=\"widget\" data-widget_type=\"shortcode.default\">\n\t\t\t\t<div class=\"elementor-widget-container\">\n\t\t\t\t\t\t\t<div class=\"elementor-shortcode\">\n<div role=\"navigation\" aria-label=\"S\u00e9lecteur de langue\" class=\"wpml-ls-statics-shortcode_actions wpml-ls wpml-ls-legacy-list-horizontal\">\n\t<ul><li class=\"wpml-ls-slot-shortcode_actions wpml-ls-item wpml-ls-item-de wpml-ls-first-item wpml-ls-item-legacy-list-horizontal\">\n\t\t\t\t<a href=\"https:\/\/www.sp-ps.ch\/\" hreflang=\"de\" lang=\"de\" class=\"wpml-ls-link\" aria-label=\"Passer \u00e0 DE\" title=\"Passer \u00e0 DE\">\n\t\t\t\t\t<span class=\"wpml-ls-display\">DE<\/span><\/a>\n\t\t\t<\/li><li class=\"wpml-ls-slot-shortcode_actions wpml-ls-item wpml-ls-item-fr wpml-ls-current-language wpml-ls-item-legacy-list-horizontal\">\n\t\t\t\t<a href=\"https:\/\/www.sp-ps.ch\/fr\/\" hreflang=\"fr\" lang=\"fr\" class=\"wpml-ls-link\" aria-current=\"page\" aria-label=\"Passer \u00e0 FR\" title=\"Passer \u00e0 FR\">\n\t\t\t\t\t<span class=\"wpml-ls-native\">FR<\/span><\/a>\n\t\t\t<\/li><li class=\"wpml-ls-slot-shortcode_actions wpml-ls-item wpml-ls-item-it wpml-ls-last-item wpml-ls-item-legacy-list-horizontal\">\n\t\t\t\t<a href=\"https:\/\/www.sp-ps.ch\/it\/\" hreflang=\"it\" lang=\"it\" class=\"wpml-ls-link\" aria-label=\"Passer \u00e0 IT\" title=\"Passer \u00e0 IT\">\n\t\t\t\t\t<span class=\"wpml-ls-display\">IT<\/span><\/a>\n\t\t\t<\/li><\/ul>\n<\/div>\n<\/div>\n\t\t\t\t\t\t<\/div>\n\t\t\t\t<\/div>\n\t\t\t\t\t<\/div>\n\t\t<\/div>\n\t\t\t\t<div class=\"elementor-column elementor-col-50 elementor-inner-column elementor-element elementor-element-3ed6221\" data-id=\"3ed6221\" data-element_type=\"column\">\n\t\t\t<div class=\"elementor-widget-wrap elementor-element-populated\">\n\t\t\t\t\t\t<div class=\"elementor-element elementor-element-7ffa8d8 elementor-shape-square e-grid-align-right elementor-grid-0 elementor-widget elementor-widget-social-icons\" data-id=\"7ffa8d8\" data-element_type=\"widget\" data-widget_type=\"social-icons.default\">\n\t\t\t\t<div class=\"elementor-widget-container\">\n\t\t\t\t\t\t\t<div class=\"elementor-social-icons-wrapper elementor-grid\" role=\"list\">\n\t\t\t\t\t\t\t<span class=\"elementor-grid-item\" role=\"listitem\">\n\t\t\t\t\t<a class=\"elementor-icon elementor-social-icon elementor-social-icon-facebook elementor-repeater-item-cc3e664\" href=\"https:\/\/www.facebook.com\/sharer\/sharer.php?u=http:\/\/klimafonds.spschweiz.ch\" target=\"_blank\">\n\t\t\t\t\t\t<span class=\"elementor-screen-only\">Facebook<\/span>\n\t\t\t\t\t\t<i aria-hidden=\"true\" class=\"fab fa-facebook\"><\/i>\t\t\t\t\t<\/a>\n\t\t\t\t<\/span>\n\t\t\t\t\t\t\t<span class=\"elementor-grid-item\" role=\"listitem\">\n\t\t\t\t\t<a class=\"elementor-icon elementor-social-icon elementor-social-icon-whatsapp elementor-repeater-item-58dc402\" href=\"https:\/\/api.whatsapp.com\/send?text=Der%20Klimaschutz%20ist%20die%20gr%C3%B6sste%20Aufgabe%20unserer%20Generation.%20Diese%20Herausforderung%20k%C3%B6nnen%20wir%20nur%20mit%20einer%20gerechten%20und%20gemeinschaftlichen%20L%C3%B6sung%20richtig%20anpacken.%20Darum%20habe%20ich%20eben%20die%20Klimafonds-Initiative%20unterschrieben.%20Machst%20du%20auch%20mit%3F%20http%3A%2F%2Fklimafonds.spschweiz.ch%2F\" target=\"_blank\">\n\t\t\t\t\t\t<span class=\"elementor-screen-only\">Whatsapp<\/span>\n\t\t\t\t\t\t<i aria-hidden=\"true\" class=\"fab fa-whatsapp\"><\/i>\t\t\t\t\t<\/a>\n\t\t\t\t<\/span>\n\t\t\t\t\t\t\t<span class=\"elementor-grid-item\" role=\"listitem\">\n\t\t\t\t\t<a class=\"elementor-icon elementor-social-icon elementor-social-icon-twitter elementor-repeater-item-089140d\" href=\"https:\/\/twitter.com\/intent\/tweet?text=Der%20Klimaschutz%20ist%20die%20gr%C3%B6sste%20Aufgabe%20unserer%20Generation.%20Diese%20Herausforderung%20k%C3%B6nnen%20wir%20nur%20mit%20einer%20gerechten%20und%20gemeinschaftlichen%20L%C3%B6sung%20richtig%20anpacken.%20Darum%20habe%20ich%20eben%20die%20Klimafonds-Initiative%20unterschrieben.%20Machst%20du%20auch%20mit%3F%20http%3A%2F%2Fklimafonds.spschweiz.ch%2F\" target=\"_blank\">\n\t\t\t\t\t\t<span class=\"elementor-screen-only\">Twitter<\/span>\n\t\t\t\t\t\t<i aria-hidden=\"true\" class=\"fab fa-twitter\"><\/i>\t\t\t\t\t<\/a>\n\t\t\t\t<\/span>\n\t\t\t\t\t<\/div>\n\t\t\t\t\t\t<\/div>\n\t\t\t\t<\/div>\n\t\t\t\t\t<\/div>\n\t\t<\/div>\n\t\t\t\t\t<\/div>\n\t\t<\/section>\n\t\t\t\t\t<\/div>\n\t\t<\/div>\n\t\t\t\t\t<\/div>\n\t\t<\/section>\n\t\t\t\t<\/div>\n\t\t","protected":false},"excerpt":{"rendered":"<p>KLIMA SCH\u00dcTZEN. VERSORGUNG SICHERN. Merci pour votre commande Les sacs seront livr\u00e9s par la poste \u00e0 la mi-novembre.&nbsp; Avez-vous encore un peu de temps ? Partagez notre appel avec votre [&hellip;]<\/p>\n","protected":false},"author":17,"featured_media":0,"parent":0,"menu_order":1,"comment_status":"closed","ping_status":"closed","template":"elementor_canvas","meta":{"footnotes":""},"class_list":["post-81664","page","type-page","status-publish","hentry"],"_links":{"self":[{"href":"https:\/\/www.sp-ps.ch\/fr\/wp-json\/wp\/v2\/pages\/81664","targetHints":{"allow":["GET"]}}],"collection":[{"href":"https:\/\/www.sp-ps.ch\/fr\/wp-json\/wp\/v2\/pages"}],"about":[{"href":"https:\/\/www.sp-ps.ch\/fr\/wp-json\/wp\/v2\/types\/page"}],"author":[{"embeddable":true,"href":"https:\/\/www.sp-ps.ch\/fr\/wp-json\/wp\/v2\/users\/17"}],"replies":[{"embeddable":true,"href":"https:\/\/www.sp-ps.ch\/fr\/wp-json\/wp\/v2\/comments?post=81664"}],"version-history":[{"count":9,"href":"https:\/\/www.sp-ps.ch\/fr\/wp-json\/wp\/v2\/pages\/81664\/revisions"}],"predecessor-version":[{"id":81893,"href":"https:\/\/www.sp-ps.ch\/fr\/wp-json\/wp\/v2\/pages\/81664\/revisions\/81893"}],"wp:attachment":[{"href":"https:\/\/www.sp-ps.ch\/fr\/wp-json\/wp\/v2\/media?parent=81664"}],"curies":[{"name":"wp","href":"https:\/\/api.w.org\/{rel}","templated":true}]}}