{"id":84686,"date":"2022-11-08T14:50:18","date_gmt":"2022-11-08T13:50:18","guid":{"rendered":"https:\/\/www.sp-ps.ch\/?page_id=84686"},"modified":"2023-09-02T11:32:45","modified_gmt":"2023-09-02T09:32:45","slug":"protection-du-climat-et-securite-de-lapprovisionnement","status":"publish","type":"page","link":"https:\/\/www.sp-ps.ch\/fr\/protection-du-climat-et-securite-de-lapprovisionnement\/","title":{"rendered":"Protection du climat et s\u00e9curit\u00e9 de l\u2019approvisionnement"},"content":{"rendered":"\t\t<div data-elementor-type=\"wp-page\" data-elementor-id=\"84686\" class=\"elementor elementor-84686 elementor-83313\" data-elementor-post-type=\"page\">\n\t\t\t\t\t\t<section class=\"elementor-section elementor-top-section elementor-element elementor-element-b36e4de elementor-section-boxed elementor-section-height-default elementor-section-height-default\" data-id=\"b36e4de\" data-element_type=\"section\" data-settings=\"{&quot;jet_parallax_layout_list&quot;:[],&quot;background_background&quot;:&quot;classic&quot;}\">\n\t\t\t\t\t\t<div class=\"elementor-container elementor-column-gap-wide\">\n\t\t\t\t\t<div class=\"elementor-column elementor-col-100 elementor-top-column elementor-element elementor-element-c250573\" data-id=\"c250573\" data-element_type=\"column\">\n\t\t\t<div class=\"elementor-widget-wrap elementor-element-populated\">\n\t\t\t\t\t\t<div class=\"elementor-element elementor-element-ca6d057 elementor-widget elementor-widget-heading\" data-id=\"ca6d057\" data-element_type=\"widget\" data-widget_type=\"heading.default\">\n\t\t\t\t<div class=\"elementor-widget-container\">\n\t\t\t\t\t<h1 class=\"elementor-heading-title elementor-size-default\">Protection du climat et s\u00e9curit\u00e9 de l\u2019approvisionnement<\/h1>\t\t\t\t<\/div>\n\t\t\t\t<\/div>\n\t\t\t\t<div class=\"elementor-element elementor-element-c16c1d9 elementor-widget elementor-widget-jet-breadcrumbs\" data-id=\"c16c1d9\" data-element_type=\"widget\" data-widget_type=\"jet-breadcrumbs.default\">\n\t\t\t\t<div class=\"elementor-widget-container\">\n\t\t\t\t\t<div class=\"elementor-jet-breadcrumbs jet-blocks\">\n\t\t<div class=\"jet-breadcrumbs\">\n\t\t<div class=\"jet-breadcrumbs__content\">\n\t\t<div class=\"jet-breadcrumbs__wrap\">\n\t\t<\/div>\n\t\t<\/div>\n\t\t<\/div><\/div>\t\t\t\t<\/div>\n\t\t\t\t<\/div>\n\t\t\t\t<div class=\"elementor-element elementor-element-9b39272 elementor-widget__width-initial elementor-widget elementor-widget-text-editor\" data-id=\"9b39272\" data-element_type=\"widget\" data-widget_type=\"text-editor.default\">\n\t\t\t\t<div class=\"elementor-widget-container\">\n\t\t\t\t\t\t\t\t\t<h3><span style=\"color: #ffffff;\"><span style=\"font-family: var( --e-global-typography-text-font-family ), Sans-serif; font-size: var( --e-global-typography-text-font-size ); font-weight: normal;\">Prot\u00e9ger le climat ou en subir les cons\u00e9quences : il y a urgence. Nous prenons parti pour la protection du climat et la s\u00e9curit\u00e9 de l\u2019approvisionnement.\u00a0<\/span><\/span><\/h3>\t\t\t\t\t\t\t\t<\/div>\n\t\t\t\t<\/div>\n\t\t\t\t\t<\/div>\n\t\t<\/div>\n\t\t\t\t\t<\/div>\n\t\t<\/section>\n\t\t\t\t<section class=\"elementor-section elementor-top-section elementor-element elementor-element-fcde720 elementor-section-boxed elementor-section-height-default elementor-section-height-default\" data-id=\"fcde720\" data-element_type=\"section\" data-settings=\"{&quot;jet_parallax_layout_list&quot;:[]}\">\n\t\t\t\t\t\t<div class=\"elementor-container elementor-column-gap-default\">\n\t\t\t\t\t<div class=\"elementor-column elementor-col-100 elementor-top-column elementor-element elementor-element-3626ef0\" data-id=\"3626ef0\" data-element_type=\"column\">\n\t\t\t<div class=\"elementor-widget-wrap elementor-element-populated\">\n\t\t\t\t\t\t<div class=\"elementor-element elementor-element-4304c45 elementor-widget__width-auto elementor-widget elementor-widget-image\" data-id=\"4304c45\" data-element_type=\"widget\" data-widget_type=\"image.default\">\n\t\t\t\t<div class=\"elementor-widget-container\">\n\t\t\t\t\t\t\t\t\t\t\t\t\t\t\t<img fetchpriority=\"high\" decoding=\"async\" width=\"800\" height=\"534\" src=\"https:\/\/www.sp-ps.ch\/wp-content\/uploads\/2023\/09\/Klimaschutz_1920x1282_s-w-1024x684.webp\" class=\"attachment-large size-large wp-image-111119\" alt=\"\" srcset=\"https:\/\/www.sp-ps.ch\/wp-content\/uploads\/2023\/09\/Klimaschutz_1920x1282_s-w-1024x684.webp 1024w, https:\/\/www.sp-ps.ch\/wp-content\/uploads\/2023\/09\/Klimaschutz_1920x1282_s-w-300x200.webp 300w, https:\/\/www.sp-ps.ch\/wp-content\/uploads\/2023\/09\/Klimaschutz_1920x1282_s-w-768x513.webp 768w, https:\/\/www.sp-ps.ch\/wp-content\/uploads\/2023\/09\/Klimaschutz_1920x1282_s-w-1536x1026.webp 1536w, https:\/\/www.sp-ps.ch\/wp-content\/uploads\/2023\/09\/Klimaschutz_1920x1282_s-w.webp 1920w\" sizes=\"(max-width: 800px) 100vw, 800px\" \/>\t\t\t\t\t\t\t\t\t\t\t\t\t\t\t<\/div>\n\t\t\t\t<\/div>\n\t\t\t\t\t<\/div>\n\t\t<\/div>\n\t\t\t\t\t<\/div>\n\t\t<\/section>\n\t\t\t\t<section class=\"elementor-section elementor-top-section elementor-element elementor-element-685e6b7 elementor-section-boxed elementor-section-height-default elementor-section-height-default\" data-id=\"685e6b7\" data-element_type=\"section\" data-settings=\"{&quot;jet_parallax_layout_list&quot;:[]}\">\n\t\t\t\t\t\t<div class=\"elementor-container elementor-column-gap-default\">\n\t\t\t\t\t<div class=\"elementor-column elementor-col-100 elementor-top-column elementor-element elementor-element-6a9e19b\" data-id=\"6a9e19b\" data-element_type=\"column\">\n\t\t\t<div class=\"elementor-widget-wrap elementor-element-populated\">\n\t\t\t\t\t\t<div class=\"elementor-element elementor-element-283d72b elementor-widget elementor-widget-spps_title_text\" data-id=\"283d72b\" data-element_type=\"widget\" data-widget_type=\"spps_title_text.default\">\n\t\t\t\t<div class=\"elementor-widget-container\">\n\t\t\t\t\t<div class=\"title-text-wrapper \"><div class=\"title-text-title\"><h2>La raison de notre engagement<\/h2><\/div><div class=\"title-text-container\"><div class=\"title-text-text\"><p>Nous sommes confront\u00e9-es aux deux plus grands d\u00e9fis de notre temps : la protection du climat et la s\u00e9curit\u00e9 d\u2019approvisionnement \u00e9nerg\u00e9tique. Ensemble, nous pourrons les relever.<\/p><p>Deux p\u00f4les s\u2019affrontent : d\u2019un c\u00f4t\u00e9, les grandes multinationales, qui n\u2019h\u00e9sitent pas \u00e0 polluer au nom du profit, sans consid\u00e9ration pour le changement climatique. De l\u2019autre, les pays du Sud, qui en subissent directement les cons\u00e9quences : vagues de chaleur, s\u00e9cheresses et inondations.<\/p><p>Quant \u00e0 la Suisse, sa bonne gestion du recyclage est un arbre qui ne suffit plus \u00e0 cacher la for\u00eat. Ann\u00e9e apr\u00e8s ann\u00e9e, les classements mondiaux sont limpides : la Suisse importe, consomme, \u00e9met et pollue \u00e0 des niveaux d\u00e9mesur\u00e9s. Le fait que la Suisse d\u00e9pende totalement des r\u00e9serves de p\u00e9trole et de gaz de dictateurs est alarmant. Le PS Suisse combat cette d\u00e9pendance depuis plus de 40 ans.<\/p><p>Nous devons agir sans plus tarder. Dans le combat pour la protection du climat, les mesures politiques doivent viser la production d\u2019\u00e9nergie indig\u00e8ne ainsi qu\u2019une place financi\u00e8re durable pour la Suisse. Le quart des actifs mondiaux sont g\u00e9r\u00e9s sur notre territoire : la fa\u00e7on dont cet argent est investi influence le climat mondial et conf\u00e8re \u00e0 la Suisse une responsabilit\u00e9 environnementale de premi\u00e8re ligne.<\/p><\/div><\/div><\/div>\t\t\t\t<\/div>\n\t\t\t\t<\/div>\n\t\t\t\t\t<\/div>\n\t\t<\/div>\n\t\t\t\t\t<\/div>\n\t\t<\/section>\n\t\t\t\t<section class=\"elementor-section elementor-top-section elementor-element elementor-element-cf47990 elementor-section-boxed elementor-section-height-default elementor-section-height-default\" data-id=\"cf47990\" data-element_type=\"section\" data-settings=\"{&quot;jet_parallax_layout_list&quot;:[]}\">\n\t\t\t\t\t\t<div class=\"elementor-container elementor-column-gap-default\">\n\t\t\t\t\t<div class=\"elementor-column elementor-col-100 elementor-top-column elementor-element elementor-element-1aff24d\" data-id=\"1aff24d\" data-element_type=\"column\">\n\t\t\t<div class=\"elementor-widget-wrap elementor-element-populated\">\n\t\t\t\t\t\t<div class=\"elementor-element elementor-element-b83c948 elementor-widget elementor-widget-spps_call_to_action\" data-id=\"b83c948\" data-element_type=\"widget\" data-widget_type=\"spps_call_to_action.default\">\n\t\t\t\t<div class=\"elementor-widget-container\">\n\t\t\t\t\t<div class=\"call-to-action-wrapper  \" style=\"background:#E4002B\" ><div class=\"call-to-action-title\"><h2>Notre initiative pour un fonds climat<\/h2><\/div><div class=\"call-to-action-container\"><div class=\"call-to-action-text\"><p>Notre initiative pour un fonds climat demande des investissements publics massifs au service du renouveau \u00e9cologique de la Suisse. Nous voulons l\u2019installation de panneaux solaires, l\u2018assainissement des b\u00e2timents ainsi que le d\u00e9veloppement des transports publics sur tout le territoire.<\/p><\/div><div class=\"call-to-action-buttons call-to-action-buttons-left\"><div class=\"button-wrapper \"><a href=\"https:\/\/www.sp-ps.ch\/fr\/campagne\/fondsclimat\/\"  target=\"_self\" class=\"button-link button-link-default\"  style='color:#E4002B' onMouseOver=\"this.style.color='white';this.style.background='#E4002B'\" onMouseOut=\"this.style.color='#E4002B';this.style.background='#EBEBEB'\">Plus d'information<\/a><\/div><\/div><\/div><\/div>\t\t\t\t<\/div>\n\t\t\t\t<\/div>\n\t\t\t\t\t<\/div>\n\t\t<\/div>\n\t\t\t\t\t<\/div>\n\t\t<\/section>\n\t\t\t\t<section class=\"elementor-section elementor-top-section elementor-element elementor-element-a4d324e elementor-section-boxed elementor-section-height-default elementor-section-height-default\" data-id=\"a4d324e\" data-element_type=\"section\" data-settings=\"{&quot;jet_parallax_layout_list&quot;:[]}\">\n\t\t\t\t\t\t<div class=\"elementor-container elementor-column-gap-default\">\n\t\t\t\t\t<div class=\"elementor-column elementor-col-100 elementor-top-column elementor-element elementor-element-85f1dc2\" data-id=\"85f1dc2\" data-element_type=\"column\">\n\t\t\t<div class=\"elementor-widget-wrap\">\n\t\t\t\t\t\t\t<\/div>\n\t\t<\/div>\n\t\t\t\t\t<\/div>\n\t\t<\/section>\n\t\t\t\t<section class=\"elementor-section elementor-top-section elementor-element elementor-element-6cd7215 elementor-section-boxed elementor-section-height-default elementor-section-height-default\" data-id=\"6cd7215\" data-element_type=\"section\" data-settings=\"{&quot;jet_parallax_layout_list&quot;:[]}\">\n\t\t\t\t\t\t<div class=\"elementor-container elementor-column-gap-default\">\n\t\t\t\t\t<div class=\"elementor-column elementor-col-100 elementor-top-column elementor-element elementor-element-b2b9759\" data-id=\"b2b9759\" data-element_type=\"column\">\n\t\t\t<div class=\"elementor-widget-wrap elementor-element-populated\">\n\t\t\t\t\t\t<div class=\"elementor-element elementor-element-744d20d elementor-widget elementor-widget-spps_title_text\" data-id=\"744d20d\" data-element_type=\"widget\" data-widget_type=\"spps_title_text.default\">\n\t\t\t\t<div class=\"elementor-widget-container\">\n\t\t\t\t\t<div class=\"title-text-wrapper \"><div class=\"title-text-title\"><h2>Des mod\u00e8les \u00e9prouv\u00e9s<\/h2><\/div><div class=\"title-text-container\"><div class=\"title-text-text\"><p>En fondant l\u2019AVS, les g\u00e9n\u00e9rations pr\u00e9c\u00e9dentes ont su apporter une solution solidaire, efficace et viable \u00e0 la probl\u00e9matique de la pauvret\u00e9 des personnes \u00e2g\u00e9es. Quant \u00e0 la cr\u00e9ation des CFF, elle d\u00e9montre la formidable port\u00e9e des progr\u00e8s engendr\u00e9s gr\u00e2ce aux investissements publics.<\/p><p>Le combat contre la crise climatique pourrait jouir des m\u00eames avanc\u00e9es. Si les changements au niveau individuel ont toute leur importance, ils ne suffiront pas \u00e0 redresser la situation \u00e0 eux seuls. La crise climatique demande la mise en place d\u2019efforts collectifs, tels que des investissements publics massifs en faveur de la protection environnementale et de la s\u00e9curit\u00e9 d\u2019approvisionnement.<\/p><p>D\u00e9ploy\u00e9 au service de la construction de panneaux solaires, de la r\u00e9novation des b\u00e2timents et du d\u00e9veloppement des transports publics dans toute la Suisse, un fonds climat sert aussi la pr\u00e9servation de la biodiversit\u00e9. Il permettra \u00e9galement de financer la formation continue et la reconversion professionnelle. La protection du climat a besoin d\u2019actions fortes, qui g\u00e9n\u00e8rent en retour du commerce local, des emplois stables et plus de prosp\u00e9rit\u00e9.<\/p><\/div><\/div><\/div>\t\t\t\t<\/div>\n\t\t\t\t<\/div>\n\t\t\t\t<div class=\"elementor-element elementor-element-b0941ad elementor-widget elementor-widget-spps_title_text\" data-id=\"b0941ad\" data-element_type=\"widget\" data-widget_type=\"spps_title_text.default\">\n\t\t\t\t<div class=\"elementor-widget-container\">\n\t\t\t\t\t<div class=\"title-text-wrapper \"><div class=\"title-text-title\"><h2>D\u00e9velopper les \u00e9nergies renouvelables<\/h2><\/div><div class=\"title-text-container\"><div class=\"title-text-text\"><p>Le plus rapidement possible, nous devons amorcer un plan de sortie des \u00e9nergies fossiles. Il est primordial de devenir ind\u00e9pendant-es du p\u00e9trole, du gaz et de l\u2019uranium, afin que la Suisse ne soit plus soumise aux chantages des dictateurs.<\/p><\/div><\/div><\/div>\t\t\t\t<\/div>\n\t\t\t\t<\/div>\n\t\t\t\t\t<\/div>\n\t\t<\/div>\n\t\t\t\t\t<\/div>\n\t\t<\/section>\n\t\t\t\t<section class=\"elementor-section elementor-top-section elementor-element elementor-element-5eb3881 elementor-section-boxed elementor-section-height-default elementor-section-height-default\" data-id=\"5eb3881\" data-element_type=\"section\" data-settings=\"{&quot;jet_parallax_layout_list&quot;:[]}\">\n\t\t\t\t\t\t<div class=\"elementor-container elementor-column-gap-default\">\n\t\t\t\t\t<div class=\"elementor-column elementor-col-100 elementor-top-column elementor-element elementor-element-1fe7539\" data-id=\"1fe7539\" data-element_type=\"column\">\n\t\t\t<div class=\"elementor-widget-wrap elementor-element-populated\">\n\t\t\t\t\t\t<div class=\"elementor-element elementor-element-0660c5e elementor-widget elementor-widget-spps_title_text\" data-id=\"0660c5e\" data-element_type=\"widget\" data-widget_type=\"spps_title_text.default\">\n\t\t\t\t<div class=\"elementor-widget-container\">\n\t\t\t\t\t<div class=\"title-text-wrapper \"><div class=\"title-text-title\"><h2>Une place financi\u00e8re tourn\u00e9e vers l\u2019avenir<\/h2><\/div><div class=\"title-text-container\"><div class=\"title-text-text\"><p>En outre, nous voulons que les progr\u00e8s r\u00e9alis\u00e9s en Suisse soient p\u00e9rennis\u00e9s, et non pas an\u00e9antis par les d\u00e9rives d\u2019une place financi\u00e8re obnubil\u00e9e par les profits. Nous souhaitons voir la Suisse mettre un terme aux investissements d\u00e9sastreux pour les objectifs climatiques, la biodiversit\u00e9 et les droits humains.\u00a0<\/p><\/div><\/div><\/div>\t\t\t\t<\/div>\n\t\t\t\t<\/div>\n\t\t\t\t\t<\/div>\n\t\t<\/div>\n\t\t\t\t\t<\/div>\n\t\t<\/section>\n\t\t\t\t<section class=\"elementor-section elementor-top-section elementor-element elementor-element-bdcd459 elementor-section-boxed elementor-section-height-default elementor-section-height-default\" data-id=\"bdcd459\" data-element_type=\"section\" data-settings=\"{&quot;jet_parallax_layout_list&quot;:[]}\">\n\t\t\t\t\t\t<div class=\"elementor-container elementor-column-gap-default\">\n\t\t\t\t\t<div class=\"elementor-column elementor-col-100 elementor-top-column elementor-element elementor-element-4281ce3\" data-id=\"4281ce3\" data-element_type=\"column\">\n\t\t\t<div class=\"elementor-widget-wrap elementor-element-populated\">\n\t\t\t\t\t\t<div class=\"elementor-element elementor-element-1a73c4e elementor-widget elementor-widget-spps_call_to_action\" data-id=\"1a73c4e\" data-element_type=\"widget\" data-widget_type=\"spps_call_to_action.default\">\n\t\t\t\t<div class=\"elementor-widget-container\">\n\t\t\t\t\t<div class=\"call-to-action-wrapper  \" style=\"background:#E4002B\" ><div class=\"call-to-action-title\"><h2>Plateforme \u00e9lectorale 2023<\/h2><\/div><div class=\"call-to-action-container\"><div class=\"call-to-action-text\"><div class=\"button-list-title\"><p><span style=\"font-size: 16px;\">Court, concis &amp; clair : informe-toi sur nos principaux th\u00e8mes pour les \u00e9lections au Conseil national et au Conseil des \u00c9tats de 2023.<\/span><\/p><\/div><\/div><div class=\"call-to-action-buttons call-to-action-buttons-left\"><div class=\"button-wrapper \"><a href=\"https:\/\/www.sp-ps.ch\/wp-content\/uploads\/2022\/11\/230425_SPS_Wahlplattform_Broschure_A5_FR_ONLINE.pdf\"  target=\"_self\" class=\"button-link button-link-download\"  style='color:#E4002B' onMouseOver=\"this.style.color='white';this.style.background='#E4002B'\" onMouseOut=\"this.style.color='#E4002B';this.style.background='#EBEBEB'\">Notre plateforme \u00e9lectorale<\/a><\/div><\/div><\/div><\/div>\t\t\t\t<\/div>\n\t\t\t\t<\/div>\n\t\t\t\t\t<\/div>\n\t\t<\/div>\n\t\t\t\t\t<\/div>\n\t\t<\/section>\n\t\t\t\t<\/div>\n\t\t","protected":false},"excerpt":{"rendered":"<p>Protection du climat et s\u00e9curit\u00e9 de l\u2019approvisionnement Prot\u00e9ger le climat ou en subir les cons\u00e9quences : il y a urgence. Nous prenons parti pour la protection du climat et la [&hellip;]<\/p>\n","protected":false},"author":50,"featured_media":0,"parent":0,"menu_order":0,"comment_status":"closed","ping_status":"closed","template":"","meta":{"footnotes":""},"class_list":["post-84686","page","type-page","status-publish","hentry"],"_links":{"self":[{"href":"https:\/\/www.sp-ps.ch\/fr\/wp-json\/wp\/v2\/pages\/84686","targetHints":{"allow":["GET"]}}],"collection":[{"href":"https:\/\/www.sp-ps.ch\/fr\/wp-json\/wp\/v2\/pages"}],"about":[{"href":"https:\/\/www.sp-ps.ch\/fr\/wp-json\/wp\/v2\/types\/page"}],"author":[{"embeddable":true,"href":"https:\/\/www.sp-ps.ch\/fr\/wp-json\/wp\/v2\/users\/50"}],"replies":[{"embeddable":true,"href":"https:\/\/www.sp-ps.ch\/fr\/wp-json\/wp\/v2\/comments?post=84686"}],"version-history":[{"count":28,"href":"https:\/\/www.sp-ps.ch\/fr\/wp-json\/wp\/v2\/pages\/84686\/revisions"}],"predecessor-version":[{"id":111407,"href":"https:\/\/www.sp-ps.ch\/fr\/wp-json\/wp\/v2\/pages\/84686\/revisions\/111407"}],"wp:attachment":[{"href":"https:\/\/www.sp-ps.ch\/fr\/wp-json\/wp\/v2\/media?parent=84686"}],"curies":[{"name":"wp","href":"https:\/\/api.w.org\/{rel}","templated":true}]}}