{"id":84705,"date":"2022-11-08T15:57:44","date_gmt":"2022-11-08T14:57:44","guid":{"rendered":"https:\/\/www.sp-ps.ch\/?page_id=84705"},"modified":"2022-11-09T12:03:54","modified_gmt":"2022-11-09T11:03:54","slug":"pauvrete-exclusion-et-mepris","status":"publish","type":"page","link":"https:\/\/www.sp-ps.ch\/fr\/pauvrete-exclusion-et-mepris\/","title":{"rendered":"Pauvret\u00e9, exclusion et m\u00e9pris"},"content":{"rendered":"\t\t<div data-elementor-type=\"wp-page\" data-elementor-id=\"84705\" class=\"elementor elementor-84705 elementor-83404\" data-elementor-post-type=\"page\">\n\t\t\t\t\t\t<section class=\"elementor-section elementor-top-section elementor-element elementor-element-6551d2f elementor-section-boxed elementor-section-height-default elementor-section-height-default\" data-id=\"6551d2f\" data-element_type=\"section\" data-settings=\"{&quot;jet_parallax_layout_list&quot;:[],&quot;background_background&quot;:&quot;classic&quot;}\">\n\t\t\t\t\t\t<div class=\"elementor-container elementor-column-gap-wide\">\n\t\t\t\t\t<div class=\"elementor-column elementor-col-100 elementor-top-column elementor-element elementor-element-e9c3373\" data-id=\"e9c3373\" data-element_type=\"column\">\n\t\t\t<div class=\"elementor-widget-wrap elementor-element-populated\">\n\t\t\t\t\t\t<div class=\"elementor-element elementor-element-e7a7e4d elementor-widget elementor-widget-heading\" data-id=\"e7a7e4d\" data-element_type=\"widget\" data-widget_type=\"heading.default\">\n\t\t\t\t<div class=\"elementor-widget-container\">\n\t\t\t\t\t<h1 class=\"elementor-heading-title elementor-size-default\">Pauvret\u00e9, exclusion et m\u00e9pris<\/h1>\t\t\t\t<\/div>\n\t\t\t\t<\/div>\n\t\t\t\t<div class=\"elementor-element elementor-element-c294f79 elementor-widget elementor-widget-jet-breadcrumbs\" data-id=\"c294f79\" data-element_type=\"widget\" data-widget_type=\"jet-breadcrumbs.default\">\n\t\t\t\t<div class=\"elementor-widget-container\">\n\t\t\t\t\t<div class=\"elementor-jet-breadcrumbs jet-blocks\">\n\t\t<div class=\"jet-breadcrumbs\">\n\t\t<div class=\"jet-breadcrumbs__content\">\n\t\t<div class=\"jet-breadcrumbs__wrap\">\n\t\t<\/div>\n\t\t<\/div>\n\t\t<\/div><\/div>\t\t\t\t<\/div>\n\t\t\t\t<\/div>\n\t\t\t\t<div class=\"elementor-element elementor-element-71e202a elementor-widget__width-initial elementor-widget elementor-widget-text-editor\" data-id=\"71e202a\" data-element_type=\"widget\" data-widget_type=\"text-editor.default\">\n\t\t\t\t<div class=\"elementor-widget-container\">\n\t\t\t\t\t\t\t\t\t<p>Pour certaines personnes, un ticket d\u2019entr\u00e9e pour la piscine est un luxe. Nous prenons parti pour la fin de la pauvret\u00e9, de l\u2019exclusion et du m\u00e9pris.\u00a0<\/p>\t\t\t\t\t\t\t\t<\/div>\n\t\t\t\t<\/div>\n\t\t\t\t\t<\/div>\n\t\t<\/div>\n\t\t\t\t\t<\/div>\n\t\t<\/section>\n\t\t\t\t<section class=\"elementor-section elementor-top-section elementor-element elementor-element-796f653 elementor-section-boxed elementor-section-height-default elementor-section-height-default\" data-id=\"796f653\" data-element_type=\"section\" data-settings=\"{&quot;jet_parallax_layout_list&quot;:[]}\">\n\t\t\t\t\t\t<div class=\"elementor-container elementor-column-gap-default\">\n\t\t\t\t\t<div class=\"elementor-column elementor-col-100 elementor-top-column elementor-element elementor-element-7aa7993\" data-id=\"7aa7993\" data-element_type=\"column\">\n\t\t\t<div class=\"elementor-widget-wrap elementor-element-populated\">\n\t\t\t\t\t\t\t<\/div>\n\t\t<\/div>\n\t\t\t\t\t<\/div>\n\t\t<\/section>\n\t\t\t\t<section class=\"elementor-section elementor-top-section elementor-element elementor-element-7b76a29 elementor-section-boxed elementor-section-height-default elementor-section-height-default\" data-id=\"7b76a29\" data-element_type=\"section\" data-settings=\"{&quot;jet_parallax_layout_list&quot;:[]}\">\n\t\t\t\t\t\t<div class=\"elementor-container elementor-column-gap-default\">\n\t\t\t\t\t<div class=\"elementor-column elementor-col-100 elementor-top-column elementor-element elementor-element-29e2850\" data-id=\"29e2850\" data-element_type=\"column\">\n\t\t\t<div class=\"elementor-widget-wrap elementor-element-populated\">\n\t\t\t\t\t\t<div class=\"elementor-element elementor-element-50b16dc elementor-widget elementor-widget-spps_title_text\" data-id=\"50b16dc\" data-element_type=\"widget\" data-widget_type=\"spps_title_text.default\">\n\t\t\t\t<div class=\"elementor-widget-container\">\n\t\t\t\t\t<div class=\"title-text-wrapper \"><div class=\"title-text-title\"><h2>La raison de notre engagement<\/h2><\/div><div class=\"title-text-container\"><div class=\"title-text-text\"><p>En Suisse, 1,3 million de personnes sont contraintes de surveiller leurs d\u00e9penses, au centime pr\u00e8s. Bien souvent, on les tient pour \u00ab responsables \u00bb de leur propre situation et trop \u00ab fain\u00e9antes \u00bb pour en sortir. Malheureusement, personne n\u2019est \u00e0 l\u2019abri d\u2019une perte d\u2019emploi, d\u2019un accident, d\u2019une crise \u00e9conomique, d\u2019un divorce ou de tout autre situation de d\u00e9tresse. La pauvret\u00e9 peut toucher n\u2019importe qui. C\u2019est pr\u00e9cis\u00e9ment la raison pour laquelle nous devons la combattre ensemble plut\u00f4t que la condamner. Voulons-nous d\u2019une soci\u00e9t\u00e9 o\u00f9 certains parents doivent refuser \u00e0 leur enfant un ticket d\u2019entr\u00e9e \u00e0 la piscine, faute de moyens ? Les personnes sans passeport suisse devraient-elles risquer l\u2019expulsion pour avoir touch\u00e9 l\u2019aide sociale ? Le PS Suisse s\u2019engage pour la fin de la pauvret\u00e9, dans une soci\u00e9t\u00e9 o\u00f9 l\u2019humanit\u00e9 pr\u00e9vaut sur l\u2019indiff\u00e9rence. Nous voulons veiller \u00e0 ce qu\u2019aucune personne ne soit laiss\u00e9e de c\u00f4t\u00e9.<\/p><\/div><\/div><\/div>\t\t\t\t<\/div>\n\t\t\t\t<\/div>\n\t\t\t\t\t<\/div>\n\t\t<\/div>\n\t\t\t\t\t<\/div>\n\t\t<\/section>\n\t\t\t\t<section class=\"elementor-section elementor-top-section elementor-element elementor-element-448d644 elementor-section-boxed elementor-section-height-default elementor-section-height-default\" data-id=\"448d644\" data-element_type=\"section\" data-settings=\"{&quot;jet_parallax_layout_list&quot;:[]}\">\n\t\t\t\t\t\t<div class=\"elementor-container elementor-column-gap-default\">\n\t\t\t\t\t<div class=\"elementor-column elementor-col-100 elementor-top-column elementor-element elementor-element-c22eaef\" data-id=\"c22eaef\" data-element_type=\"column\">\n\t\t\t<div class=\"elementor-widget-wrap elementor-element-populated\">\n\t\t\t\t\t\t<div class=\"elementor-element elementor-element-b7b71a1 elementor-widget elementor-widget-spps_button_list\" data-id=\"b7b71a1\" data-element_type=\"widget\" data-widget_type=\"spps_button_list.default\">\n\t\t\t\t<div class=\"elementor-widget-container\">\n\t\t\t\t\t<div class=\"button-list-wrapper   \"><div class=\"button-list-title\"><h3>Comment atteindre notre objectif<\/h3><\/div><div class=\"button-list-container\"><div class=\"button-list-text\"><p>Nous ne voulons pas d\u2019une politique qui lutte contre les pauvres : c\u2019est la pauvret\u00e9 que nous combattons. Nous nous engageons pour une soci\u00e9t\u00e9 o\u00f9 tout le monde jouit des m\u00eames droits.<\/p><\/div><\/div><\/div>\t\t\t\t<\/div>\n\t\t\t\t<\/div>\n\t\t\t\t\t<\/div>\n\t\t<\/div>\n\t\t\t\t\t<\/div>\n\t\t<\/section>\n\t\t\t\t<section class=\"elementor-section elementor-top-section elementor-element elementor-element-e2f4b2d elementor-section-boxed elementor-section-height-default elementor-section-height-default\" data-id=\"e2f4b2d\" data-element_type=\"section\" data-settings=\"{&quot;jet_parallax_layout_list&quot;:[]}\">\n\t\t\t\t\t\t<div class=\"elementor-container elementor-column-gap-default\">\n\t\t\t\t\t<div class=\"elementor-column elementor-col-100 elementor-top-column elementor-element elementor-element-2dac723\" data-id=\"2dac723\" data-element_type=\"column\">\n\t\t\t<div class=\"elementor-widget-wrap elementor-element-populated\">\n\t\t\t\t\t\t<div class=\"elementor-element elementor-element-23ae69d elementor-widget elementor-widget-spps_title_text\" data-id=\"23ae69d\" data-element_type=\"widget\" data-widget_type=\"spps_title_text.default\">\n\t\t\t\t<div class=\"elementor-widget-container\">\n\t\t\t\t\t<div class=\"title-text-wrapper \"><div class=\"title-text-title\"><h3>Salaires et pr\u00e9carit\u00e9 : une invraisemblance \u00e0 \u00e9radiquer<\/h3><\/div><div class=\"title-text-container\"><div class=\"title-text-text\"><p>Bien qu\u2019elles travaillent, de trop nombreuses personnes restent pauvres. Au sein d\u2019une soci\u00e9t\u00e9 aussi prosp\u00e8re que la n\u00f4tre, cette dichotomie absurde n\u2019a plus lieu d\u2019\u00eatre : nous exigeons des salaires minimums. Au-del\u00e0 de notre lutte contre les emplois pr\u00e9caires, nous nous engageons avec les syndicats pour des conventions collectives de travail fortes. Il faut aussi une protection contre le licenciement des employ\u00e9-es \u00e2g\u00e9-es. L\u2019aide sociale doit, elle, revenir \u00e0 sa raison premi\u00e8re : aider les gens plut\u00f4t que de les tourmenter.<\/p><\/div><\/div><\/div>\t\t\t\t<\/div>\n\t\t\t\t<\/div>\n\t\t\t\t\t<\/div>\n\t\t<\/div>\n\t\t\t\t\t<\/div>\n\t\t<\/section>\n\t\t\t\t<section class=\"elementor-section elementor-top-section elementor-element elementor-element-5128c70 elementor-section-boxed elementor-section-height-default elementor-section-height-default\" data-id=\"5128c70\" data-element_type=\"section\" data-settings=\"{&quot;jet_parallax_layout_list&quot;:[]}\">\n\t\t\t\t\t\t<div class=\"elementor-container elementor-column-gap-default\">\n\t\t\t\t\t<div class=\"elementor-column elementor-col-100 elementor-top-column elementor-element elementor-element-4ae5ccf\" data-id=\"4ae5ccf\" data-element_type=\"column\">\n\t\t\t<div class=\"elementor-widget-wrap elementor-element-populated\">\n\t\t\t\t\t\t<div class=\"elementor-element elementor-element-2a533db elementor-widget elementor-widget-spps_title_text\" data-id=\"2a533db\" data-element_type=\"widget\" data-widget_type=\"spps_title_text.default\">\n\t\t\t\t<div class=\"elementor-widget-container\">\n\t\t\t\t\t<div class=\"title-text-wrapper \"><div class=\"title-text-title\"><h3>Le travail ne doit pas menacer la sant\u00e9<\/h3><\/div><div class=\"title-text-container\"><div class=\"title-text-text\"><p>La pression et le stress au travail ne font qu\u2019augmenter : les probl\u00e8mes psychiques qui en r\u00e9sultent sont un fl\u00e9au de notre \u00e9poque. Les personnes concern\u00e9es doivent \u00eatre mieux soutenues et prot\u00e9g\u00e9es. Nous voulons une assurance-invalidit\u00e9 qui accompagne et soulage efficacement celles et ceux qui en ont besoin.<\/p><\/div><\/div><\/div>\t\t\t\t<\/div>\n\t\t\t\t<\/div>\n\t\t\t\t\t<\/div>\n\t\t<\/div>\n\t\t\t\t\t<\/div>\n\t\t<\/section>\n\t\t\t\t<section class=\"elementor-section elementor-top-section elementor-element elementor-element-d8d0888 elementor-section-boxed elementor-section-height-default elementor-section-height-default\" data-id=\"d8d0888\" data-element_type=\"section\" data-settings=\"{&quot;jet_parallax_layout_list&quot;:[]}\">\n\t\t\t\t\t\t<div class=\"elementor-container elementor-column-gap-default\">\n\t\t\t\t\t<div class=\"elementor-column elementor-col-100 elementor-top-column elementor-element elementor-element-9d5a2b1\" data-id=\"9d5a2b1\" data-element_type=\"column\">\n\t\t\t<div class=\"elementor-widget-wrap elementor-element-populated\">\n\t\t\t\t\t\t<div class=\"elementor-element elementor-element-e15b7f9 elementor-widget elementor-widget-spps_title_text\" data-id=\"e15b7f9\" data-element_type=\"widget\" data-widget_type=\"spps_title_text.default\">\n\t\t\t\t<div class=\"elementor-widget-container\">\n\t\t\t\t\t<div class=\"title-text-wrapper \"><div class=\"title-text-title\"><h3>Nous veillons \u00e0 ce que personne ne reste seul<\/h3><\/div><div class=\"title-text-container\"><div class=\"title-text-text\"><p>En Suisse, environ 133 000 enfants sont touch\u00e9-es par la pauvret\u00e9. Celles et ceux<br \/>qui d\u00e9marrent la vie avec ce fardeau sont plus susceptibles de le porter jusqu\u2019\u00e0 l\u2019\u00e2ge adulte. C\u2019est pourquoi nous voulons des allocations familiales qui les prot\u00e8gent, ainsi que les familles monoparentales, de la pauvret\u00e9.<\/p><p>Dans notre soci\u00e9t\u00e9, celles et ceux qui n\u2019ont pas ou peu d\u2019argent son marginalis\u00e9-es. C\u2019est le cas des migrant-es et des sans-papiers, particuli\u00e8rement touch\u00e9-es par ce ph\u00e9nom\u00e8ne. Pour ces personnes, la pauvret\u00e9 repr\u00e9sente un double risque puisqu\u2019elles risquent l\u2019expulsion en cas de recours \u00e0 l\u2019aide sociale, peu importe depuis quand ces personnes vivent et travaillent en Suisse. Nous demandons donc une r\u00e9vision de la loi concernant le droit de s\u00e9jour.<\/p><\/div><\/div><\/div>\t\t\t\t<\/div>\n\t\t\t\t<\/div>\n\t\t\t\t\t<\/div>\n\t\t<\/div>\n\t\t\t\t\t<\/div>\n\t\t<\/section>\n\t\t\t\t<section class=\"elementor-section elementor-top-section elementor-element elementor-element-8b9e230 elementor-section-boxed elementor-section-height-default elementor-section-height-default\" data-id=\"8b9e230\" data-element_type=\"section\" data-settings=\"{&quot;jet_parallax_layout_list&quot;:[]}\">\n\t\t\t\t\t\t<div class=\"elementor-container elementor-column-gap-default\">\n\t\t\t\t\t<div class=\"elementor-column elementor-col-100 elementor-top-column elementor-element elementor-element-1ae3757\" data-id=\"1ae3757\" data-element_type=\"column\">\n\t\t\t<div class=\"elementor-widget-wrap\">\n\t\t\t\t\t\t\t<\/div>\n\t\t<\/div>\n\t\t\t\t\t<\/div>\n\t\t<\/section>\n\t\t\t\t<\/div>\n\t\t","protected":false},"excerpt":{"rendered":"<p>Pauvret\u00e9, exclusion et m\u00e9pris Pour certaines personnes, un ticket d\u2019entr\u00e9e pour la piscine est un luxe. Nous prenons parti pour la fin de la pauvret\u00e9, de l\u2019exclusion et du m\u00e9pris.\u00a0 [&hellip;]<\/p>\n","protected":false},"author":50,"featured_media":0,"parent":0,"menu_order":0,"comment_status":"closed","ping_status":"closed","template":"","meta":{"footnotes":""},"class_list":["post-84705","page","type-page","status-publish","hentry"],"_links":{"self":[{"href":"https:\/\/www.sp-ps.ch\/fr\/wp-json\/wp\/v2\/pages\/84705","targetHints":{"allow":["GET"]}}],"collection":[{"href":"https:\/\/www.sp-ps.ch\/fr\/wp-json\/wp\/v2\/pages"}],"about":[{"href":"https:\/\/www.sp-ps.ch\/fr\/wp-json\/wp\/v2\/types\/page"}],"author":[{"embeddable":true,"href":"https:\/\/www.sp-ps.ch\/fr\/wp-json\/wp\/v2\/users\/50"}],"replies":[{"embeddable":true,"href":"https:\/\/www.sp-ps.ch\/fr\/wp-json\/wp\/v2\/comments?post=84705"}],"version-history":[{"count":7,"href":"https:\/\/www.sp-ps.ch\/fr\/wp-json\/wp\/v2\/pages\/84705\/revisions"}],"predecessor-version":[{"id":84754,"href":"https:\/\/www.sp-ps.ch\/fr\/wp-json\/wp\/v2\/pages\/84705\/revisions\/84754"}],"wp:attachment":[{"href":"https:\/\/www.sp-ps.ch\/fr\/wp-json\/wp\/v2\/media?parent=84705"}],"curies":[{"name":"wp","href":"https:\/\/api.w.org\/{rel}","templated":true}]}}