{"id":85208,"date":"2022-11-16T17:13:28","date_gmt":"2022-11-16T16:13:28","guid":{"rendered":"https:\/\/www.sp-ps.ch\/?page_id=85208"},"modified":"2023-03-16T08:07:17","modified_gmt":"2023-03-16T07:07:17","slug":"faire-un-don-pour-la-loi-sur-la-protection-du-climat-2","status":"publish","type":"page","link":"https:\/\/www.sp-ps.ch\/fr\/faire-un-don\/faire-un-don-pour-la-loi-sur-la-protection-du-climat-2\/","title":{"rendered":"Faire un don pour la loi sur la protection du climat !"},"content":{"rendered":"\t\t<div data-elementor-type=\"wp-post\" data-elementor-id=\"85208\" class=\"elementor elementor-85208 elementor-85207\" data-elementor-post-type=\"page\">\n\t\t\t\t\t\t<section class=\"elementor-section elementor-top-section elementor-element elementor-element-62f6b133e8df9 elementor-section-boxed elementor-section-height-default elementor-section-height-default\" data-id=\"62f6b133e8df9\" data-element_type=\"section\" data-settings=\"{&quot;jet_parallax_layout_list&quot;:[],&quot;background_background&quot;:&quot;classic&quot;}\">\n\t\t\t\t\t\t<div class=\"elementor-container elementor-column-gap-wide\">\n\t\t\t\t\t<div class=\"elementor-column elementor-col-100 elementor-top-column elementor-element elementor-element-62f6b133e8dfa\" data-id=\"62f6b133e8dfa\" data-element_type=\"column\">\n\t\t\t<div class=\"elementor-widget-wrap elementor-element-populated\">\n\t\t\t\t\t\t<div class=\"elementor-element elementor-element-62f6b133e8d6a elementor-widget elementor-widget-heading\" data-id=\"62f6b133e8d6a\" data-element_type=\"widget\" data-widget_type=\"heading.default\">\n\t\t\t\t<div class=\"elementor-widget-container\">\n\t\t\t\t\t<h1 class=\"elementor-heading-title elementor-size-default\">Faire un don pour les affiches<\/h1>\t\t\t\t<\/div>\n\t\t\t\t<\/div>\n\t\t\t\t<div class=\"elementor-element elementor-element-62f6b133e8de1 elementor-widget elementor-widget-jet-breadcrumbs\" data-id=\"62f6b133e8de1\" data-element_type=\"widget\" data-widget_type=\"jet-breadcrumbs.default\">\n\t\t\t\t<div class=\"elementor-widget-container\">\n\t\t\t\t\t<div class=\"elementor-jet-breadcrumbs jet-blocks\">\n\t\t<div class=\"jet-breadcrumbs\">\n\t\t<div class=\"jet-breadcrumbs__content\">\n\t\t<div class=\"jet-breadcrumbs__wrap\">\n\t\t<\/div>\n\t\t<\/div>\n\t\t<\/div><\/div>\t\t\t\t<\/div>\n\t\t\t\t<\/div>\n\t\t\t\t<div class=\"elementor-element elementor-element-ec77c90 elementor-widget__width-initial elementor-widget elementor-widget-text-editor\" data-id=\"ec77c90\" data-element_type=\"widget\" data-widget_type=\"text-editor.default\">\n\t\t\t\t<div class=\"elementor-widget-container\">\n\t\t\t\t\t\t\t\t\t<p>L&#8217;UDC veut emp\u00eacher la nouvelle loi climat et a donc lanc\u00e9 un r\u00e9f\u00e9rendum, en collaboration avec le lobby du p\u00e9trole et du gaz. Il est important que nous expliquions de quoi il s&#8217;agit r\u00e9ellement : d&#8217;un soutien financier pour le remplacement des anciens chauffages au mazout et au gaz. Il nous manque toutefois encore 40 000 francs pour pouvoir r\u00e9server et cr\u00e9er nos affiches. Soutiendrez-vous la campagne d&#8217;affichage par un don ?<\/p>\t\t\t\t\t\t\t\t<\/div>\n\t\t\t\t<\/div>\n\t\t\t\t\t<\/div>\n\t\t<\/div>\n\t\t\t\t\t<\/div>\n\t\t<\/section>\n\t\t\t\t<section class=\"elementor-section elementor-top-section elementor-element elementor-element-bdd24d4 elementor-section-boxed elementor-section-height-default elementor-section-height-default\" data-id=\"bdd24d4\" data-element_type=\"section\" data-settings=\"{&quot;jet_parallax_layout_list&quot;:[]}\">\n\t\t\t\t\t\t<div class=\"elementor-container elementor-column-gap-wide\">\n\t\t\t\t\t<div class=\"elementor-column elementor-col-50 elementor-top-column elementor-element elementor-element-a5856a4\" data-id=\"a5856a4\" data-element_type=\"column\">\n\t\t\t<div class=\"elementor-widget-wrap elementor-element-populated\">\n\t\t\t\t\t\t<div class=\"elementor-element elementor-element-7563277 elementor-widget elementor-widget-image\" data-id=\"7563277\" data-element_type=\"widget\" data-widget_type=\"image.default\">\n\t\t\t\t<div class=\"elementor-widget-container\">\n\t\t\t\t\t\t\t\t\t\t\t\t\t\t\t<img fetchpriority=\"high\" decoding=\"async\" width=\"1165\" height=\"528\" src=\"https:\/\/www.sp-ps.ch\/wp-content\/uploads\/2023\/03\/SPS_Klimagesetz_F12_MockUp_FR.png\" class=\"attachment-full size-full wp-image-94119\" alt=\"\" srcset=\"https:\/\/www.sp-ps.ch\/wp-content\/uploads\/2023\/03\/SPS_Klimagesetz_F12_MockUp_FR.png 1165w, https:\/\/www.sp-ps.ch\/wp-content\/uploads\/2023\/03\/SPS_Klimagesetz_F12_MockUp_FR-300x136.png 300w, https:\/\/www.sp-ps.ch\/wp-content\/uploads\/2023\/03\/SPS_Klimagesetz_F12_MockUp_FR-1024x464.png 1024w, https:\/\/www.sp-ps.ch\/wp-content\/uploads\/2023\/03\/SPS_Klimagesetz_F12_MockUp_FR-768x348.png 768w\" sizes=\"(max-width: 1165px) 100vw, 1165px\" \/>\t\t\t\t\t\t\t\t\t\t\t\t\t\t\t<\/div>\n\t\t\t\t<\/div>\n\t\t\t\t\t<\/div>\n\t\t<\/div>\n\t\t\t\t<div class=\"elementor-column elementor-col-50 elementor-top-column elementor-element elementor-element-bcf8fff\" data-id=\"bcf8fff\" data-element_type=\"column\">\n\t\t\t<div class=\"elementor-widget-wrap elementor-element-populated\">\n\t\t\t\t\t\t<div class=\"elementor-element elementor-element-5b43ae4 elementor-widget elementor-widget-html\" data-id=\"5b43ae4\" data-element_type=\"widget\" data-widget_type=\"html.default\">\n\t\t\t\t<div class=\"elementor-widget-container\">\n\t\t\t\t\t<link id=\"css\" rel=\"stylesheet\" href=\"https:\/\/tel.sp-ps.ch\/js\/barometer\/style.css\"> \r\n<div id=\"barometer-container\"><\/div>\r\n<script id=\"js\" src=\"https:\/\/tel.sp-ps.ch\/js\/barometer\/barometer.js\"><\/script>\r\n<script>\r\n    let baro = new Barometer();\r\n\r\n    \/***************Settings**************\/\r\n    \/\/ Display language\r\n    baro.lang = \"fr\";\r\n    \r\n    \/\/ RaiseNow campaign id or stored_hidden_parameter\r\n    baro.campaign = \"nl_17032023_plakate\";\r\n    \r\n    \/\/ When true, baro.campaign is a campaign id\r\n    \/\/ When false, baro.campaign is a stored_hidden_parameter\r\n    baro.campaign_is_id = false;\r\n    \r\n    \/\/ Goal in CHF\r\n    baro.goal = 40000;\r\n    \r\n    \/\/ Donation amount, which is not in RaiseNow in CHF\r\n    baro.offline_amount = 1475;\r\n    \r\n    \/\/ Count of donateurs who gave money offline\r\n    baro.offline_backers = 0;\r\n    \r\n    \/\/ When true, barometer shows how much of the money-goal is reached\r\n    \/\/ when false, barometer shows how much of the backer-goal is reached\r\n    baro.baro_show_revenue = true;\r\n    \r\n    \/\/ When true, text will be displayed, how much money (online and offline) is raised in CHF\r\n    baro.show_donation_revenue = true;\r\n    \r\n    \/\/ When true, displays the collected money in relation to the goal\r\n    baro.show_donation_revenue_with_goal = true;\r\n    \r\n    \/\/ When true, shows how many of the object (e.g. posters) are financed\r\n    baro.show_text_donation_object = true;\r\n    \r\n    \/\/ Object name, for which money is collected. Needs to be adjusted to grammer\r\n    \/\/ sentenced will be in the following form: \r\n    \/\/ DE - 8 von 10 Plakaten finanziert\r\n    \/\/ FR - 4 affiches sur 10 financ\u00e9s\r\n    \/\/ IT - Finanziati 4 di 10 cartelloni\r\n    baro.donation_object = [\"Plakaten\", \"affiches\", \"IT\"];\r\n\r\n    \/\/ Price for each object\r\n    baro.donation_object_price = 180;\r\n\r\n    \/\/ When true, displays how many donateurs gave money (offline and online)\r\n    baro.show_text_amount_backers = false;\r\n\r\n    \/\/ When true, displays how many donateurs gave money (offline and online) \r\n    \/\/ in relation to the goal\r\n    baro.show_text_amount_backers_with_goal = false;    \r\n    \r\n    \/\/ Count goal for donateurs\r\n    baro.goal_backers = 0;\r\n    \r\n    \/\/ When true, the average given money is displayed\r\n    baro.mean = false;\r\n    \r\n    \/\/ End date for campaign\r\n    baro.end_date = \"2023-06-18\";\r\n    \r\n    \/\/ When true, displays how many days of the campaign are remaining\r\n    baro.show_days_remaining = false;\r\n    \r\n    \/\/ Color of the progress bar\r\n    \/\/ SP red: #e5022e\r\n    baro.progress_color = \"#e5022e\";\r\n    \r\n    \/\/ Background color of progress bar\r\n    \/\/ default grey: #c5ced5\r\n    baro.back_color = '#c5ced5';\r\n\r\n    baro.render();\r\n<\/script>\t\t\t\t<\/div>\n\t\t\t\t<\/div>\n\t\t\t\t\t<\/div>\n\t\t<\/div>\n\t\t\t\t\t<\/div>\n\t\t<\/section>\n\t\t\t\t<section class=\"elementor-section elementor-top-section elementor-element elementor-element-62f6b133e8dfc elementor-section-boxed elementor-section-height-default elementor-section-height-default\" data-id=\"62f6b133e8dfc\" data-element_type=\"section\" data-settings=\"{&quot;jet_parallax_layout_list&quot;:[]}\">\n\t\t\t\t\t\t<div class=\"elementor-container elementor-column-gap-wide\">\n\t\t\t\t\t<div class=\"elementor-column elementor-col-100 elementor-top-column elementor-element elementor-element-62f6b133e8dfd\" data-id=\"62f6b133e8dfd\" data-element_type=\"column\">\n\t\t\t<div class=\"elementor-widget-wrap elementor-element-populated\">\n\t\t\t\t\t\t<div class=\"elementor-element elementor-element-0f1afa8 elementor-widget elementor-widget-html\" data-id=\"0f1afa8\" data-element_type=\"widget\" data-widget_type=\"html.default\">\n\t\t\t\t<div class=\"elementor-widget-container\">\n\t\t\t\t\t<div class=\"rnw-widget-container\"><\/div>\r\n<script src=\"https:\/\/tamaro.raisenow.com\/sp-schweiz\/latest\/widget.js\"><\/script>\r\n<script>\r\nwindow.rnw.tamaro.runWidget('.rnw-widget-container', {\r\n\r\n\t\/***************Settings**************\/\r\n\r\n\t\/\/ Sprache w\u00e4hlen (de,fr,it)\r\n\tlanguage: 'fr',\r\n\r\n\t\/\/ Kampagnen-ID setzen (Projekt-UID aus Sextant)\r\n\tpurposeDetails: {\r\n\t\tp1: {\r\n\t\t\tstored_campaign_id: 32302117,\r\n\t\t},\r\n\t},\r\n\r\n\t\/\/ Purpose (p1) in allen Sprachen hinterlegen\r\n\ttranslations: {\r\n\t\tde: {\r\n\t\t\tpurposes: {\r\n\t\t\t\tp1: 'Klimaschutz-Gesetz',\r\n\t\t\t},\r\n\t\t\tpayment_methods: {\r\n\t\t\t\tdd: 'Lastschriftenverfahren (LSV\/DD)',\r\n\t\t\t},\r\n\t\t\tpayment_form: {\r\n\t\t\t\tdatenschutz: '<\/br><\/br><\/br>Das Bundesgesetz \u00fcber die politischen Rechte (BPR) verbietet die Annahme von anonymen Spenden. Wir sind deshalb verpflichtet die Postadresse abzufragen. Mit deiner Spende erkl\u00e4rst du dich einverstanden, dass die SP dich auf dem Laufenden halten darf. Mehr dazu <a href=\"https:\/\/www.sp-ps.ch\/datenschutz-policy\/\" target=\"_blank\">hier<\/a>.',\r\n\t\t\t},\r\n\t\t},\r\n\t\tfr: {\r\n\t\t\tpurposes: {\r\n\t\t\t\tp1: 'Loi sur la protection du climat',\r\n\t\t\t},\r\n\t\t\tpayment_methods: {\r\n\t\t\t\tdd: 'Recouvrement direct (LSV\/DD)',\r\n\t\t\t},\r\n\t\t\tpayment_form: {\r\n\t\t\t\tdatenschutz: '<\/br><\/br><\/br>La loi f\u00e9d\u00e9rale sur les droits politiques (LDP) interdit la r\u00e9ception de dons anonymes. Nous avons donc l\\'obligation de demander l\\'adresse postale. En faisant un don, vous acceptez que le PS vous tienne au courant de ses activit\u00e9s. En savoir plus <a href=\"https:\/\/www.sp-ps.ch\/fr\/politique-de-protection-des-donnees\/\" target=\"_blank\">ici<\/a>.',\r\n\t\t\t},\r\n\t\t\tamount_descriptions: [\r\n\t\t\t\t{\r\n                \"if\": \"amount() == 45\",\r\n            \t\"then\": \"Un quart de l'affiche.\"\r\n             \t},\r\n\t\t\t\t{\r\n                \"if\": \"amount() == 90\",\r\n            \t\"then\": \"Une moiti\u00e9 de l'affiche.\"\r\n             \t},\r\n        \t\t{\r\n                \"if\": \"amount() == 180\",\r\n            \t\"then\": \"Une affiche enti\u00e8re. Merci ! \\uD83D\\uDE0D\"\r\n             \t},\r\n             \t{\r\n                \"if\": \"amount() == 360\",\r\n            \t\"then\": \"Wow, deux affiches ! \\uD83D\\uDE80\"\r\n             \t},\r\n\t        ],\r\n\t\t},\r\n\t\tit: {\r\n\t\t\tpurposes: {\r\n\t\t\t\tp1: 'PS Svizzero',\r\n\t\t\t},\r\n\t\t\tpayment_methods: {\r\n\t\t\t\tdd: 'Addebito diretto (LSV\/DD)',\r\n\t\t\t},\r\n\t\t\tpayment_form: {\r\n\t\t\t\tdatenschutz: '<\/br><\/br><\/br>La Legge federale sui diritti politici (LDP) vieta l\\'accettazione di donazioni anonime. Siamo pertanto obbligati a richiedere l\\'indirizzo postale. Con la tua donazione accetti che il PS ti informi sulle sue attivit\u00e0. Maggiori informazioni <a href=\"https:\/\/www.sp-ps.ch\/datenschutz-policy\/\" target=\"_blank\">qui<\/a>.',\r\n\t\t\t},\r\n\t\t}, \r\n\t},\r\n\r\n\t\/\/ Standard-Betr\u00e4ge setzen\r\n\tamounts: [\r\n\t\t{\r\n\t\t\t\"if\": \"paymentType() == onetime\",\r\n\t\t\t\"then\": [45,90,180,360],\r\n\t\t},\r\n\t\t{\r\n\t\t\t\"if\": \"recurringInterval() == monthly && paymentType() == recurring\",\r\n\t\t\t\"then\": [10,20,30,50],\r\n\t\t},\r\n\t\t{\r\n\t\t\t\"if\": \"recurringInterval() == quarterly && paymentType() == recurring\",\r\n\t\t\t\"then\": [30,60,90,150],\r\n\t\t},\r\n\t\t{\r\n\t\t\t\"if\": \"recurringInterval() == semestral && paymentType() == recurring\",\r\n\t\t\t\"then\": [60,120,180,300],\r\n\t\t},\r\n\t\t{\r\n\t\t\t\"if\": \"recurringInterval() == yearly && paymentType() == recurring\",\r\n\t\t\t\"then\": [120,240,360,600],\r\n\t\t},\r\n\t],\r\n\r\n\t\/\/ Regelm\u00e4ssige Spenden aktivieren (optional)\r\n\tpaymentTypes: [\r\n\t\t'onetime',\r\n\t\t\/\/'recurring'\r\n\t],\r\n\r\n\t\/\/ Stored_hidden_parameter aktivieren und setzen (optional)\r\n\tpaymentFormPrefill: {\r\n\t\tstored_customer_email_permission: true,\r\n\t\tstored_customer_donation_receipt: true,\r\n\t\tstored_customer_country: 'CH',\r\n\t\tstored_sxt_address_source: '1008',\r\n\t\tstored_sxt_product_id: '209933',\r\n\t\tstored_hidden_parameter: 'nl_17032023_plakate',\r\n\t},\r\n\r\n\t\/\/ Sonstige Konfigurationen (nur bei begr\u00fcndetem Bedarf anpassen)\r\n\ttestMode: false,\r\n\tdebug: false,\r\n\tpurposes: ['p1'],\r\n\tshowStoredCustomerEmailPermission: false,\r\n\tcoverFeePercentage: [\r\n\t\t{\r\n\t\t\t\"if\": \"amount() < 937.5\",\r\n\t\t\t\"then\": 3.2,\r\n\t\t\t\"else\": 0\r\n\t\t},\r\n\t],\r\n\tcoverFeeFixed: [\r\n\t\t{\r\n\t\t\t\"if\": \"amount() >= 937.5\",\r\n\t\t\t\"then\": 30,\r\n\t\t\t\"else\": 0\r\n\t\t},\r\n\t],\r\n\tshowFooter: false,\r\n\tslots: {\r\n\t\tend: [{\r\n        \tcomponent: 'content',\r\n       \t\ttext_html: 'payment_form.datenschutz',\r\n\t\t}],\r\n\t},\r\n\t\/\/minimumCustomAmount: [15],\r\n\t\/\/allowCustomAmount: true,\r\n\t\/\/layout: 'list',\r\n})\r\n<\/script>\r\n\r\n<style>\r\n\t\/*Prim\u00e4rfarben anpassen (optional)*\/\r\n\t:root {\r\n\t\t--tamaro-primary-color: #E4002B;\r\n\t\t--tamaro-primary-color__hover: rgba(228,0,43,0.75);\r\n\t\t--tamaro-primary-bg-color: rgba(228,0,43,0.03);\r\n\t\t--tamaro-border-color: #b5b5b5;\r\n\t\t\/*font-size: inherit;*\/\r\n\t}      \r\n<\/style>\t\t\t\t<\/div>\n\t\t\t\t<\/div>\n\t\t\t\t\t<\/div>\n\t\t<\/div>\n\t\t\t\t\t<\/div>\n\t\t<\/section>\n\t\t\t\t<\/div>\n\t\t","protected":false},"excerpt":{"rendered":"<p>Faire un don pour les affiches L&#8217;UDC veut emp\u00eacher la nouvelle loi climat et a donc lanc\u00e9 un r\u00e9f\u00e9rendum, en collaboration avec le lobby du p\u00e9trole et du gaz. Il [&hellip;]<\/p>\n","protected":false},"author":6,"featured_media":0,"parent":30422,"menu_order":4,"comment_status":"open","ping_status":"closed","template":"","meta":{"footnotes":""},"class_list":["post-85208","page","type-page","status-publish","hentry"],"_links":{"self":[{"href":"https:\/\/www.sp-ps.ch\/fr\/wp-json\/wp\/v2\/pages\/85208","targetHints":{"allow":["GET"]}}],"collection":[{"href":"https:\/\/www.sp-ps.ch\/fr\/wp-json\/wp\/v2\/pages"}],"about":[{"href":"https:\/\/www.sp-ps.ch\/fr\/wp-json\/wp\/v2\/types\/page"}],"author":[{"embeddable":true,"href":"https:\/\/www.sp-ps.ch\/fr\/wp-json\/wp\/v2\/users\/6"}],"replies":[{"embeddable":true,"href":"https:\/\/www.sp-ps.ch\/fr\/wp-json\/wp\/v2\/comments?post=85208"}],"version-history":[{"count":52,"href":"https:\/\/www.sp-ps.ch\/fr\/wp-json\/wp\/v2\/pages\/85208\/revisions"}],"predecessor-version":[{"id":94146,"href":"https:\/\/www.sp-ps.ch\/fr\/wp-json\/wp\/v2\/pages\/85208\/revisions\/94146"}],"up":[{"embeddable":true,"href":"https:\/\/www.sp-ps.ch\/fr\/wp-json\/wp\/v2\/pages\/30422"}],"wp:attachment":[{"href":"https:\/\/www.sp-ps.ch\/fr\/wp-json\/wp\/v2\/media?parent=85208"}],"curies":[{"name":"wp","href":"https:\/\/api.w.org\/{rel}","templated":true}]}}