{"id":93147,"date":"2023-03-02T16:16:13","date_gmt":"2023-03-02T15:16:13","guid":{"rendered":"https:\/\/www.sp-ps.ch\/oui-a-la-loi-climat\/"},"modified":"2023-06-02T09:41:53","modified_gmt":"2023-06-02T07:41:53","slug":"oui-a-la-loi-climat","status":"publish","type":"page","link":"https:\/\/www.sp-ps.ch\/fr\/oui-a-la-loi-climat\/","title":{"rendered":"Oui \u00e0 la loi climat"},"content":{"rendered":"\t\t<div data-elementor-type=\"wp-page\" data-elementor-id=\"93147\" class=\"elementor elementor-93147 elementor-92075\" data-elementor-post-type=\"page\">\n\t\t\t\t\t\t<section class=\"elementor-section elementor-top-section elementor-element elementor-element-b68e120 elementor-section-boxed elementor-section-height-default elementor-section-height-default\" data-id=\"b68e120\" data-element_type=\"section\" data-settings=\"{&quot;jet_parallax_layout_list&quot;:[]}\">\n\t\t\t\t\t\t<div class=\"elementor-container elementor-column-gap-default\">\n\t\t\t\t\t<div class=\"elementor-column elementor-col-100 elementor-top-column elementor-element elementor-element-f936ec2\" data-id=\"f936ec2\" data-element_type=\"column\">\n\t\t\t<div class=\"elementor-widget-wrap\">\n\t\t\t\t\t\t\t<\/div>\n\t\t<\/div>\n\t\t\t\t\t<\/div>\n\t\t<\/section>\n\t\t\t\t<section class=\"elementor-section elementor-top-section elementor-element elementor-element-bb10b5e elementor-section-boxed elementor-section-height-default elementor-section-height-default\" data-id=\"bb10b5e\" data-element_type=\"section\" data-settings=\"{&quot;jet_parallax_layout_list&quot;:[]}\">\n\t\t\t\t\t\t<div class=\"elementor-container elementor-column-gap-default\">\n\t\t\t\t\t<div class=\"elementor-column elementor-col-100 elementor-top-column elementor-element elementor-element-bf4904f\" data-id=\"bf4904f\" data-element_type=\"column\">\n\t\t\t<div class=\"elementor-widget-wrap\">\n\t\t\t\t\t\t\t<\/div>\n\t\t<\/div>\n\t\t\t\t\t<\/div>\n\t\t<\/section>\n\t\t\t\t<section class=\"elementor-section elementor-top-section elementor-element elementor-element-71319ce elementor-section-boxed elementor-section-height-default elementor-section-height-default\" data-id=\"71319ce\" data-element_type=\"section\" data-settings=\"{&quot;jet_parallax_layout_list&quot;:[]}\">\n\t\t\t\t\t\t<div class=\"elementor-container elementor-column-gap-default\">\n\t\t\t\t\t<div class=\"elementor-column elementor-col-100 elementor-top-column elementor-element elementor-element-9903be1\" data-id=\"9903be1\" data-element_type=\"column\">\n\t\t\t<div class=\"elementor-widget-wrap elementor-element-populated\">\n\t\t\t\t\t\t<div class=\"elementor-element elementor-element-3b0baba elementor-widget elementor-widget-image\" data-id=\"3b0baba\" data-element_type=\"widget\" data-widget_type=\"image.default\">\n\t\t\t\t<div class=\"elementor-widget-container\">\n\t\t\t\t\t\t\t\t\t\t\t\t\t\t\t<img fetchpriority=\"high\" decoding=\"async\" width=\"2000\" height=\"956\" src=\"https:\/\/www.sp-ps.ch\/wp-content\/uploads\/2023\/06\/230313_SPS_Klimagesetz_RGB_FR_1920x1080px-2000x956.jpg\" class=\"attachment-spps-sujet-f12 size-spps-sujet-f12 wp-image-100966\" alt=\"\" srcset=\"https:\/\/www.sp-ps.ch\/wp-content\/uploads\/2023\/06\/230313_SPS_Klimagesetz_RGB_FR_1920x1080px-2000x956.jpg 2000w, https:\/\/www.sp-ps.ch\/wp-content\/uploads\/2023\/06\/230313_SPS_Klimagesetz_RGB_FR_1920x1080px-1000x478.jpg 1000w\" sizes=\"(max-width: 2000px) 100vw, 2000px\" \/>\t\t\t\t\t\t\t\t\t\t\t\t\t\t\t<\/div>\n\t\t\t\t<\/div>\n\t\t\t\t<div class=\"elementor-element elementor-element-a3b77e6 elementor-widget elementor-widget-spps_button_list\" data-id=\"a3b77e6\" data-element_type=\"widget\" data-widget_type=\"spps_button_list.default\">\n\t\t\t\t<div class=\"elementor-widget-container\">\n\t\t\t\t\t<div class=\"button-list-wrapper   \"><div class=\"button-list-title\"><h2>Oui \u00e0 la loi climat<\/h2><\/div><div class=\"button-list-container\"><div class=\"button-list-text\"><p>La loi climat garantit un programme \u00e0 grande \u00e9chelle pour la sortie des \u00e9nergies fossiles. Gr\u00e2ce \u00e0 celle-ci, la Suisse sera davantage ind\u00e9pendante des importations de p\u00e9trole et de gaz de l\u2019\u00e9tranger. Cela renforce non seulement la protection du climat, mais \u00e9galement l\u2019approvisionnement \u00e9nerg\u00e9tique et prot\u00e8ge les locataires de l\u2019explosion des charges. De concert avec le lobby du p\u00e9trole et du gaz, l\u2019UDC veut n\u00e9anmoins emp\u00eacher cela via un r\u00e9f\u00e9rendum. L\u2019irresponsable politique de blocage n\u2019est pas sans fondements, du moins pour ce parti\u00a0: l\u2019UDC veut instrumentaliser le r\u00e9f\u00e9rendum pour se pr\u00e9senter comme la \u00ab\u00a0force d\u2019opposition\u00a0\u00bb qu\u2019elle n\u2019est pas lors des \u00e9lections f\u00e9d\u00e9rales de septembre prochain.<\/p>\n<p><strong>Pourquoi faut-il un Oui \u00e0 la loi climat?<\/strong><\/p>\n<ol>\n<li><strong>Mettre en place d\u2019urgentes mesures de protection du climat :<\/strong>\u00a0faire barrage \u00e0 l\u2019UDC et au lobby du p\u00e9trole et du gaz : la loi climat soutient les propri\u00e9taires de logements qui cherchent \u00e0 remplacer leurs chauffages au mazout et au gaz. De plus, les entreprises innovantes en la mati\u00e8re seront accompagn\u00e9es sur la voie du \u00ab z\u00e9ro net \u00bb. Malgr\u00e9 cela, l\u2019UDC et le lobby du p\u00e9trole et du gaz veulent emp\u00eacher ces mesures urgentes pour la protection du climat. C\u2019est totalement irresponsable.<\/li>\n<li><strong>S\u00e9curiser l\u2019approvisionnement \u00e9nerg\u00e9tique\u00a0:<\/strong> aujourd\u2019hui, la Suisse est d\u00e9pendante de l\u2019approvisionnement en p\u00e9trole et en gaz de l\u2019\u00e9tranger. En d\u00e9veloppant les \u00e9nergies renouvelables et en rempla\u00e7ant les anciens chauffages au mazout et au gaz, nous s\u00e9curisons l\u2019approvisionnement \u00e9nerg\u00e9tique en Suisse. Ainsi, nous nous lib\u00e9rons de la d\u00e9pendance et du chantage des autocrates et des oligarques.\n<\/li>\n<li><strong>La protection du climat est le plus grand d\u00e9fi de notre g\u00e9n\u00e9ration\u00a0:<\/strong> nous ne pouvons nous acquitter de la t\u00e2che qui nous attend que collectivement. La nouvelle loi climat pr\u00e9voit d\u2019importants investissements publics, n\u00e9cessaires pour lutter contre la crise climatique. Cela g\u00e9n\u00e8re en outre des commandes pour l\u2019\u00e9conomie locale et cr\u00e9e des emplois d\u2019avenir.<\/li>\n<\/ol>\n<\/div><\/div><\/div>\t\t\t\t<\/div>\n\t\t\t\t<\/div>\n\t\t\t\t\t<\/div>\n\t\t<\/div>\n\t\t\t\t\t<\/div>\n\t\t<\/section>\n\t\t\t\t<section class=\"elementor-section elementor-top-section elementor-element elementor-element-12492b6 elementor-section-boxed elementor-section-height-default elementor-section-height-default\" data-id=\"12492b6\" data-element_type=\"section\" data-settings=\"{&quot;jet_parallax_layout_list&quot;:[]}\">\n\t\t\t\t\t\t<div class=\"elementor-container elementor-column-gap-default\">\n\t\t\t\t\t<div class=\"elementor-column elementor-col-100 elementor-top-column elementor-element elementor-element-e649a99\" data-id=\"e649a99\" data-element_type=\"column\">\n\t\t\t<div class=\"elementor-widget-wrap elementor-element-populated\">\n\t\t\t\t\t\t<div class=\"elementor-element elementor-element-e9146b8 elementor-widget elementor-widget-spps_button\" data-id=\"e9146b8\" data-element_type=\"widget\" data-widget_type=\"spps_button.default\">\n\t\t\t\t<div class=\"elementor-widget-container\">\n\t\t\t\t\t<div class=\"button-wrapper button-wrapper-left\"><a href=\"https:\/\/www.sp-ps.ch\/wp-content\/uploads\/2023\/03\/230320_SPS_Klimagesetz_Factsheet_FR_A4.pdf\"  target=\"_self\" class=\"button-link button-link-download\" >Factsheet<\/a><\/div>\t\t\t\t<\/div>\n\t\t\t\t<\/div>\n\t\t\t\t\t<\/div>\n\t\t<\/div>\n\t\t\t\t\t<\/div>\n\t\t<\/section>\n\t\t\t\t<\/div>\n\t\t","protected":false},"excerpt":{"rendered":"<p>Oui \u00e0 la loi climat La loi climat garantit un programme \u00e0 grande \u00e9chelle pour la sortie des \u00e9nergies fossiles. Gr\u00e2ce \u00e0 celle-ci, la Suisse sera davantage ind\u00e9pendante des importations [&hellip;]<\/p>\n","protected":false},"author":64,"featured_media":0,"parent":0,"menu_order":0,"comment_status":"closed","ping_status":"closed","template":"","meta":{"footnotes":""},"class_list":["post-93147","page","type-page","status-publish","hentry"],"_links":{"self":[{"href":"https:\/\/www.sp-ps.ch\/fr\/wp-json\/wp\/v2\/pages\/93147","targetHints":{"allow":["GET"]}}],"collection":[{"href":"https:\/\/www.sp-ps.ch\/fr\/wp-json\/wp\/v2\/pages"}],"about":[{"href":"https:\/\/www.sp-ps.ch\/fr\/wp-json\/wp\/v2\/types\/page"}],"author":[{"embeddable":true,"href":"https:\/\/www.sp-ps.ch\/fr\/wp-json\/wp\/v2\/users\/64"}],"replies":[{"embeddable":true,"href":"https:\/\/www.sp-ps.ch\/fr\/wp-json\/wp\/v2\/comments?post=93147"}],"version-history":[{"count":33,"href":"https:\/\/www.sp-ps.ch\/fr\/wp-json\/wp\/v2\/pages\/93147\/revisions"}],"predecessor-version":[{"id":100971,"href":"https:\/\/www.sp-ps.ch\/fr\/wp-json\/wp\/v2\/pages\/93147\/revisions\/100971"}],"wp:attachment":[{"href":"https:\/\/www.sp-ps.ch\/fr\/wp-json\/wp\/v2\/media?parent=93147"}],"curies":[{"name":"wp","href":"https:\/\/api.w.org\/{rel}","templated":true}]}}