{"id":94922,"date":"2023-03-30T00:07:01","date_gmt":"2023-03-29T22:07:01","guid":{"rendered":"https:\/\/www.sp-ps.ch\/?page_id=94922"},"modified":"2023-10-10T00:28:42","modified_gmt":"2023-10-09T22:28:42","slug":"votre-feuille-de-signatures-referendum-caissesdepension","status":"publish","type":"page","link":"https:\/\/www.sp-ps.ch\/fr\/votre-feuille-de-signatures-referendum-caissesdepension\/","title":{"rendered":"Votre feuille de signatures"},"content":{"rendered":"\t\t<div data-elementor-type=\"wp-page\" data-elementor-id=\"94922\" class=\"elementor elementor-94922 elementor-94921\" data-elementor-post-type=\"page\">\n\t\t\t\t\t\t<section class=\"elementor-section elementor-top-section elementor-element elementor-element-6a04e1b elementor-section-height-min-height elementor-section-items-top elementor-section-content-middle elementor-section-boxed elementor-section-height-default\" data-id=\"6a04e1b\" data-element_type=\"section\" data-settings=\"{&quot;jet_parallax_layout_list&quot;:[],&quot;background_background&quot;:&quot;classic&quot;}\">\n\t\t\t\t\t\t\t<div class=\"elementor-background-overlay\"><\/div>\n\t\t\t\t\t\t\t<div class=\"elementor-container elementor-column-gap-no\">\n\t\t\t\t\t<div class=\"elementor-column elementor-col-100 elementor-top-column elementor-element elementor-element-7dc2485\" data-id=\"7dc2485\" data-element_type=\"column\">\n\t\t\t<div class=\"elementor-widget-wrap\">\n\t\t\t\t\t\t\t<\/div>\n\t\t<\/div>\n\t\t\t\t\t<\/div>\n\t\t<\/section>\n\t\t\t\t<section class=\"elementor-section elementor-top-section elementor-element elementor-element-a157614 elementor-section-boxed elementor-section-height-default elementor-section-height-default\" data-id=\"a157614\" data-element_type=\"section\" data-settings=\"{&quot;jet_parallax_layout_list&quot;:[],&quot;background_background&quot;:&quot;classic&quot;}\">\n\t\t\t\t\t\t<div class=\"elementor-container elementor-column-gap-wide\">\n\t\t\t\t\t<div class=\"elementor-column elementor-col-100 elementor-top-column elementor-element elementor-element-d9206d8\" data-id=\"d9206d8\" data-element_type=\"column\" data-settings=\"{&quot;background_background&quot;:&quot;classic&quot;}\">\n\t\t\t<div class=\"elementor-widget-wrap elementor-element-populated\">\n\t\t\t\t\t\t<div class=\"elementor-element elementor-element-033fb6f elementor-widget elementor-widget-heading\" data-id=\"033fb6f\" data-element_type=\"widget\" data-widget_type=\"heading.default\">\n\t\t\t\t<div class=\"elementor-widget-container\">\n\t\t\t\t\t<h2 class=\"elementor-heading-title elementor-size-default\">Feuille de signatures<\/h2>\t\t\t\t<\/div>\n\t\t\t\t<\/div>\n\t\t\t\t<div class=\"elementor-element elementor-element-79ec294 elementor-widget elementor-widget-html\" data-id=\"79ec294\" data-element_type=\"widget\" data-widget_type=\"html.default\">\n\t\t\t\t<div class=\"elementor-widget-container\">\n\t\t\t\t\t<script>\n\/**\n * @property {Object} demovoxData\n *\n * @property {string} demovoxData.ajaxUrl <url>|\"\"\n * @property {string} demovoxData.ajaxForm \"1\"|\"\"\n * @property {string} demovoxData.analyticsMatomo \"1\"|\"\"\n *\n * @property {string} demovoxData.apiAddressEnabled \"1\"|\"\"\n * @property {string} demovoxData.apiAddressKey <key>|undefined\n * @property {string} demovoxData.apiAddressUrl <url>|undefined\n * @property {string} demovoxData.apiAddressCityInput \"1\"|\"\"|undefined\n * @property {string} demovoxData.apiAddressGdeInput \"1\"|\"\"|undefined\n * @property {string} demovoxData.apiAddressGdeSelect \"1\"|\"\"|undefined\n *\/\nconst demovoxData = {\n  \"language\": \"fr\",\n  \"ajaxUrl\": \"\/wp-admin\/admin-ajax.php\",\n  \"ajaxForm\": \"1\",\n  \"successPageRedir\": \"1\",\n  \"analyticsMatomo\": \"1\",\n  \"apiAddressEnabled\": \"1\",\n  \"apiAddressKey\": \"6783fabc-5ec0-11ec-883a-506b8da78f01\",\n  \"apiAddressUrl\": \"https:\/\/api.sp-ps.ch\/signatures\/commune_suggestion\",\n  \"apiAddressCityInput\": \"1\",\n  \"apiAddressGdeInput\": \"1\",\n  \"apiAddressGdeSelect\": \"1\"\n}\n<\/script>\n\n<link rel='stylesheet' id='Demovox-css'  href='https:\/\/www.sp-ps.ch\/wp-content\/plugins\/demovox\/public\/css\/demovox-public.min.css?ver=2.6.1' type='text\/css' media='all' \/>\n<script type='text\/javascript' src='https:\/\/www.sp-ps.ch\/wp-content\/plugins\/demovox\/public\/js\/demovox-public.min.js?ver=2.6.1' id='Demovox-js'><\/script>\n<script type='text\/javascript' src='https:\/\/www.sp-ps.ch\/wp-content\/plugins\/demovox\/public\/js\/demovox-public-pdf.min.js?ver=2.6.2' id='Demovox_pdf-js'><\/script>\t\t\t\t<\/div>\n\t\t\t\t<\/div>\n\t\t\t\t<div class=\"elementor-element elementor-element-d4decf5 elementor-widget elementor-widget-jet-timeline\" data-id=\"d4decf5\" data-element_type=\"widget\" data-widget_type=\"jet-timeline.default\">\n\t\t\t\t<div class=\"elementor-widget-container\">\n\t\t\t\t\t<div class=\"elementor-jet-timeline jet-elements\"><div class=\"jet-timeline jet-timeline--align-center jet-timeline--align-middle\">\n\t<div class=\"jet-timeline__line\"><div class=\"jet-timeline__line-progress\"><\/div><\/div>\n\t<div class=\"jet-timeline-list\"><div class=\"jet-timeline-item  elementor-repeater-item-29ead07 jet-timeline-item--image-inside\">\n\t<div class=\"timeline-item__card\">\n\t\t<div class=\"timeline-item__card-inner\">\n\t\t\t\t\t\t\t\t<div class=\"timeline-item__card-content\">\n\t\t\t\t\t<div class=\"timeline-item__meta\"><div class=\"timeline-item__meta-content\">Votre feuille de signatures<\/div><\/div><h3 class=\"timeline-item__card-title\">T\u00e9l\u00e9charger la feuille de signatures<\/h3><div class=\"timeline-item__card-desc\">T\u00e9l\u00e9charger et imprimer la feuille de signatures de [demovox_firstname] [demovox_lastname].\n[demovox_form] <\/div>\t\t\t\t<\/div>\n\t\t\t\t\t\t<\/div>\n\t\t<div class=\"timeline-item__card-arrow\"><\/div>\n\t<\/div>\n\t<div class=\"timeline-item__point\"><div class=\"timeline-item__point-content timeline-item__point-content--text\">1<\/div><\/div><div class=\"timeline-item__meta\"><div class=\"timeline-item__meta-content\">Votre feuille de signatures<\/div><\/div><\/div><div class=\"jet-timeline-item  elementor-repeater-item-4e55da0 jet-timeline-item--image-inside\">\n\t<div class=\"timeline-item__card\">\n\t\t<div class=\"timeline-item__card-inner\">\n\t\t\t\t\t\t\t\t<div class=\"timeline-item__card-content\">\n\t\t\t\t\t<div class=\"timeline-item__meta\"><div class=\"timeline-item__meta-content\">Signer<\/div><\/div><h3 class=\"timeline-item__card-title\">Signez la feuille de signatures<\/h3><div class=\"timeline-item__card-desc\">\n\nCompl\u00e9tez la feuille de signatures avec votre pr\u00e9nom, votre nom et votre signature.\n<\/div>\t\t\t\t<\/div>\n\t\t\t\t\t\t<\/div>\n\t\t<div class=\"timeline-item__card-arrow\"><\/div>\n\t<\/div>\n\t<div class=\"timeline-item__point\"><div class=\"timeline-item__point-content timeline-item__point-content--text\">2<\/div><\/div><div class=\"timeline-item__meta\"><div class=\"timeline-item__meta-content\">Signer<\/div><\/div><\/div><div class=\"jet-timeline-item  elementor-repeater-item-6ae528a jet-timeline-item--image-inside\">\n\t<div class=\"timeline-item__card\">\n\t\t<div class=\"timeline-item__card-inner\">\n\t\t\t\t\t\t\t\t<div class=\"timeline-item__card-content\">\n\t\t\t\t\t<div class=\"timeline-item__meta\"><div class=\"timeline-item__meta-content\">C'est parti !<\/div><\/div><h3 class=\"timeline-item__card-title\">Envoyer la feuille de signatures<\/h3><div class=\"timeline-item__card-desc\">\n\nPliez la feuille en deux et collez-la. D\u00e9posez-la ainsi gratuitement dans la bo\u00eete aux lettres de la poste la plus proche.\n<\/div>\t\t\t\t<\/div>\n\t\t\t\t\t\t<\/div>\n\t\t<div class=\"timeline-item__card-arrow\"><\/div>\n\t<\/div>\n\t<div class=\"timeline-item__point\"><div class=\"timeline-item__point-content timeline-item__point-content--text\">3<\/div><\/div><div class=\"timeline-item__meta\"><div class=\"timeline-item__meta-content\">C'est parti !<\/div><\/div><\/div><\/div><\/div><\/div>\t\t\t\t<\/div>\n\t\t\t\t<\/div>\n\t\t\t\t\t<\/div>\n\t\t<\/div>\n\t\t\t\t\t<\/div>\n\t\t<\/section>\n\t\t\t\t<section class=\"elementor-section elementor-top-section elementor-element elementor-element-07f779b elementor-section-boxed elementor-section-height-default elementor-section-height-default\" data-id=\"07f779b\" data-element_type=\"section\" data-settings=\"{&quot;jet_parallax_layout_list&quot;:[]}\">\n\t\t\t\t\t\t<div class=\"elementor-container elementor-column-gap-default\">\n\t\t\t\t\t<div class=\"elementor-column elementor-col-100 elementor-top-column elementor-element elementor-element-3acc983\" data-id=\"3acc983\" data-element_type=\"column\">\n\t\t\t<div class=\"elementor-widget-wrap elementor-element-populated\">\n\t\t\t\t\t\t<div class=\"elementor-element elementor-element-64c8ace elementor-widget elementor-widget-spacer\" data-id=\"64c8ace\" data-element_type=\"widget\" data-widget_type=\"spacer.default\">\n\t\t\t\t<div class=\"elementor-widget-container\">\n\t\t\t\t\t\t\t<div class=\"elementor-spacer\">\n\t\t\t<div class=\"elementor-spacer-inner\"><\/div>\n\t\t<\/div>\n\t\t\t\t\t\t<\/div>\n\t\t\t\t<\/div>\n\t\t\t\t<div class=\"elementor-element elementor-element-9f4b649 elementor-widget elementor-widget-heading\" data-id=\"9f4b649\" data-element_type=\"widget\" data-widget_type=\"heading.default\">\n\t\t\t\t<div class=\"elementor-widget-container\">\n\t\t\t\t\t<h2 class=\"elementor-heading-title elementor-size-default\">Partager<\/h2>\t\t\t\t<\/div>\n\t\t\t\t<\/div>\n\t\t\t\t<div class=\"elementor-element elementor-element-d4a67de elementor-widget elementor-widget-text-editor\" data-id=\"d4a67de\" data-element_type=\"widget\" data-widget_type=\"text-editor.default\">\n\t\t\t\t<div class=\"elementor-widget-container\">\n\t\t\t\t\t\t\t\t\t<p class=\"lead\">Informez vos ami-es :<\/p>\t\t\t\t\t\t\t\t<\/div>\n\t\t\t\t<\/div>\n\t\t\t\t<section class=\"elementor-section elementor-inner-section elementor-element elementor-element-887150a elementor-section-boxed elementor-section-height-default elementor-section-height-default\" data-id=\"887150a\" data-element_type=\"section\" data-settings=\"{&quot;jet_parallax_layout_list&quot;:[]}\">\n\t\t\t\t\t\t<div class=\"elementor-container elementor-column-gap-default\">\n\t\t\t\t\t<div class=\"elementor-column elementor-col-33 elementor-inner-column elementor-element elementor-element-3e73dfe\" data-id=\"3e73dfe\" data-element_type=\"column\">\n\t\t\t<div class=\"elementor-widget-wrap elementor-element-populated\">\n\t\t\t\t\t\t<div class=\"elementor-element elementor-element-988b5a0 elementor-widget elementor-widget-spps_button\" data-id=\"988b5a0\" data-element_type=\"widget\" data-widget_type=\"spps_button.default\">\n\t\t\t\t<div class=\"elementor-widget-container\">\n\t\t\t\t\t<div class=\"button-wrapper button-wrapper-left\"><a href=\"https:\/\/www.facebook.com\/sharer\/sharer.php?u=https:\/\/sp-ps.ch\/autoroutes\"  target=\"_self\" class=\"button-link button-link-facebook\" >Facebook&nbsp;&nbsp;<i class=\"fab fa-facebook\"><\/i><\/a><\/div>\t\t\t\t<\/div>\n\t\t\t\t<\/div>\n\t\t\t\t\t<\/div>\n\t\t<\/div>\n\t\t\t\t<div class=\"elementor-column elementor-col-33 elementor-inner-column elementor-element elementor-element-b3c6bf7\" data-id=\"b3c6bf7\" data-element_type=\"column\">\n\t\t\t<div class=\"elementor-widget-wrap elementor-element-populated\">\n\t\t\t\t\t\t<div class=\"elementor-element elementor-element-3d39e78 elementor-widget elementor-widget-spps_button\" data-id=\"3d39e78\" data-element_type=\"widget\" data-widget_type=\"spps_button.default\">\n\t\t\t\t<div class=\"elementor-widget-container\">\n\t\t\t\t\t<div class=\"button-wrapper button-wrapper-left\"><a href=\"https:\/\/api.whatsapp.com\/send?text=Hey+%21+Le+Parlement+a+adopt%C3%A9+un+projet+de+caisse+de+pension+qui%2C+malgr%C3%A9+des+cotisations+plus+%C3%A9lev%C3%A9es%2C+conduit+%C3%A0+des+pertes+de+rentes.+Le+PS+lance+un+r%C3%A9f%C3%A9rendum+contre+ce+projet.++Je+viens+de+signer+le+r%C3%A9f%C3%A9rendum.+Tu+peux+aussi+le+signer+ici+%3A+https%3A%2F%2Fwww.sp-ps.ch%2Freferendum-caissesdepension\"  target=\"_self\" class=\"button-link button-link-whatsapp\" >Whatsapp&nbsp;&nbsp;<i class=\"fab fa-whatsapp\"><\/i><\/a><\/div>\t\t\t\t<\/div>\n\t\t\t\t<\/div>\n\t\t\t\t\t<\/div>\n\t\t<\/div>\n\t\t\t\t<div class=\"elementor-column elementor-col-33 elementor-inner-column elementor-element elementor-element-0c5e49d\" data-id=\"0c5e49d\" data-element_type=\"column\">\n\t\t\t<div class=\"elementor-widget-wrap elementor-element-populated\">\n\t\t\t\t\t\t<div class=\"elementor-element elementor-element-5546394 elementor-widget elementor-widget-spps_button\" data-id=\"5546394\" data-element_type=\"widget\" data-widget_type=\"spps_button.default\">\n\t\t\t\t<div class=\"elementor-widget-container\">\n\t\t\t\t\t<div class=\"button-wrapper button-wrapper-left\"><a href=\"https:\/\/twitter.com\/intent\/tweet?text=Le+Parlement+a+adopt%C3%A9+un+projet+de+caisse+de+pension+qui+nuit+%C3%A0+la+population+et+%C3%A0+son+pouvoir+d%E2%80%99achat.+Le+PS+lance+un+r%C3%A9f%C3%A9rendum+contre+ce+projet.+Signez+maintenant+%3A+https%3A%2F%2Fwww.sp-ps.ch%2Freferendum-caissesdepension\"  target=\"_self\" class=\"button-link button-link-twitter\" >Partager sur Twitter&nbsp;&nbsp;<i class=\"fab fa-twitter\"><\/i><\/a><\/div>\t\t\t\t<\/div>\n\t\t\t\t<\/div>\n\t\t\t\t\t<\/div>\n\t\t<\/div>\n\t\t\t\t\t<\/div>\n\t\t<\/section>\n\t\t\t\t<div class=\"elementor-element elementor-element-baf867d elementor-widget elementor-widget-spacer\" data-id=\"baf867d\" data-element_type=\"widget\" data-widget_type=\"spacer.default\">\n\t\t\t\t<div class=\"elementor-widget-container\">\n\t\t\t\t\t\t\t<div class=\"elementor-spacer\">\n\t\t\t<div class=\"elementor-spacer-inner\"><\/div>\n\t\t<\/div>\n\t\t\t\t\t\t<\/div>\n\t\t\t\t<\/div>\n\t\t\t\t<div class=\"elementor-element elementor-element-2fc5c11 elementor-widget elementor-widget-heading\" data-id=\"2fc5c11\" data-element_type=\"widget\" data-widget_type=\"heading.default\">\n\t\t\t\t<div class=\"elementor-widget-container\">\n\t\t\t\t\t<h2 class=\"elementor-heading-title elementor-size-default\">Faire un don<\/h2>\t\t\t\t<\/div>\n\t\t\t\t<\/div>\n\t\t\t\t<div class=\"elementor-element elementor-element-d4ac14c elementor-widget elementor-widget-text-editor\" data-id=\"d4ac14c\" data-element_type=\"widget\" data-widget_type=\"text-editor.default\">\n\t\t\t\t<div class=\"elementor-widget-container\">\n\t\t\t\t\t\t\t\t\t<p>Faire un don pour le referendum<\/p>\n\t\t\t\t\t\t\t\t<\/div>\n\t\t\t\t<\/div>\n\t\t\t\t<div class=\"elementor-element elementor-element-24db90d elementor-widget elementor-widget-html\" data-id=\"24db90d\" data-element_type=\"widget\" data-widget_type=\"html.default\">\n\t\t\t\t<div class=\"elementor-widget-container\">\n\t\t\t\t\t<div class=\"rnw-widget-container\"><\/div>\r\n<script src=\"https:\/\/tamaro.raisenow.com\/sp-schweiz\/latest\/widget.js\"><\/script>\r\n<script>\r\nwindow.rnw.tamaro.runWidget('.rnw-widget-container', {\r\n\r\n\t\/***************Settings**************\/\r\n\r\n\t\/\/ Sprache w\u00e4hlen (de,fr,it)\r\n\tlanguage: 'fr',\r\n\r\n\t\/\/ Kampagnen-ID setzen (Projekt-UID aus Sextant)\r\n\tpurposeDetails: {\r\n\t\tp1: {\r\n\t\t\tstored_campaign_id: 34112549,\r\n\t\t},\r\n\t},\r\n\r\n\t\/\/ Purpose (p1) in allen Sprachen hinterlegen\r\n\ttranslations: {\r\n\t\tde: {\r\n\t\t\tpurposes: {\r\n\t\t\t\tp1: 'Referendum gegen den Autobahn-Ausbau',\r\n\t\t\t},\r\n\t\t\tpayment_methods: {\r\n\t\t\t\tdd: 'Lastschriftenverfahren (LSV\/DD)',\r\n\t\t\t},\r\n\t\t\tpayment_form: {\r\n\t\t\t\tdatenschutz: '<\/br><\/br><\/br>Das Bundesgesetz \u00fcber die politischen Rechte (BPR) verbietet die Annahme von anonymen Spenden. Wir sind deshalb verpflichtet die Postadresse abzufragen. Mit deiner Spende erkl\u00e4rst du dich einverstanden, dass die SP dich auf dem Laufenden halten darf. Mehr dazu <a href=\"https:\/\/www.sp-ps.ch\/datenschutz-policy\/\" target=\"_blank\">hier<\/a>.',\r\n\t\t\t},\r\n\t\t},\r\n\t\tfr: {\r\n\t\t\tpurposes: {\r\n\t\t\t\tp1: 'r\u00e9f\u00e9rendum contre l\\'extension des autoroutes',\r\n\t\t\t},\r\n\t\t\tpayment_methods: {\r\n\t\t\t\tdd: 'Recouvrement direct (LSV\/DD)',\r\n\t\t\t},\r\n\t\t\tpayment_form: {\r\n\t\t\t\tdatenschutz: '<\/br><\/br><\/br>La loi f\u00e9d\u00e9rale sur les droits politiques (LDP) interdit la r\u00e9ception de dons anonymes. Nous avons donc l\\'obligation de demander l\\'adresse postale. En faisant un don, vous acceptez que le PS vous tienne au courant de ses activit\u00e9s. En savoir plus <a href=\"https:\/\/www.sp-ps.ch\/fr\/politique-de-protection-des-donnees\/\" target=\"_blank\">ici<\/a>.',\r\n\t\t\t},\r\n\t\t},\r\n\t\tit: {\r\n\t\t\tpurposes: {\r\n\t\t\t\tp1: 'il referendum contro l\\'ampliamento dell\\'autostrade',\r\n\t\t\t},\r\n\t\t\tpayment_methods: {\r\n\t\t\t\tdd: 'Addebito diretto (LSV\/DD)',\r\n\t\t\t},\r\n\t\t\tpayment_form: {\r\n\t\t\t\tdatenschutz: '<\/br><\/br><\/br>La Legge federale sui diritti politici (LDP) vieta l\\'accettazione di donazioni anonime. Siamo pertanto obbligati a richiedere l\\'indirizzo postale. Con la tua donazione accetti che il PS ti informi sulle sue attivit\u00e0. Maggiori informazioni <a href=\"https:\/\/www.sp-ps.ch\/datenschutz-policy\/\" target=\"_blank\">qui<\/a>.',\r\n\t\t\t},\r\n\t\t}, \r\n\t},\r\n\r\n\t\/\/ Standard-Betr\u00e4ge setzen\r\n\tamounts: [\r\n\t\t{\r\n\t\t\t\"if\": \"paymentType() == onetime\",\r\n\t\t\t\"then\": [45,90,180,400],\r\n\t\t},\r\n\t\t{\r\n\t\t\t\"if\": \"recurringInterval() == monthly && paymentType() == recurring\",\r\n\t\t\t\"then\": [10,20,30,50],\r\n\t\t},\r\n\t\t{\r\n\t\t\t\"if\": \"recurringInterval() == quarterly && paymentType() == recurring\",\r\n\t\t\t\"then\": [30,60,90,150],\r\n\t\t},\r\n\t\t{\r\n\t\t\t\"if\": \"recurringInterval() == semestral && paymentType() == recurring\",\r\n\t\t\t\"then\": [60,120,180,300],\r\n\t\t},\r\n\t\t{\r\n\t\t\t\"if\": \"recurringInterval() == yearly && paymentType() == recurring\",\r\n\t\t\t\"then\": [120,240,360,600],\r\n\t\t},\r\n\t],\r\n\r\n\t\/\/ Regelm\u00e4ssige Spenden aktivieren (optional) und Layout w\u00e4hlen (compact\/list)\r\n\tpaymentTypes: [\r\n\t\t'onetime',\r\n\t\t\/\/'recurring'\r\n\t],\r\n\trecurringIntervalsLayout: 'compact',\r\n\r\n\t\/\/ Stored_hidden_parameter aktivieren und setzen (optional)\r\n\tpaymentFormPrefill: {\r\n\t\tstored_customer_email_permission: true,\r\n\t\tstored_customer_donation_receipt: true,\r\n\t\tstored_customer_country: 'CH',\r\n\t\tstored_sxt_address_source: '1008',\r\n\t\tstored_sxt_product_id: '209933',\r\n\t\tstored_customer_salutation: 'mx',\r\n\t\tstored_customer_firstname: '[demovox_firstname]',\r\n\t\tstored_customer_lastname: '[demovox_lastname]',\r\n\t\tstored_customer_email: '[demovox_mail]',\r\n\t\tstored_customer_street: '[demovox_street]',\r\n\t\tstored_customer_street_number: '[demovox_street_no]',\r\n\t\tstored_customer_zip_code: '[demovox_zip]',\r\n\t\tstored_customer_city: '[demovox_city]',\r\n\t\t\/\/stored_hidden_parameter: 'myValue',\r\n\t},\r\n\r\n\t\/\/ Sonstige Konfigurationen (nur bei begr\u00fcndetem Bedarf anpassen)\r\n\ttestMode: false,\r\n\tdebug: false,\r\n\tpurposes: ['p1'],\r\n\tshowFields: {\r\n\t\t'stored_customer_email_permission': false,\r\n\t\t'stored_customer_donation_receipt': false,\r\n\t\t'stored_customer_birthdate': false\r\n\t},\r\n\tshowFooter: false,\r\n\tslots: {\r\n\t\tend: [{\r\n        \tcomponent: 'content',\r\n       \t\ttext_html: 'payment_form.datenschutz',\r\n\t\t}],\r\n\t},\r\n\t\/\/minimumCustomAmount: [15],\r\n\t\/\/allowCustomAmount: true,\r\n\t\/\/layout: 'list',\r\n})\r\n<\/script>\r\n\r\n<style>\r\n\t\/*Prim\u00e4rfarben anpassen (optional)*\/\r\n\t:root {\r\n\t\t--tamaro-primary-color: #E4002B;\r\n\t\t--tamaro-primary-color__hover: rgba(228,0,43,0.75);\r\n\t\t--tamaro-primary-bg-color: rgba(228,0,43,0.03);\r\n\t\t--tamaro-border-color: #b5b5b5;\r\n\t\t\/*font-size: inherit;*\/\r\n\t}      \r\n<\/style>\t\t\t\t<\/div>\n\t\t\t\t<\/div>\n\t\t\t\t<div class=\"elementor-element elementor-element-2ac491f elementor-widget elementor-widget-spacer\" data-id=\"2ac491f\" data-element_type=\"widget\" data-widget_type=\"spacer.default\">\n\t\t\t\t<div class=\"elementor-widget-container\">\n\t\t\t\t\t\t\t<div class=\"elementor-spacer\">\n\t\t\t<div class=\"elementor-spacer-inner\"><\/div>\n\t\t<\/div>\n\t\t\t\t\t\t<\/div>\n\t\t\t\t<\/div>\n\t\t\t\t\t<\/div>\n\t\t<\/div>\n\t\t\t\t\t<\/div>\n\t\t<\/section>\n\t\t\t\t<section class=\"elementor-section elementor-top-section elementor-element elementor-element-289bd22 elementor-section-boxed elementor-section-height-default elementor-section-height-default\" data-id=\"289bd22\" data-element_type=\"section\" data-settings=\"{&quot;jet_parallax_layout_list&quot;:[],&quot;background_background&quot;:&quot;classic&quot;}\">\n\t\t\t\t\t\t<div class=\"elementor-container elementor-column-gap-no\">\n\t\t\t\t\t<div class=\"elementor-column elementor-col-100 elementor-top-column elementor-element elementor-element-af14afe\" data-id=\"af14afe\" data-element_type=\"column\">\n\t\t\t<div class=\"elementor-widget-wrap elementor-element-populated\">\n\t\t\t\t\t\t<section class=\"elementor-section elementor-inner-section elementor-element elementor-element-50533b6 elementor-section-boxed elementor-section-height-default elementor-section-height-default\" data-id=\"50533b6\" data-element_type=\"section\" data-settings=\"{&quot;jet_parallax_layout_list&quot;:[]}\">\n\t\t\t\t\t\t<div class=\"elementor-container elementor-column-gap-wide\">\n\t\t\t\t\t<div class=\"elementor-column elementor-col-100 elementor-inner-column elementor-element elementor-element-8c59e90\" data-id=\"8c59e90\" data-element_type=\"column\">\n\t\t\t<div class=\"elementor-widget-wrap elementor-element-populated\">\n\t\t\t\t\t\t<div class=\"elementor-element elementor-element-e9a1b24 elementor-widget__width-auto elementor-widget elementor-widget-image\" data-id=\"e9a1b24\" data-element_type=\"widget\" data-widget_type=\"image.default\">\n\t\t\t\t<div class=\"elementor-widget-container\">\n\t\t\t\t\t\t\t\t\t\t\t\t\t\t\t\t<a href=\"https:\/\/www.sp-ps.ch\/fr\/\">\n\t\t\t\t\t\t\t<img fetchpriority=\"high\" decoding=\"async\" width=\"800\" height=\"848\" src=\"https:\/\/www.sp-ps.ch\/wp-content\/uploads\/2022\/08\/PS_f_Logo_blanc-966x1024.png\" class=\"attachment-large size-large wp-image-31652\" alt=\"\" srcset=\"https:\/\/www.sp-ps.ch\/wp-content\/uploads\/2022\/08\/PS_f_Logo_blanc-966x1024.png 966w, https:\/\/www.sp-ps.ch\/wp-content\/uploads\/2022\/08\/PS_f_Logo_blanc-283x300.png 283w, https:\/\/www.sp-ps.ch\/wp-content\/uploads\/2022\/08\/PS_f_Logo_blanc-768x814.png 768w\" sizes=\"(max-width: 800px) 100vw, 800px\" \/>\t\t\t\t\t\t\t\t<\/a>\n\t\t\t\t\t\t\t\t\t\t\t\t\t\t\t<\/div>\n\t\t\t\t<\/div>\n\t\t\t\t<div class=\"elementor-element elementor-element-e37e5f1 el-menu-language-switcher elementor-widget elementor-widget-shortcode\" data-id=\"e37e5f1\" data-element_type=\"widget\" data-widget_type=\"shortcode.default\">\n\t\t\t\t<div class=\"elementor-widget-container\">\n\t\t\t\t\t\t\t<div class=\"elementor-shortcode\">\n<div role=\"navigation\" aria-label=\"S\u00e9lecteur de langue\" class=\"wpml-ls-statics-shortcode_actions wpml-ls wpml-ls-legacy-list-horizontal\">\n\t<ul><li class=\"wpml-ls-slot-shortcode_actions wpml-ls-item wpml-ls-item-de wpml-ls-first-item wpml-ls-item-legacy-list-horizontal\">\n\t\t\t\t<a href=\"https:\/\/www.sp-ps.ch\/\" hreflang=\"de\" lang=\"de\" class=\"wpml-ls-link\" aria-label=\"Passer \u00e0 DE\" title=\"Passer \u00e0 DE\">\n\t\t\t\t\t<span class=\"wpml-ls-display\">DE<\/span><\/a>\n\t\t\t<\/li><li class=\"wpml-ls-slot-shortcode_actions wpml-ls-item wpml-ls-item-fr wpml-ls-current-language wpml-ls-item-legacy-list-horizontal\">\n\t\t\t\t<a href=\"https:\/\/www.sp-ps.ch\/fr\/\" hreflang=\"fr\" lang=\"fr\" class=\"wpml-ls-link\" aria-current=\"page\" aria-label=\"Passer \u00e0 FR\" title=\"Passer \u00e0 FR\">\n\t\t\t\t\t<span class=\"wpml-ls-native\">FR<\/span><\/a>\n\t\t\t<\/li><li class=\"wpml-ls-slot-shortcode_actions wpml-ls-item wpml-ls-item-it wpml-ls-last-item wpml-ls-item-legacy-list-horizontal\">\n\t\t\t\t<a href=\"https:\/\/www.sp-ps.ch\/it\/\" hreflang=\"it\" lang=\"it\" class=\"wpml-ls-link\" aria-label=\"Passer \u00e0 IT\" title=\"Passer \u00e0 IT\">\n\t\t\t\t\t<span class=\"wpml-ls-display\">IT<\/span><\/a>\n\t\t\t<\/li><\/ul>\n<\/div>\n<\/div>\n\t\t\t\t\t\t<\/div>\n\t\t\t\t<\/div>\n\t\t\t\t\t<\/div>\n\t\t<\/div>\n\t\t\t\t\t<\/div>\n\t\t<\/section>\n\t\t\t\t\t<\/div>\n\t\t<\/div>\n\t\t\t\t\t<\/div>\n\t\t<\/section>\n\t\t\t\t<\/div>\n\t\t","protected":false},"excerpt":{"rendered":"<p>Feuille de signatures Votre feuille de signatures T\u00e9l\u00e9charger la feuille de signatures T\u00e9l\u00e9charger et imprimer la feuille de signatures de [demovox_firstname] [demovox_lastname]. [demovox_form] 1Votre feuille de signatures Signer Signez la [&hellip;]<\/p>\n","protected":false},"author":4,"featured_media":0,"parent":0,"menu_order":1,"comment_status":"closed","ping_status":"closed","template":"elementor_canvas","meta":{"footnotes":""},"class_list":["post-94922","page","type-page","status-publish","hentry"],"_links":{"self":[{"href":"https:\/\/www.sp-ps.ch\/fr\/wp-json\/wp\/v2\/pages\/94922","targetHints":{"allow":["GET"]}}],"collection":[{"href":"https:\/\/www.sp-ps.ch\/fr\/wp-json\/wp\/v2\/pages"}],"about":[{"href":"https:\/\/www.sp-ps.ch\/fr\/wp-json\/wp\/v2\/types\/page"}],"author":[{"embeddable":true,"href":"https:\/\/www.sp-ps.ch\/fr\/wp-json\/wp\/v2\/users\/4"}],"replies":[{"embeddable":true,"href":"https:\/\/www.sp-ps.ch\/fr\/wp-json\/wp\/v2\/comments?post=94922"}],"version-history":[{"count":14,"href":"https:\/\/www.sp-ps.ch\/fr\/wp-json\/wp\/v2\/pages\/94922\/revisions"}],"predecessor-version":[{"id":115062,"href":"https:\/\/www.sp-ps.ch\/fr\/wp-json\/wp\/v2\/pages\/94922\/revisions\/115062"}],"wp:attachment":[{"href":"https:\/\/www.sp-ps.ch\/fr\/wp-json\/wp\/v2\/media?parent=94922"}],"curies":[{"name":"wp","href":"https:\/\/api.w.org\/{rel}","templated":true}]}}