{"id":97507,"date":"2023-04-24T15:04:06","date_gmt":"2023-04-24T13:04:06","guid":{"rendered":"https:\/\/www.sp-ps.ch\/oui-a-la-loi-covid-19\/"},"modified":"2023-04-24T15:07:01","modified_gmt":"2023-04-24T13:07:01","slug":"oui-a-la-loi-covid-19","status":"publish","type":"page","link":"https:\/\/www.sp-ps.ch\/fr\/oui-a-la-loi-covid-19\/","title":{"rendered":"Oui \u00e0 la loi COVID-19"},"content":{"rendered":"\t\t<div data-elementor-type=\"wp-page\" data-elementor-id=\"97507\" class=\"elementor elementor-97507 elementor-97498\" data-elementor-post-type=\"page\">\n\t\t\t\t\t\t<section class=\"elementor-section elementor-top-section elementor-element elementor-element-754270e elementor-section-boxed elementor-section-height-default elementor-section-height-default\" data-id=\"754270e\" data-element_type=\"section\" data-settings=\"{&quot;jet_parallax_layout_list&quot;:[]}\">\n\t\t\t\t\t\t<div class=\"elementor-container elementor-column-gap-default\">\n\t\t\t\t\t<div class=\"elementor-column elementor-col-100 elementor-top-column elementor-element elementor-element-81dd400\" data-id=\"81dd400\" data-element_type=\"column\">\n\t\t\t<div class=\"elementor-widget-wrap elementor-element-populated\">\n\t\t\t\t\t\t<div class=\"elementor-element elementor-element-60f96bf elementor-widget elementor-widget-spps_button_list\" data-id=\"60f96bf\" data-element_type=\"widget\" data-widget_type=\"spps_button_list.default\">\n\t\t\t\t<div class=\"elementor-widget-container\">\n\t\t\t\t\t<div class=\"button-list-wrapper wrapper-spacing-default  \"><div class=\"button-list-title\"><h2>Oui \u00e0 la loi COVID-19<\/h2><\/div><div class=\"button-list-container\"><div class=\"button-list-text\"><p>Un comit\u00e9 regroupant les associations \u00ab\u00a0Mass Voll\u00a0\u00bb et \u00ab\u00a0Les Amis de la Constitution\u00a0\u00bb a d\u00e9pos\u00e9 un r\u00e9f\u00e9rendum contre la nouvelle mouture de la loi COVID-19. Le 18 juin, les personnes en Suisse disposant du droit de vote devront donc s\u2019exprimer pour la troisi\u00e8me fois sur cette derni\u00e8re. Les deux premi\u00e8res fois, les votant-es se sont prononc\u00e9-es tr\u00e8s clairement en faveur de la loi.<\/p><h3><strong>De quoi s\u2019agit-il\u00a0?<\/strong><\/h3><p>Le projet concerne la (nouvelle) prolongation de la loi COVID-19 adopt\u00e9e par le Parlement en d\u00e9cembre 2022. Avec le retour \u00e0 la situation normale au 1<sup>er<\/sup> avril 2022, les cantons ont repris la responsabilit\u00e9 principale de la gestion de l\u2019\u00e9pid\u00e9mie de Covid 19. Toutefois, afin de continuer \u00e0 mettre \u00e0 la disposition de la Conf\u00e9d\u00e9ration certains instruments \u00e9prouv\u00e9s de protection de la sant\u00e9 publique, le Parlement a prolong\u00e9 certains articles de la loi COVID-19.<\/p><p>Cela concerne concr\u00e8tement\u00a0:<\/p><ul><li><strong>Les co\u00fbts des tests : <br \/><\/strong>Depuis janvier 2023, les caisses d\u2019assurance-maladie prennent en charge les frais en cas de maladie ; les personnes assument elles-m\u00eames, si n\u00e9cessaire, les frais des tests n\u00e9cessaires pour les voyages. Cette r\u00e9glementation doit continuer \u00e0 s\u2019appliquer.<\/li><\/ul><ul><li><strong>Certificat COVID-19 et l\u2019application Swiss COVID\u00a0:<\/strong><br \/>Le Parlement doit pouvoir continuer \u00e0 recourir, si n\u00e9cessaire, au certificat COVID-19 pour les personnes vaccin\u00e9es, gu\u00e9ries ou test\u00e9es n\u00e9gatives. Il en va de m\u00eame pour l\u2019application Swiss COVID, actuellement d\u00e9sactiv\u00e9e.<\/li><\/ul><p><br \/>Le Parlement a prolong\u00e9 ces dispositions jusqu\u2019en juin 2024.<\/p><p>Du point de vue du PS suisse, la prolongation de ces dispositions de la loi COVID-19 est judicieuse. Le PS a donc d\u00e9cid\u00e9 de dire oui.<\/p><\/div><\/div><\/div>\t\t\t\t<\/div>\n\t\t\t\t<\/div>\n\t\t\t\t\t<\/div>\n\t\t<\/div>\n\t\t\t\t\t<\/div>\n\t\t<\/section>\n\t\t\t\t<\/div>\n\t\t","protected":false},"excerpt":{"rendered":"<p>Oui \u00e0 la loi COVID-19 Un comit\u00e9 regroupant les associations \u00ab\u00a0Mass Voll\u00a0\u00bb et \u00ab\u00a0Les Amis de la Constitution\u00a0\u00bb a d\u00e9pos\u00e9 un r\u00e9f\u00e9rendum contre la nouvelle mouture de la loi COVID-19. [&hellip;]<\/p>\n","protected":false},"author":64,"featured_media":0,"parent":0,"menu_order":0,"comment_status":"closed","ping_status":"closed","template":"","meta":{"footnotes":""},"class_list":["post-97507","page","type-page","status-publish","hentry"],"_links":{"self":[{"href":"https:\/\/www.sp-ps.ch\/fr\/wp-json\/wp\/v2\/pages\/97507","targetHints":{"allow":["GET"]}}],"collection":[{"href":"https:\/\/www.sp-ps.ch\/fr\/wp-json\/wp\/v2\/pages"}],"about":[{"href":"https:\/\/www.sp-ps.ch\/fr\/wp-json\/wp\/v2\/types\/page"}],"author":[{"embeddable":true,"href":"https:\/\/www.sp-ps.ch\/fr\/wp-json\/wp\/v2\/users\/64"}],"replies":[{"embeddable":true,"href":"https:\/\/www.sp-ps.ch\/fr\/wp-json\/wp\/v2\/comments?post=97507"}],"version-history":[{"count":4,"href":"https:\/\/www.sp-ps.ch\/fr\/wp-json\/wp\/v2\/pages\/97507\/revisions"}],"predecessor-version":[{"id":97515,"href":"https:\/\/www.sp-ps.ch\/fr\/wp-json\/wp\/v2\/pages\/97507\/revisions\/97515"}],"wp:attachment":[{"href":"https:\/\/www.sp-ps.ch\/fr\/wp-json\/wp\/v2\/media?parent=97507"}],"curies":[{"name":"wp","href":"https:\/\/api.w.org\/{rel}","templated":true}]}}