{"id":100318,"date":"2023-05-26T13:58:48","date_gmt":"2023-05-26T11:58:48","guid":{"rendered":"https:\/\/www.sp-ps.ch\/poverta-e-lindifferenza\/"},"modified":"2023-06-18T23:37:09","modified_gmt":"2023-06-18T21:37:09","slug":"poverta-emarginazione","status":"publish","type":"page","link":"https:\/\/www.sp-ps.ch\/it\/poverta-emarginazione\/","title":{"rendered":"Povert\u00e0 e l\u2019indifferenza"},"content":{"rendered":"\t\t<div data-elementor-type=\"wp-page\" data-elementor-id=\"100318\" class=\"elementor elementor-100318 elementor-83404\" data-elementor-post-type=\"page\">\n\t\t\t\t\t\t<section class=\"elementor-section elementor-top-section elementor-element elementor-element-6551d2f elementor-section-boxed elementor-section-height-default elementor-section-height-default\" data-id=\"6551d2f\" data-element_type=\"section\" data-settings=\"{&quot;jet_parallax_layout_list&quot;:[],&quot;background_background&quot;:&quot;classic&quot;}\">\n\t\t\t\t\t\t<div class=\"elementor-container elementor-column-gap-wide\">\n\t\t\t\t\t<div class=\"elementor-column elementor-col-100 elementor-top-column elementor-element elementor-element-e9c3373\" data-id=\"e9c3373\" data-element_type=\"column\">\n\t\t\t<div class=\"elementor-widget-wrap elementor-element-populated\">\n\t\t\t\t\t\t<div class=\"elementor-element elementor-element-e7a7e4d elementor-widget elementor-widget-heading\" data-id=\"e7a7e4d\" data-element_type=\"widget\" data-widget_type=\"heading.default\">\n\t\t\t\t<div class=\"elementor-widget-container\">\n\t\t\t\t\t<h1 class=\"elementor-heading-title elementor-size-default\">Povert\u00e0, indifferenza ed emarginazione sociale<\/h1>\t\t\t\t<\/div>\n\t\t\t\t<\/div>\n\t\t\t\t<div class=\"elementor-element elementor-element-c294f79 elementor-widget elementor-widget-jet-breadcrumbs\" data-id=\"c294f79\" data-element_type=\"widget\" data-widget_type=\"jet-breadcrumbs.default\">\n\t\t\t\t<div class=\"elementor-widget-container\">\n\t\t\t\t\t<div class=\"elementor-jet-breadcrumbs jet-blocks\">\n\t\t<div class=\"jet-breadcrumbs\">\n\t\t<div class=\"jet-breadcrumbs__content\">\n\t\t<div class=\"jet-breadcrumbs__wrap\">\n\t\t<\/div>\n\t\t<\/div>\n\t\t<\/div><\/div>\t\t\t\t<\/div>\n\t\t\t\t<\/div>\n\t\t\t\t<div class=\"elementor-element elementor-element-71e202a elementor-widget__width-initial elementor-widget elementor-widget-text-editor\" data-id=\"71e202a\" data-element_type=\"widget\" data-widget_type=\"text-editor.default\">\n\t\t\t\t<div class=\"elementor-widget-container\">\n\t\t\t\t\t\t\t\t\t<p>Dove inizia il lusso? Per molti gi\u00e0 alla cassa della piscina. Stiamo dalla parte di chi vuole eliminare la povert\u00e0, l\u2019emarginazione sociale e l\u2019indifferenza.<\/p>\n\t\t\t\t\t\t\t\t<\/div>\n\t\t\t\t<\/div>\n\t\t\t\t\t<\/div>\n\t\t<\/div>\n\t\t\t\t\t<\/div>\n\t\t<\/section>\n\t\t\t\t<section class=\"elementor-section elementor-top-section elementor-element elementor-element-796f653 elementor-section-boxed elementor-section-height-default elementor-section-height-default\" data-id=\"796f653\" data-element_type=\"section\" data-settings=\"{&quot;jet_parallax_layout_list&quot;:[]}\">\n\t\t\t\t\t\t<div class=\"elementor-container elementor-column-gap-default\">\n\t\t\t\t\t<div class=\"elementor-column elementor-col-100 elementor-top-column elementor-element elementor-element-7aa7993\" data-id=\"7aa7993\" data-element_type=\"column\">\n\t\t\t<div class=\"elementor-widget-wrap elementor-element-populated\">\n\t\t\t\t\t\t\t<\/div>\n\t\t<\/div>\n\t\t\t\t\t<\/div>\n\t\t<\/section>\n\t\t\t\t<section class=\"elementor-section elementor-top-section elementor-element elementor-element-7b76a29 elementor-section-boxed elementor-section-height-default elementor-section-height-default\" data-id=\"7b76a29\" data-element_type=\"section\" data-settings=\"{&quot;jet_parallax_layout_list&quot;:[]}\">\n\t\t\t\t\t\t<div class=\"elementor-container elementor-column-gap-default\">\n\t\t\t\t\t<div class=\"elementor-column elementor-col-100 elementor-top-column elementor-element elementor-element-29e2850\" data-id=\"29e2850\" data-element_type=\"column\">\n\t\t\t<div class=\"elementor-widget-wrap elementor-element-populated\">\n\t\t\t\t\t\t<div class=\"elementor-element elementor-element-50b16dc elementor-widget elementor-widget-spps_title_text\" data-id=\"50b16dc\" data-element_type=\"widget\" data-widget_type=\"spps_title_text.default\">\n\t\t\t\t<div class=\"elementor-widget-container\">\n\t\t\t\t\t<div class=\"title-text-wrapper \"><div class=\"title-text-title\"><h2>Per che cosa ci impegniamo<\/h2><\/div><div class=\"title-text-container\"><div class=\"title-text-text\"><p>In Svizzera ci sono 1,3 milioni di persone che sono costrette a contare ogni centesimo. Sono povere o a rischio povert\u00e0. Oggi le persone nel bisogno vengono considerate colpevoli della loro situazione e sospettate di essere dei lazzaroni. Ma la povert\u00e0 non \u00e8 un problema individuale o il fallimento del singolo. La povert\u00e0 pu\u00f2 colpire chiunque di noi: per la perdita del posto di lavoro, un incidente, una crisi economica, una malattia, un divorzio o un\u2019altra situazione di difficolt\u00e0 personale. La crisi dovuta alla pandemia di COVID-19 ce lo ha ampiamente dimostrato. Proprio per questo, dobbiamo lottare insieme contro la povert\u00e0. Non vogliamo che i nostri figli debbano rinunciare ad andare in piscina con i loro amici perch\u00e9 i genitori non hanno soldi per pagare l\u2019entrata. Non vogliamo che le persone senza passaporto svizzero rischino l\u2019espulsione solo perch\u00e9 hanno bisogno dell\u2019assistenza sociale. Perci\u00f2 ci impegniamo in favore di una societ\u00e0 senza povert\u00e0 e senza emarginazione. Vogliamo fare in modo che nessuno sia lasciato solo.<\/p>\n<\/div><\/div><\/div>\t\t\t\t<\/div>\n\t\t\t\t<\/div>\n\t\t\t\t\t<\/div>\n\t\t<\/div>\n\t\t\t\t\t<\/div>\n\t\t<\/section>\n\t\t\t\t<section class=\"elementor-section elementor-top-section elementor-element elementor-element-448d644 elementor-section-boxed elementor-section-height-default elementor-section-height-default\" data-id=\"448d644\" data-element_type=\"section\" data-settings=\"{&quot;jet_parallax_layout_list&quot;:[]}\">\n\t\t\t\t\t\t<div class=\"elementor-container elementor-column-gap-default\">\n\t\t\t\t\t<div class=\"elementor-column elementor-col-100 elementor-top-column elementor-element elementor-element-c22eaef\" data-id=\"c22eaef\" data-element_type=\"column\">\n\t\t\t<div class=\"elementor-widget-wrap elementor-element-populated\">\n\t\t\t\t\t\t<div class=\"elementor-element elementor-element-b7b71a1 elementor-widget elementor-widget-spps_button_list\" data-id=\"b7b71a1\" data-element_type=\"widget\" data-widget_type=\"spps_button_list.default\">\n\t\t\t\t<div class=\"elementor-widget-container\">\n\t\t\t\t\t<div class=\"button-list-wrapper   \"><div class=\"button-list-title\"><h3>Cos\u00ec raggiungeremo il nostro obiettivo: <\/h3><\/div><div class=\"button-list-container\"><div class=\"button-list-text\"><p>Vogliamo una politica che combatta contro la povert\u00e0, non contro i poveri. Lottiamo per una societ\u00e0 in cui nessuno venga lasciato indietro e in cui tutte le persone abbiano gli stessi diritti.<\/p>\n<\/div><\/div><\/div>\t\t\t\t<\/div>\n\t\t\t\t<\/div>\n\t\t\t\t\t<\/div>\n\t\t<\/div>\n\t\t\t\t\t<\/div>\n\t\t<\/section>\n\t\t\t\t<section class=\"elementor-section elementor-top-section elementor-element elementor-element-e2f4b2d elementor-section-boxed elementor-section-height-default elementor-section-height-default\" data-id=\"e2f4b2d\" data-element_type=\"section\" data-settings=\"{&quot;jet_parallax_layout_list&quot;:[]}\">\n\t\t\t\t\t\t<div class=\"elementor-container elementor-column-gap-default\">\n\t\t\t\t\t<div class=\"elementor-column elementor-col-100 elementor-top-column elementor-element elementor-element-2dac723\" data-id=\"2dac723\" data-element_type=\"column\">\n\t\t\t<div class=\"elementor-widget-wrap elementor-element-populated\">\n\t\t\t\t\t\t<div class=\"elementor-element elementor-element-23ae69d elementor-widget elementor-widget-spps_title_text\" data-id=\"23ae69d\" data-element_type=\"widget\" data-widget_type=\"spps_title_text.default\">\n\t\t\t\t<div class=\"elementor-widget-container\">\n\t\t\t\t\t<div class=\"title-text-wrapper \"><div class=\"title-text-title\"><h3>Combattere contro la povert\u00e0 anzich\u00e9 contro le persone che ne sono vittima<\/h3><\/div><div class=\"title-text-container\"><div class=\"title-text-text\"><p>Ci sono troppe persone che vivono in povert\u00e0 nonostante abbiano un lavoro. Troppe persone che devono lavorare per un salario da fame, insufficiente per vivere. Perci\u00f2 chiediamo salari minimi e lottiamo contro il precariato. Insieme ai sindacati ci impegniamo per ottenere contratti collettivi di lavoro adeguati. Per i lavoratori e le lavoratrici pi\u00f9 anziani vogliamo una migliore protezione contro il licenziamento. L\u2019assistenza sociale deve aiutare le persone invece di tormentarle.<\/p><\/div><\/div><\/div>\t\t\t\t<\/div>\n\t\t\t\t<\/div>\n\t\t\t\t\t<\/div>\n\t\t<\/div>\n\t\t\t\t\t<\/div>\n\t\t<\/section>\n\t\t\t\t<section class=\"elementor-section elementor-top-section elementor-element elementor-element-5128c70 elementor-section-boxed elementor-section-height-default elementor-section-height-default\" data-id=\"5128c70\" data-element_type=\"section\" data-settings=\"{&quot;jet_parallax_layout_list&quot;:[]}\">\n\t\t\t\t\t\t<div class=\"elementor-container elementor-column-gap-default\">\n\t\t\t\t\t<div class=\"elementor-column elementor-col-100 elementor-top-column elementor-element elementor-element-4ae5ccf\" data-id=\"4ae5ccf\" data-element_type=\"column\">\n\t\t\t<div class=\"elementor-widget-wrap elementor-element-populated\">\n\t\t\t\t\t\t<div class=\"elementor-element elementor-element-2a533db elementor-widget elementor-widget-spps_title_text\" data-id=\"2a533db\" data-element_type=\"widget\" data-widget_type=\"spps_title_text.default\">\n\t\t\t\t<div class=\"elementor-widget-container\">\n\t\t\t\t\t<div class=\"title-text-wrapper \"><div class=\"title-text-title\"><h3>Non \u00e8 giusto ammalarsi a causa del lavoro<\/h3><\/div><div class=\"title-text-container\"><div class=\"title-text-text\"><p>La pressione e lo stress sul posto di lavoro aumentano, causando problemi psichici e un nume<strong>tro obiettivo:<\/strong>ro crescente di casi di burnout. Chi si ammala sul posto di lavoro deve essere meglio sostenuto e protetto. Vogliamo un\u2019assicurazione invalidit\u00e0 che non tormenti le persone, bens\u00ec le aiuti e le rinforzi.<\/p>\n<\/div><\/div><\/div>\t\t\t\t<\/div>\n\t\t\t\t<\/div>\n\t\t\t\t\t<\/div>\n\t\t<\/div>\n\t\t\t\t\t<\/div>\n\t\t<\/section>\n\t\t\t\t<section class=\"elementor-section elementor-top-section elementor-element elementor-element-d8d0888 elementor-section-boxed elementor-section-height-default elementor-section-height-default\" data-id=\"d8d0888\" data-element_type=\"section\" data-settings=\"{&quot;jet_parallax_layout_list&quot;:[]}\">\n\t\t\t\t\t\t<div class=\"elementor-container elementor-column-gap-default\">\n\t\t\t\t\t<div class=\"elementor-column elementor-col-100 elementor-top-column elementor-element elementor-element-9d5a2b1\" data-id=\"9d5a2b1\" data-element_type=\"column\">\n\t\t\t<div class=\"elementor-widget-wrap elementor-element-populated\">\n\t\t\t\t\t\t<div class=\"elementor-element elementor-element-e15b7f9 elementor-widget elementor-widget-spps_title_text\" data-id=\"e15b7f9\" data-element_type=\"widget\" data-widget_type=\"spps_title_text.default\">\n\t\t\t\t<div class=\"elementor-widget-container\">\n\t\t\t\t\t<div class=\"title-text-wrapper \"><div class=\"title-text-title\"><h3>Vogliamo fare in modo che nessuno sia lasciato solo<\/h3><\/div><div class=\"title-text-container\"><div class=\"title-text-text\"><p>In Svizzera ci sono 133'000 bambini che vivono in povert\u00e0. La povert\u00e0 dei bambini e dei giovani \u00e8 particolarmente grave, perch\u00e9 chiude loro molte porte gi\u00e0 in tenera et\u00e0. E vi sono molte probabilit\u00e0 che questi svantaggi li perseguitino per anni e anni. Perci\u00f2 vogliamo assegni familiari che proteggano dalla povert\u00e0 anche le famiglie monoparentali.<\/p>\n<\/div><\/div><\/div>\t\t\t\t<\/div>\n\t\t\t\t<\/div>\n\t\t\t\t\t<\/div>\n\t\t<\/div>\n\t\t\t\t\t<\/div>\n\t\t<\/section>\n\t\t\t\t<section class=\"elementor-section elementor-top-section elementor-element elementor-element-47befe3 elementor-section-boxed elementor-section-height-default elementor-section-height-default\" data-id=\"47befe3\" data-element_type=\"section\" data-settings=\"{&quot;jet_parallax_layout_list&quot;:[]}\">\n\t\t\t\t\t\t<div class=\"elementor-container elementor-column-gap-default\">\n\t\t\t\t\t<div class=\"elementor-column elementor-col-100 elementor-top-column elementor-element elementor-element-2ca13e8\" data-id=\"2ca13e8\" data-element_type=\"column\">\n\t\t\t<div class=\"elementor-widget-wrap elementor-element-populated\">\n\t\t\t\t\t\t<div class=\"elementor-element elementor-element-9e8b421 elementor-widget elementor-widget-spps_button_list\" data-id=\"9e8b421\" data-element_type=\"widget\" data-widget_type=\"spps_button_list.default\">\n\t\t\t\t<div class=\"elementor-widget-container\">\n\t\t\t\t\t<div class=\"button-list-wrapper   \"><div class=\"button-list-title\"><h3>La povert\u00e0 non \u00e8 un reato<\/h3><\/div><div class=\"button-list-container\"><div class=\"button-list-text\"><p>Nella nostra societ\u00e0, chi ha pochi soldi viene emarginato. Questa realt\u00e0 tocca anche e soprattutto i migranti, e in particolare le persone che non hanno un titolo di soggiorno valido. Per queste persone il rischio di povert\u00e0 raddoppia. Chi deve rivolgersi all\u2019assistenza sociale dopo un colpo del destino rischia l\u2019espulsione, anche se vive da noi gi\u00e0 da tempo e fa la sua parte nella nostra societ\u00e0. Chiediamo di prevedere che dopo dieci anni di soggiorno regolare in Svizzera non si possano pi\u00f9 adottare sanzioni relative al diritto di soggiorno.<\/p>\n<\/div><div class=\"button-list-items\"><div class=\"button-list-item\"><div class=\"button-wrapper \"><a href=\"https:\/\/www.sp-ps.ch\/wp-content\/uploads\/2022\/10\/Wahlplattform_Broschure_A5_IT.pdf\"  target=\"_self\" class=\"button-link button-link-download\" >Piattaforma elettorale 2023<span class=\"button-media-date\">23.04.2026<\/span><\/a><\/div><\/div><div class=\"button-list-item\"><div class=\"button-wrapper \"><a href=\"https:\/\/www.sp-ps.ch\/wp-content\/uploads\/2022\/12\/Positionspapier_Armut_D_final.pdf\"  target=\"_self\" class=\"button-link button-link-download\" >Presa di posizione: la povert\u00e0 non deve avere posto nella ricca Svizzera! (in tedesco)<span class=\"button-media-date\">23.04.2026<\/span><\/a><\/div><\/div><\/div><\/div><\/div>\t\t\t\t<\/div>\n\t\t\t\t<\/div>\n\t\t\t\t\t<\/div>\n\t\t<\/div>\n\t\t\t\t\t<\/div>\n\t\t<\/section>\n\t\t\t\t<\/div>\n\t\t","protected":false},"excerpt":{"rendered":"<p>Povert\u00e0, indifferenza ed emarginazione sociale Dove inizia il lusso? Per molti gi\u00e0 alla cassa della piscina. Stiamo dalla parte di chi vuole eliminare la povert\u00e0, l\u2019emarginazione sociale e l\u2019indifferenza. Per [&hellip;]<\/p>\n","protected":false},"author":64,"featured_media":0,"parent":0,"menu_order":0,"comment_status":"closed","ping_status":"closed","template":"","meta":{"footnotes":""},"class_list":["post-100318","page","type-page","status-publish","hentry"],"_links":{"self":[{"href":"https:\/\/www.sp-ps.ch\/it\/wp-json\/wp\/v2\/pages\/100318","targetHints":{"allow":["GET"]}}],"collection":[{"href":"https:\/\/www.sp-ps.ch\/it\/wp-json\/wp\/v2\/pages"}],"about":[{"href":"https:\/\/www.sp-ps.ch\/it\/wp-json\/wp\/v2\/types\/page"}],"author":[{"embeddable":true,"href":"https:\/\/www.sp-ps.ch\/it\/wp-json\/wp\/v2\/users\/64"}],"replies":[{"embeddable":true,"href":"https:\/\/www.sp-ps.ch\/it\/wp-json\/wp\/v2\/comments?post=100318"}],"version-history":[{"count":8,"href":"https:\/\/www.sp-ps.ch\/it\/wp-json\/wp\/v2\/pages\/100318\/revisions"}],"predecessor-version":[{"id":103199,"href":"https:\/\/www.sp-ps.ch\/it\/wp-json\/wp\/v2\/pages\/100318\/revisions\/103199"}],"wp:attachment":[{"href":"https:\/\/www.sp-ps.ch\/it\/wp-json\/wp\/v2\/media?parent=100318"}],"curies":[{"name":"wp","href":"https:\/\/api.w.org\/{rel}","templated":true}]}}