{"id":100320,"date":"2023-05-26T14:06:39","date_gmt":"2023-05-26T12:06:39","guid":{"rendered":"https:\/\/www.sp-ps.ch\/servizio-pubblico\/"},"modified":"2023-08-21T17:54:03","modified_gmt":"2023-08-21T15:54:03","slug":"servizio-pubblico","status":"publish","type":"page","link":"https:\/\/www.sp-ps.ch\/it\/servizio-pubblico\/","title":{"rendered":"Servizio pubblico"},"content":{"rendered":"\t\t<div data-elementor-type=\"wp-page\" data-elementor-id=\"100320\" class=\"elementor elementor-100320 elementor-83436\" data-elementor-post-type=\"page\">\n\t\t\t\t\t\t<section class=\"elementor-section elementor-top-section elementor-element elementor-element-aeecb40 elementor-section-boxed elementor-section-height-default elementor-section-height-default\" data-id=\"aeecb40\" data-element_type=\"section\" data-settings=\"{&quot;jet_parallax_layout_list&quot;:[],&quot;background_background&quot;:&quot;classic&quot;}\">\n\t\t\t\t\t\t<div class=\"elementor-container elementor-column-gap-wide\">\n\t\t\t\t\t<div class=\"elementor-column elementor-col-100 elementor-top-column elementor-element elementor-element-0d52dae\" data-id=\"0d52dae\" data-element_type=\"column\">\n\t\t\t<div class=\"elementor-widget-wrap elementor-element-populated\">\n\t\t\t\t\t\t<div class=\"elementor-element elementor-element-e4be868 elementor-widget elementor-widget-heading\" data-id=\"e4be868\" data-element_type=\"widget\" data-widget_type=\"heading.default\">\n\t\t\t\t<div class=\"elementor-widget-container\">\n\t\t\t\t\t<h1 class=\"elementor-heading-title elementor-size-default\">Servizio pubblico<\/h1>\t\t\t\t<\/div>\n\t\t\t\t<\/div>\n\t\t\t\t<div class=\"elementor-element elementor-element-3f7c9fa elementor-widget elementor-widget-jet-breadcrumbs\" data-id=\"3f7c9fa\" data-element_type=\"widget\" data-widget_type=\"jet-breadcrumbs.default\">\n\t\t\t\t<div class=\"elementor-widget-container\">\n\t\t\t\t\t<div class=\"elementor-jet-breadcrumbs jet-blocks\">\n\t\t<div class=\"jet-breadcrumbs\">\n\t\t<div class=\"jet-breadcrumbs__content\">\n\t\t<div class=\"jet-breadcrumbs__wrap\">\n\t\t<\/div>\n\t\t<\/div>\n\t\t<\/div><\/div>\t\t\t\t<\/div>\n\t\t\t\t<\/div>\n\t\t\t\t<div class=\"elementor-element elementor-element-a4a01af elementor-widget__width-initial elementor-widget elementor-widget-text-editor\" data-id=\"a4a01af\" data-element_type=\"widget\" data-widget_type=\"text-editor.default\">\n\t\t\t\t<div class=\"elementor-widget-container\">\n\t\t\t\t\t\t\t\t\t<p>Servizio pubblico: rafforzare ci\u00f2 che ci rende forti. Noi stiamo dalla parte di chi vuole rafforzare il servizio pubblico e il bene comune.<\/p>\n\t\t\t\t\t\t\t\t<\/div>\n\t\t\t\t<\/div>\n\t\t\t\t\t<\/div>\n\t\t<\/div>\n\t\t\t\t\t<\/div>\n\t\t<\/section>\n\t\t\t\t<section class=\"elementor-section elementor-top-section elementor-element elementor-element-5260560 elementor-section-boxed elementor-section-height-default elementor-section-height-default\" data-id=\"5260560\" data-element_type=\"section\" data-settings=\"{&quot;jet_parallax_layout_list&quot;:[]}\">\n\t\t\t\t\t\t<div class=\"elementor-container elementor-column-gap-wide\">\n\t\t\t\t\t<div class=\"elementor-column elementor-col-100 elementor-top-column elementor-element elementor-element-b9a7359\" data-id=\"b9a7359\" data-element_type=\"column\">\n\t\t\t<div class=\"elementor-widget-wrap elementor-element-populated\">\n\t\t\t\t\t\t<div class=\"elementor-element elementor-element-0f4e7e8 elementor-widget elementor-widget-spps_button_list\" data-id=\"0f4e7e8\" data-element_type=\"widget\" data-widget_type=\"spps_button_list.default\">\n\t\t\t\t<div class=\"elementor-widget-container\">\n\t\t\t\t\t<div class=\"button-list-wrapper wrapper-spacing-default  \"><div class=\"button-list-title\"><h2>Per che cosa ci impegniamo<\/h2><\/div><div class=\"button-list-container\"><div class=\"button-list-text\"><p>Abbiamo bisogno di un buon approvvigionamento di base: ogni giorno beviamo acqua, consumiamo elettricit\u00e0, prendiamo il treno o guardiamo il telegiornale. Andiamo o siamo andati tutti e tutte a scuola e magari ci \u00e8 gi\u00e0 capitato di aver bisogno di un ospedale. Queste importanti infrastrutture devono essere a disposizione di tutta la societ\u00e0 e servire al bene comune. In breve: abbiamo bisogno di un servizio pubblico forte. Il nostro servizio pubblico, infatti, che oggi \u00e8 ancora per la maggior parte in mano all\u2019ente pubblico, offre importanti servizi a prezzi ragionevoli.<\/p>\n<p>Ma le ambizioni di privatizzazione e liberalizzazione mettono sotto pressione questo modello di successo. Le grandi imprese private non vogliono servizi pubblici per la collettivit\u00e0, ma profitti per pochi. Perci\u00f2 non dobbiamo permettere che le nostre infrastrutture e i nostri beni pubblici vengano svenduti a fondi di Stato cinesi o a grandi investitori americani: i terreni in mano all\u2019ente pubblico danno la possibilit\u00e0 di avere pigioni a prezzi convenienti. E gli ospedali pubblici garantiscono che la salute non diventi un lusso. Perci\u00f2 vogliamo rafforzare ci\u00f2 che ci rende forti: cio\u00e8 il nostro servizio pubblico.<\/p>\n<\/div><\/div><\/div>\t\t\t\t<\/div>\n\t\t\t\t<\/div>\n\t\t\t\t<div class=\"elementor-element elementor-element-d619912 elementor-widget elementor-widget-spps_title_text\" data-id=\"d619912\" data-element_type=\"widget\" data-widget_type=\"spps_title_text.default\">\n\t\t\t\t<div class=\"elementor-widget-container\">\n\t\t\t\t\t<div class=\"title-text-wrapper \"><div class=\"title-text-title\"><h2>I bisogni della popolazione al centro dell\u2019interesse<\/h2><\/div><div class=\"title-text-container\"><div class=\"title-text-text\"><p>Difendiamo ci\u00f2 che rende forte la Svizzera e serve alla popolazione. E in particolare il nostro eccellente servizio pubblico: trasporti pubblici, posta e telecomunicazioni, approvvigionamento energetico e idrico, ma anche l\u2019AVS, la scuola pubblica e il sistema sanitario. Queste conquiste permettono a tutte le persone di accedere all\u2019approvvigionamento di base, a prescindere dal luogo in cui vivono e dal denaro che hanno a disposizione. Solo un servizio pubblico in mano allo Stato garantisce l\u2019approvvigionamento di base anche nelle regioni periferiche. L\u2019approvvigionamento energetico, la custodia dei bambini e il sistema sanitario non devono essere orientati al profitto, ma devono servire a coprire i bisogni della popolazione. Noi vogliamo fare in modo che le cose rimangano cos\u00ec.<\/p>\n<p>Ma non difendiamo soltanto lo status quo: vogliamo sviluppare il servizio pubblico in tutti i settori \u2013 dagli asili nido al sostegno alle persone anziane. E vogliamo traghettare il servizio pubblico nel futuro: l\u2019infrastruttura digitale del futuro non deve cadere nelle mani di privati, ma appartenere a tutta la societ\u00e0.<\/p>\n<\/div><\/div><\/div>\t\t\t\t<\/div>\n\t\t\t\t<\/div>\n\t\t\t\t<div class=\"elementor-element elementor-element-d58152c elementor-widget elementor-widget-spps_title_text\" data-id=\"d58152c\" data-element_type=\"widget\" data-widget_type=\"spps_title_text.default\">\n\t\t\t\t<div class=\"elementor-widget-container\">\n\t\t\t\t\t<div class=\"title-text-wrapper \"><div class=\"title-text-title\"><h2>Oguno ha il dovere di contribuire<\/h2><\/div><div class=\"title-text-container\"><div class=\"title-text-text\"><p>Le multinazionali e i grandi azionisti devono anch\u2019essi contribuire al finanziamento del servizio pubblico, poich\u00e9 chi ha le spalle larghe pu\u00f2 portare un carico pi\u00f9 grande. Non possiamo accettare di non avere abbastanza infermieri e docenti perch\u00e9 non si \u00e8 investito abbastanza nella loro formazione e in condizioni di lavoro adeguate.<\/p>\n<p>E intanto le grandi imprese e i miliardari si comprano i partiti, e sempre pi\u00f9 spesso anche i media. Il loro potere \u00e8 ormai immenso. Per poter pagare il meno possibile di imposte, hanno i loro fili diretti in Parlamento. E se vedono un pericolo per i loro profitti, lanciano campagne milionarie e minacciano di lasciare la Svizzera. Noi ne abbiamo abbastanza di questo continuo ricatto alla democrazia, che blocca il progresso e mette a repentaglio il nostro fiore all\u2019occhiello: il servizio pubblico.<\/p>\n<\/div><\/div><\/div>\t\t\t\t<\/div>\n\t\t\t\t<\/div>\n\t\t\t\t<div class=\"elementor-element elementor-element-7511a89 elementor-widget elementor-widget-spps_button_list\" data-id=\"7511a89\" data-element_type=\"widget\" data-widget_type=\"spps_button_list.default\">\n\t\t\t\t<div class=\"elementor-widget-container\">\n\t\t\t\t\t<div class=\"button-list-wrapper   \"><div class=\"button-list-container\"><div class=\"button-list-items\"><div class=\"button-list-item\"><div class=\"button-wrapper \"><a href=\"https:\/\/www.sp-ps.ch\/wp-content\/uploads\/2022\/10\/Wahlplattform_Broschure_A5_IT.pdf\"  target=\"_self\" class=\"button-link button-link-download\" >Piattaforma elettorale 2023<span class=\"button-media-date\">28.04.2026<\/span><\/a><\/div><\/div><\/div><\/div><\/div>\t\t\t\t<\/div>\n\t\t\t\t<\/div>\n\t\t\t\t\t<\/div>\n\t\t<\/div>\n\t\t\t\t\t<\/div>\n\t\t<\/section>\n\t\t\t\t<\/div>\n\t\t","protected":false},"excerpt":{"rendered":"<p>Servizio pubblico Servizio pubblico: rafforzare ci\u00f2 che ci rende forti. Noi stiamo dalla parte di chi vuole rafforzare il servizio pubblico e il bene comune. Per che cosa ci impegniamo [&hellip;]<\/p>\n","protected":false},"author":64,"featured_media":0,"parent":0,"menu_order":0,"comment_status":"closed","ping_status":"closed","template":"","meta":{"footnotes":""},"class_list":["post-100320","page","type-page","status-publish","hentry"],"_links":{"self":[{"href":"https:\/\/www.sp-ps.ch\/it\/wp-json\/wp\/v2\/pages\/100320","targetHints":{"allow":["GET"]}}],"collection":[{"href":"https:\/\/www.sp-ps.ch\/it\/wp-json\/wp\/v2\/pages"}],"about":[{"href":"https:\/\/www.sp-ps.ch\/it\/wp-json\/wp\/v2\/types\/page"}],"author":[{"embeddable":true,"href":"https:\/\/www.sp-ps.ch\/it\/wp-json\/wp\/v2\/users\/64"}],"replies":[{"embeddable":true,"href":"https:\/\/www.sp-ps.ch\/it\/wp-json\/wp\/v2\/comments?post=100320"}],"version-history":[{"count":2,"href":"https:\/\/www.sp-ps.ch\/it\/wp-json\/wp\/v2\/pages\/100320\/revisions"}],"predecessor-version":[{"id":109597,"href":"https:\/\/www.sp-ps.ch\/it\/wp-json\/wp\/v2\/pages\/100320\/revisions\/109597"}],"wp:attachment":[{"href":"https:\/\/www.sp-ps.ch\/it\/wp-json\/wp\/v2\/media?parent=100320"}],"curies":[{"name":"wp","href":"https:\/\/api.w.org\/{rel}","templated":true}]}}