{"id":100326,"date":"2023-05-26T14:19:19","date_gmt":"2023-05-26T12:19:19","guid":{"rendered":"https:\/\/www.sp-ps.ch\/relazioni-internazionali\/"},"modified":"2023-08-21T17:55:13","modified_gmt":"2023-08-21T15:55:13","slug":"relazioni-internazionali","status":"publish","type":"page","link":"https:\/\/www.sp-ps.ch\/it\/relazioni-internazionali\/","title":{"rendered":"Relazioni internazionali"},"content":{"rendered":"\t\t<div data-elementor-type=\"wp-page\" data-elementor-id=\"100326\" class=\"elementor elementor-100326 elementor-83471\" data-elementor-post-type=\"page\">\n\t\t\t\t\t\t<section class=\"elementor-section elementor-top-section elementor-element elementor-element-dfee89c elementor-section-boxed elementor-section-height-default elementor-section-height-default\" data-id=\"dfee89c\" data-element_type=\"section\" data-settings=\"{&quot;jet_parallax_layout_list&quot;:[],&quot;background_background&quot;:&quot;classic&quot;}\">\n\t\t\t\t\t\t<div class=\"elementor-container elementor-column-gap-wide\">\n\t\t\t\t\t<div class=\"elementor-column elementor-col-100 elementor-top-column elementor-element elementor-element-91bd892\" data-id=\"91bd892\" data-element_type=\"column\">\n\t\t\t<div class=\"elementor-widget-wrap elementor-element-populated\">\n\t\t\t\t\t\t<div class=\"elementor-element elementor-element-0a139c8 elementor-widget elementor-widget-heading\" data-id=\"0a139c8\" data-element_type=\"widget\" data-widget_type=\"heading.default\">\n\t\t\t\t<div class=\"elementor-widget-container\">\n\t\t\t\t\t<h1 class=\"elementor-heading-title elementor-size-default\">Relazioni internazionali<\/h1>\t\t\t\t<\/div>\n\t\t\t\t<\/div>\n\t\t\t\t<div class=\"elementor-element elementor-element-e995eae elementor-widget elementor-widget-jet-breadcrumbs\" data-id=\"e995eae\" data-element_type=\"widget\" data-widget_type=\"jet-breadcrumbs.default\">\n\t\t\t\t<div class=\"elementor-widget-container\">\n\t\t\t\t\t<div class=\"elementor-jet-breadcrumbs jet-blocks\">\n\t\t<div class=\"jet-breadcrumbs\">\n\t\t<div class=\"jet-breadcrumbs__content\">\n\t\t<div class=\"jet-breadcrumbs__wrap\">\n\t\t<\/div>\n\t\t<\/div>\n\t\t<\/div><\/div>\t\t\t\t<\/div>\n\t\t\t\t<\/div>\n\t\t\t\t<div class=\"elementor-element elementor-element-cdd5565 elementor-widget__width-initial elementor-widget elementor-widget-text-editor\" data-id=\"cdd5565\" data-element_type=\"widget\" data-widget_type=\"text-editor.default\">\n\t\t\t\t<div class=\"elementor-widget-container\">\n\t\t\t\t\t\t\t\t\t<p>Per una Svizzera che non pensa solo al denaro. Noi stiamo dalla parte di chi vuole pace, giustizia globale e coesione in Europa.<\/p>\n\t\t\t\t\t\t\t\t<\/div>\n\t\t\t\t<\/div>\n\t\t\t\t\t<\/div>\n\t\t<\/div>\n\t\t\t\t\t<\/div>\n\t\t<\/section>\n\t\t\t\t<section class=\"elementor-section elementor-top-section elementor-element elementor-element-d782130 elementor-section-boxed elementor-section-height-default elementor-section-height-default\" data-id=\"d782130\" data-element_type=\"section\" data-settings=\"{&quot;jet_parallax_layout_list&quot;:[]}\">\n\t\t\t\t\t\t<div class=\"elementor-container elementor-column-gap-wide\">\n\t\t\t\t\t<div class=\"elementor-column elementor-col-100 elementor-top-column elementor-element elementor-element-795f321\" data-id=\"795f321\" data-element_type=\"column\">\n\t\t\t<div class=\"elementor-widget-wrap elementor-element-populated\">\n\t\t\t\t\t\t<div class=\"elementor-element elementor-element-6989d00 elementor-widget elementor-widget-spps_title_text\" data-id=\"6989d00\" data-element_type=\"widget\" data-widget_type=\"spps_title_text.default\">\n\t\t\t\t<div class=\"elementor-widget-container\">\n\t\t\t\t\t<div class=\"title-text-wrapper wrapper-spacing-default\"><div class=\"title-text-title\"><h2>Per che cosa ci impegniamo<\/h2><\/div><div class=\"title-text-container\"><div class=\"title-text-text\"><p>La Svizzera \u00e8 situata geograficamente al centro dell\u2019Europa, e ne fa parte. Le sfide che l\u2019Europa deve affrontare sono anche le nostre. Da soli non possiamo risolvere i problemi globali.<\/p>\n<p>Noi non siamo d\u2019accordo di chiuderci e isolarci.<br \/>Non chiudiamo gli occhi quando vediamo che negli altri Paesi vi sono persone perseguitate, che muoiono di fame o che fuggono da una guerra. Noi stiamo accanto alle persone che hanno bisogno di noi. Ci impegniamo per migliorare la coesione e per una convivenza pacifica e giusta.<\/p>\n<p>Se vogliamo parlare di giustizia, allora dobbiamo anche parlare della responsabilit\u00e0 della Svizzera: la Svizzera \u00e8 un piccolo Stato, ma economicamente \u00e8 una potenza mondiale. Nel nostro Paese hanno sede i pi\u00f9 grandi gestori patrimoniali del mondo. In Svizzera hanno sede colossi delle materie prime e il quartier generale di numerose multinazionali, attirati dalla fiscalit\u00e0 vantaggiosa e da leggi blande. Questa situazione consente a imprese senza scrupoli di fare affari a spese della gente e dell\u2019ambiente. Molte imprese amano parlare di responsabilit\u00e0, ma non assumersela davvero. Lo sappiamo: in Svizzera si fanno troppi affari sporchi di cui approfittano soltanto pochi.<\/p>\n<\/div><\/div><\/div>\t\t\t\t<\/div>\n\t\t\t\t<\/div>\n\t\t\t\t<div class=\"elementor-element elementor-element-6f6e4ea elementor-widget elementor-widget-spps_title_text\" data-id=\"6f6e4ea\" data-element_type=\"widget\" data-widget_type=\"spps_title_text.default\">\n\t\t\t\t<div class=\"elementor-widget-container\">\n\t\t\t\t\t<div class=\"title-text-wrapper \"><div class=\"title-text-title\"><h2>Cos\u00ec raggiungeremo il nostro obiettivo: <\/h2><\/div><div class=\"title-text-container\"><div class=\"title-text-text\"><p>Vogliamo una Svizzera che assuma il ruolo di difensore del diritto internazionale.<\/p>\n<\/div><\/div><\/div>\t\t\t\t<\/div>\n\t\t\t\t<\/div>\n\t\t\t\t<div class=\"elementor-element elementor-element-a116fa4 elementor-widget elementor-widget-spps_title_text\" data-id=\"a116fa4\" data-element_type=\"widget\" data-widget_type=\"spps_title_text.default\">\n\t\t\t\t<div class=\"elementor-widget-container\">\n\t\t\t\t\t<div class=\"title-text-wrapper \"><div class=\"title-text-title\"><h2>Al fianco delle persone<\/h2><\/div><div class=\"title-text-container\"><div class=\"title-text-text\"><p>Vogliamo che il nostro Paese sia un luogo sicuro per chi deve fuggire. Ma al tempo stesso vogliamo impegnarci per combattere le cause che costringono le persone a fuggire. Per questo \u00e8 necessario potenziale la cooperazione allo sviluppo. La lotta contro la povert\u00e0 e la fame deve essere intensificata. Affari sporchi con autocrati come Putin: a cose del genere bisogna mettere la parola fine. I miliardi degli oligarchi devono essere congelati. Il commercio di materie prime attraverso la Svizzera deve sottostare a regole chiare \u2013 che favoriscano le persone e non i profitti. Tutti gli accordi commerciali devono mettere i diritti umani al centro dell\u2019interesse.<\/p>\n<\/div><\/div><\/div>\t\t\t\t<\/div>\n\t\t\t\t<\/div>\n\t\t\t\t<div class=\"elementor-element elementor-element-0fced68 elementor-widget elementor-widget-spps_title_text\" data-id=\"0fced68\" data-element_type=\"widget\" data-widget_type=\"spps_title_text.default\">\n\t\t\t\t<div class=\"elementor-widget-container\">\n\t\t\t\t\t<div class=\"title-text-wrapper \"><div class=\"title-text-title\"><h2>Le multinazionali devono assumersi le loro responsabilit\u00e0<\/h2><\/div><div class=\"title-text-container\"><div class=\"title-text-text\"><p>Noi vogliamo un modello di economia che obblighi le imprese internazionali ad assumersi le loro responsabilit\u00e0. Vogliamo un\u2019economia che serva alle persone, e non viceversa. Vogliamo una Svizzera che si impegni in favore del commercio equo e di un\u2019economia mondiale giusta.<br \/>Siamo favorevoli a un\u2019imposta minima globale. Basta con i paradisi fiscali che con il dumping fiscale danneggiano gli altri Paesi.<\/p>\n<\/div><\/div><\/div>\t\t\t\t<\/div>\n\t\t\t\t<\/div>\n\t\t\t\t<div class=\"elementor-element elementor-element-34e2faf elementor-widget elementor-widget-spps_title_text\" data-id=\"34e2faf\" data-element_type=\"widget\" data-widget_type=\"spps_title_text.default\">\n\t\t\t\t<div class=\"elementor-widget-container\">\n\t\t\t\t\t<div class=\"title-text-wrapper \"><div class=\"title-text-title\"><h2>Pace anzich\u00e9 riarmo<\/h2><\/div><div class=\"title-text-container\"><div class=\"title-text-text\"><p>Noi lottiamo per la pace. Il mondo non ha bisogno di riarmo, ma di pace. La pace \u00e8 un bene collettivo che pu\u00f2 essere generato soltanto con la cooperazione. Il nostro compito consiste nel rafforzare tanto la democrazia e la societ\u00e0 civile quanto le istituzioni internazionali dell\u2019UE e dell\u2019ONU.<\/p>\n<\/div><\/div><\/div>\t\t\t\t<\/div>\n\t\t\t\t<\/div>\n\t\t\t\t<div class=\"elementor-element elementor-element-d4109ae elementor-widget elementor-widget-spps_button_list\" data-id=\"d4109ae\" data-element_type=\"widget\" data-widget_type=\"spps_button_list.default\">\n\t\t\t\t<div class=\"elementor-widget-container\">\n\t\t\t\t\t<div class=\"button-list-wrapper   \"><div class=\"button-list-title\"><h2>Soluzioni comuni a problemi comuni<\/h2><\/div><div class=\"button-list-container\"><div class=\"button-list-text\"><p>Noi vogliamo poter avere voce in capitolo negli ambienti che plasmano la politica europea. Il nostro obiettivo \u00e8 un\u2019Europa pacifica, democratica, sociale ed ecologica, per il bene di tutte le persone che vivono al di qua e al di l\u00e0 dei nostri confini nazionali. Ecco perch\u00e9 il PS vuole migliorare e sviluppare le relazioni tra la Svizzera e l\u2019Unione europea. Abbiamo bisogno di soluzioni comuni per i problemi comuni. A medio termine, un\u2019adesione ben negoziata all\u2019Unione europea \u00e8 la migliore soluzione per il nostro Paese. Oggi l\u2019UE ha indubbiamente dei deficit, soprattutto a livello di giustizia sociale. Ma il PS Svizzero sta gi\u00e0 collaborando con i partiti a noi vicini per costruire un\u2019Europa sociale ed ecologica.<\/p>\n<\/div><div class=\"button-list-items\"><div class=\"button-list-item\"><div class=\"button-wrapper \"><a href=\"https:\/\/www.sp-ps.ch\/wp-content\/uploads\/2022\/10\/Wahlplattform_Broschure_A5_IT.pdf\"  target=\"_self\" class=\"button-link button-link-download\" >Piattaforma elettorale 2023<span class=\"button-media-date\">24.04.2026<\/span><\/a><\/div><\/div><\/div><\/div><\/div>\t\t\t\t<\/div>\n\t\t\t\t<\/div>\n\t\t\t\t\t<\/div>\n\t\t<\/div>\n\t\t\t\t\t<\/div>\n\t\t<\/section>\n\t\t\t\t<\/div>\n\t\t","protected":false},"excerpt":{"rendered":"<p>Relazioni internazionali Per una Svizzera che non pensa solo al denaro. Noi stiamo dalla parte di chi vuole pace, giustizia globale e coesione in Europa. Per che cosa ci impegniamo [&hellip;]<\/p>\n","protected":false},"author":64,"featured_media":0,"parent":0,"menu_order":0,"comment_status":"closed","ping_status":"closed","template":"","meta":{"footnotes":""},"class_list":["post-100326","page","type-page","status-publish","hentry"],"_links":{"self":[{"href":"https:\/\/www.sp-ps.ch\/it\/wp-json\/wp\/v2\/pages\/100326","targetHints":{"allow":["GET"]}}],"collection":[{"href":"https:\/\/www.sp-ps.ch\/it\/wp-json\/wp\/v2\/pages"}],"about":[{"href":"https:\/\/www.sp-ps.ch\/it\/wp-json\/wp\/v2\/types\/page"}],"author":[{"embeddable":true,"href":"https:\/\/www.sp-ps.ch\/it\/wp-json\/wp\/v2\/users\/64"}],"replies":[{"embeddable":true,"href":"https:\/\/www.sp-ps.ch\/it\/wp-json\/wp\/v2\/comments?post=100326"}],"version-history":[{"count":2,"href":"https:\/\/www.sp-ps.ch\/it\/wp-json\/wp\/v2\/pages\/100326\/revisions"}],"predecessor-version":[{"id":109601,"href":"https:\/\/www.sp-ps.ch\/it\/wp-json\/wp\/v2\/pages\/100326\/revisions\/109601"}],"wp:attachment":[{"href":"https:\/\/www.sp-ps.ch\/it\/wp-json\/wp\/v2\/media?parent=100326"}],"curies":[{"name":"wp","href":"https:\/\/api.w.org\/{rel}","templated":true}]}}