{"id":100794,"date":"2023-07-11T15:24:01","date_gmt":"2023-07-11T13:24:01","guid":{"rendered":"https:\/\/www.sp-ps.ch\/?page_id=100794"},"modified":"2026-03-31T11:35:56","modified_gmt":"2026-03-31T09:35:56","slug":"politica-della-digitalizzazione-e-dei-dati","status":"publish","type":"page","link":"https:\/\/www.sp-ps.ch\/it\/partito\/commissioni-tematiche\/politica-della-digitalizzazione-e-dei-dati\/","title":{"rendered":"Commissione tematica &#8220;Politica della digitalizzazione e dei dati&#8221;"},"content":{"rendered":"\t\t<div data-elementor-type=\"wp-page\" data-elementor-id=\"100794\" class=\"elementor elementor-100794 elementor-100792\" data-elementor-post-type=\"page\">\n\t\t\t\t\t\t<section class=\"elementor-section elementor-top-section elementor-element elementor-element-b29a9c2 elementor-section-boxed elementor-section-height-default elementor-section-height-default\" data-id=\"b29a9c2\" data-element_type=\"section\" data-settings=\"{&quot;jet_parallax_layout_list&quot;:[],&quot;background_background&quot;:&quot;classic&quot;}\">\n\t\t\t\t\t\t<div class=\"elementor-container elementor-column-gap-wide\">\n\t\t\t\t\t<div class=\"elementor-column elementor-col-100 elementor-top-column elementor-element elementor-element-3a2f6d4\" data-id=\"3a2f6d4\" data-element_type=\"column\">\n\t\t\t<div class=\"elementor-widget-wrap elementor-element-populated\">\n\t\t\t\t\t\t<div class=\"elementor-element elementor-element-9637b78 elementor-widget elementor-widget-heading\" data-id=\"9637b78\" data-element_type=\"widget\" data-widget_type=\"heading.default\">\n\t\t\t\t<div class=\"elementor-widget-container\">\n\t\t\t\t\t<h1 class=\"elementor-heading-title elementor-size-default\">Commissione tematica \u00abPolitica della digitalizzazione e dei dati\u00bb<\/h1>\t\t\t\t<\/div>\n\t\t\t\t<\/div>\n\t\t\t\t<div class=\"elementor-element elementor-element-c0f37a6 elementor-widget elementor-widget-jet-breadcrumbs\" data-id=\"c0f37a6\" data-element_type=\"widget\" data-widget_type=\"jet-breadcrumbs.default\">\n\t\t\t\t<div class=\"elementor-widget-container\">\n\t\t\t\t\t<div class=\"elementor-jet-breadcrumbs jet-blocks\">\n\t\t<div class=\"jet-breadcrumbs\">\n\t\t<div class=\"jet-breadcrumbs__content\">\n\t\t<div class=\"jet-breadcrumbs__wrap\">\n\t\t<\/div>\n\t\t<\/div>\n\t\t<\/div><\/div>\t\t\t\t<\/div>\n\t\t\t\t<\/div>\n\t\t\t\t\t<\/div>\n\t\t<\/div>\n\t\t\t\t\t<\/div>\n\t\t<\/section>\n\t\t\t\t<section class=\"elementor-section elementor-top-section elementor-element elementor-element-4923a57 elementor-section-boxed elementor-section-height-default elementor-section-height-default\" data-id=\"4923a57\" data-element_type=\"section\" data-settings=\"{&quot;jet_parallax_layout_list&quot;:[]}\">\n\t\t\t\t\t\t<div class=\"elementor-container elementor-column-gap-wide\">\n\t\t\t\t\t<div class=\"elementor-column elementor-col-100 elementor-top-column elementor-element elementor-element-d5bc095\" data-id=\"d5bc095\" data-element_type=\"column\">\n\t\t\t<div class=\"elementor-widget-wrap elementor-element-populated\">\n\t\t\t\t\t\t<div class=\"elementor-element elementor-element-9117550 elementor-widget elementor-widget-spps_person_grid\" data-id=\"9117550\" data-element_type=\"widget\" id=\"Themenkommission-Netz-und-Datenpolitik\" data-widget_type=\"spps_person_grid.default\">\n\t\t\t\t<div class=\"elementor-widget-container\">\n\t\t\t\t\t<div class=\"button-list-wrapper \"><div class=\"button-list-container\"><div class=\"persons persons-grid-2\"><div class=\"persons-items\"><div class=\"persons-item\"><div class=\"person-container\"><div class=\"person-portrait\"><a href=\"https:\/\/www.sp-ps.ch\/it\/person\/andreas-burger\/\"><img decoding=\"async\" src=\"https:\/\/www.sp-ps.ch\/wp-content\/uploads\/2023\/04\/550-684-max-600x600.jpg?v=1680610124\" alt=\"Andreas Burger\" loading=\"lazy\"><\/a><\/div><div class=\"person-content\"><a href=\"https:\/\/www.sp-ps.ch\/it\/person\/andreas-burger\/\" class=\"person-name\"><p><strong>Andreas Burger<\/strong><\/p><\/a><p class=\"person-position\">Membro di direzione PS Canton Zurigo<\/p><\/div><\/div><\/div><div class=\"persons-item\"><div class=\"person-container\"><div class=\"person-portrait\"><a href=\"https:\/\/www.sp-ps.ch\/it\/person\/sandro-liniger\/\"><img decoding=\"async\" src=\"https:\/\/www.sp-ps.ch\/wp-content\/uploads\/2019\/11\/Bild-Sandro-600x600.jpg?v=1764065095\" alt=\"Sandro Liniger\" loading=\"lazy\"><\/a><\/div><div class=\"person-content\"><a href=\"https:\/\/www.sp-ps.ch\/it\/person\/sandro-liniger\/\" class=\"person-name\"><p><strong>Sandro Liniger<\/strong><\/p><\/a><p class=\"person-position\">Consulente politico specializzato (CSEC) &amp; segretario internazionale<\/p><ul class=\"person-kontakt list-pills list-pills-grey\"><li><a href=\"tel:+41313296964\">+41 31 329 69 64<\/a><\/li><li><a href=\"mailto:sandro.liniger@spschweiz.ch\">E-Mail<\/a><\/li><\/ul><\/div><\/div><\/div><div class=\"persons-item\"><div class=\"person-container\"><div class=\"person-portrait\"><a href=\"https:\/\/www.sp-ps.ch\/it\/person\/min-li-marti\/\"><img decoding=\"async\" src=\"https:\/\/www.sp-ps.ch\/wp-content\/uploads\/2015\/07\/ZH_NR_2023_SP_Marti_Min_Li_3134-G-600x600.jpg?v=1699524272\" alt=\"Min Li Marti\" loading=\"lazy\"><\/a><\/div><div class=\"person-content\"><a href=\"https:\/\/www.sp-ps.ch\/it\/person\/min-li-marti\/\" class=\"person-name\"><p><strong>Min Li Marti<\/strong><\/p><\/a><p class=\"person-position\">Consigliera nazionale ZH<\/p><ul class=\"person-kontakt list-pills list-pills-grey\"><li><a href=\"mailto:minli.marti@parl.ch\">E-Mail<\/a><\/li><\/ul><\/div><\/div><\/div><\/div><\/div><\/div><\/div>\t\t\t\t<\/div>\n\t\t\t\t<\/div>\n\t\t\t\t<div class=\"elementor-element elementor-element-6e87532 elementor-widget elementor-widget-spps_title_text\" data-id=\"6e87532\" data-element_type=\"widget\" data-widget_type=\"spps_title_text.default\">\n\t\t\t\t<div class=\"elementor-widget-container\">\n\t\t\t\t\t<div class=\"title-text-wrapper \"><div class=\"title-text-title\"><h3>Breve descrizione dei lavori commissionali<\/h3><\/div><div class=\"title-text-container\"><div class=\"title-text-text\"><p>L'obiettivo della commissione \u00abPolitica della digitalizzazione e dei dati\u00bb \u00e8 rafforzare le competenze digitali del PS, sviluppare posizioni su questioni controverse in collaborazione con il gruppo parlamentare e promuovere il networking e lo scambio tra gli specialisti all'interno del partito.<\/p><p>Possibili temi da trattare della commissione comprendono il futuro dei posti di lavoro, la cybersicurezza, la cyberdifesa, la protezione dei dati, le cartelle sanitarie elettroniche, il voto elettronico, gli Open Government Data e la guida autonoma.<\/p><p>Le sessioni si tengono una o due volte l'anno, di solito online.<\/p><\/div><\/div><\/div>\t\t\t\t<\/div>\n\t\t\t\t<\/div>\n\t\t\t\t<div class=\"elementor-element elementor-element-03512ea elementor-widget elementor-widget-spacer\" data-id=\"03512ea\" data-element_type=\"widget\" data-widget_type=\"spacer.default\">\n\t\t\t\t<div class=\"elementor-widget-container\">\n\t\t\t\t\t\t\t<div class=\"elementor-spacer\">\n\t\t\t<div class=\"elementor-spacer-inner\"><\/div>\n\t\t<\/div>\n\t\t\t\t\t\t<\/div>\n\t\t\t\t<\/div>\n\t\t\t\t<div class=\"elementor-element elementor-element-618d1e0 elementor-widget elementor-widget-spps_call_to_action\" data-id=\"618d1e0\" data-element_type=\"widget\" data-widget_type=\"spps_call_to_action.default\">\n\t\t\t\t<div class=\"elementor-widget-container\">\n\t\t\t\t\t<div class=\"call-to-action-wrapper  \" style=\"background:#E4002B\" ><div class=\"call-to-action-title\"><h2>Interessata\/-o?<\/h2><\/div><div class=\"call-to-action-container\"><div class=\"call-to-action-text\"><p>Qui puoi iscriverti alla Commissione tematica \u00abPolitica della digitalizzazione e dei dati\u00bb.<\/p>\n<\/div><div class=\"call-to-action-buttons call-to-action-buttons-left\"><div class=\"button-wrapper \"><a href=\"https:\/\/www.sp-ps.ch\/it\/partito\/commissioni-tematiche\/diventare-membro-di-una-commissione-tematica\/\"  target=\"_self\" class=\"button-link button-link-default\"  style='color:#E4002B' onMouseOver=\"this.style.color='white';this.style.background='#E4002B'\" onMouseOut=\"this.style.color='#E4002B';this.style.background='#EBEBEB'\">Formulario d'iscrizione<\/a><\/div><\/div><\/div><\/div>\t\t\t\t<\/div>\n\t\t\t\t<\/div>\n\t\t\t\t\t<\/div>\n\t\t<\/div>\n\t\t\t\t\t<\/div>\n\t\t<\/section>\n\t\t\t\t<section class=\"elementor-section elementor-top-section elementor-element elementor-element-0b93ba2 elementor-section-boxed elementor-section-height-default elementor-section-height-default\" data-id=\"0b93ba2\" data-element_type=\"section\" data-settings=\"{&quot;jet_parallax_layout_list&quot;:[]}\">\n\t\t\t\t\t\t<div class=\"elementor-container elementor-column-gap-default\">\n\t\t\t\t\t<div class=\"elementor-column elementor-col-100 elementor-top-column elementor-element elementor-element-3349ac4\" data-id=\"3349ac4\" data-element_type=\"column\">\n\t\t\t<div class=\"elementor-widget-wrap\">\n\t\t\t\t\t\t\t<\/div>\n\t\t<\/div>\n\t\t\t\t\t<\/div>\n\t\t<\/section>\n\t\t\t\t<\/div>\n\t\t","protected":false},"excerpt":{"rendered":"<p>Commissione tematica \u00abPolitica della digitalizzazione e dei dati\u00bb Andreas Burger Gesch\u00e4ftsleitung SP Kanton Z\u00fcrich Sandro Liniger Politischer Fachreferent (WBK) &amp; Internationaler Sekret\u00e4r +41 31 329 69 64 E-Mail Min Li [&hellip;]<\/p>\n","protected":false},"author":23,"featured_media":0,"parent":30652,"menu_order":2,"comment_status":"closed","ping_status":"closed","template":"","meta":{"footnotes":""},"class_list":["post-100794","page","type-page","status-publish","hentry"],"_links":{"self":[{"href":"https:\/\/www.sp-ps.ch\/it\/wp-json\/wp\/v2\/pages\/100794","targetHints":{"allow":["GET"]}}],"collection":[{"href":"https:\/\/www.sp-ps.ch\/it\/wp-json\/wp\/v2\/pages"}],"about":[{"href":"https:\/\/www.sp-ps.ch\/it\/wp-json\/wp\/v2\/types\/page"}],"author":[{"embeddable":true,"href":"https:\/\/www.sp-ps.ch\/it\/wp-json\/wp\/v2\/users\/23"}],"replies":[{"embeddable":true,"href":"https:\/\/www.sp-ps.ch\/it\/wp-json\/wp\/v2\/comments?post=100794"}],"version-history":[{"count":15,"href":"https:\/\/www.sp-ps.ch\/it\/wp-json\/wp\/v2\/pages\/100794\/revisions"}],"predecessor-version":[{"id":181292,"href":"https:\/\/www.sp-ps.ch\/it\/wp-json\/wp\/v2\/pages\/100794\/revisions\/181292"}],"up":[{"embeddable":true,"href":"https:\/\/www.sp-ps.ch\/it\/wp-json\/wp\/v2\/pages\/30652"}],"wp:attachment":[{"href":"https:\/\/www.sp-ps.ch\/it\/wp-json\/wp\/v2\/media?parent=100794"}],"curies":[{"name":"wp","href":"https:\/\/api.w.org\/{rel}","templated":true}]}}