{"id":102215,"date":"2023-06-20T17:21:49","date_gmt":"2023-06-20T15:21:49","guid":{"rendered":"https:\/\/www.sp-ps.ch\/?page_id=102215"},"modified":"2026-03-31T12:00:32","modified_gmt":"2026-03-31T10:00:32","slug":"scienza-educazione-e-cultura","status":"publish","type":"page","link":"https:\/\/www.sp-ps.ch\/it\/partito\/commissioni-tematiche\/scienza-educazione-e-cultura\/","title":{"rendered":"Commissione tematica &#8220;Scienza, educazione e cultura&#8221;"},"content":{"rendered":"\t\t<div data-elementor-type=\"wp-page\" data-elementor-id=\"102215\" class=\"elementor elementor-102215 elementor-102213\" data-elementor-post-type=\"page\">\n\t\t\t\t\t\t<section class=\"elementor-section elementor-top-section elementor-element elementor-element-ccc6dfb elementor-section-boxed elementor-section-height-default elementor-section-height-default\" data-id=\"ccc6dfb\" data-element_type=\"section\" data-settings=\"{&quot;jet_parallax_layout_list&quot;:[],&quot;background_background&quot;:&quot;classic&quot;}\">\n\t\t\t\t\t\t<div class=\"elementor-container elementor-column-gap-wide\">\n\t\t\t\t\t<div class=\"elementor-column elementor-col-100 elementor-top-column elementor-element elementor-element-b6c0fd3\" data-id=\"b6c0fd3\" data-element_type=\"column\">\n\t\t\t<div class=\"elementor-widget-wrap elementor-element-populated\">\n\t\t\t\t\t\t<div class=\"elementor-element elementor-element-0fe5bc5 elementor-widget elementor-widget-heading\" data-id=\"0fe5bc5\" data-element_type=\"widget\" data-widget_type=\"heading.default\">\n\t\t\t\t<div class=\"elementor-widget-container\">\n\t\t\t\t\t<h1 class=\"elementor-heading-title elementor-size-default\">Commissione tematica \u00abScienza, educazione e cultura\u00bb<\/h1>\t\t\t\t<\/div>\n\t\t\t\t<\/div>\n\t\t\t\t<div class=\"elementor-element elementor-element-7cb0d56 elementor-widget elementor-widget-jet-breadcrumbs\" data-id=\"7cb0d56\" data-element_type=\"widget\" data-widget_type=\"jet-breadcrumbs.default\">\n\t\t\t\t<div class=\"elementor-widget-container\">\n\t\t\t\t\t<div class=\"elementor-jet-breadcrumbs jet-blocks\">\n\t\t<div class=\"jet-breadcrumbs\">\n\t\t<div class=\"jet-breadcrumbs__content\">\n\t\t<div class=\"jet-breadcrumbs__wrap\">\n\t\t<\/div>\n\t\t<\/div>\n\t\t<\/div><\/div>\t\t\t\t<\/div>\n\t\t\t\t<\/div>\n\t\t\t\t\t<\/div>\n\t\t<\/div>\n\t\t\t\t\t<\/div>\n\t\t<\/section>\n\t\t\t\t<section class=\"elementor-section elementor-top-section elementor-element elementor-element-a8e558a elementor-section-boxed elementor-section-height-default elementor-section-height-default\" data-id=\"a8e558a\" data-element_type=\"section\" data-settings=\"{&quot;jet_parallax_layout_list&quot;:[]}\">\n\t\t\t\t\t\t<div class=\"elementor-container elementor-column-gap-wide\">\n\t\t\t\t\t<div class=\"elementor-column elementor-col-100 elementor-top-column elementor-element elementor-element-195e017\" data-id=\"195e017\" data-element_type=\"column\">\n\t\t\t<div class=\"elementor-widget-wrap elementor-element-populated\">\n\t\t\t\t\t\t<div class=\"elementor-element elementor-element-c04b11b elementor-widget elementor-widget-spps_person_grid\" data-id=\"c04b11b\" data-element_type=\"widget\" id=\"Themenkommission-Wissenschaft-Bildung-Kultur\" data-widget_type=\"spps_person_grid.default\">\n\t\t\t\t<div class=\"elementor-widget-container\">\n\t\t\t\t\t<div class=\"button-list-wrapper \"><div class=\"button-list-container\"><div class=\"persons persons-grid-2\"><div class=\"persons-items\"><div class=\"persons-item\"><div class=\"person-container\"><div class=\"person-portrait\"><a href=\"https:\/\/www.sp-ps.ch\/it\/person\/emmanuel-amoos\/\"><img decoding=\"async\" src=\"https:\/\/www.sp-ps.ch\/wp-content\/uploads\/2021\/06\/VS_NR_2023_PS_Amoos_Emmanuel_2097-G-600x600.jpg?v=1698920172\" alt=\"Emmanuel Amoos\" loading=\"lazy\"><\/a><\/div><div class=\"person-content\"><a href=\"https:\/\/www.sp-ps.ch\/it\/person\/emmanuel-amoos\/\" class=\"person-name\"><p><strong>Emmanuel Amoos<\/strong><\/p><\/a><p class=\"person-position\">Consigliere nazionale VS<\/p><ul class=\"person-kontakt list-pills list-pills-grey\"><li><a href=\"mailto:emmanuel.amoos@parl.ch\">E-Mail<\/a><\/li><\/ul><\/div><\/div><\/div><div class=\"persons-item\"><div class=\"person-container\"><div class=\"person-portrait\"><a href=\"https:\/\/www.sp-ps.ch\/it\/person\/sandro-liniger\/\"><img decoding=\"async\" src=\"https:\/\/www.sp-ps.ch\/wp-content\/uploads\/2019\/11\/Bild-Sandro-600x600.jpg?v=1764065095\" alt=\"Sandro Liniger\" loading=\"lazy\"><\/a><\/div><div class=\"person-content\"><a href=\"https:\/\/www.sp-ps.ch\/it\/person\/sandro-liniger\/\" class=\"person-name\"><p><strong>Sandro Liniger<\/strong><\/p><\/a><p class=\"person-position\">Consulente politico specializzato (CSEC) &amp; segretario internazionale<\/p><ul class=\"person-kontakt list-pills list-pills-grey\"><li><a href=\"tel:+41313296964\">+41 31 329 69 64<\/a><\/li><li><a href=\"mailto:sandro.liniger@spschweiz.ch\">E-Mail<\/a><\/li><\/ul><\/div><\/div><\/div><div class=\"persons-item\"><div class=\"person-container\"><div class=\"person-portrait\"><a href=\"https:\/\/www.sp-ps.ch\/it\/person\/gisela-widmer-reichlin\/\"><img decoding=\"async\" src=\"https:\/\/www.sp-ps.ch\/wp-content\/uploads\/2023\/07\/gisela-widmer-reichlin-600x600.jpg?v=1688981003\" alt=\"Gisela Widmer Reichlin\" loading=\"lazy\"><\/a><\/div><div class=\"person-content\"><a href=\"https:\/\/www.sp-ps.ch\/it\/person\/gisela-widmer-reichlin\/\" class=\"person-name\"><p><strong>Gisela Widmer Reichlin<\/strong><\/p><\/a><p class=\"person-position\">Deputata in Gran Consiglio LU e Municipale ad Adligenswil<\/p><\/div><\/div><\/div><\/div><\/div><\/div><\/div>\t\t\t\t<\/div>\n\t\t\t\t<\/div>\n\t\t\t\t<div class=\"elementor-element elementor-element-3f38b56 elementor-widget elementor-widget-heading\" data-id=\"3f38b56\" data-element_type=\"widget\" data-widget_type=\"heading.default\">\n\t\t\t\t<div class=\"elementor-widget-container\">\n\t\t\t\t\t<h2 class=\"elementor-heading-title elementor-size-medium\">Breve descrizione del lavoro commissionale<\/h2>\t\t\t\t<\/div>\n\t\t\t\t<\/div>\n\t\t\t\t<div class=\"elementor-element elementor-element-7dc9bcd elementor-widget elementor-widget-spps_title_text\" data-id=\"7dc9bcd\" data-element_type=\"widget\" data-widget_type=\"spps_title_text.default\">\n\t\t\t\t<div class=\"elementor-widget-container\">\n\t\t\t\t\t<div class=\"title-text-wrapper \"><div class=\"title-text-container\"><div class=\"title-text-text\"><div class=\"body\"><div class=\"body\"><p><strong>Pari opportunit\u00e0 - accesso all'istruzione per tutti:<\/strong> Aumentare le opportunit\u00e0 di istruzione per tutti attraverso una migliore integrazione, l'istruzione precoce, le scuole diurne, l'accesso alle borse di studio. Formazione degli insegnanti di alta qualit\u00e0, buone condizioni di lavoro.<\/p><p><strong>Istruzione e formazione professionale:<\/strong> Sufficienti posti di apprendistato \u2013 possibilit\u00e0 di continuare la formazione dopo il diploma, \"case management\", servizi di supporto.<\/p><p><strong>Alta qualit\u00e0 delle universit\u00e0: <\/strong>Offerte formative orientate al futuro nelle universit\u00e0, nei politecnici federali e nelle scuole superiori. Promozione mirata delle donne, buone condizioni di accompagnamento nello studio, rafforzamento delle collaborazioni internazionali, prosecuzione dei programmi di istruzione e ricerca dell'UE, armonizzazione delle borse di studio.<\/p><p><strong>Formazione continua e di recupero: <\/strong>Offensiva formativa per ovviare alla carenza di lavoratori e lavoratrici qualificati, offerte di formazione per l\u2019acquisizione delle competenze di base per tutti gli adulti di qualsiasi provenienza, sussidiati per i redditi bassi.<\/p><p><strong>Scienza:<\/strong> Rafforzamento della ricerca di base indipendente, buone condizioni di lavoro e prospettive per la classe media accademica, fine della precarizzazione!<\/p><p><strong>Cultura: <\/strong>Promozione della cultura, Pro Helvetia, tutela dei beni culturali, libert\u00e0 artistica, sicurezza sociale per artiste e artisti.<\/p><\/div><\/div><\/div><\/div><\/div>\t\t\t\t<\/div>\n\t\t\t\t<\/div>\n\t\t\t\t<div class=\"elementor-element elementor-element-1a0dcc0 elementor-widget elementor-widget-text-editor\" data-id=\"1a0dcc0\" data-element_type=\"widget\" data-widget_type=\"text-editor.default\">\n\t\t\t\t<div class=\"elementor-widget-container\">\n\t\t\t\t\t\t\t\t\t<p>Le riunioni si svolgono solitamente durante le sessioni del Parlamento federale. Le riunioni online si alternano alle riunioni a Palazzo federale per consentire la partecipazione del maggior numero possibile di persone interessate.<\/p>\t\t\t\t\t\t\t\t<\/div>\n\t\t\t\t<\/div>\n\t\t\t\t<div class=\"elementor-element elementor-element-83c8ab0 elementor-widget elementor-widget-spacer\" data-id=\"83c8ab0\" data-element_type=\"widget\" data-widget_type=\"spacer.default\">\n\t\t\t\t<div class=\"elementor-widget-container\">\n\t\t\t\t\t\t\t<div class=\"elementor-spacer\">\n\t\t\t<div class=\"elementor-spacer-inner\"><\/div>\n\t\t<\/div>\n\t\t\t\t\t\t<\/div>\n\t\t\t\t<\/div>\n\t\t\t\t\t<\/div>\n\t\t<\/div>\n\t\t\t\t\t<\/div>\n\t\t<\/section>\n\t\t\t\t<section class=\"elementor-section elementor-top-section elementor-element elementor-element-a7198ad elementor-section-boxed elementor-section-height-default elementor-section-height-default\" data-id=\"a7198ad\" data-element_type=\"section\" data-settings=\"{&quot;jet_parallax_layout_list&quot;:[]}\">\n\t\t\t\t\t\t<div class=\"elementor-container elementor-column-gap-default\">\n\t\t\t\t\t<div class=\"elementor-column elementor-col-100 elementor-top-column elementor-element elementor-element-ed6c832\" data-id=\"ed6c832\" data-element_type=\"column\">\n\t\t\t<div class=\"elementor-widget-wrap elementor-element-populated\">\n\t\t\t\t\t\t<div class=\"elementor-element elementor-element-609c565 elementor-widget elementor-widget-spps_call_to_action\" data-id=\"609c565\" data-element_type=\"widget\" data-widget_type=\"spps_call_to_action.default\">\n\t\t\t\t<div class=\"elementor-widget-container\">\n\t\t\t\t\t<div class=\"call-to-action-wrapper  \" style=\"background:#E4002B\" ><div class=\"call-to-action-title\"><h2>Interessata\/-o?<\/h2><\/div><div class=\"call-to-action-container\"><div class=\"call-to-action-text\"><p>Qui puoi iscriverti alla Commissione tematica \u00abScienza, educazione e cultura\u00bb\u200b.<\/p><p>La tua partecipazione ci fa piacere!<\/p><p>\u00a0<\/p><\/div><div class=\"call-to-action-buttons call-to-action-buttons-left\"><div class=\"button-wrapper \"><a href=\"https:\/\/www.sp-ps.ch\/it\/partito\/commissioni-tematiche\/diventare-membro-di-una-commissione-tematica\/\"  target=\"_self\" class=\"button-link button-link-default\"  style='color:#E4002B' onMouseOver=\"this.style.color='white';this.style.background='#E4002B'\" onMouseOut=\"this.style.color='#E4002B';this.style.background='#EBEBEB'\">Formulario d'iscrizione<\/a><\/div><\/div><\/div><\/div>\t\t\t\t<\/div>\n\t\t\t\t<\/div>\n\t\t\t\t\t<\/div>\n\t\t<\/div>\n\t\t\t\t\t<\/div>\n\t\t<\/section>\n\t\t\t\t<section class=\"elementor-section elementor-top-section elementor-element elementor-element-c90d6ef elementor-section-boxed elementor-section-height-default elementor-section-height-default\" data-id=\"c90d6ef\" data-element_type=\"section\" data-settings=\"{&quot;jet_parallax_layout_list&quot;:[]}\">\n\t\t\t\t\t\t<div class=\"elementor-container elementor-column-gap-default\">\n\t\t\t\t\t<div class=\"elementor-column elementor-col-100 elementor-top-column elementor-element elementor-element-bb93a81\" data-id=\"bb93a81\" data-element_type=\"column\">\n\t\t\t<div class=\"elementor-widget-wrap\">\n\t\t\t\t\t\t\t<\/div>\n\t\t<\/div>\n\t\t\t\t\t<\/div>\n\t\t<\/section>\n\t\t\t\t<\/div>\n\t\t","protected":false},"excerpt":{"rendered":"<p>Commissione tematica \u00abScienza, educazione e cultura\u00bb Emmanuel Amoos Conseiller national VS E-Mail Sandro Liniger Conseiller specialis\u00e9 (CSEC) &amp; secr\u00e9taire international +41 31 329 69 64 E-Mail Gisela Widmer Reichlin Deput\u00e9e [&hellip;]<\/p>\n","protected":false},"author":23,"featured_media":0,"parent":30652,"menu_order":1,"comment_status":"closed","ping_status":"closed","template":"","meta":{"footnotes":""},"class_list":["post-102215","page","type-page","status-publish","hentry"],"_links":{"self":[{"href":"https:\/\/www.sp-ps.ch\/it\/wp-json\/wp\/v2\/pages\/102215","targetHints":{"allow":["GET"]}}],"collection":[{"href":"https:\/\/www.sp-ps.ch\/it\/wp-json\/wp\/v2\/pages"}],"about":[{"href":"https:\/\/www.sp-ps.ch\/it\/wp-json\/wp\/v2\/types\/page"}],"author":[{"embeddable":true,"href":"https:\/\/www.sp-ps.ch\/it\/wp-json\/wp\/v2\/users\/23"}],"replies":[{"embeddable":true,"href":"https:\/\/www.sp-ps.ch\/it\/wp-json\/wp\/v2\/comments?post=102215"}],"version-history":[{"count":21,"href":"https:\/\/www.sp-ps.ch\/it\/wp-json\/wp\/v2\/pages\/102215\/revisions"}],"predecessor-version":[{"id":181347,"href":"https:\/\/www.sp-ps.ch\/it\/wp-json\/wp\/v2\/pages\/102215\/revisions\/181347"}],"up":[{"embeddable":true,"href":"https:\/\/www.sp-ps.ch\/it\/wp-json\/wp\/v2\/pages\/30652"}],"wp:attachment":[{"href":"https:\/\/www.sp-ps.ch\/it\/wp-json\/wp\/v2\/media?parent=102215"}],"curies":[{"name":"wp","href":"https:\/\/api.w.org\/{rel}","templated":true}]}}