{"id":102246,"date":"2023-07-11T09:57:02","date_gmt":"2023-07-11T07:57:02","guid":{"rendered":"https:\/\/www.sp-ps.ch\/?page_id=102246"},"modified":"2026-03-31T11:39:10","modified_gmt":"2026-03-31T09:39:10","slug":"migrazione-e-integrazione","status":"publish","type":"page","link":"https:\/\/www.sp-ps.ch\/it\/partito\/commissioni-tematiche\/migrazione-e-integrazione\/","title":{"rendered":"Commissione tematica \u00abMigrazione e integrazione\u00bb"},"content":{"rendered":"\t\t<div data-elementor-type=\"wp-page\" data-elementor-id=\"102246\" class=\"elementor elementor-102246 elementor-102244\" data-elementor-post-type=\"page\">\n\t\t\t\t\t\t<section class=\"elementor-section elementor-top-section elementor-element elementor-element-54f3b70 elementor-section-boxed elementor-section-height-default elementor-section-height-default\" data-id=\"54f3b70\" data-element_type=\"section\" data-settings=\"{&quot;jet_parallax_layout_list&quot;:[],&quot;background_background&quot;:&quot;classic&quot;}\">\n\t\t\t\t\t\t<div class=\"elementor-container elementor-column-gap-wide\">\n\t\t\t\t\t<div class=\"elementor-column elementor-col-100 elementor-top-column elementor-element elementor-element-dc746ae\" data-id=\"dc746ae\" data-element_type=\"column\">\n\t\t\t<div class=\"elementor-widget-wrap elementor-element-populated\">\n\t\t\t\t\t\t<div class=\"elementor-element elementor-element-0b64c52 elementor-widget elementor-widget-heading\" data-id=\"0b64c52\" data-element_type=\"widget\" data-widget_type=\"heading.default\">\n\t\t\t\t<div class=\"elementor-widget-container\">\n\t\t\t\t\t<h1 class=\"elementor-heading-title elementor-size-default\">Commissione tematica \u00abMigrazione e integrazione\u00bb <\/h1>\t\t\t\t<\/div>\n\t\t\t\t<\/div>\n\t\t\t\t<div class=\"elementor-element elementor-element-a1bb74f elementor-widget elementor-widget-jet-breadcrumbs\" data-id=\"a1bb74f\" data-element_type=\"widget\" data-widget_type=\"jet-breadcrumbs.default\">\n\t\t\t\t<div class=\"elementor-widget-container\">\n\t\t\t\t\t<div class=\"elementor-jet-breadcrumbs jet-blocks\">\n\t\t<div class=\"jet-breadcrumbs\">\n\t\t<div class=\"jet-breadcrumbs__content\">\n\t\t<div class=\"jet-breadcrumbs__wrap\">\n\t\t<\/div>\n\t\t<\/div>\n\t\t<\/div><\/div>\t\t\t\t<\/div>\n\t\t\t\t<\/div>\n\t\t\t\t\t<\/div>\n\t\t<\/div>\n\t\t\t\t\t<\/div>\n\t\t<\/section>\n\t\t\t\t<section class=\"elementor-section elementor-top-section elementor-element elementor-element-720b15e elementor-section-boxed elementor-section-height-default elementor-section-height-default\" data-id=\"720b15e\" data-element_type=\"section\" data-settings=\"{&quot;jet_parallax_layout_list&quot;:[]}\">\n\t\t\t\t\t\t<div class=\"elementor-container elementor-column-gap-wide\">\n\t\t\t\t\t<div class=\"elementor-column elementor-col-100 elementor-top-column elementor-element elementor-element-4ae9764\" data-id=\"4ae9764\" data-element_type=\"column\">\n\t\t\t<div class=\"elementor-widget-wrap elementor-element-populated\">\n\t\t\t\t\t\t<div class=\"elementor-element elementor-element-5dd654d elementor-widget elementor-widget-spps_person_grid\" data-id=\"5dd654d\" data-element_type=\"widget\" id=\"Themenkommission-Migration-und-Integration\" data-widget_type=\"spps_person_grid.default\">\n\t\t\t\t<div class=\"elementor-widget-container\">\n\t\t\t\t\t<div class=\"button-list-wrapper \"><div class=\"button-list-container\"><div class=\"persons persons-grid-2\"><div class=\"persons-items\"><div class=\"persons-item\"><div class=\"person-container\"><div class=\"person-portrait\"><a href=\"https:\/\/www.sp-ps.ch\/it\/person\/samira-marti\/\"><img decoding=\"async\" src=\"https:\/\/www.sp-ps.ch\/wp-content\/uploads\/2023\/10\/BL_NR_2023_SP_Marti_Samira_5446-G-600x600.jpg?v=1709397624\" alt=\"Samira Marti\" loading=\"lazy\"><\/a><\/div><div class=\"person-content\"><a href=\"https:\/\/www.sp-ps.ch\/it\/person\/samira-marti\/\" class=\"person-name\"><p><strong>Samira Marti<\/strong><\/p><\/a><p class=\"person-position\">Consigliera nazionale BL, Capogruppo del Gruppo socialista<\/p><ul class=\"person-kontakt list-pills list-pills-grey\"><li><a href=\"mailto:samira.marti@parl.ch\">E-Mail<\/a><\/li><\/ul><\/div><\/div><\/div><div class=\"persons-item\"><div class=\"person-container\"><div class=\"person-portrait\"><a href=\"https:\/\/www.sp-ps.ch\/it\/person\/carla-mueller\/\"><img decoding=\"async\" src=\"https:\/\/www.sp-ps.ch\/wp-content\/uploads\/2025\/05\/DSCF5712_low2-600x600.jpg?v=1748872196\" alt=\"Carla M\u00fcller\" loading=\"lazy\"><\/a><\/div><div class=\"person-content\"><a href=\"https:\/\/www.sp-ps.ch\/it\/person\/carla-mueller\/\" class=\"person-name\"><p><strong>Carla M\u00fcller<\/strong><\/p><\/a><p class=\"person-position\">Consulente politica specializzata (CIP & CAG)<\/p><ul class=\"person-kontakt list-pills list-pills-grey\"><li><a href=\"tel:+41313296961\">+41 31 329 69 61<\/a><\/li><li><a href=\"mailto:carla.mueller@spschweiz.ch\">E-Mail<\/a><\/li><\/ul><\/div><\/div><\/div><div class=\"persons-item\"><div class=\"person-container\"><div class=\"person-portrait\"><a href=\"https:\/\/www.sp-ps.ch\/it\/person\/samson-yemane\/\"><img decoding=\"async\" src=\"https:\/\/www.sp-ps.ch\/wp-content\/uploads\/2024\/09\/samson-600x600.jpg?v=1725955544\" alt=\"Samson Yemane\" loading=\"lazy\"><\/a><\/div><div class=\"person-content\"><a href=\"https:\/\/www.sp-ps.ch\/it\/person\/samson-yemane\/\" class=\"person-name\"><p><strong>Samson Yemane<\/strong><\/p><\/a><p class=\"person-position\">Consigliere comunale a Losanna, membro della Commissione federale contro il razzismo (CFR)<\/p><ul class=\"person-kontakt list-pills list-pills-grey\"><li><a href=\"mailto:samson.yemane@lausanne-cc.ch\">E-Mail<\/a><\/li><\/ul><\/div><\/div><\/div><\/div><\/div><\/div><\/div>\t\t\t\t<\/div>\n\t\t\t\t<\/div>\n\t\t\t\t<div class=\"elementor-element elementor-element-c6f0c93 elementor-widget elementor-widget-heading\" data-id=\"c6f0c93\" data-element_type=\"widget\" data-widget_type=\"heading.default\">\n\t\t\t\t<div class=\"elementor-widget-container\">\n\t\t\t\t\t<h2 class=\"elementor-heading-title elementor-size-medium\">Breve descrizione dei lavori commissionali<\/h2>\t\t\t\t<\/div>\n\t\t\t\t<\/div>\n\t\t\t\t<div class=\"elementor-element elementor-element-9267f04 elementor-widget elementor-widget-spps_title_text\" data-id=\"9267f04\" data-element_type=\"widget\" data-widget_type=\"spps_title_text.default\">\n\t\t\t\t<div class=\"elementor-widget-container\">\n\t\t\t\t\t<div class=\"title-text-wrapper \"><div class=\"title-text-container\"><div class=\"title-text-text\"><div class=\"body\"><p>La commissione tematica \"Migrazione e integrazione\" si occupa di temi attuali in ambito della migrazione, dell'asilo e dell'integrazione. Tra le altre cose, tratta le questioni relative ai vari permessi (status B, status F, status S) e al loro impatto sulla vita quotidiana delle persone interessate. Ci occupiamo anche delle crisi attuali (ad esempio, la guerra di aggressione all'Ucraina, la situazione dei diritti umani e in particolare dei diritti delle donne in Afghanistan ed altro). Infine, la Commissione tematica dovrebbe essere anche un luogo per trovare insieme delle soluzioni e migliorare cos\u00ec la situazione dei migranti e delle persone in cerca di protezione in Svizzera.<\/p><p>Gli incontri si tengono 2-4 volte l'anno, normalmente online. Una volta all'anno, se possibile, si organizza un incontro in presenza.<\/p><\/div><\/div><\/div><\/div>\t\t\t\t<\/div>\n\t\t\t\t<\/div>\n\t\t\t\t<div class=\"elementor-element elementor-element-404ec6c elementor-widget elementor-widget-spacer\" data-id=\"404ec6c\" data-element_type=\"widget\" data-widget_type=\"spacer.default\">\n\t\t\t\t<div class=\"elementor-widget-container\">\n\t\t\t\t\t\t\t<div class=\"elementor-spacer\">\n\t\t\t<div class=\"elementor-spacer-inner\"><\/div>\n\t\t<\/div>\n\t\t\t\t\t\t<\/div>\n\t\t\t\t<\/div>\n\t\t\t\t\t<\/div>\n\t\t<\/div>\n\t\t\t\t\t<\/div>\n\t\t<\/section>\n\t\t\t\t<section class=\"elementor-section elementor-top-section elementor-element elementor-element-7949173 elementor-section-boxed elementor-section-height-default elementor-section-height-default\" data-id=\"7949173\" data-element_type=\"section\" data-settings=\"{&quot;jet_parallax_layout_list&quot;:[]}\">\n\t\t\t\t\t\t<div class=\"elementor-container elementor-column-gap-default\">\n\t\t\t\t\t<div class=\"elementor-column elementor-col-100 elementor-top-column elementor-element elementor-element-b241324\" data-id=\"b241324\" data-element_type=\"column\">\n\t\t\t<div class=\"elementor-widget-wrap elementor-element-populated\">\n\t\t\t\t\t\t<div class=\"elementor-element elementor-element-02924fb elementor-widget elementor-widget-spps_call_to_action\" data-id=\"02924fb\" data-element_type=\"widget\" id=\"themenkommission-migration-integration\" data-widget_type=\"spps_call_to_action.default\">\n\t\t\t\t<div class=\"elementor-widget-container\">\n\t\t\t\t\t<div class=\"call-to-action-wrapper  \" style=\"background:#E4002B\" ><div class=\"call-to-action-title\"><h2>Interessata\/-o?<\/h2><\/div><div class=\"call-to-action-container\"><div class=\"call-to-action-text\"><p>Qui puoi iscriverti alla Commissione tematica \"Migrazione e integrazione\".<\/p>\n<p>La tua presenza ci fa molto piacere!<\/p>\n<\/div><div class=\"call-to-action-buttons call-to-action-buttons-left\"><div class=\"button-wrapper \"><a href=\"https:\/\/www.sp-ps.ch\/it\/partito\/commissioni-tematiche\/diventare-membro-di-una-commissione-tematica\/\"  target=\"_self\" class=\"button-link button-link-default\"  style='color:#E4002B' onMouseOver=\"this.style.color='white';this.style.background='#E4002B'\" onMouseOut=\"this.style.color='#E4002B';this.style.background='#EBEBEB'\">Formulario d'iscrizione<\/a><\/div><\/div><\/div><\/div>\t\t\t\t<\/div>\n\t\t\t\t<\/div>\n\t\t\t\t\t<\/div>\n\t\t<\/div>\n\t\t\t\t\t<\/div>\n\t\t<\/section>\n\t\t\t\t<\/div>\n\t\t","protected":false},"excerpt":{"rendered":"<p>Commissione tematica \u00abMigrazione e integrazione\u00bb Samira Marti Nationalr\u00e4tin BL, Co-Pr\u00e4sidentin der SP-Bundeshausfraktion E-Mail Carla M\u00fcller Politische Fachreferentin (SPK &amp; RK) +41 31 329 69 61 E-Mail Samson Yemane Gemeinderat von [&hellip;]<\/p>\n","protected":false},"author":23,"featured_media":0,"parent":30652,"menu_order":12,"comment_status":"closed","ping_status":"closed","template":"","meta":{"footnotes":""},"class_list":["post-102246","page","type-page","status-publish","hentry"],"_links":{"self":[{"href":"https:\/\/www.sp-ps.ch\/it\/wp-json\/wp\/v2\/pages\/102246","targetHints":{"allow":["GET"]}}],"collection":[{"href":"https:\/\/www.sp-ps.ch\/it\/wp-json\/wp\/v2\/pages"}],"about":[{"href":"https:\/\/www.sp-ps.ch\/it\/wp-json\/wp\/v2\/types\/page"}],"author":[{"embeddable":true,"href":"https:\/\/www.sp-ps.ch\/it\/wp-json\/wp\/v2\/users\/23"}],"replies":[{"embeddable":true,"href":"https:\/\/www.sp-ps.ch\/it\/wp-json\/wp\/v2\/comments?post=102246"}],"version-history":[{"count":25,"href":"https:\/\/www.sp-ps.ch\/it\/wp-json\/wp\/v2\/pages\/102246\/revisions"}],"predecessor-version":[{"id":181298,"href":"https:\/\/www.sp-ps.ch\/it\/wp-json\/wp\/v2\/pages\/102246\/revisions\/181298"}],"up":[{"embeddable":true,"href":"https:\/\/www.sp-ps.ch\/it\/wp-json\/wp\/v2\/pages\/30652"}],"wp:attachment":[{"href":"https:\/\/www.sp-ps.ch\/it\/wp-json\/wp\/v2\/media?parent=102246"}],"curies":[{"name":"wp","href":"https:\/\/api.w.org\/{rel}","templated":true}]}}