{"id":102310,"date":"2023-06-27T16:17:53","date_gmt":"2023-06-27T14:17:53","guid":{"rendered":"https:\/\/www.sp-ps.ch\/?page_id=102310"},"modified":"2026-03-31T11:54:16","modified_gmt":"2026-03-31T09:54:16","slug":"politica-agraria","status":"publish","type":"page","link":"https:\/\/www.sp-ps.ch\/it\/partito\/commissioni-tematiche\/politica-agraria\/","title":{"rendered":"Commissione tematica &#8220;Politica agraria&#8221;"},"content":{"rendered":"\t\t<div data-elementor-type=\"wp-page\" data-elementor-id=\"102310\" class=\"elementor elementor-102310 elementor-102308\" data-elementor-post-type=\"page\">\n\t\t\t\t\t\t<section class=\"elementor-section elementor-top-section elementor-element elementor-element-cab8ce4 elementor-section-boxed elementor-section-height-default elementor-section-height-default\" data-id=\"cab8ce4\" data-element_type=\"section\" data-settings=\"{&quot;jet_parallax_layout_list&quot;:[],&quot;background_background&quot;:&quot;classic&quot;}\">\n\t\t\t\t\t\t<div class=\"elementor-container elementor-column-gap-wide\">\n\t\t\t\t\t<div class=\"elementor-column elementor-col-100 elementor-top-column elementor-element elementor-element-683a92f\" data-id=\"683a92f\" data-element_type=\"column\">\n\t\t\t<div class=\"elementor-widget-wrap elementor-element-populated\">\n\t\t\t\t\t\t<div class=\"elementor-element elementor-element-cb0c4ac elementor-widget elementor-widget-heading\" data-id=\"cb0c4ac\" data-element_type=\"widget\" data-widget_type=\"heading.default\">\n\t\t\t\t<div class=\"elementor-widget-container\">\n\t\t\t\t\t<h1 class=\"elementor-heading-title elementor-size-default\">Commissione tematica \u00abPolitica agraria\u00bb <\/h1>\t\t\t\t<\/div>\n\t\t\t\t<\/div>\n\t\t\t\t<div class=\"elementor-element elementor-element-e42443b elementor-widget elementor-widget-jet-breadcrumbs\" data-id=\"e42443b\" data-element_type=\"widget\" data-widget_type=\"jet-breadcrumbs.default\">\n\t\t\t\t<div class=\"elementor-widget-container\">\n\t\t\t\t\t<div class=\"elementor-jet-breadcrumbs jet-blocks\">\n\t\t<div class=\"jet-breadcrumbs\">\n\t\t<div class=\"jet-breadcrumbs__content\">\n\t\t<div class=\"jet-breadcrumbs__wrap\">\n\t\t<\/div>\n\t\t<\/div>\n\t\t<\/div><\/div>\t\t\t\t<\/div>\n\t\t\t\t<\/div>\n\t\t\t\t\t<\/div>\n\t\t<\/div>\n\t\t\t\t\t<\/div>\n\t\t<\/section>\n\t\t\t\t<section class=\"elementor-section elementor-top-section elementor-element elementor-element-4713420 elementor-section-boxed elementor-section-height-default elementor-section-height-default\" data-id=\"4713420\" data-element_type=\"section\" data-settings=\"{&quot;jet_parallax_layout_list&quot;:[]}\">\n\t\t\t\t\t\t<div class=\"elementor-container elementor-column-gap-default\">\n\t\t\t\t\t<div class=\"elementor-column elementor-col-100 elementor-top-column elementor-element elementor-element-855446e\" data-id=\"855446e\" data-element_type=\"column\">\n\t\t\t<div class=\"elementor-widget-wrap\">\n\t\t\t\t\t\t\t<\/div>\n\t\t<\/div>\n\t\t\t\t\t<\/div>\n\t\t<\/section>\n\t\t\t\t<section class=\"elementor-section elementor-top-section elementor-element elementor-element-368a95f elementor-section-boxed elementor-section-height-default elementor-section-height-default\" data-id=\"368a95f\" data-element_type=\"section\" data-settings=\"{&quot;jet_parallax_layout_list&quot;:[]}\">\n\t\t\t\t\t\t<div class=\"elementor-container elementor-column-gap-default\">\n\t\t\t\t\t<div class=\"elementor-column elementor-col-100 elementor-top-column elementor-element elementor-element-171bb6f\" data-id=\"171bb6f\" data-element_type=\"column\">\n\t\t\t<div class=\"elementor-widget-wrap elementor-element-populated\">\n\t\t\t\t\t\t<div class=\"elementor-element elementor-element-fff5ef8 elementor-widget elementor-widget-spps_person_grid\" data-id=\"fff5ef8\" data-element_type=\"widget\" id=\"themenkommission-landwirtschaftspolitik\" data-widget_type=\"spps_person_grid.default\">\n\t\t\t\t<div class=\"elementor-widget-container\">\n\t\t\t\t\t<div class=\"button-list-wrapper \"><div class=\"button-list-container\"><div class=\"persons persons-grid-2\"><div class=\"persons-items\"><div class=\"persons-item\"><div class=\"person-container\"><div class=\"person-portrait\"><a href=\"https:\/\/www.sp-ps.ch\/it\/person\/emmanuel-amoos\/\"><img decoding=\"async\" src=\"https:\/\/www.sp-ps.ch\/wp-content\/uploads\/2021\/06\/VS_NR_2023_PS_Amoos_Emmanuel_2097-G-600x600.jpg?v=1698920172\" alt=\"Emmanuel Amoos\" loading=\"lazy\"><\/a><\/div><div class=\"person-content\"><a href=\"https:\/\/www.sp-ps.ch\/it\/person\/emmanuel-amoos\/\" class=\"person-name\"><p><strong>Emmanuel Amoos<\/strong><\/p><\/a><p class=\"person-position\">Consigliere nazionale VS<\/p><ul class=\"person-kontakt list-pills list-pills-grey\"><li><a href=\"mailto:emmanuel.amoos@parl.ch\">E-Mail<\/a><\/li><\/ul><\/div><\/div><\/div><div class=\"persons-item\"><div class=\"person-container\"><div class=\"person-portrait\"><a href=\"https:\/\/www.sp-ps.ch\/it\/person\/colette-basler\/\"><img decoding=\"async\" src=\"https:\/\/www.sp-ps.ch\/wp-content\/uploads\/2015\/05\/AG_NR_2023_SP_Basler_Colette_0000-600x600.jpg?v=1697095410\" alt=\"Colette Basler\" loading=\"lazy\"><\/a><\/div><div class=\"person-content\"><a href=\"https:\/\/www.sp-ps.ch\/it\/person\/colette-basler\/\" class=\"person-name\"><p><strong>Colette Basler<\/strong><\/p><\/a><p class=\"person-position\">Deputata in Gran Consiglio AG<\/p><\/div><\/div><\/div><div class=\"persons-item\"><div class=\"person-container\"><div class=\"person-portrait\"><a href=\"https:\/\/www.sp-ps.ch\/it\/person\/hasan-candan\/\"><img decoding=\"async\" src=\"https:\/\/www.sp-ps.ch\/wp-content\/uploads\/2015\/08\/LU_NR_2023_SP_Candan_Hasan_5404-G-600x600.jpg?v=1698933152\" alt=\"Hasan Candan\" loading=\"lazy\"><\/a><\/div><div class=\"person-content\"><a href=\"https:\/\/www.sp-ps.ch\/it\/person\/hasan-candan\/\" class=\"person-name\"><p><strong>Hasan Candan<\/strong><\/p><\/a><p class=\"person-position\">Consigliere nazionale LU<\/p><ul class=\"person-kontakt list-pills list-pills-grey\"><li><a href=\"mailto:hasan.candan@parl.ch\">E-Mail<\/a><\/li><\/ul><\/div><\/div><\/div><div class=\"persons-item\"><div class=\"person-container\"><div class=\"person-portrait\"><a href=\"https:\/\/www.sp-ps.ch\/it\/person\/stefan-schuetz\/\"><img decoding=\"async\" src=\"https:\/\/www.sp-ps.ch\/wp-content\/uploads\/2024\/04\/DSCF4681_low-600x600.jpg?v=1713350103\" alt=\"Stefan Sch\u00fctz\" loading=\"lazy\"><\/a><\/div><div class=\"person-content\"><a href=\"https:\/\/www.sp-ps.ch\/it\/person\/stefan-schuetz\/\" class=\"person-name\"><p><strong>Stefan Sch\u00fctz<\/strong><\/p><\/a><p class=\"person-position\">Consulente specializzato per il dipartimento politico<\/p><ul class=\"person-kontakt list-pills list-pills-grey\"><li><a href=\"tel:+41313296970\">+41 31 329 69 70<\/a><\/li><li><a href=\"mailto:stefan.schuetz@spschweiz.ch\">E-Mail<\/a><\/li><\/ul><\/div><\/div><\/div><div class=\"persons-item\"><div class=\"person-container\"><div class=\"person-portrait\"><a href=\"https:\/\/www.sp-ps.ch\/it\/person\/ursula-zybach\/\"><img decoding=\"async\" src=\"https:\/\/www.sp-ps.ch\/wp-content\/uploads\/2015\/06\/BE_NR_2023_SP_Zybach_Ursula_0000-G-600x600.jpg?v=1699528580\" alt=\"Ursula Zybach\" loading=\"lazy\"><\/a><\/div><div class=\"person-content\"><a href=\"https:\/\/www.sp-ps.ch\/it\/person\/ursula-zybach\/\" class=\"person-name\"><p><strong>Ursula Zybach<\/strong><\/p><\/a><p class=\"person-position\">Consigliera nazionale BE<\/p><ul class=\"person-kontakt list-pills list-pills-grey\"><li><a href=\"mailto:ursula.zybach@parl.ch\">E-Mail<\/a><\/li><\/ul><\/div><\/div><\/div><\/div><\/div><\/div><\/div>\t\t\t\t<\/div>\n\t\t\t\t<\/div>\n\t\t\t\t<div class=\"elementor-element elementor-element-1c2c8ab elementor-widget elementor-widget-heading\" data-id=\"1c2c8ab\" data-element_type=\"widget\" data-widget_type=\"heading.default\">\n\t\t\t\t<div class=\"elementor-widget-container\">\n\t\t\t\t\t<h2 class=\"elementor-heading-title elementor-size-medium\">Breve descrizione dei lavori della commissione<\/h2>\t\t\t\t<\/div>\n\t\t\t\t<\/div>\n\t\t\t\t<div class=\"elementor-element elementor-element-e172e36 elementor-widget elementor-widget-text-editor\" data-id=\"e172e36\" data-element_type=\"widget\" data-widget_type=\"text-editor.default\">\n\t\t\t\t<div class=\"elementor-widget-container\">\n\t\t\t\t\t\t\t\t\t<p>L&#8217;agricoltura deve diventare ecologica, sostenibile e rispettosa degli animali: questa \u00e8 la nostra visione. Nella commissione tematica \u00abPolitica agraria\u00bb vogliamo lavorare insieme su questioni politiche attuali relative all&#8217;agricoltura. Esperti, politici e tutti coloro che sono interessati al nostro partito a livello nazionale, cantonale e comunale sono cordialmente invitati a condividere le loro conoscenze con noi e a riflettere sulle nostre posizioni.<\/p>\n<p>La commissione tematica \u00abPolitica agraria\u00bb si riunisce quattro volte l&#8217;anno.<\/p>\n\t\t\t\t\t\t\t\t<\/div>\n\t\t\t\t<\/div>\n\t\t\t\t<div class=\"elementor-element elementor-element-ba8414a elementor-widget elementor-widget-spacer\" data-id=\"ba8414a\" data-element_type=\"widget\" data-widget_type=\"spacer.default\">\n\t\t\t\t<div class=\"elementor-widget-container\">\n\t\t\t\t\t\t\t<div class=\"elementor-spacer\">\n\t\t\t<div class=\"elementor-spacer-inner\"><\/div>\n\t\t<\/div>\n\t\t\t\t\t\t<\/div>\n\t\t\t\t<\/div>\n\t\t\t\t\t<\/div>\n\t\t<\/div>\n\t\t\t\t\t<\/div>\n\t\t<\/section>\n\t\t\t\t<section class=\"elementor-section elementor-top-section elementor-element elementor-element-d478bd1 elementor-section-boxed elementor-section-height-default elementor-section-height-default\" data-id=\"d478bd1\" data-element_type=\"section\" data-settings=\"{&quot;jet_parallax_layout_list&quot;:[]}\">\n\t\t\t\t\t\t<div class=\"elementor-container elementor-column-gap-default\">\n\t\t\t\t\t<div class=\"elementor-column elementor-col-100 elementor-top-column elementor-element elementor-element-9f0a7df\" data-id=\"9f0a7df\" data-element_type=\"column\">\n\t\t\t<div class=\"elementor-widget-wrap elementor-element-populated\">\n\t\t\t\t\t\t<div class=\"elementor-element elementor-element-a9fb90f elementor-widget elementor-widget-spps_call_to_action\" data-id=\"a9fb90f\" data-element_type=\"widget\" id=\"themenkommission-landwirtschaftspolitik\" data-widget_type=\"spps_call_to_action.default\">\n\t\t\t\t<div class=\"elementor-widget-container\">\n\t\t\t\t\t<div class=\"call-to-action-wrapper  \" style=\"background:#E4002B\" ><div class=\"call-to-action-title\"><h2>Interessata\/-o?<\/h2><\/div><div class=\"call-to-action-container\"><div class=\"call-to-action-text\"><p>Qui puoi iscriverti alla Commissione tematica \u00abPolitica agraria\u00bb.<\/p>\n<p>La tua presenza ci fa piacere!<\/p>\n<\/div><div class=\"call-to-action-buttons call-to-action-buttons-left\"><div class=\"button-wrapper \"><a href=\"https:\/\/www.sp-ps.ch\/it\/partito\/commissioni-tematiche\/diventare-membro-di-una-commissione-tematica\/\"  target=\"_self\" class=\"button-link button-link-default\"  style='color:#E4002B' onMouseOver=\"this.style.color='white';this.style.background='#E4002B'\" onMouseOut=\"this.style.color='#E4002B';this.style.background='#EBEBEB'\">Formulario d'iscrizione<\/a><\/div><\/div><\/div><\/div>\t\t\t\t<\/div>\n\t\t\t\t<\/div>\n\t\t\t\t\t<\/div>\n\t\t<\/div>\n\t\t\t\t\t<\/div>\n\t\t<\/section>\n\t\t\t\t<\/div>\n\t\t","protected":false},"excerpt":{"rendered":"<p>Commissione tematica \u00abPolitica agraria\u00bb Emmanuel Amoos Conseiller national VS E-Mail Colette Basler Deput\u00e9e en Gran Conseil AG Hasan Candan Conseiller national LU E-Mail Stefan Sch\u00fctz Conseiller sp\u00e9cialis\u00e9 (CER &amp; CdF) [&hellip;]<\/p>\n","protected":false},"author":23,"featured_media":0,"parent":30652,"menu_order":9,"comment_status":"closed","ping_status":"closed","template":"","meta":{"footnotes":""},"class_list":["post-102310","page","type-page","status-publish","hentry"],"_links":{"self":[{"href":"https:\/\/www.sp-ps.ch\/it\/wp-json\/wp\/v2\/pages\/102310","targetHints":{"allow":["GET"]}}],"collection":[{"href":"https:\/\/www.sp-ps.ch\/it\/wp-json\/wp\/v2\/pages"}],"about":[{"href":"https:\/\/www.sp-ps.ch\/it\/wp-json\/wp\/v2\/types\/page"}],"author":[{"embeddable":true,"href":"https:\/\/www.sp-ps.ch\/it\/wp-json\/wp\/v2\/users\/23"}],"replies":[{"embeddable":true,"href":"https:\/\/www.sp-ps.ch\/it\/wp-json\/wp\/v2\/comments?post=102310"}],"version-history":[{"count":19,"href":"https:\/\/www.sp-ps.ch\/it\/wp-json\/wp\/v2\/pages\/102310\/revisions"}],"predecessor-version":[{"id":181335,"href":"https:\/\/www.sp-ps.ch\/it\/wp-json\/wp\/v2\/pages\/102310\/revisions\/181335"}],"up":[{"embeddable":true,"href":"https:\/\/www.sp-ps.ch\/it\/wp-json\/wp\/v2\/pages\/30652"}],"wp:attachment":[{"href":"https:\/\/www.sp-ps.ch\/it\/wp-json\/wp\/v2\/media?parent=102310"}],"curies":[{"name":"wp","href":"https:\/\/api.w.org\/{rel}","templated":true}]}}