{"id":102392,"date":"2023-07-12T08:39:42","date_gmt":"2023-07-12T06:39:42","guid":{"rendered":"https:\/\/www.sp-ps.ch\/?page_id=102392"},"modified":"2026-03-31T11:41:26","modified_gmt":"2026-03-31T09:41:26","slug":"economia-e-finanze","status":"publish","type":"page","link":"https:\/\/www.sp-ps.ch\/it\/partito\/commissioni-tematiche\/economia-e-finanze\/","title":{"rendered":"Commissione tematica \u00abEconomia e finanze\u00bb"},"content":{"rendered":"\t\t<div data-elementor-type=\"wp-page\" data-elementor-id=\"102392\" class=\"elementor elementor-102392 elementor-102387\" data-elementor-post-type=\"page\">\n\t\t\t\t\t\t<section class=\"elementor-section elementor-top-section elementor-element elementor-element-8a0d736 elementor-section-boxed elementor-section-height-default elementor-section-height-default\" data-id=\"8a0d736\" data-element_type=\"section\" data-settings=\"{&quot;jet_parallax_layout_list&quot;:[],&quot;background_background&quot;:&quot;classic&quot;}\">\n\t\t\t\t\t\t<div class=\"elementor-container elementor-column-gap-wide\">\n\t\t\t\t\t<div class=\"elementor-column elementor-col-100 elementor-top-column elementor-element elementor-element-3eb5d18\" data-id=\"3eb5d18\" data-element_type=\"column\">\n\t\t\t<div class=\"elementor-widget-wrap elementor-element-populated\">\n\t\t\t\t\t\t<div class=\"elementor-element elementor-element-1affbf5 elementor-widget elementor-widget-heading\" data-id=\"1affbf5\" data-element_type=\"widget\" data-widget_type=\"heading.default\">\n\t\t\t\t<div class=\"elementor-widget-container\">\n\t\t\t\t\t<h1 class=\"elementor-heading-title elementor-size-default\">Commissione tematica \u00abEconomia e finanze\u00bb<\/h1>\t\t\t\t<\/div>\n\t\t\t\t<\/div>\n\t\t\t\t<div class=\"elementor-element elementor-element-ac33031 elementor-widget elementor-widget-jet-breadcrumbs\" data-id=\"ac33031\" data-element_type=\"widget\" data-widget_type=\"jet-breadcrumbs.default\">\n\t\t\t\t<div class=\"elementor-widget-container\">\n\t\t\t\t\t<div class=\"elementor-jet-breadcrumbs jet-blocks\">\n\t\t<div class=\"jet-breadcrumbs\">\n\t\t<div class=\"jet-breadcrumbs__content\">\n\t\t<div class=\"jet-breadcrumbs__wrap\">\n\t\t<\/div>\n\t\t<\/div>\n\t\t<\/div><\/div>\t\t\t\t<\/div>\n\t\t\t\t<\/div>\n\t\t\t\t\t<\/div>\n\t\t<\/div>\n\t\t\t\t\t<\/div>\n\t\t<\/section>\n\t\t\t\t<section class=\"elementor-section elementor-top-section elementor-element elementor-element-acb2683 elementor-section-boxed elementor-section-height-default elementor-section-height-default\" data-id=\"acb2683\" data-element_type=\"section\" data-settings=\"{&quot;jet_parallax_layout_list&quot;:[]}\">\n\t\t\t\t\t\t<div class=\"elementor-container elementor-column-gap-wide\">\n\t\t\t\t\t<div class=\"elementor-column elementor-col-100 elementor-top-column elementor-element elementor-element-e84de7c\" data-id=\"e84de7c\" data-element_type=\"column\">\n\t\t\t<div class=\"elementor-widget-wrap elementor-element-populated\">\n\t\t\t\t\t\t<div class=\"elementor-element elementor-element-1da6b79 elementor-widget elementor-widget-spps_person_grid\" data-id=\"1da6b79\" data-element_type=\"widget\" id=\"Themenkommission-Wirtschaft-und-Finanzen\" data-widget_type=\"spps_person_grid.default\">\n\t\t\t\t<div class=\"elementor-widget-container\">\n\t\t\t\t\t<div class=\"button-list-wrapper wrapper-spacing-default\"><div class=\"button-list-container\"><div class=\"persons persons-grid-2\"><div class=\"persons-items\"><div class=\"persons-item\"><div class=\"person-container\"><div class=\"person-portrait\"><a href=\"https:\/\/www.sp-ps.ch\/it\/person\/benoit-gaillard\/\"><img decoding=\"async\" src=\"https:\/\/www.sp-ps.ch\/wp-content\/uploads\/2025\/04\/BenoitGaillard-600x600.jpeg?v=1746514182\" alt=\"Beno\u00eet Gaillard\" loading=\"lazy\"><\/a><\/div><div class=\"person-content\"><a href=\"https:\/\/www.sp-ps.ch\/it\/person\/benoit-gaillard\/\" class=\"person-name\"><p><strong>Beno\u00eet Gaillard<\/strong><\/p><\/a><p class=\"person-position\">Consigliere nazionale VD<\/p><ul class=\"person-kontakt list-pills list-pills-grey\"><li><a href=\"mailto:benoit.gaillard@parl.ch\">E-Mail<\/a><\/li><\/ul><\/div><\/div><\/div><div class=\"persons-item\"><div class=\"person-container\"><div class=\"person-portrait\"><a href=\"https:\/\/www.sp-ps.ch\/it\/person\/stefan-schuetz\/\"><img decoding=\"async\" src=\"https:\/\/www.sp-ps.ch\/wp-content\/uploads\/2024\/04\/DSCF4681_low-600x600.jpg?v=1713350103\" alt=\"Stefan Sch\u00fctz\" loading=\"lazy\"><\/a><\/div><div class=\"person-content\"><a href=\"https:\/\/www.sp-ps.ch\/it\/person\/stefan-schuetz\/\" class=\"person-name\"><p><strong>Stefan Sch\u00fctz<\/strong><\/p><\/a><p class=\"person-position\">Consulente specializzato per il dipartimento politico<\/p><ul class=\"person-kontakt list-pills list-pills-grey\"><li><a href=\"tel:+41313296970\">+41 31 329 69 70<\/a><\/li><li><a href=\"mailto:stefan.schuetz@spschweiz.ch\">E-Mail<\/a><\/li><\/ul><\/div><\/div><\/div><div class=\"persons-item\"><div class=\"person-container\"><div class=\"person-portrait\"><a href=\"https:\/\/www.sp-ps.ch\/it\/person\/celine-widmer\/\"><img decoding=\"async\" src=\"https:\/\/www.sp-ps.ch\/wp-content\/uploads\/2019\/11\/ZH_NR_2023_SP_Widmer_Celine_3331-G-600x600.jpg?v=1699528380\" alt=\"C\u00e9line Widmer\" loading=\"lazy\"><\/a><\/div><div class=\"person-content\"><a href=\"https:\/\/www.sp-ps.ch\/it\/person\/celine-widmer\/\" class=\"person-name\"><p><strong>C\u00e9line Widmer<\/strong><\/p><\/a><p class=\"person-position\">Consigliera nazionale ZH<\/p><ul class=\"person-kontakt list-pills list-pills-grey\"><li><a href=\"mailto:celine.widmer@parl.ch\">E-Mail<\/a><\/li><\/ul><\/div><\/div><\/div><\/div><\/div><\/div><\/div>\t\t\t\t<\/div>\n\t\t\t\t<\/div>\n\t\t\t\t<div class=\"elementor-element elementor-element-22da95c elementor-widget-tablet__width-initial elementor-widget elementor-widget-spps_title_text\" data-id=\"22da95c\" data-element_type=\"widget\" id=\"themenkommission-wirtschaft-finanzen\" data-widget_type=\"spps_title_text.default\">\n\t\t\t\t<div class=\"elementor-widget-container\">\n\t\t\t\t\t<div class=\"title-text-wrapper \"><div class=\"title-text-title\"><h3>Breve descrizione dei lavori commissionali<\/h3><\/div><div class=\"title-text-container\"><div class=\"title-text-text\"><div class=\"body\"><div class=\"body\"><div class=\"body\"><p>La commissione tematica \u00abEconomia e finanze\u00bb si occupa di questioni attuali di politica economica, politica monetaria e bancaria, politica fiscale e finanziaria, commercio estero e politica regionale.<\/p><p>La commissione si riunisce quattro volte l'anno, durante le sessioni delle Camere federali.<\/p><\/div><\/div><\/div><\/div><\/div><\/div>\t\t\t\t<\/div>\n\t\t\t\t<\/div>\n\t\t\t\t<div class=\"elementor-element elementor-element-cfe7176 elementor-widget elementor-widget-spacer\" data-id=\"cfe7176\" data-element_type=\"widget\" data-widget_type=\"spacer.default\">\n\t\t\t\t<div class=\"elementor-widget-container\">\n\t\t\t\t\t\t\t<div class=\"elementor-spacer\">\n\t\t\t<div class=\"elementor-spacer-inner\"><\/div>\n\t\t<\/div>\n\t\t\t\t\t\t<\/div>\n\t\t\t\t<\/div>\n\t\t\t\t<div class=\"elementor-element elementor-element-74b28fa elementor-widget elementor-widget-spps_call_to_action\" data-id=\"74b28fa\" data-element_type=\"widget\" data-widget_type=\"spps_call_to_action.default\">\n\t\t\t\t<div class=\"elementor-widget-container\">\n\t\t\t\t\t<div class=\"call-to-action-wrapper  \" style=\"background:#E4002B\" ><div class=\"call-to-action-title\"><h2>Interessata\/-o?<\/h2><\/div><div class=\"call-to-action-container\"><div class=\"call-to-action-text\"><p>Qui puoi iscriverti per la Commissione tematica \u00abEconomia e finanze\u00bb.<\/p>\n<p>Ti aspettiamo con piacere!<\/p>\n<p>\u00a0<\/p>\n<\/div><div class=\"call-to-action-buttons call-to-action-buttons-left\"><div class=\"button-wrapper \"><a href=\"https:\/\/www.sp-ps.ch\/it\/partito\/commissioni-tematiche\/diventare-membro-di-una-commissione-tematica\/\"  target=\"_self\" class=\"button-link button-link-default\"  style='color:#E4002B' onMouseOver=\"this.style.color='white';this.style.background='#E4002B'\" onMouseOut=\"this.style.color='#E4002B';this.style.background='#EBEBEB'\">Formulario d'iscrizione<\/a><\/div><\/div><\/div><\/div>\t\t\t\t<\/div>\n\t\t\t\t<\/div>\n\t\t\t\t\t<\/div>\n\t\t<\/div>\n\t\t\t\t\t<\/div>\n\t\t<\/section>\n\t\t\t\t<\/div>\n\t\t","protected":false},"excerpt":{"rendered":"<p>Commissione tematica \u00abEconomia e finanze\u00bb Beno\u00eet Gaillard Conseiller national VD E-Mail Stefan Sch\u00fctz Conseiller sp\u00e9cialis\u00e9 (CER &amp; CdF) +41 31 329 69 70 E-Mail C\u00e9line Widmer Conseill\u00e8re nationale ZH E-Mail [&hellip;]<\/p>\n","protected":false},"author":23,"featured_media":0,"parent":30652,"menu_order":18,"comment_status":"closed","ping_status":"closed","template":"","meta":{"footnotes":""},"class_list":["post-102392","page","type-page","status-publish","hentry"],"_links":{"self":[{"href":"https:\/\/www.sp-ps.ch\/it\/wp-json\/wp\/v2\/pages\/102392","targetHints":{"allow":["GET"]}}],"collection":[{"href":"https:\/\/www.sp-ps.ch\/it\/wp-json\/wp\/v2\/pages"}],"about":[{"href":"https:\/\/www.sp-ps.ch\/it\/wp-json\/wp\/v2\/types\/page"}],"author":[{"embeddable":true,"href":"https:\/\/www.sp-ps.ch\/it\/wp-json\/wp\/v2\/users\/23"}],"replies":[{"embeddable":true,"href":"https:\/\/www.sp-ps.ch\/it\/wp-json\/wp\/v2\/comments?post=102392"}],"version-history":[{"count":24,"href":"https:\/\/www.sp-ps.ch\/it\/wp-json\/wp\/v2\/pages\/102392\/revisions"}],"predecessor-version":[{"id":181304,"href":"https:\/\/www.sp-ps.ch\/it\/wp-json\/wp\/v2\/pages\/102392\/revisions\/181304"}],"up":[{"embeddable":true,"href":"https:\/\/www.sp-ps.ch\/it\/wp-json\/wp\/v2\/pages\/30652"}],"wp:attachment":[{"href":"https:\/\/www.sp-ps.ch\/it\/wp-json\/wp\/v2\/media?parent=102392"}],"curies":[{"name":"wp","href":"https:\/\/api.w.org\/{rel}","templated":true}]}}