{"id":102445,"date":"2023-06-19T16:28:52","date_gmt":"2023-06-19T14:28:52","guid":{"rendered":"https:\/\/www.sp-ps.ch\/?page_id=102445"},"modified":"2026-03-31T11:49:41","modified_gmt":"2026-03-31T09:49:41","slug":"ambiente-energia-e-pianificazione-del-territorio","status":"publish","type":"page","link":"https:\/\/www.sp-ps.ch\/it\/partito\/commissioni-tematiche\/ambiente-energia-e-pianificazione-del-territorio\/","title":{"rendered":"Commissione tematica &#8220;Ambiente, energia e pianificazione del territorio&#8221;\u00bb"},"content":{"rendered":"\t\t<div data-elementor-type=\"wp-page\" data-elementor-id=\"102445\" class=\"elementor elementor-102445 elementor-102443\" data-elementor-post-type=\"page\">\n\t\t\t\t\t\t<section class=\"elementor-section elementor-top-section elementor-element elementor-element-78ea657 elementor-section-boxed elementor-section-height-default elementor-section-height-default\" data-id=\"78ea657\" data-element_type=\"section\" data-settings=\"{&quot;jet_parallax_layout_list&quot;:[],&quot;background_background&quot;:&quot;classic&quot;}\">\n\t\t\t\t\t\t<div class=\"elementor-container elementor-column-gap-wide\">\n\t\t\t\t\t<div class=\"elementor-column elementor-col-100 elementor-top-column elementor-element elementor-element-6e53a18\" data-id=\"6e53a18\" data-element_type=\"column\">\n\t\t\t<div class=\"elementor-widget-wrap elementor-element-populated\">\n\t\t\t\t\t\t<div class=\"elementor-element elementor-element-9ddeca8 elementor-widget elementor-widget-heading\" data-id=\"9ddeca8\" data-element_type=\"widget\" data-widget_type=\"heading.default\">\n\t\t\t\t<div class=\"elementor-widget-container\">\n\t\t\t\t\t<h1 class=\"elementor-heading-title elementor-size-default\">Commissione tematica \u00abAmbiente, energia e pianificazione del territorio\u00bb<\/h1>\t\t\t\t<\/div>\n\t\t\t\t<\/div>\n\t\t\t\t<div class=\"elementor-element elementor-element-7025e1f elementor-widget elementor-widget-jet-breadcrumbs\" data-id=\"7025e1f\" data-element_type=\"widget\" data-widget_type=\"jet-breadcrumbs.default\">\n\t\t\t\t<div class=\"elementor-widget-container\">\n\t\t\t\t\t<div class=\"elementor-jet-breadcrumbs jet-blocks\">\n\t\t<div class=\"jet-breadcrumbs\">\n\t\t<div class=\"jet-breadcrumbs__content\">\n\t\t<div class=\"jet-breadcrumbs__wrap\">\n\t\t<\/div>\n\t\t<\/div>\n\t\t<\/div><\/div>\t\t\t\t<\/div>\n\t\t\t\t<\/div>\n\t\t\t\t\t<\/div>\n\t\t<\/div>\n\t\t\t\t\t<\/div>\n\t\t<\/section>\n\t\t\t\t<section class=\"elementor-section elementor-top-section elementor-element elementor-element-d1d806d elementor-section-boxed elementor-section-height-default elementor-section-height-default\" data-id=\"d1d806d\" data-element_type=\"section\" data-settings=\"{&quot;jet_parallax_layout_list&quot;:[]}\">\n\t\t\t\t\t\t<div class=\"elementor-container elementor-column-gap-wide\">\n\t\t\t\t\t<div class=\"elementor-column elementor-col-100 elementor-top-column elementor-element elementor-element-767495a\" data-id=\"767495a\" data-element_type=\"column\">\n\t\t\t<div class=\"elementor-widget-wrap elementor-element-populated\">\n\t\t\t\t\t\t<div class=\"elementor-element elementor-element-5bb5b27 elementor-widget elementor-widget-spps_person_grid\" data-id=\"5bb5b27\" data-element_type=\"widget\" id=\"Fachkommission-Umwelt-Energie-und-Raumplanung\" data-widget_type=\"spps_person_grid.default\">\n\t\t\t\t<div class=\"elementor-widget-container\">\n\t\t\t\t\t<div class=\"button-list-wrapper \"><div class=\"button-list-container\"><div class=\"persons persons-grid-2\"><div class=\"persons-items\"><div class=\"persons-item\"><div class=\"person-container\"><div class=\"person-portrait\"><a href=\"https:\/\/www.sp-ps.ch\/it\/person\/mathilde-crevoisier\/\"><img decoding=\"async\" src=\"https:\/\/www.sp-ps.ch\/wp-content\/uploads\/2022\/07\/JU_SR_2023_PS_Crevoisier_Mathilde_0421-G-600x600.jpg?v=1700564677\" alt=\"Mathilde  Crevoisier\" loading=\"lazy\"><\/a><\/div><div class=\"person-content\"><a href=\"https:\/\/www.sp-ps.ch\/it\/person\/mathilde-crevoisier\/\" class=\"person-name\"><p><strong>Mathilde  Crevoisier<\/strong><\/p><\/a><p class=\"person-position\">Consigliera agli Stati JU<\/p><ul class=\"person-kontakt list-pills list-pills-grey\"><li><a href=\"mailto:mathilde.crevoisier@parl.ch\">E-Mail<\/a><\/li><\/ul><\/div><\/div><\/div><div class=\"persons-item\"><div class=\"person-container\"><div class=\"person-portrait\"><a href=\"https:\/\/www.sp-ps.ch\/it\/person\/peter-faessler-2\/\"><img decoding=\"async\" src=\"https:\/\/www.sp-ps.ch\/wp-content\/uploads\/2023\/06\/peter-faessler-600x600.jpg?v=1687184422\" alt=\"Peter F\u00e4ssler\" loading=\"lazy\"><\/a><\/div><div class=\"person-content\"><a href=\"https:\/\/www.sp-ps.ch\/it\/person\/peter-faessler-2\/\" class=\"person-name\"><p><strong>Peter F\u00e4ssler<\/strong><\/p><\/a><p class=\"person-position\">Deputato in Gran Consiglio LU<\/p><\/div><\/div><\/div><\/div><\/div><\/div><\/div>\t\t\t\t<\/div>\n\t\t\t\t<\/div>\n\t\t\t\t<div class=\"elementor-element elementor-element-67b74b8 elementor-widget elementor-widget-spacer\" data-id=\"67b74b8\" data-element_type=\"widget\" data-widget_type=\"spacer.default\">\n\t\t\t\t<div class=\"elementor-widget-container\">\n\t\t\t\t\t\t\t<div class=\"elementor-spacer\">\n\t\t\t<div class=\"elementor-spacer-inner\"><\/div>\n\t\t<\/div>\n\t\t\t\t\t\t<\/div>\n\t\t\t\t<\/div>\n\t\t\t\t<div class=\"elementor-element elementor-element-1f83559 elementor-widget elementor-widget-spps_title_text\" data-id=\"1f83559\" data-element_type=\"widget\" id=\"themenkommission-umwelt-energie-raumplanung\" data-widget_type=\"spps_title_text.default\">\n\t\t\t\t<div class=\"elementor-widget-container\">\n\t\t\t\t\t<div class=\"title-text-wrapper \"><div class=\"title-text-container\"><div class=\"title-text-text\"><div class=\"body\"><p><strong>Breve descrizione dei lavori commissionali:<\/strong><\/p><p>L'ambiente, l'energia e la pianificazione del territorio sono temi fondamentali per la politica del PS. Nella nostra commissione tematica vogliamo riunire persone esperte, persone con un mandato politico e membri interessati a livello nazionale, cantonale e comunale. Vogliamo scambiare le nostre conoscenze e sviluppare insieme atti parlamentari o altre proposte politiche per il partito. I temi trattati possono spaziare dalla biodiversit\u00e0 in agricoltura alla sicurezza energetica e alla promozione dell'efficienza energetica, cos\u00ec come da una pianificazione territoriale orientata alle persone alle tecnologie rispettose del clima e all'uso parsimonioso delle risorse.<\/p><p>La commissione tematica \"Ambiente, energia e pianificazione del terrritorio\" dispone di una sottocommissione \"Clima ed energia\" che si occupa specificamente di questi temi. Maggiori informazioni in merito sono riportate di seguito.<\/p><p>La Commissione tematica \"Ambiente, energia e pianificazione del territorio\" si riunisce quattro volte l'anno.<\/p><\/div><\/div><\/div><\/div>\t\t\t\t<\/div>\n\t\t\t\t<\/div>\n\t\t\t\t<div class=\"elementor-element elementor-element-50da25f elementor-widget elementor-widget-spacer\" data-id=\"50da25f\" data-element_type=\"widget\" data-widget_type=\"spacer.default\">\n\t\t\t\t<div class=\"elementor-widget-container\">\n\t\t\t\t\t\t\t<div class=\"elementor-spacer\">\n\t\t\t<div class=\"elementor-spacer-inner\"><\/div>\n\t\t<\/div>\n\t\t\t\t\t\t<\/div>\n\t\t\t\t<\/div>\n\t\t\t\t<div class=\"elementor-element elementor-element-cd6c239 elementor-widget elementor-widget-heading\" data-id=\"cd6c239\" data-element_type=\"widget\" data-widget_type=\"heading.default\">\n\t\t\t\t<div class=\"elementor-widget-container\">\n\t\t\t\t\t<h2 class=\"elementor-heading-title elementor-size-medium\">Sottocommissione  \u00abClima ed energia\u00bb<\/h2>\t\t\t\t<\/div>\n\t\t\t\t<\/div>\n\t\t\t\t<div class=\"elementor-element elementor-element-f91b376 elementor-widget elementor-widget-spps_person_grid\" data-id=\"f91b376\" data-element_type=\"widget\" data-widget_type=\"spps_person_grid.default\">\n\t\t\t\t<div class=\"elementor-widget-container\">\n\t\t\t\t\t<div class=\"button-list-wrapper \"><div class=\"button-list-container\"><div class=\"persons persons-grid-2\"><div class=\"persons-items\"><div class=\"persons-item\"><div class=\"person-container\"><div class=\"person-portrait\"><a href=\"https:\/\/www.sp-ps.ch\/it\/person\/leo-keller\/\"><img decoding=\"async\" src=\"https:\/\/www.sp-ps.ch\/wp-content\/uploads\/2023\/06\/leo-keller-600x600.jpg?v=1687269436\" alt=\"Leo Keller\" loading=\"lazy\"><\/a><\/div><div class=\"person-content\"><a href=\"https:\/\/www.sp-ps.ch\/it\/person\/leo-keller\/\" class=\"person-name\"><p><strong>Leo Keller<\/strong><\/p><\/a><ul class=\"person-kontakt list-pills list-pills-grey\"><li><a href=\"mailto:info@energiespaargau.ch  \">E-Mail<\/a><\/li><\/ul><\/div><\/div><\/div><div class=\"persons-item\"><div class=\"person-container\"><div class=\"person-portrait\"><a href=\"https:\/\/www.sp-ps.ch\/it\/person\/martin-reichlin\/\"><img decoding=\"async\" src=\"https:\/\/www.sp-ps.ch\/wp-content\/uploads\/2023\/06\/martin-reichlin-600x600.jpg?v=1687269534\" alt=\"Martin Reichlin\" loading=\"lazy\"><\/a><\/div><div class=\"person-content\"><a href=\"https:\/\/www.sp-ps.ch\/it\/person\/martin-reichlin\/\" class=\"person-name\"><p><strong>Martin Reichlin<\/strong><\/p><\/a><ul class=\"person-kontakt list-pills list-pills-grey\"><li><a href=\"tel:+41418200429\">+41 41 820 04 29<\/a><\/li><li><a href=\"mailto:reichlin.m@bluewin.ch\">E-Mail<\/a><\/li><\/ul><\/div><\/div><\/div><\/div><\/div><\/div><\/div>\t\t\t\t<\/div>\n\t\t\t\t<\/div>\n\t\t\t\t<div class=\"elementor-element elementor-element-dc3353f elementor-widget elementor-widget-text-editor\" data-id=\"dc3353f\" data-element_type=\"widget\" data-widget_type=\"text-editor.default\">\n\t\t\t\t<div class=\"elementor-widget-container\">\n\t\t\t\t\t\t\t\t\t<p>La sottocommissione \u00e8 specializzata nelle questioni energetiche legate al clima e si considera un gruppo di esperti del PS per unire le loro ampie competenze. Sviluppa contributi sulle attuali questioni di politica climatica ed energetica e li mette a disposizione della commissione tematica, del gruppo parlamentare e di altri organi di partito nazionali, cantonali e comunali. Alcuni dei punti focali finora raggiunti: Strategia climatica, piano climatico in 10 punti, collegamento con le commissioni corrispondenti dei partiti e delle sezioni cantonali, elaborazione di proposte e contributi per le consultazioni.<\/p><p>La sottocommissione si riunisce circa 8 volte all&#8217;anno (virtualmente o fisicamente).<\/p><p>Esperti ed esperte interessati sono benvenuti!<\/p>\t\t\t\t\t\t\t\t<\/div>\n\t\t\t\t<\/div>\n\t\t\t\t<div class=\"elementor-element elementor-element-33b2efa elementor-widget elementor-widget-spacer\" data-id=\"33b2efa\" data-element_type=\"widget\" data-widget_type=\"spacer.default\">\n\t\t\t\t<div class=\"elementor-widget-container\">\n\t\t\t\t\t\t\t<div class=\"elementor-spacer\">\n\t\t\t<div class=\"elementor-spacer-inner\"><\/div>\n\t\t<\/div>\n\t\t\t\t\t\t<\/div>\n\t\t\t\t<\/div>\n\t\t\t\t<div class=\"elementor-element elementor-element-a392a85 elementor-widget elementor-widget-heading\" data-id=\"a392a85\" data-element_type=\"widget\" data-widget_type=\"heading.default\">\n\t\t\t\t<div class=\"elementor-widget-container\">\n\t\t\t\t\t<h2 class=\"elementor-heading-title elementor-size-medium\">Sottocommissione  \u00abBiodiversit\u00e0\u00bb<\/h2>\t\t\t\t<\/div>\n\t\t\t\t<\/div>\n\t\t\t\t<div class=\"elementor-element elementor-element-79dab66 elementor-widget elementor-widget-spps_person_grid\" data-id=\"79dab66\" data-element_type=\"widget\" data-widget_type=\"spps_person_grid.default\">\n\t\t\t\t<div class=\"elementor-widget-container\">\n\t\t\t\t\t<div class=\"button-list-wrapper \"><div class=\"button-list-container\"><div class=\"persons persons-grid-2\"><div class=\"persons-items\"><div class=\"persons-item\"><div class=\"person-container\"><div class=\"person-portrait\"><a href=\"https:\/\/www.sp-ps.ch\/it\/person\/christoph-kueffer\/\"><img decoding=\"async\" src=\"https:\/\/www.sp-ps.ch\/wp-content\/uploads\/2024\/06\/Christoph-Kueffer-600x600.png?v=1718889530\" alt=\"Christoph K\u00fcffer\" loading=\"lazy\"><\/a><\/div><div class=\"person-content\"><a href=\"https:\/\/www.sp-ps.ch\/it\/person\/christoph-kueffer\/\" class=\"person-name\"><p><strong>Christoph K\u00fcffer<\/strong><\/p><\/a><\/div><\/div><\/div><\/div><\/div><\/div><\/div>\t\t\t\t<\/div>\n\t\t\t\t<\/div>\n\t\t\t\t<div class=\"elementor-element elementor-element-df39b70 elementor-widget elementor-widget-text-editor\" data-id=\"df39b70\" data-element_type=\"widget\" data-widget_type=\"text-editor.default\">\n\t\t\t\t<div class=\"elementor-widget-container\">\n\t\t\t\t\t\t\t\t\t<p>La crisi della biodiversit\u00e0 \u00e8 diventata una delle maggiori sfide per la societ\u00e0 e una delle pi\u00f9 importanti questioni di politica ambientale. Allo stesso tempo, la protezione della natura sta cambiando, le preoccupazioni ad essa legate spesso non sono ai primi posti dell&#8217;agenda politica e c&#8217;\u00e8 una mancanza di competenze nella politica quotidiana. La Sottocommissione Biodiversit\u00e0 contribuisce al dibattito tematico su una politica della biodiversit\u00e0 innovativa, lungimirante ed esplicitamente di sinistra e sociale. Concretamente:<\/p><ul><li>Le prospettive della biodiversit\u00e0 e della natura vengono evidenziate nei temi all&#8217;ordine del giorno della commissione tematica Ambiente, energia e pianificazione del territorio.<\/li><li>Vengono fornite competenze su alcuni temi attuali della politica sulla biodiversit\u00e0.<\/li><li>L&#8217;identificazione precoce delle questioni politiche rilevanti in materia di biodiversit\u00e0 consente la definizione dell&#8217;agenda da parte del PS.<\/li><li>Viene promossa la discussione di fondo su una specifica visione della biodiversit\u00e0 da parte del PS, in particolare con il coinvolgimento delle sezioni locali.<\/li><\/ul>\t\t\t\t\t\t\t\t<\/div>\n\t\t\t\t<\/div>\n\t\t\t\t<div class=\"elementor-element elementor-element-1122b52 elementor-widget elementor-widget-spacer\" data-id=\"1122b52\" data-element_type=\"widget\" data-widget_type=\"spacer.default\">\n\t\t\t\t<div class=\"elementor-widget-container\">\n\t\t\t\t\t\t\t<div class=\"elementor-spacer\">\n\t\t\t<div class=\"elementor-spacer-inner\"><\/div>\n\t\t<\/div>\n\t\t\t\t\t\t<\/div>\n\t\t\t\t<\/div>\n\t\t\t\t<div class=\"elementor-element elementor-element-e66b2f6 elementor-widget elementor-widget-spps_call_to_action\" data-id=\"e66b2f6\" data-element_type=\"widget\" data-widget_type=\"spps_call_to_action.default\">\n\t\t\t\t<div class=\"elementor-widget-container\">\n\t\t\t\t\t<div class=\"call-to-action-wrapper  \" style=\"background:#E4002B\" ><div class=\"call-to-action-title\"><h2>Interessata\/-o?<\/h2><\/div><div class=\"call-to-action-container\"><div class=\"call-to-action-text\"><p>Qui puoi iscriverti alla Commissione tematica \u00abAmbiente, energia e pianificazione del territorio\u00bb.<\/p>\n<p>La tua presenza ci fa piacere!<\/p>\n<\/div><div class=\"call-to-action-buttons call-to-action-buttons-left\"><div class=\"button-wrapper \"><a href=\"https:\/\/www.sp-ps.ch\/it\/partito\/commissioni-tematiche\/diventare-membro-di-una-commissione-tematica\/\"  target=\"_self\" class=\"button-link button-link-default\"  style='color:#E4002B' onMouseOver=\"this.style.color='white';this.style.background='#E4002B'\" onMouseOut=\"this.style.color='#E4002B';this.style.background='#EBEBEB'\">Formulario d'iscrizione<\/a><\/div><\/div><\/div><\/div>\t\t\t\t<\/div>\n\t\t\t\t<\/div>\n\t\t\t\t\t<\/div>\n\t\t<\/div>\n\t\t\t\t\t<\/div>\n\t\t<\/section>\n\t\t\t\t<\/div>\n\t\t","protected":false},"excerpt":{"rendered":"<p>Commissione tematica \u00abAmbiente, energia e pianificazione del territorio\u00bb Mathilde Crevoisier Conseill\u00e8re aux \u00c9tats JU E-Mail Peter F\u00e4ssler Deput\u00e9 en Gran Conseil LU Breve descrizione dei lavori commissionali: L&#8217;ambiente, l&#8217;energia e [&hellip;]<\/p>\n","protected":false},"author":23,"featured_media":0,"parent":30652,"menu_order":8,"comment_status":"closed","ping_status":"closed","template":"","meta":{"footnotes":""},"class_list":["post-102445","page","type-page","status-publish","hentry"],"_links":{"self":[{"href":"https:\/\/www.sp-ps.ch\/it\/wp-json\/wp\/v2\/pages\/102445","targetHints":{"allow":["GET"]}}],"collection":[{"href":"https:\/\/www.sp-ps.ch\/it\/wp-json\/wp\/v2\/pages"}],"about":[{"href":"https:\/\/www.sp-ps.ch\/it\/wp-json\/wp\/v2\/types\/page"}],"author":[{"embeddable":true,"href":"https:\/\/www.sp-ps.ch\/it\/wp-json\/wp\/v2\/users\/23"}],"replies":[{"embeddable":true,"href":"https:\/\/www.sp-ps.ch\/it\/wp-json\/wp\/v2\/comments?post=102445"}],"version-history":[{"count":32,"href":"https:\/\/www.sp-ps.ch\/it\/wp-json\/wp\/v2\/pages\/102445\/revisions"}],"predecessor-version":[{"id":181322,"href":"https:\/\/www.sp-ps.ch\/it\/wp-json\/wp\/v2\/pages\/102445\/revisions\/181322"}],"up":[{"embeddable":true,"href":"https:\/\/www.sp-ps.ch\/it\/wp-json\/wp\/v2\/pages\/30652"}],"wp:attachment":[{"href":"https:\/\/www.sp-ps.ch\/it\/wp-json\/wp\/v2\/media?parent=102445"}],"curies":[{"name":"wp","href":"https:\/\/api.w.org\/{rel}","templated":true}]}}