{"id":102520,"date":"2023-06-27T17:03:47","date_gmt":"2023-06-27T15:03:47","guid":{"rendered":"https:\/\/www.sp-ps.ch\/?page_id=102520"},"modified":"2026-03-31T11:45:18","modified_gmt":"2026-03-31T09:45:18","slug":"traffico-e-communicazione","status":"publish","type":"page","link":"https:\/\/www.sp-ps.ch\/it\/partito\/commissioni-tematiche\/traffico-e-communicazione\/","title":{"rendered":"Commissione tematica \u00abTraffico e communicazione\u00bb"},"content":{"rendered":"\t\t<div data-elementor-type=\"wp-page\" data-elementor-id=\"102520\" class=\"elementor elementor-102520 elementor-102518\" data-elementor-post-type=\"page\">\n\t\t\t\t\t\t<section class=\"elementor-section elementor-top-section elementor-element elementor-element-098736a elementor-section-boxed elementor-section-height-default elementor-section-height-default\" data-id=\"098736a\" data-element_type=\"section\" data-settings=\"{&quot;jet_parallax_layout_list&quot;:[],&quot;background_background&quot;:&quot;classic&quot;}\">\n\t\t\t\t\t\t<div class=\"elementor-container elementor-column-gap-wide\">\n\t\t\t\t\t<div class=\"elementor-column elementor-col-100 elementor-top-column elementor-element elementor-element-a1433e3\" data-id=\"a1433e3\" data-element_type=\"column\">\n\t\t\t<div class=\"elementor-widget-wrap elementor-element-populated\">\n\t\t\t\t\t\t<div class=\"elementor-element elementor-element-4697d41 elementor-widget elementor-widget-heading\" data-id=\"4697d41\" data-element_type=\"widget\" data-widget_type=\"heading.default\">\n\t\t\t\t<div class=\"elementor-widget-container\">\n\t\t\t\t\t<h1 class=\"elementor-heading-title elementor-size-default\">Commissione tematica \u00abTraffico e communicazione\u00bb<\/h1>\t\t\t\t<\/div>\n\t\t\t\t<\/div>\n\t\t\t\t<div class=\"elementor-element elementor-element-002d1c7 elementor-widget elementor-widget-jet-breadcrumbs\" data-id=\"002d1c7\" data-element_type=\"widget\" data-widget_type=\"jet-breadcrumbs.default\">\n\t\t\t\t<div class=\"elementor-widget-container\">\n\t\t\t\t\t<div class=\"elementor-jet-breadcrumbs jet-blocks\">\n\t\t<div class=\"jet-breadcrumbs\">\n\t\t<div class=\"jet-breadcrumbs__content\">\n\t\t<div class=\"jet-breadcrumbs__wrap\">\n\t\t<\/div>\n\t\t<\/div>\n\t\t<\/div><\/div>\t\t\t\t<\/div>\n\t\t\t\t<\/div>\n\t\t\t\t\t<\/div>\n\t\t<\/div>\n\t\t\t\t\t<\/div>\n\t\t<\/section>\n\t\t\t\t<section class=\"elementor-section elementor-top-section elementor-element elementor-element-b5aa520 elementor-section-full_width elementor-section-height-min-height elementor-section-height-default elementor-section-items-middle\" data-id=\"b5aa520\" data-element_type=\"section\" data-settings=\"{&quot;jet_parallax_layout_list&quot;:[]}\">\n\t\t\t\t\t\t<div class=\"elementor-container elementor-column-gap-no\">\n\t\t\t\t\t<div class=\"elementor-column elementor-col-100 elementor-top-column elementor-element elementor-element-dc2bf3c\" data-id=\"dc2bf3c\" data-element_type=\"column\">\n\t\t\t<div class=\"elementor-widget-wrap\">\n\t\t\t\t\t\t\t<\/div>\n\t\t<\/div>\n\t\t\t\t\t<\/div>\n\t\t<\/section>\n\t\t\t\t<section class=\"elementor-section elementor-top-section elementor-element elementor-element-29711fc elementor-section-boxed elementor-section-height-default elementor-section-height-default\" data-id=\"29711fc\" data-element_type=\"section\" data-settings=\"{&quot;jet_parallax_layout_list&quot;:[]}\">\n\t\t\t\t\t\t<div class=\"elementor-container elementor-column-gap-wide\">\n\t\t\t\t\t<div class=\"elementor-column elementor-col-100 elementor-top-column elementor-element elementor-element-3189270\" data-id=\"3189270\" data-element_type=\"column\">\n\t\t\t<div class=\"elementor-widget-wrap elementor-element-populated\">\n\t\t\t\t\t\t<div class=\"elementor-element elementor-element-2b8443a elementor-widget elementor-widget-spps_person_grid\" data-id=\"2b8443a\" data-element_type=\"widget\" id=\"Themenkommission-Verkehr-und-Kommunikation\" data-widget_type=\"spps_person_grid.default\">\n\t\t\t\t<div class=\"elementor-widget-container\">\n\t\t\t\t\t<div class=\"button-list-wrapper \"><div class=\"button-list-container\"><div class=\"persons persons-grid-2\"><div class=\"persons-items\"><div class=\"persons-item\"><div class=\"person-container\"><div class=\"person-portrait\"><a href=\"https:\/\/www.sp-ps.ch\/it\/person\/matthieu-jotterand\/\"><img decoding=\"async\" src=\"https:\/\/www.sp-ps.ch\/wp-content\/uploads\/2023\/06\/matthieu_jotterand-600x600.jpg?v=1709397611\" alt=\"Matthieu Jotterand\" loading=\"lazy\"><\/a><\/div><div class=\"person-content\"><a href=\"https:\/\/www.sp-ps.ch\/it\/person\/matthieu-jotterand\/\" class=\"person-name\"><p><strong>Matthieu Jotterand<\/strong><\/p><\/a><p class=\"person-position\">Deputato in Gran Consiglio (GE)<\/p><\/div><\/div><\/div><div class=\"persons-item\"><div class=\"person-container\"><div class=\"person-portrait\"><a href=\"https:\/\/www.sp-ps.ch\/it\/person\/bruno-storni\/\"><img decoding=\"async\" src=\"https:\/\/www.sp-ps.ch\/wp-content\/uploads\/2015\/07\/TI_NR_2023_SP_Storni-Bruno-0000-ext-600x600.jpg?v=1699527536\" alt=\"Bruno Storni\" loading=\"lazy\"><\/a><\/div><div class=\"person-content\"><a href=\"https:\/\/www.sp-ps.ch\/it\/person\/bruno-storni\/\" class=\"person-name\"><p><strong>Bruno Storni<\/strong><\/p><\/a><p class=\"person-position\">Consigliere nazionale TI<\/p><ul class=\"person-kontakt list-pills list-pills-grey\"><li><a href=\"mailto:bruno.storni@parl.ch\">E-Mail<\/a><\/li><\/ul><\/div><\/div><\/div><\/div><\/div><\/div><\/div>\t\t\t\t<\/div>\n\t\t\t\t<\/div>\n\t\t\t\t<div class=\"elementor-element elementor-element-6c4aa58 elementor-widget elementor-widget-heading\" data-id=\"6c4aa58\" data-element_type=\"widget\" data-widget_type=\"heading.default\">\n\t\t\t\t<div class=\"elementor-widget-container\">\n\t\t\t\t\t<h2 class=\"elementor-heading-title elementor-size-medium\">Breve descrizione del lavoro della commissione<\/h2>\t\t\t\t<\/div>\n\t\t\t\t<\/div>\n\t\t\t\t<div class=\"elementor-element elementor-element-9e455f7 elementor-widget elementor-widget-spps_title_text\" data-id=\"9e455f7\" data-element_type=\"widget\" data-widget_type=\"spps_title_text.default\">\n\t\t\t\t<div class=\"elementor-widget-container\">\n\t\t\t\t\t<div class=\"title-text-wrapper \"><div class=\"title-text-container\"><div class=\"title-text-text\"><div class=\"body\"><p><strong>Traffico ferroviario:<\/strong> Finanziamento a medio e lungo termine delle infrastrutture dei trasporti (soprattutto manutenzione), comparto ferroviario,\u00a0STEP 2030\/35, prosecuzione della politica di trasferimento (asse nord-sud e trasporto merci via terra), rapporto tra trasporto merci e passeggeri, ferrovie integrate.<\/p><p><strong>Traffico stradale:<\/strong> Applicazione del principio di causalit\u00e0, internalizzazione dei costi esterni, mobility pricing, condizioni di lavoro nel settore del trasporto stradale di merci, promozione dei veicoli a basse emissioni, traffico d\u2019agglomerato, miglioramento della ripartizione modale.<\/p><p><strong>Mobilit\u00e0 lenta:<\/strong> Promozione della mobilit\u00e0 pedonale e del traffico ciclistico.<\/p><p><strong>Traffico aereo:<\/strong> Principio di causalit\u00e0 nel traffico aereo, distribuzione e riduzione del rumore, attuazione del Piano settoriale dell\u2019infrastruttura aeronautica (PSIA), traffico aereo e ambiente o protezione del clima.<\/p><p><strong>Servizio pubblico:<\/strong> Accompagnare e strutturare la politica del servizio pubblico, in particolare nei settori La Posta, Swisscom, FFS. Parole chiave: posti di lavoro e di formazione, condizioni di lavoro, nessuna privatizzazione e ulteriore liberalizzazione, prestazioni e offerte del servizio pubblico capillari, qualitativamente elevate e accessibili per tutti e in tutte le regioni.<\/p><p><strong>Politica dei media:<\/strong> Carattere trasversale della politica dei media (carta stampata, TV, radio, online), promozione diretta dei media e del giornalismo, offerte mediatiche di alta qualit\u00e0 per tutte le persone di qualsiasi regione, rafforzamento del quarto potere indipendente, rafforzamento della competenza mediatica dell\u2019intera popolazione.<\/p><p>La Commissione si riunisce quattro volte l'anno.\u00a0<\/p><\/div><\/div><\/div><\/div>\t\t\t\t<\/div>\n\t\t\t\t<\/div>\n\t\t\t\t<div class=\"elementor-element elementor-element-de6bc91 elementor-widget elementor-widget-spacer\" data-id=\"de6bc91\" data-element_type=\"widget\" data-widget_type=\"spacer.default\">\n\t\t\t\t<div class=\"elementor-widget-container\">\n\t\t\t\t\t\t\t<div class=\"elementor-spacer\">\n\t\t\t<div class=\"elementor-spacer-inner\"><\/div>\n\t\t<\/div>\n\t\t\t\t\t\t<\/div>\n\t\t\t\t<\/div>\n\t\t\t\t\t<\/div>\n\t\t<\/div>\n\t\t\t\t\t<\/div>\n\t\t<\/section>\n\t\t\t\t<section class=\"elementor-section elementor-top-section elementor-element elementor-element-e3efa4f elementor-section-boxed elementor-section-height-default elementor-section-height-default\" data-id=\"e3efa4f\" data-element_type=\"section\" data-settings=\"{&quot;jet_parallax_layout_list&quot;:[]}\">\n\t\t\t\t\t\t<div class=\"elementor-container elementor-column-gap-default\">\n\t\t\t\t\t<div class=\"elementor-column elementor-col-100 elementor-top-column elementor-element elementor-element-8b6d503\" data-id=\"8b6d503\" data-element_type=\"column\">\n\t\t\t<div class=\"elementor-widget-wrap elementor-element-populated\">\n\t\t\t\t\t\t<div class=\"elementor-element elementor-element-f6fb6af elementor-widget elementor-widget-spps_call_to_action\" data-id=\"f6fb6af\" data-element_type=\"widget\" data-widget_type=\"spps_call_to_action.default\">\n\t\t\t\t<div class=\"elementor-widget-container\">\n\t\t\t\t\t<div class=\"call-to-action-wrapper  \" style=\"background:#E4002B\" ><div class=\"call-to-action-title\"><h2>Interessata\/-o?<\/h2><\/div><div class=\"call-to-action-container\"><div class=\"call-to-action-text\"><p>Qui puoi iscriverti alla Commissione tematica \u00abTraffico e communicazione\u00bb\u200b.<\/p>\n<p>Ti aspettiamo con piacere!<\/p>\n<\/div><div class=\"call-to-action-buttons call-to-action-buttons-left\"><div class=\"button-wrapper \"><a href=\"https:\/\/www.sp-ps.ch\/it\/partito\/commissioni-tematiche\/diventare-membro-di-una-commissione-tematica\/\"  target=\"_self\" class=\"button-link button-link-default\"  style='color:#E4002B' onMouseOver=\"this.style.color='white';this.style.background='#E4002B'\" onMouseOut=\"this.style.color='#E4002B';this.style.background='#EBEBEB'\">Formulario d'iscrizione<\/a><\/div><\/div><\/div><\/div>\t\t\t\t<\/div>\n\t\t\t\t<\/div>\n\t\t\t\t\t<\/div>\n\t\t<\/div>\n\t\t\t\t\t<\/div>\n\t\t<\/section>\n\t\t\t\t<\/div>\n\t\t","protected":false},"excerpt":{"rendered":"<p>Commissione tematica \u00abTraffico e communicazione\u00bb Matthieu Jotterand D\u00e9put\u00e9 au Grand Conseil de Gen\u00e8ve Bruno Storni Conseiller national TI E-Mail Breve descrizione del lavoro della commissione Traffico ferroviario: Finanziamento a medio [&hellip;]<\/p>\n","protected":false},"author":23,"featured_media":0,"parent":30652,"menu_order":16,"comment_status":"closed","ping_status":"closed","template":"","meta":{"footnotes":""},"class_list":["post-102520","page","type-page","status-publish","hentry"],"_links":{"self":[{"href":"https:\/\/www.sp-ps.ch\/it\/wp-json\/wp\/v2\/pages\/102520","targetHints":{"allow":["GET"]}}],"collection":[{"href":"https:\/\/www.sp-ps.ch\/it\/wp-json\/wp\/v2\/pages"}],"about":[{"href":"https:\/\/www.sp-ps.ch\/it\/wp-json\/wp\/v2\/types\/page"}],"author":[{"embeddable":true,"href":"https:\/\/www.sp-ps.ch\/it\/wp-json\/wp\/v2\/users\/23"}],"replies":[{"embeddable":true,"href":"https:\/\/www.sp-ps.ch\/it\/wp-json\/wp\/v2\/comments?post=102520"}],"version-history":[{"count":16,"href":"https:\/\/www.sp-ps.ch\/it\/wp-json\/wp\/v2\/pages\/102520\/revisions"}],"predecessor-version":[{"id":181310,"href":"https:\/\/www.sp-ps.ch\/it\/wp-json\/wp\/v2\/pages\/102520\/revisions\/181310"}],"up":[{"embeddable":true,"href":"https:\/\/www.sp-ps.ch\/it\/wp-json\/wp\/v2\/pages\/30652"}],"wp:attachment":[{"href":"https:\/\/www.sp-ps.ch\/it\/wp-json\/wp\/v2\/media?parent=102520"}],"curies":[{"name":"wp","href":"https:\/\/api.w.org\/{rel}","templated":true}]}}