{"id":110652,"date":"2023-08-30T13:25:41","date_gmt":"2023-08-30T11:25:41","guid":{"rendered":"https:\/\/www.sp-ps.ch\/?page_id=110652"},"modified":"2023-08-30T13:28:05","modified_gmt":"2023-08-30T11:28:05","slug":"parita","status":"publish","type":"page","link":"https:\/\/www.sp-ps.ch\/it\/parita\/","title":{"rendered":"Parit\u00e0!"},"content":{"rendered":"\t\t<div data-elementor-type=\"wp-page\" data-elementor-id=\"110652\" class=\"elementor elementor-110652\" data-elementor-post-type=\"page\">\n\t\t\t\t\t\t<section class=\"elementor-section elementor-top-section elementor-element elementor-element-28714db elementor-section-boxed elementor-section-height-default elementor-section-height-default\" data-id=\"28714db\" data-element_type=\"section\" data-settings=\"{&quot;jet_parallax_layout_list&quot;:[],&quot;background_background&quot;:&quot;classic&quot;}\">\n\t\t\t\t\t\t<div class=\"elementor-container elementor-column-gap-wide\">\n\t\t\t\t\t<div class=\"elementor-column elementor-col-100 elementor-top-column elementor-element elementor-element-0d4b10d\" data-id=\"0d4b10d\" data-element_type=\"column\">\n\t\t\t<div class=\"elementor-widget-wrap elementor-element-populated\">\n\t\t\t\t\t\t<div class=\"elementor-element elementor-element-df3bd5f elementor-widget elementor-widget-heading\" data-id=\"df3bd5f\" data-element_type=\"widget\" data-widget_type=\"heading.default\">\n\t\t\t\t<div class=\"elementor-widget-container\">\n\t\t\t\t\t<h1 class=\"elementor-heading-title elementor-size-default\">Parit\u00e0!<\/h1>\t\t\t\t<\/div>\n\t\t\t\t<\/div>\n\t\t\t\t<div class=\"elementor-element elementor-element-6bf6af7 elementor-widget elementor-widget-jet-breadcrumbs\" data-id=\"6bf6af7\" data-element_type=\"widget\" data-widget_type=\"jet-breadcrumbs.default\">\n\t\t\t\t<div class=\"elementor-widget-container\">\n\t\t\t\t\t<div class=\"elementor-jet-breadcrumbs jet-blocks\">\n\t\t<div class=\"jet-breadcrumbs\">\n\t\t<div class=\"jet-breadcrumbs__content\">\n\t\t<div class=\"jet-breadcrumbs__wrap\">\n\t\t<\/div>\n\t\t<\/div>\n\t\t<\/div><\/div>\t\t\t\t<\/div>\n\t\t\t\t<\/div>\n\t\t\t\t<div class=\"elementor-element elementor-element-ffdc929 elementor-widget__width-initial elementor-widget elementor-widget-text-editor\" data-id=\"ffdc929\" data-element_type=\"widget\" data-widget_type=\"text-editor.default\">\n\t\t\t\t<div class=\"elementor-widget-container\">\n\t\t\t\t\t\t\t\t\t<p>Noi stiamo dalla parte di chi chiede parit\u00e0 di diritti nella nostra societ\u00e0.\u00a0<\/p>\n\t\t\t\t\t\t\t\t<\/div>\n\t\t\t\t<\/div>\n\t\t\t\t\t<\/div>\n\t\t<\/div>\n\t\t\t\t\t<\/div>\n\t\t<\/section>\n\t\t\t\t<section class=\"elementor-section elementor-top-section elementor-element elementor-element-0b76ae2 elementor-section-boxed elementor-section-height-default elementor-section-height-default\" data-id=\"0b76ae2\" data-element_type=\"section\" data-settings=\"{&quot;jet_parallax_layout_list&quot;:[]}\">\n\t\t\t\t\t\t<div class=\"elementor-container elementor-column-gap-wide\">\n\t\t\t\t\t<div class=\"elementor-column elementor-col-100 elementor-top-column elementor-element elementor-element-e7893a7\" data-id=\"e7893a7\" data-element_type=\"column\">\n\t\t\t<div class=\"elementor-widget-wrap elementor-element-populated\">\n\t\t\t\t\t\t<div class=\"elementor-element elementor-element-805de38 elementor-widget elementor-widget-image\" data-id=\"805de38\" data-element_type=\"widget\" data-widget_type=\"image.default\">\n\t\t\t\t<div class=\"elementor-widget-container\">\n\t\t\t\t\t\t\t\t\t\t\t\t\t\t\t<img fetchpriority=\"high\" decoding=\"async\" width=\"2000\" height=\"956\" src=\"https:\/\/www.sp-ps.ch\/wp-content\/uploads\/2023\/08\/Gleichstellung_1920x1080px_IT-2000x956.png\" class=\"attachment-spps-sujet-f12 size-spps-sujet-f12 wp-image-110465\" alt=\"\" srcset=\"https:\/\/www.sp-ps.ch\/wp-content\/uploads\/2023\/08\/Gleichstellung_1920x1080px_IT-2000x956.png 2000w, https:\/\/www.sp-ps.ch\/wp-content\/uploads\/2023\/08\/Gleichstellung_1920x1080px_IT-1000x478.png 1000w\" sizes=\"(max-width: 2000px) 100vw, 2000px\" \/>\t\t\t\t\t\t\t\t\t\t\t\t\t\t\t<\/div>\n\t\t\t\t<\/div>\n\t\t\t\t<div class=\"elementor-element elementor-element-3abc7fc elementor-widget elementor-widget-spps_title_text\" data-id=\"3abc7fc\" data-element_type=\"widget\" data-widget_type=\"spps_title_text.default\">\n\t\t\t\t<div class=\"elementor-widget-container\">\n\t\t\t\t\t<div class=\"title-text-wrapper \"><div class=\"title-text-title\"><h2>Per che cosa ci impegniamo<\/h2><\/div><div class=\"title-text-container\"><div class=\"title-text-text\"><p>Grazie al movimento femminista la societ\u00e0 ha fatto progressi. Si percepisce una diffusa volont\u00e0 di cambiamento e questa \u00e8 una buona premessa. Ma siamo ancora ben lontani dalla situazione che vorremmo raggiungere. Finanziariamente, le donne sono ancora nettamente penalizzate rispetto agli uomini. I giovani genitori si arrabattano tra lavoro e famiglia. Le donne e le persone queer sono ancora confrontate con il sessismo e la violenza. La parit\u00e0 non \u00e8 una questione privata: riguarda tutta la societ\u00e0. E ci riguarda specialmente in tempi in cui regimi conservatori e retrogradi minacciano gravemente i diritti delle donne nel mondo intero.<\/p>\n<\/div><\/div><\/div>\t\t\t\t<\/div>\n\t\t\t\t<\/div>\n\t\t\t\t<div class=\"elementor-element elementor-element-4c7127e elementor-widget elementor-widget-spps_call_to_action\" data-id=\"4c7127e\" data-element_type=\"widget\" data-widget_type=\"spps_call_to_action.default\">\n\t\t\t\t<div class=\"elementor-widget-container\">\n\t\t\t\t\t<div class=\"call-to-action-wrapper  \" style=\"background:#E4002B\" ><div class=\"call-to-action-title\"><h2>Iniziativa popolare del PS sugli asili nido<\/h2><\/div><div class=\"call-to-action-container\"><div class=\"call-to-action-text\"><p>Le giovani famiglie hanno spesso difficolt\u00e0 a trovare un posto di qualit\u00e0 a prezzo abbordabile in un asilo nido. Queste difficolt\u00e0 inducono in particolare le donne ad abbandonare completamente o in parte l\u2019attivit\u00e0 lavorativa per occuparsi dei bambini. L\u2019iniziativa sugli asili nido rimedia a questa situazione. Garantisce un numero sufficiente di posti a prezzo accessibile negli asili nido favorendo in tal modo la conciliabilit\u00e0 tra famiglia e lavoro. Al tempo stesso, l\u2019iniziativa sugli asili nido assicura buone condizioni di lavoro e salari equi. Vogliamo che il lavoro negli asili nido, soprattutto quello delle donne, sia finalmente preso sul serio e pagato correttamente, poich\u00e9 senza custodia extrafamiliare dei bambini l\u2019economia subirebbe un tracollo.<\/p>\n<\/div><div class=\"call-to-action-buttons call-to-action-buttons-left\"><div class=\"button-wrapper \"><a href=\"https:\/\/iniziativa-asilo-nido.ch\/\"  target=\"_self\" class=\"button-link button-link-default\"  style='color:#E4002B' onMouseOver=\"this.style.color='white';this.style.background='#E4002B'\" onMouseOut=\"this.style.color='#E4002B';this.style.background='#EBEBEB'\">Sapere di piu<\/a><\/div><\/div><\/div><\/div>\t\t\t\t<\/div>\n\t\t\t\t<\/div>\n\t\t\t\t<div class=\"elementor-element elementor-element-42eee52 elementor-widget elementor-widget-spps_title_text\" data-id=\"42eee52\" data-element_type=\"widget\" data-widget_type=\"spps_title_text.default\">\n\t\t\t\t<div class=\"elementor-widget-container\">\n\t\t\t\t\t<div class=\"title-text-wrapper wrapper-spacing-default\"><div class=\"title-text-title\"><h2>Salari e rendite adeguati - per tutti e tutte<\/h2><\/div><div class=\"title-text-container\"><div class=\"title-text-text\"><p>Vogliamo una societ\u00e0 in cui ogni persona abbia un salario o una rendita adeguati \u2013 a prescindere dal sesso. Chi lavora nel settore della custodia di bambini, del commercio al dettaglio o delle cure fornisce un contributo importante per la nostra societ\u00e0, e se non lo capivamo prima ce ne siamo sicuramente accorti con la crisi dovuta alla pandemia di COVID-19. Chi esercita una di queste professioni cosiddette femminili merita pi\u00f9 considerazione \u2013 e un salario migliore. Queste professioni sono la base della nostra convivenza.<\/p>\n<p>Un salario adeguato \u00e8 anche una buona garanzia contro la povert\u00e0 in et\u00e0 anziana, che colpisce pi\u00f9 gravemente le donne: ancora oggi, le rendite delle donne sono inferiori del 35\u00a0% rispetto a quelle degli uomini. Perci\u00f2 ci impegniamo in favore di un sistema pensionistico che integri il lavoro di cura prestato alla famiglia o a tempo parziale, invece di ignorarlo. Affinch\u00e9 il pensionamento non significhi pi\u00f9 cadere nella povert\u00e0, neanche per le donne.<\/p>\n<\/div><\/div><\/div>\t\t\t\t<\/div>\n\t\t\t\t<\/div>\n\t\t\t\t<div class=\"elementor-element elementor-element-ea7bb1e elementor-widget elementor-widget-spps_title_text\" data-id=\"ea7bb1e\" data-element_type=\"widget\" data-widget_type=\"spps_title_text.default\">\n\t\t\t\t<div class=\"elementor-widget-container\">\n\t\t\t\t\t<div class=\"title-text-wrapper \"><div class=\"title-text-title\"><h2>Pi\u00f9 tempo per i genitori<\/h2><\/div><div class=\"title-text-container\"><div class=\"title-text-text\"><p>Chi \u00e8 genitore lavora fino a 70 ore alla settimana. Un simile fardello non \u00e8 n\u00e9 sopportabile n\u00e9 ragionevole. Per cambiare la situazione abbiamo bisogno di asili nido presenti in tutto il territorio e a prezzo accessibile, di orari di lavoro pi\u00f9 brevi e di un congedo parentale.<\/p>\n<\/div><\/div><\/div>\t\t\t\t<\/div>\n\t\t\t\t<\/div>\n\t\t\t\t<div class=\"elementor-element elementor-element-f22f0ec elementor-widget elementor-widget-spps_title_text\" data-id=\"f22f0ec\" data-element_type=\"widget\" data-widget_type=\"spps_title_text.default\">\n\t\t\t\t<div class=\"elementor-widget-container\">\n\t\t\t\t\t<div class=\"title-text-wrapper \"><div class=\"title-text-title\"><h2>Affinch\u00e9 nessuno debba pi\u00f9 aver paura<\/h2><\/div><div class=\"title-text-container\"><div class=\"title-text-text\"><p>Vogliamo che il sessismo praticato quotidianamente e la violenza nei confronti delle donne e delle persone queer finiscano. Nessuno deve avere paura \u2013 n\u00e9 sulla strada di casa n\u00e9 al posto di lavoro, e nemmeno tra le proprie quattro mura. Per questo ci serve pi\u00f9 prevenzione e un migliore sostegno per le persone interessate. In Svizzera la violenza sessuale non deve avere pi\u00f9 alcuno spazio. E quindi anche il nostro diritto penale deve riconoscere la violenza sessualizzata come realt\u00e0: solo se s\u00ec.<\/p>\n<\/div><\/div><\/div>\t\t\t\t<\/div>\n\t\t\t\t<\/div>\n\t\t\t\t<div class=\"elementor-element elementor-element-da25e56 elementor-widget elementor-widget-spps_title_text\" data-id=\"da25e56\" data-element_type=\"widget\" data-widget_type=\"spps_title_text.default\">\n\t\t\t\t<div class=\"elementor-widget-container\">\n\t\t\t\t\t<div class=\"title-text-wrapper \"><div class=\"title-text-title\"><h2>Rispetto anzich\u00e9 odio<\/h2><\/div><div class=\"title-text-container\"><div class=\"title-text-text\"><p>Non da ultimo, ci impegniamo anche in favore di una societ\u00e0 che rispetti nella stessa maniera tutti i modelli di vita e tutte le identit\u00e0 sessuali. Con il \u00abmatrimonio per tutti e tutte\u00bb abbiamo certamente compiuto uno storico passo avanti, ma fintanto che le famiglie arcobaleno non saranno completamente al sicuro e l\u2019omofobia e l\u2019ostilit\u00e0 nei confronti delle persone trans saranno all\u2019ordine del giorno, ci resta ancora molto da fare.<\/p>\n<p>La mancanza di parit\u00e0 ci tocca in tutti gli ambiti della vita quotidiana: quando lavoriamo, quando usciamo, quando invecchiamo. Perci\u00f2 dobbiamo assumerci insieme le nostre responsabilit\u00e0 per avere in futuro una vera parit\u00e0.<\/p>\n<\/div><\/div><\/div>\t\t\t\t<\/div>\n\t\t\t\t<\/div>\n\t\t\t\t<div class=\"elementor-element elementor-element-35fdc1a elementor-widget elementor-widget-spps_call_to_action\" data-id=\"35fdc1a\" data-element_type=\"widget\" data-widget_type=\"spps_call_to_action.default\">\n\t\t\t\t<div class=\"elementor-widget-container\">\n\t\t\t\t\t<div class=\"call-to-action-wrapper  \" style=\"background:#E4002B\" ><div class=\"call-to-action-title\"><h2>Noi stiamo dalla parte di una Svizzera solidale.<\/h2><\/div><div class=\"call-to-action-container\"><div class=\"call-to-action-text\"><p>Breve ma chiaro: scopri i nostri temi pi\u00f9 importanti per le elezioni del Consiglio nazionale e del Consiglio degli Stati 2023.\u00a0<\/p>\n<\/div><div class=\"call-to-action-buttons call-to-action-buttons-left\"><div class=\"button-wrapper \"><a href=\"https:\/\/www.sp-ps.ch\/wp-content\/uploads\/2022\/10\/Wahlplattform_Broschure_A5_IT.pdf\"  target=\"_self\" class=\"button-link button-link-download\"  style='color:#E4002B' onMouseOver=\"this.style.color='white';this.style.background='#E4002B'\" onMouseOut=\"this.style.color='#E4002B';this.style.background='#EBEBEB'\">Piattaforma elettorale 2023<\/a><\/div><\/div><\/div><\/div>\t\t\t\t<\/div>\n\t\t\t\t<\/div>\n\t\t\t\t\t<\/div>\n\t\t<\/div>\n\t\t\t\t\t<\/div>\n\t\t<\/section>\n\t\t\t\t<\/div>\n\t\t","protected":false},"excerpt":{"rendered":"<p>Parit\u00e0! Noi stiamo dalla parte di chi chiede parit\u00e0 di diritti nella nostra societ\u00e0.\u00a0 Per che cosa ci impegniamo Grazie al movimento femminista la societ\u00e0 ha fatto progressi. Si percepisce [&hellip;]<\/p>\n","protected":false},"author":64,"featured_media":0,"parent":0,"menu_order":0,"comment_status":"closed","ping_status":"closed","template":"","meta":{"footnotes":""},"class_list":["post-110652","page","type-page","status-publish","hentry"],"_links":{"self":[{"href":"https:\/\/www.sp-ps.ch\/it\/wp-json\/wp\/v2\/pages\/110652","targetHints":{"allow":["GET"]}}],"collection":[{"href":"https:\/\/www.sp-ps.ch\/it\/wp-json\/wp\/v2\/pages"}],"about":[{"href":"https:\/\/www.sp-ps.ch\/it\/wp-json\/wp\/v2\/types\/page"}],"author":[{"embeddable":true,"href":"https:\/\/www.sp-ps.ch\/it\/wp-json\/wp\/v2\/users\/64"}],"replies":[{"embeddable":true,"href":"https:\/\/www.sp-ps.ch\/it\/wp-json\/wp\/v2\/comments?post=110652"}],"version-history":[{"count":7,"href":"https:\/\/www.sp-ps.ch\/it\/wp-json\/wp\/v2\/pages\/110652\/revisions"}],"predecessor-version":[{"id":110697,"href":"https:\/\/www.sp-ps.ch\/it\/wp-json\/wp\/v2\/pages\/110652\/revisions\/110697"}],"wp:attachment":[{"href":"https:\/\/www.sp-ps.ch\/it\/wp-json\/wp\/v2\/media?parent=110652"}],"curies":[{"name":"wp","href":"https:\/\/api.w.org\/{rel}","templated":true}]}}