{"id":111926,"date":"2023-09-04T07:51:41","date_gmt":"2023-09-04T05:51:41","guid":{"rendered":"https:\/\/www.sp-ps.ch\/potere-dacquisto\/"},"modified":"2023-09-04T07:51:52","modified_gmt":"2023-09-04T05:51:52","slug":"potere-dacquisto","status":"publish","type":"page","link":"https:\/\/www.sp-ps.ch\/it\/potere-dacquisto\/","title":{"rendered":"Potere d&#8217;acquisto"},"content":{"rendered":"\t\t<div data-elementor-type=\"wp-page\" data-elementor-id=\"111926\" class=\"elementor elementor-111926 elementor-111906\" data-elementor-post-type=\"page\">\n\t\t\t\t\t\t<section class=\"elementor-section elementor-top-section elementor-element elementor-element-5b5151c elementor-section-boxed elementor-section-height-default elementor-section-height-default\" data-id=\"5b5151c\" data-element_type=\"section\" data-settings=\"{&quot;jet_parallax_layout_list&quot;:[],&quot;background_background&quot;:&quot;classic&quot;}\">\n\t\t\t\t\t\t<div class=\"elementor-container elementor-column-gap-wide\">\n\t\t\t\t\t<div class=\"elementor-column elementor-col-100 elementor-top-column elementor-element elementor-element-b5d044c\" data-id=\"b5d044c\" data-element_type=\"column\">\n\t\t\t<div class=\"elementor-widget-wrap elementor-element-populated\">\n\t\t\t\t\t\t<div class=\"elementor-element elementor-element-3b2453a elementor-widget elementor-widget-heading\" data-id=\"3b2453a\" data-element_type=\"widget\" data-widget_type=\"heading.default\">\n\t\t\t\t<div class=\"elementor-widget-container\">\n\t\t\t\t\t<h1 class=\"elementor-heading-title elementor-size-default\">Affitti accessibili, premi di cassa malati pi\u00f9 bassi e pensioni dignitose.<\/h1>\t\t\t\t<\/div>\n\t\t\t\t<\/div>\n\t\t\t\t<div class=\"elementor-element elementor-element-c8f6968 elementor-widget elementor-widget-jet-breadcrumbs\" data-id=\"c8f6968\" data-element_type=\"widget\" data-widget_type=\"jet-breadcrumbs.default\">\n\t\t\t\t<div class=\"elementor-widget-container\">\n\t\t\t\t\t<div class=\"elementor-jet-breadcrumbs jet-blocks\">\n\t\t<div class=\"jet-breadcrumbs\">\n\t\t<div class=\"jet-breadcrumbs__content\">\n\t\t<div class=\"jet-breadcrumbs__wrap\">\n\t\t<\/div>\n\t\t<\/div>\n\t\t<\/div><\/div>\t\t\t\t<\/div>\n\t\t\t\t<\/div>\n\t\t\t\t<div class=\"elementor-element elementor-element-cdede67 elementor-widget__width-initial elementor-widget elementor-widget-text-editor\" data-id=\"cdede67\" data-element_type=\"widget\" data-widget_type=\"text-editor.default\">\n\t\t\t\t<div class=\"elementor-widget-container\">\n\t\t\t\t\t\t\t\t\t<p>Potere d\u2019acquisto: meglio la lobby della popolazione che la lobby delle multinazionali.<\/p>\t\t\t\t\t\t\t\t<\/div>\n\t\t\t\t<\/div>\n\t\t\t\t\t<\/div>\n\t\t<\/div>\n\t\t\t\t\t<\/div>\n\t\t<\/section>\n\t\t\t\t<section class=\"elementor-section elementor-top-section elementor-element elementor-element-8916c73 elementor-section-boxed elementor-section-height-default elementor-section-height-default\" data-id=\"8916c73\" data-element_type=\"section\" data-settings=\"{&quot;jet_parallax_layout_list&quot;:[]}\">\n\t\t\t\t\t\t<div class=\"elementor-container elementor-column-gap-wide\">\n\t\t\t\t\t<div class=\"elementor-column elementor-col-100 elementor-top-column elementor-element elementor-element-0285c8e\" data-id=\"0285c8e\" data-element_type=\"column\">\n\t\t\t<div class=\"elementor-widget-wrap elementor-element-populated\">\n\t\t\t\t\t\t<div class=\"elementor-element elementor-element-c7e1c60 elementor-widget elementor-widget-image\" data-id=\"c7e1c60\" data-element_type=\"widget\" data-widget_type=\"image.default\">\n\t\t\t\t<div class=\"elementor-widget-container\">\n\t\t\t\t\t\t\t\t\t\t\t\t\t\t\t<img fetchpriority=\"high\" decoding=\"async\" width=\"2000\" height=\"956\" src=\"https:\/\/www.sp-ps.ch\/wp-content\/uploads\/2022\/10\/slide_laden-2000x956.webp\" class=\"attachment-spps-sujet-f12 size-spps-sujet-f12 wp-image-83256\" alt=\"\" srcset=\"https:\/\/www.sp-ps.ch\/wp-content\/uploads\/2022\/10\/slide_laden-2000x956.webp 2000w, https:\/\/www.sp-ps.ch\/wp-content\/uploads\/2022\/10\/slide_laden-1000x478.webp 1000w\" sizes=\"(max-width: 2000px) 100vw, 2000px\" \/>\t\t\t\t\t\t\t\t\t\t\t\t\t\t\t<\/div>\n\t\t\t\t<\/div>\n\t\t\t\t<div class=\"elementor-element elementor-element-c0e6b07 elementor-widget elementor-widget-spps_title_text\" data-id=\"c0e6b07\" data-element_type=\"widget\" data-widget_type=\"spps_title_text.default\">\n\t\t\t\t<div class=\"elementor-widget-container\">\n\t\t\t\t\t<div class=\"title-text-wrapper \"><div class=\"title-text-title\"><h2>Per che cosa ci impegniamo<\/h2><\/div><div class=\"title-text-container\"><div class=\"title-text-text\"><p>La Svizzera \u00e8 un Paese ricco. Ma molti fanno sempre pi\u00f9 fatica ad arrivare a fine mese. Il costo della vita aumenta. I prezzi degli affitti e dei premi di cassa malati aumentano drasticamente. I salari e le rendite stagnano, o addirittura diminuiscono, e riescono sempre meno a coprire il costo della vita. Il potere d\u2019acquisto della popolazione diminuisce fortemente, mentre esplodono invece gli utili delle multinazionali e dei grandi azionisti. Tutto ci\u00f2 \u00e8 il frutto di una volont\u00e0 politica: le grandi imprese, le assicurazioni, le banche, le casse malati e il settore immobiliare hanno molti lobbisti in Parlamento. Chi non ha redditi milionari deve accontentarsi delle briciole.<\/p>\n<\/div><\/div><\/div>\t\t\t\t<\/div>\n\t\t\t\t<\/div>\n\t\t\t\t<div class=\"elementor-element elementor-element-28fabd8 elementor-widget elementor-widget-spps_call_to_action\" data-id=\"28fabd8\" data-element_type=\"widget\" data-widget_type=\"spps_call_to_action.default\">\n\t\t\t\t<div class=\"elementor-widget-container\">\n\t\t\t\t\t<div class=\"call-to-action-wrapper  \" style=\"background:#E4002B\" ><div class=\"call-to-action-title\"><h2>Iniziativa popolare del PS per premi meno onerosi<\/h2><\/div><div class=\"call-to-action-container\"><div class=\"call-to-action-text\"><p>Negli ultimi 20 anni i premi di cassa malati sono raddoppiati. Perci\u00f2 dobbiamo finalmente tutelare il potere d\u2019acquisto. Con l\u2019iniziativa per premi meno onerosi vogliamo che nessuna economia domestica debba spendere pi\u00f9 del 10&nbsp;% del reddito disponibile per i premi di cassa malati.<\/p>\n<\/div><div class=\"call-to-action-buttons call-to-action-buttons-left\"><div class=\"button-wrapper \"><a href=\"https:\/\/premi-accessibili.ch\/\"  target=\"_self\" class=\"button-link button-link-default\"  style='color:#E4002B' onMouseOver=\"this.style.color='white';this.style.background='#E4002B'\" onMouseOut=\"this.style.color='#E4002B';this.style.background='#EBEBEB'\">Maggiori informazioni<\/a><\/div><\/div><\/div><\/div>\t\t\t\t<\/div>\n\t\t\t\t<\/div>\n\t\t\t\t<div class=\"elementor-element elementor-element-100216c elementor-widget elementor-widget-spps_title_text\" data-id=\"100216c\" data-element_type=\"widget\" data-widget_type=\"spps_title_text.default\">\n\t\t\t\t<div class=\"elementor-widget-container\">\n\t\t\t\t\t<div class=\"title-text-wrapper wrapper-spacing-default\"><div class=\"title-text-title\"><h2>Cos\u00ec raggiungeremo il nostro obiettivo:<\/h2><\/div><div class=\"title-text-container\"><div class=\"title-text-text\"><p>Ogni persona ha il diritto di partecipare alla prosperit\u00e0 della nostra societ\u00e0. Ma la realt\u00e0 attuale \u00e8 ben diversa: pochi approfittano in misura esagerata, mentre tutte le altre persone devono stringere la cinghia sempre di pi\u00f9. Perci\u00f2 vogliamo dare sollievo alla popolazione e rafforzare il potere d\u2019acquisto.<\/p>\n<\/div><\/div><\/div>\t\t\t\t<\/div>\n\t\t\t\t<\/div>\n\t\t\t\t<div class=\"elementor-element elementor-element-836e75f elementor-widget elementor-widget-spps_title_text\" data-id=\"836e75f\" data-element_type=\"widget\" data-widget_type=\"spps_title_text.default\">\n\t\t\t\t<div class=\"elementor-widget-container\">\n\t\t\t\t\t<div class=\"title-text-wrapper \"><div class=\"title-text-title\"><h2>Salari e rendite adeguati<\/h2><\/div><div class=\"title-text-container\"><div class=\"title-text-text\"><p>Chiediamo salari che permettano a famiglie e persone sole di vivere, e che non vengano inghiottiti dal rincaro. Chi ha lavorato tutta una vita, gratuitamente per la famiglia o svolgendo un lavoro pagato, deve poter vivere degnamente con la propria pensione. Perci\u00f2 ci impegniamo con tutte le forze in favore di un\u2019AVS forte e contro il taglio delle pensioni.<\/p>\n<\/div><\/div><\/div>\t\t\t\t<\/div>\n\t\t\t\t<\/div>\n\t\t\t\t<div class=\"elementor-element elementor-element-7fefe25 elementor-widget elementor-widget-spps_title_text\" data-id=\"7fefe25\" data-element_type=\"widget\" data-widget_type=\"spps_title_text.default\">\n\t\t\t\t<div class=\"elementor-widget-container\">\n\t\t\t\t\t<div class=\"title-text-wrapper \"><div class=\"title-text-title\"><h2>Il costo della vita deve rimanere sopportabile<\/h2><\/div><div class=\"title-text-container\"><div class=\"title-text-text\"><p>Noi siamo la lobby che difende la maggioranza della popolazione. Vogliamo che a tutte le persone rimangano abbastanza soldi per vivere \u2013 anche a chi non guadagna milioni. Quindi ci impegneremo in favore di pigioni sopportabili. Oggi in Svizzera gli inquilini pagano ogni anno 14&nbsp;miliardi di franchi in pi\u00f9 rispetto a quanto previsto dalla legge. Insieme cambieremo questa situazione. Ma nostro impegno non si limita agli affitti. Attaccheremo tutti i grandi divoratori del potere d\u2019acquisto: dai premi di casse malati alle spese accessorie di locazione, senza dimenticare i prezzi dei trasporti pubblici.<\/p>\n<\/div><\/div><\/div>\t\t\t\t<\/div>\n\t\t\t\t<\/div>\n\t\t\t\t<div class=\"elementor-element elementor-element-0c5f853 elementor-widget elementor-widget-spps_title_text\" data-id=\"0c5f853\" data-element_type=\"widget\" data-widget_type=\"spps_title_text.default\">\n\t\t\t\t<div class=\"elementor-widget-container\">\n\t\t\t\t\t<div class=\"title-text-wrapper \"><div class=\"title-text-title\"><h2>Per una Svizzera solidale<\/h2><\/div><div class=\"title-text-container\"><div class=\"title-text-text\"><p>Ci opponiamo all\u2019attuale politica fiscale, che vuole solo sgravare gli utili delle imprese, i grandi azionisti e i patrimoni. Perch\u00e9 \u00e8 la popolazione a pagare la fattura di questa politica, con tagli al servizio pubblico aumenti di tasse e imposte. Noi vogliamo invece rafforzare il potere d\u2019acquisto delle persone. Soltanto cos\u00ec avremo una Svizzera pi\u00f9 giusta.&nbsp;<\/p>\n<\/div><\/div><\/div>\t\t\t\t<\/div>\n\t\t\t\t<\/div>\n\t\t\t\t<div class=\"elementor-element elementor-element-5c32221 elementor-widget elementor-widget-spps_call_to_action\" data-id=\"5c32221\" data-element_type=\"widget\" data-widget_type=\"spps_call_to_action.default\">\n\t\t\t\t<div class=\"elementor-widget-container\">\n\t\t\t\t\t<div class=\"call-to-action-wrapper  \" style=\"background:#E4002B\" ><div class=\"call-to-action-title\"><h2>Noi stiamo dalla parte di una Svizzera solidale.<\/h2><\/div><div class=\"call-to-action-container\"><div class=\"call-to-action-text\"><div role=\"listitem\">\n<div class=\"post-row__padding top\">\n<div id=\"rhsPost_4tcrmz4jq7y4dphntj56gsiaec\" class=\"a11y__section post other--root post--hovered post--thread\" aria-label=\"Am Donnerstag, 1. Juni um 15:41 schrieb Laura Riget: Piattaforma elettorale 2023\nBreve ma chiaro: scopri i nostri temi pi\u00f9 importanti per le elezioni del Consiglio nazionale e del Consiglio degli Stati 2023.\nScaricare la piattaforma elettorale\" data-testid=\"\" data-mce-tabindex=\"0\"><\/p>\n<div class=\"post__content \" role=\"application\" data-testid=\"postContent\">\n<div>\n<div class=\"post__body\">\n<div class=\"AutoHeight\">\n<div>\n<div class=\"post-message post-message--collapsed\">\n<div class=\"post-message__text-container\">\n<div id=\"rhsPostMessageText_4tcrmz4jq7y4dphntj56gsiaec\" class=\"post-message__text\" dir=\"auto\" data-mce-tabindex=\"0\">\n<p>Breve ma chiaro: scopri i nostri temi pi\u00f9 importanti per le elezioni del Consiglio nazionale e del Consiglio degli Stati 2023.&nbsp;<\/p>\n<\/div>\n<\/div>\n<\/div>\n<\/div>\n<\/div>\n<div class=\"post__body-reactions-acks\"><\/div>\n<\/div>\n<\/div>\n<\/div>\n<\/div>\n<\/div>\n<\/div>\n<\/div><div class=\"call-to-action-buttons call-to-action-buttons-left\"><div class=\"button-wrapper \"><a href=\"https:\/\/www.sp-ps.ch\/wp-content\/uploads\/2022\/10\/Wahlplattform_Broschure_A5_IT.pdf\"  target=\"_self\" class=\"button-link button-link-download\"  style='color:#E4002B' onMouseOver=\"this.style.color='white';this.style.background='#E4002B'\" onMouseOut=\"this.style.color='#E4002B';this.style.background='#EBEBEB'\">Scaricare la piattaforma elettorale<\/a><\/div><div class=\"button-wrapper \"><a href=\"https:\/\/www.sp-ps.ch\/wp-content\/uploads\/2022\/11\/230119_SPS_Analyse_Kaufkraft_A5_IT.pdf\"  target=\"_self\" class=\"button-link button-link-download\"  style='color:#E4002B' onMouseOver=\"this.style.color='white';this.style.background='#E4002B'\" onMouseOut=\"this.style.color='#E4002B';this.style.background='#EBEBEB'\">Documento di analisi: Il potere d'acquisto \u00e8 sotto pressione<\/a><\/div><\/div><\/div><\/div>\t\t\t\t<\/div>\n\t\t\t\t<\/div>\n\t\t\t\t\t<\/div>\n\t\t<\/div>\n\t\t\t\t\t<\/div>\n\t\t<\/section>\n\t\t\t\t<\/div>\n\t\t","protected":false},"excerpt":{"rendered":"<p>Affitti accessibili, premi di cassa malati pi\u00f9 bassi e pensioni dignitose. Potere d\u2019acquisto: meglio la lobby della popolazione che la lobby delle multinazionali. Per che cosa ci impegniamo La Svizzera [&hellip;]<\/p>\n","protected":false},"author":64,"featured_media":0,"parent":0,"menu_order":0,"comment_status":"closed","ping_status":"closed","template":"","meta":{"footnotes":""},"class_list":["post-111926","page","type-page","status-publish","hentry"],"_links":{"self":[{"href":"https:\/\/www.sp-ps.ch\/it\/wp-json\/wp\/v2\/pages\/111926","targetHints":{"allow":["GET"]}}],"collection":[{"href":"https:\/\/www.sp-ps.ch\/it\/wp-json\/wp\/v2\/pages"}],"about":[{"href":"https:\/\/www.sp-ps.ch\/it\/wp-json\/wp\/v2\/types\/page"}],"author":[{"embeddable":true,"href":"https:\/\/www.sp-ps.ch\/it\/wp-json\/wp\/v2\/users\/64"}],"replies":[{"embeddable":true,"href":"https:\/\/www.sp-ps.ch\/it\/wp-json\/wp\/v2\/comments?post=111926"}],"version-history":[{"count":3,"href":"https:\/\/www.sp-ps.ch\/it\/wp-json\/wp\/v2\/pages\/111926\/revisions"}],"predecessor-version":[{"id":111929,"href":"https:\/\/www.sp-ps.ch\/it\/wp-json\/wp\/v2\/pages\/111926\/revisions\/111929"}],"wp:attachment":[{"href":"https:\/\/www.sp-ps.ch\/it\/wp-json\/wp\/v2\/media?parent=111926"}],"curies":[{"name":"wp","href":"https:\/\/api.w.org\/{rel}","templated":true}]}}