{"id":119427,"date":"2023-12-04T10:05:44","date_gmt":"2023-12-04T09:05:44","guid":{"rendered":"https:\/\/www.sp-ps.ch\/si-alla-13esima-avs\/"},"modified":"2024-01-09T10:18:18","modified_gmt":"2024-01-09T09:18:18","slug":"si-alla-13a-avs","status":"publish","type":"page","link":"https:\/\/www.sp-ps.ch\/it\/si-alla-13a-avs\/","title":{"rendered":"S\u00cc alla 13esima AVS"},"content":{"rendered":"\t\t<div data-elementor-type=\"wp-page\" data-elementor-id=\"119427\" class=\"elementor elementor-119427 elementor-119227\" data-elementor-post-type=\"page\">\n\t\t\t\t\t\t<section class=\"elementor-section elementor-top-section elementor-element elementor-element-0568e90 elementor-section-boxed elementor-section-height-default elementor-section-height-default\" data-id=\"0568e90\" data-element_type=\"section\" data-settings=\"{&quot;jet_parallax_layout_list&quot;:[]}\">\n\t\t\t\t\t\t<div class=\"elementor-container elementor-column-gap-default\">\n\t\t\t\t\t<div class=\"elementor-column elementor-col-100 elementor-top-column elementor-element elementor-element-0f64057\" data-id=\"0f64057\" data-element_type=\"column\">\n\t\t\t<div class=\"elementor-widget-wrap elementor-element-populated\">\n\t\t\t\t\t\t<div class=\"elementor-element elementor-element-8912804 elementor-widget elementor-widget-image\" data-id=\"8912804\" data-element_type=\"widget\" data-widget_type=\"image.default\">\n\t\t\t\t<div class=\"elementor-widget-container\">\n\t\t\t\t\t\t\t\t\t\t\t\t\t\t\t<img fetchpriority=\"high\" decoding=\"async\" width=\"2560\" height=\"1220\" src=\"https:\/\/www.sp-ps.ch\/wp-content\/uploads\/2024\/01\/SGB_AHV13_F12_i-scaled.jpeg\" class=\"attachment-full size-full wp-image-121422\" alt=\"\" srcset=\"https:\/\/www.sp-ps.ch\/wp-content\/uploads\/2024\/01\/SGB_AHV13_F12_i-scaled.jpeg 2560w, https:\/\/www.sp-ps.ch\/wp-content\/uploads\/2024\/01\/SGB_AHV13_F12_i-300x143.jpeg 300w, https:\/\/www.sp-ps.ch\/wp-content\/uploads\/2024\/01\/SGB_AHV13_F12_i-1024x488.jpeg 1024w, https:\/\/www.sp-ps.ch\/wp-content\/uploads\/2024\/01\/SGB_AHV13_F12_i-768x366.jpeg 768w, https:\/\/www.sp-ps.ch\/wp-content\/uploads\/2024\/01\/SGB_AHV13_F12_i-1536x732.jpeg 1536w, https:\/\/www.sp-ps.ch\/wp-content\/uploads\/2024\/01\/SGB_AHV13_F12_i-2048x976.jpeg 2048w, https:\/\/www.sp-ps.ch\/wp-content\/uploads\/2024\/01\/SGB_AHV13_F12_i-1000x478.jpeg 1000w\" sizes=\"(max-width: 2560px) 100vw, 2560px\" \/>\t\t\t\t\t\t\t\t\t\t\t\t\t\t\t<\/div>\n\t\t\t\t<\/div>\n\t\t\t\t\t<\/div>\n\t\t<\/div>\n\t\t\t\t\t<\/div>\n\t\t<\/section>\n\t\t\t\t<section class=\"elementor-section elementor-top-section elementor-element elementor-element-3fd5ea8 elementor-section-boxed elementor-section-height-default elementor-section-height-default\" data-id=\"3fd5ea8\" data-element_type=\"section\" data-settings=\"{&quot;jet_parallax_layout_list&quot;:[]}\">\n\t\t\t\t\t\t<div class=\"elementor-container elementor-column-gap-default\">\n\t\t\t\t\t<div class=\"elementor-column elementor-col-100 elementor-top-column elementor-element elementor-element-281ba66\" data-id=\"281ba66\" data-element_type=\"column\">\n\t\t\t<div class=\"elementor-widget-wrap\">\n\t\t\t\t\t\t\t<\/div>\n\t\t<\/div>\n\t\t\t\t\t<\/div>\n\t\t<\/section>\n\t\t\t\t<section class=\"elementor-section elementor-top-section elementor-element elementor-element-c13b4b0 elementor-section-boxed elementor-section-height-default elementor-section-height-default\" data-id=\"c13b4b0\" data-element_type=\"section\" data-settings=\"{&quot;jet_parallax_layout_list&quot;:[]}\">\n\t\t\t\t\t\t<div class=\"elementor-container elementor-column-gap-default\">\n\t\t\t\t\t<div class=\"elementor-column elementor-col-100 elementor-top-column elementor-element elementor-element-196e409\" data-id=\"196e409\" data-element_type=\"column\">\n\t\t\t<div class=\"elementor-widget-wrap elementor-element-populated\">\n\t\t\t\t\t\t<div class=\"elementor-element elementor-element-b1704da elementor-widget elementor-widget-spps_button_list\" data-id=\"b1704da\" data-element_type=\"widget\" data-widget_type=\"spps_button_list.default\">\n\t\t\t\t<div class=\"elementor-widget-container\">\n\t\t\t\t\t<div class=\"button-list-wrapper   \"><div class=\"button-list-title\"><h2>S\u00cc alla 13esima AVS <\/h2><\/div><div class=\"button-list-container\"><div class=\"button-list-text\"><p><strong>Le pensioni non bastano pi\u00f9<\/strong><\/p>\n<p>Le pensioni non bastano pi\u00f9 perch\u00e9 tutto \u00e8 diventato pi\u00f9 costoso: gli affitti, i premi di cassa malati e i prezzi dei generi alimentari sono in aumento. In concreto, l'inflazione si porter\u00e0 via un'intera mensilit\u00e0 di pensione entro la fine del 2024. La 13esima pensione AVS compensa questa perdita di potere d'acquisto.<\/p>\n<p><strong>Ci sono le risorse finanziarie <\/strong><\/p>\n<p>Contrariamente alle ripetute previsioni, l'AVS \u00e8 ancora in attivo e gli scenari pessimisti del centro-destra si sono rivelati sbagliati. Introdurre una 13sima rendita AVS coster\u00e0 circa 4,1 miliardi: l'AVS \u00e8 in grado di sostenere questi costi aggiuntivi, poich\u00e9 il governo federale prevede un'eccedenza di circa lo stesso importo per il 2026. Se in futuro saranno necessari ulteriori fondi, sar\u00e0 sufficiente un contributo salariale aggiuntivo dello 0,4%. Un aumento della pensione cos\u00ec favorevole per i dipendenti \u00e8 fattibile solo tramite l'AVS.<\/p>\n<p><strong>La 13esima AVS \u00e8 particolarmente importante per chi ha una pensione bassa <\/strong><\/p>\n<p>L'aumento dei prezzi colpisce in modo particolare le persone con pensioni pi\u00f9 basse, tra cui ci sono soprattutto donne. La 13esima AVS \u00e8 la soluzione pi\u00f9 vantaggiosa per loro perch\u00e9 solo l'AVS assicura tutte le persone e perch\u00e9 solo l'AVS riconosce il lavoro di cura non retribuito svolto principalmente dalle donne: prendersi cura del proprio figlio aumenta la rendita AVS.<\/p>\n<p><strong>S\u00ec alla 13esima AVS <\/strong><\/p>\n<p>\u00c8 chiaro che dobbiamo compensare la perdita di potere d'acquisto delle pensioni. <strong>Per questo motivo il PS Svizzero raccomanda\u00a0 di sostenere l\u2019iniziativa per una 13esima AVS.<\/strong><\/p>\n<p><strong>Si cosa si tratta concretamente: <\/strong><\/p>\n<p>Se l'iniziativa sar\u00e0 accettata, tutte le persone pensionate attuali e future riceveranno una 13esima pensione AVS al pi\u00f9 tardi a partire dal 2026. Anche chi beneficia di prestazioni complementari ricever\u00e0 una pensione aggiuntiva. Ci\u00f2 compenser\u00e0 in modo rapido ed efficiente l'aumento dei prezzi.<\/p>\n<\/div><\/div><\/div>\t\t\t\t<\/div>\n\t\t\t\t<\/div>\n\t\t\t\t\t<\/div>\n\t\t<\/div>\n\t\t\t\t\t<\/div>\n\t\t<\/section>\n\t\t\t\t<section class=\"elementor-section elementor-top-section elementor-element elementor-element-249f04e elementor-section-boxed elementor-section-height-default elementor-section-height-default\" data-id=\"249f04e\" data-element_type=\"section\" data-settings=\"{&quot;jet_parallax_layout_list&quot;:[]}\">\n\t\t\t\t\t\t<div class=\"elementor-container elementor-column-gap-default\">\n\t\t\t\t\t<div class=\"elementor-column elementor-col-100 elementor-top-column elementor-element elementor-element-6a2380b\" data-id=\"6a2380b\" data-element_type=\"column\">\n\t\t\t<div class=\"elementor-widget-wrap elementor-element-populated\">\n\t\t\t\t\t\t<div class=\"elementor-element elementor-element-fdc26ed elementor-widget elementor-widget-spps_button\" data-id=\"fdc26ed\" data-element_type=\"widget\" data-widget_type=\"spps_button.default\">\n\t\t\t\t<div class=\"elementor-widget-container\">\n\t\t\t\t\t<div class=\"button-wrapper button-wrapper-left\"><a href=\" https:\/\/www.sp-ps.ch\/wp-content\/uploads\/2023\/11\/Argumentarium_AHVx13_DE.pdf\"  target=\"_self\" class=\"button-link button-link-default\" >Factsheet DE<\/a><\/div>\t\t\t\t<\/div>\n\t\t\t\t<\/div>\n\t\t\t\t<div class=\"elementor-element elementor-element-1e3f912 elementor-widget elementor-widget-spps_button\" data-id=\"1e3f912\" data-element_type=\"widget\" data-widget_type=\"spps_button.default\">\n\t\t\t\t<div class=\"elementor-widget-container\">\n\t\t\t\t\t<div class=\"button-wrapper button-wrapper-left\"><a href=\"https:\/\/www.sp-ps.ch\/wp-content\/uploads\/2023\/11\/Argumentaire_AVSx13_FR.pdf\"  target=\"_self\" class=\"button-link button-link-default\" >Factsheet FR<\/a><\/div>\t\t\t\t<\/div>\n\t\t\t\t<\/div>\n\t\t\t\t\t<\/div>\n\t\t<\/div>\n\t\t\t\t\t<\/div>\n\t\t<\/section>\n\t\t\t\t<\/div>\n\t\t","protected":false},"excerpt":{"rendered":"<p>S\u00cc alla 13esima AVS Le pensioni non bastano pi\u00f9 Le pensioni non bastano pi\u00f9 perch\u00e9 tutto \u00e8 diventato pi\u00f9 costoso: gli affitti, i premi di cassa malati e i prezzi [&hellip;]<\/p>\n","protected":false},"author":69,"featured_media":0,"parent":0,"menu_order":0,"comment_status":"closed","ping_status":"closed","template":"","meta":{"footnotes":""},"class_list":["post-119427","page","type-page","status-publish","hentry"],"_links":{"self":[{"href":"https:\/\/www.sp-ps.ch\/it\/wp-json\/wp\/v2\/pages\/119427","targetHints":{"allow":["GET"]}}],"collection":[{"href":"https:\/\/www.sp-ps.ch\/it\/wp-json\/wp\/v2\/pages"}],"about":[{"href":"https:\/\/www.sp-ps.ch\/it\/wp-json\/wp\/v2\/types\/page"}],"author":[{"embeddable":true,"href":"https:\/\/www.sp-ps.ch\/it\/wp-json\/wp\/v2\/users\/69"}],"replies":[{"embeddable":true,"href":"https:\/\/www.sp-ps.ch\/it\/wp-json\/wp\/v2\/comments?post=119427"}],"version-history":[{"count":23,"href":"https:\/\/www.sp-ps.ch\/it\/wp-json\/wp\/v2\/pages\/119427\/revisions"}],"predecessor-version":[{"id":121427,"href":"https:\/\/www.sp-ps.ch\/it\/wp-json\/wp\/v2\/pages\/119427\/revisions\/121427"}],"wp:attachment":[{"href":"https:\/\/www.sp-ps.ch\/it\/wp-json\/wp\/v2\/media?parent=119427"}],"curies":[{"name":"wp","href":"https:\/\/api.w.org\/{rel}","templated":true}]}}