{"id":128249,"date":"2024-03-28T10:37:09","date_gmt":"2024-03-28T09:37:09","guid":{"rendered":"https:\/\/www.sp-ps.ch\/si-alla-legge-per-lelettricita\/"},"modified":"2024-05-14T10:13:06","modified_gmt":"2024-05-14T08:13:06","slug":"si-alla-legge-per-lelettricita","status":"publish","type":"page","link":"https:\/\/www.sp-ps.ch\/it\/si-alla-legge-per-lelettricita\/","title":{"rendered":"S\u00cc alla legge per l\u2019elettricit\u00e0"},"content":{"rendered":"\t\t<div data-elementor-type=\"wp-page\" data-elementor-id=\"128249\" class=\"elementor elementor-128249 elementor-128148\" data-elementor-post-type=\"page\">\n\t\t\t\t\t\t<section class=\"elementor-section elementor-top-section elementor-element elementor-element-35f82ac elementor-section-boxed elementor-section-height-default elementor-section-height-default\" data-id=\"35f82ac\" data-element_type=\"section\" data-settings=\"{&quot;jet_parallax_layout_list&quot;:[]}\">\n\t\t\t\t\t\t<div class=\"elementor-container elementor-column-gap-default\">\n\t\t\t\t\t<div class=\"elementor-column elementor-col-100 elementor-top-column elementor-element elementor-element-274bc43\" data-id=\"274bc43\" data-element_type=\"column\">\n\t\t\t<div class=\"elementor-widget-wrap elementor-element-populated\">\n\t\t\t\t\t\t<div class=\"elementor-element elementor-element-7539bbe elementor-widget-mobile__width-inherit e-transform e-transform elementor-widget elementor-widget-elementor_spps_campaignheader_widget\" data-id=\"7539bbe\" data-element_type=\"widget\" data-settings=\"{&quot;_animation&quot;:&quot;none&quot;,&quot;_transform_translateX_effect&quot;:{&quot;unit&quot;:&quot;px&quot;,&quot;size&quot;:&quot;&quot;,&quot;sizes&quot;:[]},&quot;_transform_translateX_effect_tablet&quot;:{&quot;unit&quot;:&quot;px&quot;,&quot;size&quot;:&quot;&quot;,&quot;sizes&quot;:[]},&quot;_transform_translateX_effect_mobile&quot;:{&quot;unit&quot;:&quot;px&quot;,&quot;size&quot;:&quot;&quot;,&quot;sizes&quot;:[]},&quot;_transform_translateY_effect&quot;:{&quot;unit&quot;:&quot;px&quot;,&quot;size&quot;:&quot;&quot;,&quot;sizes&quot;:[]},&quot;_transform_translateY_effect_tablet&quot;:{&quot;unit&quot;:&quot;px&quot;,&quot;size&quot;:&quot;&quot;,&quot;sizes&quot;:[]},&quot;_transform_translateY_effect_mobile&quot;:{&quot;unit&quot;:&quot;px&quot;,&quot;size&quot;:&quot;&quot;,&quot;sizes&quot;:[]},&quot;_transform_scale_effect&quot;:{&quot;unit&quot;:&quot;px&quot;,&quot;size&quot;:&quot;&quot;,&quot;sizes&quot;:[]},&quot;_transform_scale_effect_tablet&quot;:{&quot;unit&quot;:&quot;px&quot;,&quot;size&quot;:&quot;&quot;,&quot;sizes&quot;:[]},&quot;_transform_scale_effect_mobile&quot;:{&quot;unit&quot;:&quot;px&quot;,&quot;size&quot;:&quot;&quot;,&quot;sizes&quot;:[]}}\" data-widget_type=\"elementor_spps_campaignheader_widget.default\">\n\t\t\t\t<div class=\"elementor-widget-container\">\n\t\t\t\t\t<header class=\"petitionHeader\">  <div class=\"petitionHeader__content\">      <h1 class=\"petitionHeader__title\">      <\/h1>  <img decoding=\"async\"  alt=\"Hintergrundbild \"        src=\"https:\/\/www.sp-ps.ch\/wp-content\/uploads\/2024\/05\/Bild-Klimaschutz-scaled-1-1.jpg\"        sizes=\"100vw\"        class=\"petitionHeader__img\">    <div class=\"petitionHeader__introWrapper\">      <h2 class=\"petitionHeader__intro\"><\/h2>    <\/div>  <\/div><\/header>\t\t\t\t<\/div>\n\t\t\t\t<\/div>\n\t\t\t\t<div class=\"elementor-element elementor-element-3564f32 elementor-absolute elementor-widget__width-auto elementor-widget-mobile__width-initial e-transform elementor-widget elementor-widget-text-editor\" data-id=\"3564f32\" data-element_type=\"widget\" data-settings=\"{&quot;_position&quot;:&quot;absolute&quot;,&quot;_transform_scale_effect_mobile&quot;:{&quot;unit&quot;:&quot;px&quot;,&quot;size&quot;:0.95,&quot;sizes&quot;:[]},&quot;_transform_scale_effect&quot;:{&quot;unit&quot;:&quot;px&quot;,&quot;size&quot;:&quot;&quot;,&quot;sizes&quot;:[]},&quot;_transform_scale_effect_tablet&quot;:{&quot;unit&quot;:&quot;px&quot;,&quot;size&quot;:&quot;&quot;,&quot;sizes&quot;:[]}}\" data-widget_type=\"text-editor.default\">\n\t\t\t\t<div class=\"elementor-widget-container\">\n\t\t\t\t\t\t\t\t\t<p><span style=\"color: #ffffff;\"><strong>S\u00cc ALLA LEGGE PER L&#8217;ELETTRICIT\u00c0<\/strong><\/span><\/p><h2><span style=\"color: #ffffff;\">PER IL CLIMA E LA SICUREZZA DELL&#8217;APPROVVIGIONAMENTO<\/span><\/h2>\t\t\t\t\t\t\t\t<\/div>\n\t\t\t\t<\/div>\n\t\t\t\t<div class=\"elementor-element elementor-element-292f791 elementor-widget elementor-widget-spps_button_list\" data-id=\"292f791\" data-element_type=\"widget\" data-widget_type=\"spps_button_list.default\">\n\t\t\t\t<div class=\"elementor-widget-container\">\n\t\t\t\t\t<div class=\"button-list-wrapper   \"><div class=\"button-list-title\"><h2>S\u00cc alla legge per l\u2019elettricit\u00e0<\/h2><\/div><div class=\"button-list-container\"><div class=\"button-list-text\"><p>La protezione del clima e la sicurezza dell'approvvigionamento energetico sono le maggiori sfide della nostra epoca. Dobbiamo diventare indipendenti dal petrolio e dal gas il pi\u00f9 rapidamente possibile ed espandere le energie rinnovabili per raggiungere questo obiettivo. Tutto ci\u00f2 \u00e8 reso possibile dal cosiddetto \"atto mantello\". Questa nuova legge sull\u2019approvvigionamento elettrico\u00a0promuove l'espansione di impianti solari, turbine eoliche e centrali idroelettriche.<\/p>\n<p>&nbsp;<\/p>\n<h3>Obiettivi concreti per la produzione elettrica<\/h3>\n<p>Per proteggere il clima e rafforzare la sicurezza dell'approvvigionamento, la legge sull\u2019approvvigionamento elettricodefinisce obiettivi specifici: la produzione di elettricit\u00e0 da energie rinnovabili come l'eolico e il solare deve aumentare significativamente entro il 2035 (almeno 35 TWh, +30 TWh rispetto a oggi) e l'energia idroelettrica deve essere leggermente incrementata (37,9 TWh, +0,5 TWh rispetto a oggi). Inoltre, l'elettricit\u00e0 verr\u00e0 risparmiata aumentando l'efficienza (-2 TWh).<\/p>\n<p>&nbsp;<\/p>\n<h3>Promozione delle energie rinnovabili<\/h3>\n<p>Per raggiungere questi obiettivi, la legge incentiva la produzione di energia elettrica da fonti rinnovabili con diverse misure. Tra queste, ad esempio, l'obbligo di installare un impianto solare sui nuovi edifici di almeno 300 m2 e sulle infrastrutture federali, l'acquisto obbligatorio e la remunerazione minima a copertura dei costi per l'energia solare immessa in rete da impianti privati o i contributi per la progettazione di impianti idroelettrici, eolici o geotermici.<\/p>\n<p>&nbsp;<\/p>\n<h3><u><\/u>Migliore coordinamento degli impianti solari alpini<\/h3>\n<p>Gli impianti solari alpini sono un'aggiunta sensata all'espansione dell'energia solare sugli edifici esistenti e intorno ad essi.\u00a0 La nuova legge sull\u2019approvvigionamento elettrico prevede un migliore coordinamento e una pianificazione equilibrata per gli impianti solari alpini e gli impianti eolici. Gli interessi della protezione del paesaggio e dei biotopi e dell'agricoltura sono tenuti in stretta considerazione. Ci\u00f2 promuove progetti con un rapporto equilibrato tra benefici e costi.<\/p>\n<p>&nbsp;<\/p>\n<h3>Conclusione<\/h3>\n<p>La legge sull\u2019approvvigionamento elettrico \u00e8 un passo importante per abbandonare finalmente il petrolio e il gas. Votando S\u00cc a questa legge, rafforziamo la protezione del clima e la sicurezza dell'approvvigionamento.<\/p>\n<p>&nbsp;<\/p>\n<p>&nbsp;<\/p>\n<p>&nbsp;<\/p>\n<\/div><\/div><\/div>\t\t\t\t<\/div>\n\t\t\t\t<\/div>\n\t\t\t\t\t<\/div>\n\t\t<\/div>\n\t\t\t\t\t<\/div>\n\t\t<\/section>\n\t\t\t\t<\/div>\n\t\t","protected":false},"excerpt":{"rendered":"<p>S\u00cc ALLA LEGGE PER L&#8217;ELETTRICIT\u00c0 PER IL CLIMA E LA SICUREZZA DELL&#8217;APPROVVIGIONAMENTO S\u00cc alla legge per l\u2019elettricit\u00e0 La protezione del clima e la sicurezza dell&#8217;approvvigionamento energetico sono le maggiori sfide [&hellip;]<\/p>\n","protected":false},"author":64,"featured_media":0,"parent":0,"menu_order":0,"comment_status":"closed","ping_status":"closed","template":"","meta":{"footnotes":""},"class_list":["post-128249","page","type-page","status-publish","hentry"],"_links":{"self":[{"href":"https:\/\/www.sp-ps.ch\/it\/wp-json\/wp\/v2\/pages\/128249","targetHints":{"allow":["GET"]}}],"collection":[{"href":"https:\/\/www.sp-ps.ch\/it\/wp-json\/wp\/v2\/pages"}],"about":[{"href":"https:\/\/www.sp-ps.ch\/it\/wp-json\/wp\/v2\/types\/page"}],"author":[{"embeddable":true,"href":"https:\/\/www.sp-ps.ch\/it\/wp-json\/wp\/v2\/users\/64"}],"replies":[{"embeddable":true,"href":"https:\/\/www.sp-ps.ch\/it\/wp-json\/wp\/v2\/comments?post=128249"}],"version-history":[{"count":45,"href":"https:\/\/www.sp-ps.ch\/it\/wp-json\/wp\/v2\/pages\/128249\/revisions"}],"predecessor-version":[{"id":132738,"href":"https:\/\/www.sp-ps.ch\/it\/wp-json\/wp\/v2\/pages\/128249\/revisions\/132738"}],"wp:attachment":[{"href":"https:\/\/www.sp-ps.ch\/it\/wp-json\/wp\/v2\/media?parent=128249"}],"curies":[{"name":"wp","href":"https:\/\/api.w.org\/{rel}","templated":true}]}}