{"id":130963,"date":"2024-04-23T16:35:13","date_gmt":"2024-04-23T14:35:13","guid":{"rendered":"https:\/\/www.sp-ps.ch\/in-lingua-facile-no-alla-votazione-per-vietare-lobbligo-vaccinale\/"},"modified":"2024-04-23T16:35:48","modified_gmt":"2024-04-23T14:35:48","slug":"in-lingua-facile-no-alla-votazione-per-vietare-lobbligo-vaccinale","status":"publish","type":"page","link":"https:\/\/www.sp-ps.ch\/it\/in-lingua-facile-no-alla-votazione-per-vietare-lobbligo-vaccinale\/","title":{"rendered":"In lingua facile: NO alla votazione per vietare l\u2019obbligo vaccinale"},"content":{"rendered":"\t\t<div data-elementor-type=\"wp-page\" data-elementor-id=\"130963\" class=\"elementor elementor-130963 elementor-130943\" data-elementor-post-type=\"page\">\n\t\t\t\t\t\t<section class=\"elementor-section elementor-top-section elementor-element elementor-element-e843b62 elementor-section-boxed elementor-section-height-default elementor-section-height-default\" data-id=\"e843b62\" data-element_type=\"section\" data-settings=\"{&quot;jet_parallax_layout_list&quot;:[]}\">\n\t\t\t\t\t\t<div class=\"elementor-container elementor-column-gap-default\">\n\t\t\t\t\t<div class=\"elementor-column elementor-col-100 elementor-top-column elementor-element elementor-element-a627676\" data-id=\"a627676\" data-element_type=\"column\">\n\t\t\t<div class=\"elementor-widget-wrap elementor-element-populated\">\n\t\t\t\t\t\t<div class=\"elementor-element elementor-element-2ceb106 elementor-widget elementor-widget-spps_button_list\" data-id=\"2ceb106\" data-element_type=\"widget\" data-widget_type=\"spps_button_list.default\">\n\t\t\t\t<div class=\"elementor-widget-container\">\n\t\t\t\t\t<div class=\"button-list-wrapper wrapper-spacing-default  \"><div class=\"button-list-title\"><h2>In lingua facile: NO alla votazione per vietare l\u2019obbligo vaccinale<\/h2><\/div><div class=\"button-list-container\"><div class=\"button-list-text\"><p>Votazione del 9 giugno 2024<\/p>\n<p><strong>Il PS dice NO<\/strong> a questa votazione. <br \/>PS \u00e8 l\u2019abbreviazione di Partito Socialista Svizzero.<\/p>\n<h3>Che cosa si vuole ottenere con questa votazione?<\/h3>\n<p>C\u2019\u00e8 stato un vaccino contro il corona-virus. <br \/>Questo vaccino ha protetto tante persone.<\/p>\n<p>Il vaccino non \u00e8 piaciuto ad alcune persone. <br \/>Queste persone pensavano di essere costrette a vaccinarsi. Ma questo non \u00e8 vero.<\/p>\n<p>Ma alcune persone vogliono comunque una nuova legge <br \/>per la costituzione federale.<\/p>\n<p>La costituzione federale \u00e8 la legge pi\u00f9 importante della Svizzera. <br \/>La costituzione federale contiene le regole <br \/>e i doveri importanti per tutte le persone in Svizzera. <br \/>Per esempio c\u2019\u00e8 scritto che tutte le persone hanno gli stessi diritti.<\/p>\n<h3>Perch\u00e9 il PS dice NO a questa votazione?<\/h3>\n<p>Nessuna persona deve farsi vaccinare <br \/>se non vuole. <br \/>Questo \u00e8 gi\u00e0 cos\u00ec.<\/p>\n<p>Quindi questa votazione non \u00e8 necessaria.<\/p>\n<h3>Che cosa potete fare?<\/h3>\n<p>Votate <strong>NO<\/strong> alla votazione del 9 giugno 2024 sull\u2019obbligo vaccinale!<\/p>\n<p>Sulla scheda di voto c\u2019\u00e8 scritto: <br \/>\u00ab Volete accettare l\u2019iniziativa popolare \u00abPer la liberta\u0300 e l\u2019integrita\u0300 fisica\u00bb? \u00bb<\/p>\n<p>Scrivete <strong>NO<\/strong> sulla scheda di voto.<\/p>\n<\/div><\/div><\/div>\t\t\t\t<\/div>\n\t\t\t\t<\/div>\n\t\t\t\t\t<\/div>\n\t\t<\/div>\n\t\t\t\t\t<\/div>\n\t\t<\/section>\n\t\t\t\t<\/div>\n\t\t","protected":false},"excerpt":{"rendered":"<p>In lingua facile: NO alla votazione per vietare l\u2019obbligo vaccinale Votazione del 9 giugno 2024 Il PS dice NO a questa votazione. PS \u00e8 l\u2019abbreviazione di Partito Socialista Svizzero. Che [&hellip;]<\/p>\n","protected":false},"author":64,"featured_media":0,"parent":0,"menu_order":0,"comment_status":"closed","ping_status":"closed","template":"","meta":{"footnotes":""},"class_list":["post-130963","page","type-page","status-publish","hentry"],"_links":{"self":[{"href":"https:\/\/www.sp-ps.ch\/it\/wp-json\/wp\/v2\/pages\/130963","targetHints":{"allow":["GET"]}}],"collection":[{"href":"https:\/\/www.sp-ps.ch\/it\/wp-json\/wp\/v2\/pages"}],"about":[{"href":"https:\/\/www.sp-ps.ch\/it\/wp-json\/wp\/v2\/types\/page"}],"author":[{"embeddable":true,"href":"https:\/\/www.sp-ps.ch\/it\/wp-json\/wp\/v2\/users\/64"}],"replies":[{"embeddable":true,"href":"https:\/\/www.sp-ps.ch\/it\/wp-json\/wp\/v2\/comments?post=130963"}],"version-history":[{"count":1,"href":"https:\/\/www.sp-ps.ch\/it\/wp-json\/wp\/v2\/pages\/130963\/revisions"}],"predecessor-version":[{"id":130964,"href":"https:\/\/www.sp-ps.ch\/it\/wp-json\/wp\/v2\/pages\/130963\/revisions\/130964"}],"wp:attachment":[{"href":"https:\/\/www.sp-ps.ch\/it\/wp-json\/wp\/v2\/media?parent=130963"}],"curies":[{"name":"wp","href":"https:\/\/api.w.org\/{rel}","templated":true}]}}