{"id":136024,"date":"2024-07-15T16:36:27","date_gmt":"2024-07-15T14:36:27","guid":{"rendered":"https:\/\/www.sp-ps.ch\/?page_id=136024"},"modified":"2024-07-16T09:27:43","modified_gmt":"2024-07-16T07:27:43","slug":"no-alla-riforma-della-lpp","status":"publish","type":"page","link":"https:\/\/www.sp-ps.ch\/it\/no-alla-riforma-della-lpp\/","title":{"rendered":"No alla riforma della LPP"},"content":{"rendered":"\t\t<div data-elementor-type=\"wp-page\" data-elementor-id=\"136024\" class=\"elementor elementor-136024 elementor-136022\" data-elementor-post-type=\"page\">\n\t\t\t\t\t\t<section class=\"elementor-section elementor-top-section elementor-element elementor-element-702c13f elementor-section-boxed elementor-section-height-default elementor-section-height-default\" data-id=\"702c13f\" data-element_type=\"section\" data-settings=\"{&quot;jet_parallax_layout_list&quot;:[]}\">\n\t\t\t\t\t\t<div class=\"elementor-container elementor-column-gap-default\">\n\t\t\t\t\t<div class=\"elementor-column elementor-col-100 elementor-top-column elementor-element elementor-element-bd558d1\" data-id=\"bd558d1\" data-element_type=\"column\">\n\t\t\t<div class=\"elementor-widget-wrap elementor-element-populated\">\n\t\t\t\t\t\t<div class=\"elementor-element elementor-element-f41ff37 elementor-widget elementor-widget-spps_button_list\" data-id=\"f41ff37\" data-element_type=\"widget\" data-widget_type=\"spps_button_list.default\">\n\t\t\t\t<div class=\"elementor-widget-container\">\n\t\t\t\t\t<div class=\"button-list-wrapper wrapper-spacing-default  \"><div class=\"button-list-title\"><h2>Pagare di pi\u00f9 per rendite pi\u00f9 basse?<\/h2><\/div><div class=\"button-list-container\"><div class=\"button-list-text\"><h2>No alla riforma della LPP<\/h2>\n<p>&nbsp;<\/p>\n<p>Con la riforma della LPP, le persone assicurate dovranno pagare contributi pi\u00f9 alti alla cassa pensione. Nonostante ci\u00f2, le pensioni diminuiranno fino a perdite di 3.200 franchi all'anno. Ad approfittarne\u00a0sar\u00e0 l\u2019industria finanziaria: banchieri, broker e compagnie assicurative intascano miliardi a spese delle persone assicurate. Ecco perch\u00e9 abbiamo bisogno di un chiaro \"No\" il 22 settembre!<\/p>\n<p>&nbsp;<\/p>\n<h3>Per questi motivi ci impegniamo per un NO alle urne:<\/h3>\n<ul>\n<li><strong>Le pensioni diminuiscono:<\/strong> la riforma\u00a0comporta tagli\u00a0alle pensioni fino a 3.200 franchi all'anno perch\u00e9 il cosiddetto tasso di conversione verr\u00e0 abbassato, anche se il potere d'acquisto della popolazione \u00e8 gi\u00e0 sotto pressione. I dipendenti di et\u00e0 superiore ai 50 anni sono particolarmente colpiti. <br \/>\u00a0<\/li>\n<li><strong>Il potere d\u2019acquisto si indebolisce:<\/strong> con la riforma, le persone assicurate pagheranno contributi significativamente pi\u00f9 alti alle casse pensione. Questo indebolisce il loro potere d'acquisto. Coloro che guadagnano poco sono particolarmente colpiti: chi ha poco nel portafoglio dovr\u00e0 infatti pagare fino a 200 CHF in pi\u00f9 ogni mese. L'aspetto particolarmente vergognoso \u00e8 che le persone colpite spesso non avranno pi\u00f9 denaro a disposizione quando raggiungeranno l'et\u00e0 di\u00a0pensionamento, perch\u00e9 qualunque cifra risparmiata in pi\u00f9 sar\u00e0 detratta dalle loro prestazioni complementari.<br \/>\u00a0<\/li>\n<li><strong>Solo l\u2019industria finanziaria ne approfitta:<\/strong> banchieri, broker e compagnie assicurative stanno intascando miliardi dalle casse pensione, a spese delle persone assicurate. Se la modifica della LPP verr\u00e0 approvata, l'industria finanziaria potr\u00e0 intascarsi ancora pi\u00f9 denaro.<br \/>\u00a0<\/li>\n<li><strong>Molte donne sono penalizzate:<\/strong> in particolare, le donne con salari bassi dovranno versare molto di pi\u00f9 alla cassa pensione in futuro, senza ricevere in cambio una pensione pi\u00f9 alta. Ad esempio, la riforma comporterebbe una massiccia perdita di rendita pensione per l'80% delle persone che lavorano come parrucchieri e hanno un\u2019et\u00e0 superiore ai 50 anni. <br \/>\u00a0<\/li>\n<li><strong>Niente riconoscimento del rincaro per le pensioni esistenti:<\/strong> le rendite delle persone attualmente in pensione non saranno automaticamente adeguate all'inflazione. Per decenni il Parlamento ha promesso una soluzione, ma questo disegno di legge non ne prevede una. Le pensioni attuali continueranno quindi a perdere valore.<br \/>\u00a0<\/li>\n<li><strong>La riforma non \u00e8 necessaria:<\/strong> le casse pensione stanno andando molto bene. Negli ultimi anni hanno gi\u00e0 ridotto massicciamente le prestazioni a scapito delle persone assicurate. L'autorit\u00e0 di vigilanza superiore per tutte le casse pensione conferma che non c'\u00e8 pi\u00f9 alcuna ridistribuzione dalle persone giovani a quelle anziani. In questa situazione, un taglio alle pensioni \u00e8 del tutto ingiustificato.<\/li>\n<\/ul>\n<\/div><\/div><\/div>\t\t\t\t<\/div>\n\t\t\t\t<\/div>\n\t\t\t\t\t<\/div>\n\t\t<\/div>\n\t\t\t\t\t<\/div>\n\t\t<\/section>\n\t\t\t\t<\/div>\n\t\t","protected":false},"excerpt":{"rendered":"<p>Pagare di pi\u00f9 per rendite pi\u00f9 basse? No alla riforma della LPP &nbsp; Con la riforma della LPP, le persone assicurate dovranno pagare contributi pi\u00f9 alti alla cassa pensione. Nonostante [&hellip;]<\/p>\n","protected":false},"author":76,"featured_media":0,"parent":0,"menu_order":1,"comment_status":"closed","ping_status":"closed","template":"","meta":{"footnotes":""},"class_list":["post-136024","page","type-page","status-publish","hentry"],"_links":{"self":[{"href":"https:\/\/www.sp-ps.ch\/it\/wp-json\/wp\/v2\/pages\/136024","targetHints":{"allow":["GET"]}}],"collection":[{"href":"https:\/\/www.sp-ps.ch\/it\/wp-json\/wp\/v2\/pages"}],"about":[{"href":"https:\/\/www.sp-ps.ch\/it\/wp-json\/wp\/v2\/types\/page"}],"author":[{"embeddable":true,"href":"https:\/\/www.sp-ps.ch\/it\/wp-json\/wp\/v2\/users\/76"}],"replies":[{"embeddable":true,"href":"https:\/\/www.sp-ps.ch\/it\/wp-json\/wp\/v2\/comments?post=136024"}],"version-history":[{"count":3,"href":"https:\/\/www.sp-ps.ch\/it\/wp-json\/wp\/v2\/pages\/136024\/revisions"}],"predecessor-version":[{"id":136039,"href":"https:\/\/www.sp-ps.ch\/it\/wp-json\/wp\/v2\/pages\/136024\/revisions\/136039"}],"wp:attachment":[{"href":"https:\/\/www.sp-ps.ch\/it\/wp-json\/wp\/v2\/media?parent=136024"}],"curies":[{"name":"wp","href":"https:\/\/api.w.org\/{rel}","templated":true}]}}