{"id":136046,"date":"2024-07-15T17:42:56","date_gmt":"2024-07-15T15:42:56","guid":{"rendered":"https:\/\/www.sp-ps.ch\/?page_id=136046"},"modified":"2024-07-16T15:02:31","modified_gmt":"2024-07-16T13:02:31","slug":"si-alliniziativa-biodiversita","status":"publish","type":"page","link":"https:\/\/www.sp-ps.ch\/it\/si-alliniziativa-biodiversita\/","title":{"rendered":"S\u00ec all\u2019Iniziativa biodiversit\u00e0"},"content":{"rendered":"\t\t<div data-elementor-type=\"wp-page\" data-elementor-id=\"136046\" class=\"elementor elementor-136046 elementor-136044\" data-elementor-post-type=\"page\">\n\t\t\t\t\t\t<section class=\"elementor-section elementor-top-section elementor-element elementor-element-35f82ac elementor-section-boxed elementor-section-height-default elementor-section-height-default\" data-id=\"35f82ac\" data-element_type=\"section\" data-settings=\"{&quot;jet_parallax_layout_list&quot;:[],&quot;background_background&quot;:&quot;classic&quot;}\">\n\t\t\t\t\t\t\t<div class=\"elementor-background-overlay\"><\/div>\n\t\t\t\t\t\t\t<div class=\"elementor-container elementor-column-gap-default\">\n\t\t\t\t\t<div class=\"elementor-column elementor-col-100 elementor-top-column elementor-element elementor-element-274bc43\" data-id=\"274bc43\" data-element_type=\"column\">\n\t\t\t<div class=\"elementor-widget-wrap elementor-element-populated\">\n\t\t\t\t\t\t<div class=\"elementor-element elementor-element-90c5b26 elementor-widget-mobile__width-inherit e-transform e-transform elementor-widget elementor-widget-elementor_spps_campaignheader_widget\" data-id=\"90c5b26\" data-element_type=\"widget\" data-settings=\"{&quot;_animation&quot;:&quot;none&quot;,&quot;_transform_translateX_effect&quot;:{&quot;unit&quot;:&quot;px&quot;,&quot;size&quot;:&quot;&quot;,&quot;sizes&quot;:[]},&quot;_transform_translateX_effect_tablet&quot;:{&quot;unit&quot;:&quot;px&quot;,&quot;size&quot;:&quot;&quot;,&quot;sizes&quot;:[]},&quot;_transform_translateX_effect_mobile&quot;:{&quot;unit&quot;:&quot;px&quot;,&quot;size&quot;:&quot;&quot;,&quot;sizes&quot;:[]},&quot;_transform_translateY_effect&quot;:{&quot;unit&quot;:&quot;px&quot;,&quot;size&quot;:&quot;&quot;,&quot;sizes&quot;:[]},&quot;_transform_translateY_effect_tablet&quot;:{&quot;unit&quot;:&quot;px&quot;,&quot;size&quot;:&quot;&quot;,&quot;sizes&quot;:[]},&quot;_transform_translateY_effect_mobile&quot;:{&quot;unit&quot;:&quot;px&quot;,&quot;size&quot;:&quot;&quot;,&quot;sizes&quot;:[]},&quot;_transform_scale_effect&quot;:{&quot;unit&quot;:&quot;px&quot;,&quot;size&quot;:&quot;&quot;,&quot;sizes&quot;:[]},&quot;_transform_scale_effect_tablet&quot;:{&quot;unit&quot;:&quot;px&quot;,&quot;size&quot;:&quot;&quot;,&quot;sizes&quot;:[]},&quot;_transform_scale_effect_mobile&quot;:{&quot;unit&quot;:&quot;px&quot;,&quot;size&quot;:&quot;&quot;,&quot;sizes&quot;:[]}}\" data-widget_type=\"elementor_spps_campaignheader_widget.default\">\n\t\t\t\t<div class=\"elementor-widget-container\">\n\t\t\t\t\t<header class=\"petitionHeader\">  <div class=\"petitionHeader__content\">      <h1 class=\"petitionHeader__title\">      <\/h1>  <img decoding=\"async\"  alt=\"Hintergrundbild \"        src=\"https:\/\/www.sp-ps.ch\/wp-content\/uploads\/2024\/07\/Parolenseite_Biodiversitaet_Flickr-scaled.jpg\"        sizes=\"100vw\"        class=\"petitionHeader__img\">    <div class=\"petitionHeader__introWrapper\">      <h2 class=\"petitionHeader__intro\"><\/h2>    <\/div>  <\/div><\/header>\t\t\t\t<\/div>\n\t\t\t\t<\/div>\n\t\t\t\t<div class=\"elementor-element elementor-element-414c55c elementor-absolute elementor-widget__width-auto elementor-widget-mobile__width-auto elementor-widget elementor-widget-text-editor\" data-id=\"414c55c\" data-element_type=\"widget\" data-settings=\"{&quot;_position&quot;:&quot;absolute&quot;}\" data-widget_type=\"text-editor.default\">\n\t\t\t\t<div class=\"elementor-widget-container\">\n\t\t\t\t\t\t\t\t\t<p><span style=\"color: #ffffff;\"><strong>S\u00cc ALL&#8217;INIZIATIVA BIODIVERSIT\u00c0<\/strong><\/span><\/p>\n<h2><span style=\"color: #ffffff;\">PROTEGGERE GLI HABITAT,<br \/>FERMARE L&#8217;ESTINZIONE DELLE SPECIE<\/span><\/h2>\n\t\t\t\t\t\t\t\t<\/div>\n\t\t\t\t<\/div>\n\t\t\t\t<div class=\"elementor-element elementor-element-292f791 elementor-widget elementor-widget-spps_button_list\" data-id=\"292f791\" data-element_type=\"widget\" data-widget_type=\"spps_button_list.default\">\n\t\t\t\t<div class=\"elementor-widget-container\">\n\t\t\t\t\t<div class=\"button-list-wrapper   \"><div class=\"button-list-title\"><h2>S\u00ec all\u2019Iniziativa biodiversit\u00e0<\/h2><\/div><div class=\"button-list-container\"><div class=\"button-list-text\"><p>La natura \u00e8 la base della nostra esistenza. Fornisce acqua potabile, terreni fertili ed \u00e8 il polmone verde del nostro pianeta. Tuttavia, la biodiversit\u00e0 necessaria a questo scopo \u00e8 sempre pi\u00f9 minacciata in tutto il mondo, anche in Svizzera. Quasi la met\u00e0 di tutti gli habitat \u00e8 minacciata. Pi\u00f9 di un terzo delle specie animali e vegetali in Svizzera sono in pericolo o gi\u00e0 estinte. La biodiversit\u00e0 e la protezione del clima sono interdipendenti. Le foreste e le torbiere possono immagazzinare CO2, ma solo se preserviamo questi diversi ecosistemi nel nostro Paese. Possiamo garantirlo votando S\u00cc all'iniziativa biodiversit\u00e0.<\/p>\n<p>&nbsp;<\/p>\n<h3>Una natura sana per noi e per le prossime generazioni<\/h3>\n<p>La biodiversit\u00e0 \u00e8 il fondamento della vita. Noi e i nostri discendenti dipendiamo dalla salute e dalla diversit\u00e0 della natura. Suoli sani e acque vive sono la base della fertilit\u00e0 del suolo e dell'acqua potabile. Eppure \u00e8 evidente che ogni anno ci sono meno insetti, meno prati fioriti e meno corsi d'acqua sani. Con l'iniziativa biodiversit\u00e0, stiamo garantendo un cambiamento di direzione: via dallo sfruttamento eccessivo della natura e verso una vita che rispetti le piante e le specie animali. Votando S\u00cc all'Iniziativa biodiversit\u00e0, adempiamo alla nostra responsabilit\u00e0 nei confronti delle generazioni attuali e future.<\/p>\n<p>&nbsp;<\/p>\n<h3>La biodiversit\u00e0 in Svizzera soffre<\/h3>\n<p>La biodiversit\u00e0 in Svizzera \u00e8 in cattivo stato. Nel suo rapporto di valutazione ambientale, l\u2019OCSE conclude che, rispetto ad altri Paesi industrializzati, la Svizzera ha uno dei numeri pi\u00f9 alti di specie in pericolo e il minor numero di aree protette. In una sola generazione, la popolazione di insetti si \u00e8 ridotta di tre quarti: l\u2019estinzione degli insetti \u00e8 ormai evidente da tempo. Non ci sono pi\u00f9 farfalle che danzano intorno ai lampioni e non si puliscono pi\u00f9 i parabrezza dopo i viaggi in auto. Eppure gli insetti sono fondamentali per l'impollinazione delle piante e sono l'anello pi\u00f9 importante della catena alimentare di uccelli e pesci. Con l'Iniziativa biodiversit\u00e0, possiamo finalmente fare un passo avanti e mettere sotto protezione pi\u00f9 aree e specie.<\/p>\n<p>&nbsp;<\/p>\n<h3>Affrontare la crisi climatica con la biodiversit\u00e0<\/h3>\n<p>Solo un ecosistema intatto e senza estinzione di specie pu\u00f2 proteggere da disastri ambientali come inondazioni, frane o valanghe, come confermato dal Dipartimento federale dell'ambiente, dei trasporti, dell'energia e delle comunicazioni (DATEC). La biodiversit\u00e0 \u00e8 il nostro alleato pi\u00f9 forte per adattarsi alle conseguenze del riscaldamento globale. Ad esempio, i fiumi naturali alimentano le falde acquifere, mentre i tetti verdi, gli alberi e i prati nelle aree urbane aiutano a proteggersi dal calore e dalle inondazioni in caso di forti precipitazioni.<\/p>\n<\/div><\/div><\/div>\t\t\t\t<\/div>\n\t\t\t\t<\/div>\n\t\t\t\t\t<\/div>\n\t\t<\/div>\n\t\t\t\t\t<\/div>\n\t\t<\/section>\n\t\t\t\t<\/div>\n\t\t","protected":false},"excerpt":{"rendered":"<p>S\u00cc ALL&#8217;INIZIATIVA BIODIVERSIT\u00c0 PROTEGGERE GLI HABITAT,FERMARE L&#8217;ESTINZIONE DELLE SPECIE S\u00ec all\u2019Iniziativa biodiversit\u00e0 La natura \u00e8 la base della nostra esistenza. Fornisce acqua potabile, terreni fertili ed \u00e8 il polmone verde [&hellip;]<\/p>\n","protected":false},"author":76,"featured_media":0,"parent":0,"menu_order":1,"comment_status":"closed","ping_status":"closed","template":"","meta":{"footnotes":""},"class_list":["post-136046","page","type-page","status-publish","hentry"],"_links":{"self":[{"href":"https:\/\/www.sp-ps.ch\/it\/wp-json\/wp\/v2\/pages\/136046","targetHints":{"allow":["GET"]}}],"collection":[{"href":"https:\/\/www.sp-ps.ch\/it\/wp-json\/wp\/v2\/pages"}],"about":[{"href":"https:\/\/www.sp-ps.ch\/it\/wp-json\/wp\/v2\/types\/page"}],"author":[{"embeddable":true,"href":"https:\/\/www.sp-ps.ch\/it\/wp-json\/wp\/v2\/users\/76"}],"replies":[{"embeddable":true,"href":"https:\/\/www.sp-ps.ch\/it\/wp-json\/wp\/v2\/comments?post=136046"}],"version-history":[{"count":9,"href":"https:\/\/www.sp-ps.ch\/it\/wp-json\/wp\/v2\/pages\/136046\/revisions"}],"predecessor-version":[{"id":136095,"href":"https:\/\/www.sp-ps.ch\/it\/wp-json\/wp\/v2\/pages\/136046\/revisions\/136095"}],"wp:attachment":[{"href":"https:\/\/www.sp-ps.ch\/it\/wp-json\/wp\/v2\/media?parent=136046"}],"curies":[{"name":"wp","href":"https:\/\/api.w.org\/{rel}","templated":true}]}}