{"id":140939,"date":"2024-08-28T13:47:17","date_gmt":"2024-08-28T11:47:17","guid":{"rendered":"https:\/\/www.sp-ps.ch\/in-lingua-facile-si-alliniziativa-biodiversita\/"},"modified":"2024-08-28T13:47:20","modified_gmt":"2024-08-28T11:47:20","slug":"in-lingua-facile-si-alliniziativa-biodiversita","status":"publish","type":"page","link":"https:\/\/www.sp-ps.ch\/it\/in-lingua-facile-si-alliniziativa-biodiversita\/","title":{"rendered":"In lingua facile: S\u00cc all\u2019iniziativa biodiversit\u00e0"},"content":{"rendered":"\t\t<div data-elementor-type=\"wp-page\" data-elementor-id=\"140939\" class=\"elementor elementor-140939 elementor-140335\" data-elementor-post-type=\"page\">\n\t\t\t\t\t\t<section class=\"elementor-section elementor-top-section elementor-element elementor-element-37419b elementor-section-boxed elementor-section-height-default elementor-section-height-default\" data-id=\"37419b\" data-element_type=\"section\" data-settings=\"{&quot;jet_parallax_layout_list&quot;:[]}\">\n\t\t\t\t\t\t<div class=\"elementor-container elementor-column-gap-default\">\n\t\t\t\t\t<div class=\"elementor-column elementor-col-100 elementor-top-column elementor-element elementor-element-6cb30816\" data-id=\"6cb30816\" data-element_type=\"column\">\n\t\t\t<div class=\"elementor-widget-wrap elementor-element-populated\">\n\t\t\t\t\t\t<div class=\"elementor-element elementor-element-cfc4f74 elementor-widget elementor-widget-spps_button_list\" data-id=\"cfc4f74\" data-element_type=\"widget\" data-widget_type=\"spps_button_list.default\">\n\t\t\t\t<div class=\"elementor-widget-container\">\n\t\t\t\t\t<div class=\"button-list-wrapper wrapper-spacing-default  \"><div class=\"button-list-title\"><h2>S\u00cc all\u2019iniziativa biodiversit\u00e0<\/h2><\/div><div class=\"button-list-container\"><div class=\"button-list-text\"><h3><strong>Che cosa \u00e8 la biodiversit\u00e0?<\/strong><\/h3>\n<p>Esistono tante specie di animali e piante.<br \/>Tutti questi animali e piante vivono in molti luoghi diversi. <br \/>Ad esempio negli stagni e nei fiumi, nelle foreste e nei prati. <br \/>Questo si chiama biodiversit\u00e0.<\/p>\n<p><strong>Votazione popolare del 22 settembre 2024<\/strong><\/p>\n<p>Il 22 settembre gli svizzeri votano <br \/>sulla biodiversit\u00e0.<\/p>\n<p><strong>Il PS dice S<\/strong><strong>\u00cc<\/strong> all\u2019iniziativa biodiversit\u00e0. <br \/>PS \u00e8 l\u2019abbreviazione di Partito Socialista Svizzero.<\/p>\n<h3><strong>Che cosa si vuole ottenere con questa votazione popolare?<\/strong><\/h3>\n<p>Si vuole proteggere la natura. <br \/>Una natura sana \u00e8 importante per la vita sulla terra.<\/p>\n<p>Una natura sana <br \/>ha bisogno di tanti animali e di tante piante. <br \/>Ma la natura in Svizzera non sta bene.<\/p>\n<p>Con questa votazione popolare <br \/>si vuole migliorare la salute della natura.<\/p>\n<h3><strong>Perch\u00e9 la natura non sta bene?<\/strong><\/h3>\n<ul>\n<li>Per gli animali e le piante manca lo spazio per vivere. <br \/>Ci sono per esempio sempre meno prati e alberi in citt\u00e0.<\/li>\n<li>Tanti animali e piante in Svizzera stanno per scomparire <br \/>o non esistono pi\u00f9. <br \/>Ci sono per esempio sempre meno api. <br \/><strong>Senza<\/strong> api <br \/><strong>non<\/strong> ci sono frutti sugli alberi.<\/li>\n<\/ul>\n<h3><strong>Che cosa deve avere una natura sana?<\/strong><\/h3>\n<ul>\n<li>Acqua pulita<\/li>\n<li>Terreno fertile <br \/>Serve alle piante per crescere.<\/li>\n<li>Insetti impollinatori, cio\u00e8 gli insetti che portano il polline<strong><br \/><\/strong>Per esempio le api impollinano i fiori di un melo. <br \/>Cos\u00ec possono crescere le mele sull\u2019albero.<\/li>\n<\/ul>\n<h3><strong>Perch\u00e9 il PS dice S\u00cc a questa votazione popolare?<\/strong><\/h3>\n<ul>\n<li><strong>Le persone hanno bisogno di una natura sana.<\/strong> <br \/>Hanno bisogno di un terreno sano e di acqua potabile. <br \/>Cos\u00ec le persone avranno anche cibo sano.<\/li>\n<li><strong>La natura ha bisogno di tanti animali e piante. <\/strong><\/li>\n<li><strong>Una natura sana \u00e8 importante per il clima.<\/strong> <br \/>Piante, alberi e prati proteggono dal calore, <br \/>da inondazioni e valanghe.<\/li>\n<\/ul>\n<h3>Che cosa potete fare?<\/h3>\n<p>Votate <strong>S<\/strong><strong>\u00cc<\/strong> il 22 settembre 2024 alla votazione popolare sulla biodiversit\u00e0!<\/p>\n<p>Sulla scheda di voto c\u2019\u00e8 scritto: <br \/>\u00abVolete accettare l'iniziativa popolare \u00abPer il futuro della nostra natura e del nostro paesaggio (Iniziativa biodiversit\u00e0)?\u00bb<\/p>\n<p>Scrivete <strong>S<\/strong><strong>\u00cc<\/strong> sulla scheda di voto.<\/p>\n<\/div><\/div><\/div>\t\t\t\t<\/div>\n\t\t\t\t<\/div>\n\t\t\t\t\t<\/div>\n\t\t<\/div>\n\t\t\t\t\t<\/div>\n\t\t<\/section>\n\t\t\t\t<\/div>\n\t\t","protected":false},"excerpt":{"rendered":"<p>S\u00cc all\u2019iniziativa biodiversit\u00e0 Che cosa \u00e8 la biodiversit\u00e0? Esistono tante specie di animali e piante.Tutti questi animali e piante vivono in molti luoghi diversi. Ad esempio negli stagni e nei [&hellip;]<\/p>\n","protected":false},"author":64,"featured_media":0,"parent":0,"menu_order":0,"comment_status":"closed","ping_status":"closed","template":"","meta":{"footnotes":""},"class_list":["post-140939","page","type-page","status-publish","hentry"],"_links":{"self":[{"href":"https:\/\/www.sp-ps.ch\/it\/wp-json\/wp\/v2\/pages\/140939","targetHints":{"allow":["GET"]}}],"collection":[{"href":"https:\/\/www.sp-ps.ch\/it\/wp-json\/wp\/v2\/pages"}],"about":[{"href":"https:\/\/www.sp-ps.ch\/it\/wp-json\/wp\/v2\/types\/page"}],"author":[{"embeddable":true,"href":"https:\/\/www.sp-ps.ch\/it\/wp-json\/wp\/v2\/users\/64"}],"replies":[{"embeddable":true,"href":"https:\/\/www.sp-ps.ch\/it\/wp-json\/wp\/v2\/comments?post=140939"}],"version-history":[{"count":1,"href":"https:\/\/www.sp-ps.ch\/it\/wp-json\/wp\/v2\/pages\/140939\/revisions"}],"predecessor-version":[{"id":140940,"href":"https:\/\/www.sp-ps.ch\/it\/wp-json\/wp\/v2\/pages\/140939\/revisions\/140940"}],"wp:attachment":[{"href":"https:\/\/www.sp-ps.ch\/it\/wp-json\/wp\/v2\/media?parent=140939"}],"curies":[{"name":"wp","href":"https:\/\/api.w.org\/{rel}","templated":true}]}}