{"id":151595,"date":"2025-01-08T09:51:48","date_gmt":"2025-01-08T08:51:48","guid":{"rendered":"https:\/\/www.sp-ps.ch\/?page_id=151595"},"modified":"2025-01-08T09:51:50","modified_gmt":"2025-01-08T08:51:50","slug":"si-alliniziativa-per-la-responsabilita-ambientale","status":"publish","type":"page","link":"https:\/\/www.sp-ps.ch\/it\/si-alliniziativa-per-la-responsabilita-ambientale\/","title":{"rendered":"S\u00ec all&#8217;iniziativa per la responsabilit\u00e0 ambientale"},"content":{"rendered":"\t\t<div data-elementor-type=\"wp-page\" data-elementor-id=\"151595\" class=\"elementor elementor-151595 elementor-151593\" data-elementor-post-type=\"page\">\n\t\t\t\t\t\t<section class=\"elementor-section elementor-top-section elementor-element elementor-element-35f82ac elementor-section-boxed elementor-section-height-default elementor-section-height-default\" data-id=\"35f82ac\" data-element_type=\"section\" data-settings=\"{&quot;jet_parallax_layout_list&quot;:[],&quot;background_background&quot;:&quot;classic&quot;}\">\n\t\t\t\t\t\t\t<div class=\"elementor-background-overlay\"><\/div>\n\t\t\t\t\t\t\t<div class=\"elementor-container elementor-column-gap-default\">\n\t\t\t\t\t<div class=\"elementor-column elementor-col-100 elementor-top-column elementor-element elementor-element-274bc43\" data-id=\"274bc43\" data-element_type=\"column\">\n\t\t\t<div class=\"elementor-widget-wrap elementor-element-populated\">\n\t\t\t\t\t\t<div class=\"elementor-element elementor-element-dac1c79 elementor-widget elementor-widget-image\" data-id=\"dac1c79\" data-element_type=\"widget\" data-widget_type=\"image.default\">\n\t\t\t\t<div class=\"elementor-widget-container\">\n\t\t\t\t\t\t\t\t\t\t\t\t\t\t\t<img fetchpriority=\"high\" decoding=\"async\" width=\"1920\" height=\"1080\" src=\"https:\/\/www.sp-ps.ch\/wp-content\/uploads\/2025\/01\/Header_1_Zeichenflaeche-1-1.jpg\" class=\"attachment-full size-full wp-image-151618\" alt=\"\" srcset=\"https:\/\/www.sp-ps.ch\/wp-content\/uploads\/2025\/01\/Header_1_Zeichenflaeche-1-1.jpg 1920w, https:\/\/www.sp-ps.ch\/wp-content\/uploads\/2025\/01\/Header_1_Zeichenflaeche-1-1-300x169.jpg 300w, https:\/\/www.sp-ps.ch\/wp-content\/uploads\/2025\/01\/Header_1_Zeichenflaeche-1-1-1024x576.jpg 1024w, https:\/\/www.sp-ps.ch\/wp-content\/uploads\/2025\/01\/Header_1_Zeichenflaeche-1-1-768x432.jpg 768w, https:\/\/www.sp-ps.ch\/wp-content\/uploads\/2025\/01\/Header_1_Zeichenflaeche-1-1-1536x864.jpg 1536w\" sizes=\"(max-width: 1920px) 100vw, 1920px\" \/>\t\t\t\t\t\t\t\t\t\t\t\t\t\t\t<\/div>\n\t\t\t\t<\/div>\n\t\t\t\t<div class=\"elementor-element elementor-element-292f791 elementor-widget elementor-widget-spps_button_list\" data-id=\"292f791\" data-element_type=\"widget\" data-widget_type=\"spps_button_list.default\">\n\t\t\t\t<div class=\"elementor-widget-container\">\n\t\t\t\t\t<div class=\"button-list-wrapper   \"><div class=\"button-list-title\"><h2>S\u00ec all'iniziativa per la responsabilit\u00e0 ambientale<\/h2><\/div><div class=\"button-list-container\"><div class=\"button-list-text\"><p>Crisi climatica, estinzione delle, inquinamento dell'acqua e del suolo: il modo in cui facciamo affari sta distruggendo i nostri mezzi di sussistenza. Le grandi multinazionali fanno di tutto per massimizzare i loro profitti, anche a spese dell'ambiente. L'iniziativa per la responsabilit\u00e0 ambientale vuole cambiare questa situazione.\u00a0 Votando S\u00ec il 9 febbraio, salvaguarderemo le basi naturali della vita per tutte le persone, oggi e in futuro.<\/p>\n<p>&nbsp;<\/p>\n<h3><strong>Il tempo \u00e8 fondamentale<\/strong><\/h3>\n<p>Alluvioni, incendi boschivi e siccit\u00e0 sono gi\u00e0 oggi una realt\u00e0. Pi\u00f9 aspettiamo, pi\u00f9 sofferenze e costi causeranno i disastri ambientali. I limiti del nostro pianeta vengono oggi superati in modo massiccio. Con l'iniziativa per la responsabilit\u00e0 ambientale, stiamo riallineando la nostra economia in modo da preservare i nostri mezzi di sussistenza.<\/p>\n<p>&nbsp;<\/p>\n<h3><strong>Per un'economia sostenibile<\/strong><\/h3>\n<p>Le grandi aziende stanno facendo tutto il possibile per massimizzare i loro profitti, a spese nostre e dell'ambiente. Si tratta di un vicolo cieco che poter\u00e0 al collasso. Con l'iniziativa per la responsabilit\u00e0 ambientale, stiamo creando le condizioni quadro giuste per un'economia sostenibile e orientata al futuro. In particolare, la nostra economia non deve consumare pi\u00f9 risorse di quelle che il nostro ambiente \u00e8 in grado di sostenere. In questo modo, stiamo creando un sistema economico che non vive a spese delle generazioni future, ma \u00e8 in armonia con l'ambiente. Per i danni all'ambiente non saranno i singoli a pagare, ma coloro che lo sfruttano e ne traggono profitto. Gli investimenti nella riorganizzazione ecologica dell'economia andranno a beneficio di tutti e tutte noi e garantiranno il nostro benessere a lungo termine.<\/p>\n<p>&nbsp;<\/p>\n<h3><strong>A favore della giustizia globale<\/strong><\/h3>\n<p>I Paesi ricchi come la Svizzera sono i principali responsabili della crisi climatica. Tuttavia, sono soprattutto i Paesi e le popolazioni del Sud globale a soffrire. Sono particolarmente colpiti da ondate di calore, siccit\u00e0 e inondazioni. \u00a0Privati dei loro mezzi di sussistenza, sono costretti a lasciare il loro Paese e la crisi climatica diventa sempre pi\u00f9 un motivo di fuga.<\/p>\n<\/div><\/div><\/div>\t\t\t\t<\/div>\n\t\t\t\t<\/div>\n\t\t\t\t\t<\/div>\n\t\t<\/div>\n\t\t\t\t\t<\/div>\n\t\t<\/section>\n\t\t\t\t<section class=\"elementor-section elementor-top-section elementor-element elementor-element-8fbc46c elementor-section-boxed elementor-section-height-default elementor-section-height-default\" data-id=\"8fbc46c\" data-element_type=\"section\" data-settings=\"{&quot;jet_parallax_layout_list&quot;:[]}\">\n\t\t\t\t\t\t<div class=\"elementor-container elementor-column-gap-default\">\n\t\t\t\t\t<div class=\"elementor-column elementor-col-100 elementor-top-column elementor-element elementor-element-473e503\" data-id=\"473e503\" data-element_type=\"column\">\n\t\t\t<div class=\"elementor-widget-wrap\">\n\t\t\t\t\t\t\t<\/div>\n\t\t<\/div>\n\t\t\t\t\t<\/div>\n\t\t<\/section>\n\t\t\t\t<\/div>\n\t\t","protected":false},"excerpt":{"rendered":"<p>S\u00ec all&#8217;iniziativa per la responsabilit\u00e0 ambientale Crisi climatica, estinzione delle, inquinamento dell&#8217;acqua e del suolo: il modo in cui facciamo affari sta distruggendo i nostri mezzi di sussistenza. Le grandi [&hellip;]<\/p>\n","protected":false},"author":83,"featured_media":0,"parent":0,"menu_order":2,"comment_status":"closed","ping_status":"closed","template":"","meta":{"footnotes":""},"class_list":["post-151595","page","type-page","status-publish","hentry"],"_links":{"self":[{"href":"https:\/\/www.sp-ps.ch\/it\/wp-json\/wp\/v2\/pages\/151595","targetHints":{"allow":["GET"]}}],"collection":[{"href":"https:\/\/www.sp-ps.ch\/it\/wp-json\/wp\/v2\/pages"}],"about":[{"href":"https:\/\/www.sp-ps.ch\/it\/wp-json\/wp\/v2\/types\/page"}],"author":[{"embeddable":true,"href":"https:\/\/www.sp-ps.ch\/it\/wp-json\/wp\/v2\/users\/83"}],"replies":[{"embeddable":true,"href":"https:\/\/www.sp-ps.ch\/it\/wp-json\/wp\/v2\/comments?post=151595"}],"version-history":[{"count":3,"href":"https:\/\/www.sp-ps.ch\/it\/wp-json\/wp\/v2\/pages\/151595\/revisions"}],"predecessor-version":[{"id":151640,"href":"https:\/\/www.sp-ps.ch\/it\/wp-json\/wp\/v2\/pages\/151595\/revisions\/151640"}],"wp:attachment":[{"href":"https:\/\/www.sp-ps.ch\/it\/wp-json\/wp\/v2\/media?parent=151595"}],"curies":[{"name":"wp","href":"https:\/\/api.w.org\/{rel}","templated":true}]}}