{"id":167845,"date":"2025-08-27T15:51:11","date_gmt":"2025-08-27T13:51:11","guid":{"rendered":"https:\/\/www.sp-ps.ch\/in-ligua-facile-documento-didentita-elettronico-si\/"},"modified":"2025-08-27T15:51:14","modified_gmt":"2025-08-27T13:51:14","slug":"in-ligua-facile-documento-didentita-elettronico-si","status":"publish","type":"page","link":"https:\/\/www.sp-ps.ch\/it\/in-ligua-facile-documento-didentita-elettronico-si\/","title":{"rendered":"In ligua facile: Documento d\u2019identit\u00e0 elettronico? S\u00ec!"},"content":{"rendered":"\t\t<div data-elementor-type=\"wp-page\" data-elementor-id=\"167845\" class=\"elementor elementor-167845 elementor-167836\" data-elementor-post-type=\"page\">\n\t\t\t\t\t\t<section class=\"elementor-section elementor-top-section elementor-element elementor-element-b6abd76 elementor-section-boxed elementor-section-height-default elementor-section-height-default\" data-id=\"b6abd76\" data-element_type=\"section\" data-settings=\"{&quot;jet_parallax_layout_list&quot;:[]}\">\n\t\t\t\t\t\t<div class=\"elementor-container elementor-column-gap-default\">\n\t\t\t\t\t<div class=\"elementor-column elementor-col-100 elementor-top-column elementor-element elementor-element-fe7734f\" data-id=\"fe7734f\" data-element_type=\"column\">\n\t\t\t<div class=\"elementor-widget-wrap elementor-element-populated\">\n\t\t\t\t\t\t<div class=\"elementor-element elementor-element-1544208 elementor-widget elementor-widget-spps_title_text\" data-id=\"1544208\" data-element_type=\"widget\" data-widget_type=\"spps_title_text.default\">\n\t\t\t\t<div class=\"elementor-widget-container\">\n\t\t\t\t\t<div class=\"title-text-wrapper \"><div class=\"title-text-title\"><h2>In ligua facile: Documento d\u2019identit\u00e0 elettronico? S\u00ec!<\/h2><\/div><div class=\"title-text-container\"><div class=\"title-text-text\"><h3>Il 28 settembre vota S\u00cc.<\/h3>\n<p><strong>Cosa si vota?<\/strong> Legge sull\u2019identit\u00e0 elettronica.<\/p>\n<p><strong>Sigla:<\/strong> e-ID<\/p>\n<p>\u201ce\u201d significa elettronico.<\/p>\n<p>ID significa identit\u00e0. <br \/>ID \u00e8 un documento.<\/p>\n<p>L\u2019identit\u00e0 elettronica \u00e8 un altro modo per confermare chi sei. <br \/>Come la tessera della carta d\u2019identit\u00e0.<\/p>\n<p><strong>Perch\u00e9 votare s\u00ec: <\/strong><\/p>\n<ul>\n<li>L\u2019e-ID \u00e8 sicura.<\/li>\n<li>L\u2019e-ID protegge i dati delle persone.<\/li>\n<li>Tutti ricevono un\u2019e-ID.<\/li>\n<li>L\u2019e-ID non \u00e8 obbligatoria.<\/li>\n<li>L\u2019e-ID \u00e8 gratis.<\/li>\n<li>Lo Stato rende sicura l\u2019e-ID.<\/li>\n<li>Tu puoi controllare i tuoi<\/li>\n<li>Puoi decidere: usi solo la carta d\u2019identit\u00e0 o anche l\u2019e-ID.<\/li>\n<\/ul>\n<p><strong>Con <\/strong><strong>e-ID diventa pi\u00f9 semplice:<\/strong><\/p>\n<ul>\n<li>chiedere online la patente<\/li>\n<li>se compri qualcosa in internet, puoi usare e-ID come documento<\/li>\n<li>aprire un conto online<\/li>\n<li>fare vedere la tua et\u00e0 in internet<\/li>\n<li>non devi fare la fila agli sportelli<\/li>\n<\/ul>\n<p><strong>Sulla scheda di voto \u00e8 scritto: <br \/><\/strong>\u201cVolete accettare la legge federale del 20 dicembre 2024 sul mezzo d\u2019identificazione elettronico e altri mezzi di autenticazione elettronici?\u201d<br \/>Scrivi: S\u00cc.<\/p>\n<\/div><\/div><\/div>\t\t\t\t<\/div>\n\t\t\t\t<\/div>\n\t\t\t\t\t<\/div>\n\t\t<\/div>\n\t\t\t\t\t<\/div>\n\t\t<\/section>\n\t\t\t\t<\/div>\n\t\t","protected":false},"excerpt":{"rendered":"<p>In ligua facile: Documento d\u2019identit\u00e0 elettronico? S\u00ec! Il 28 settembre vota S\u00cc. Cosa si vota? Legge sull\u2019identit\u00e0 elettronica. Sigla: e-ID \u201ce\u201d significa elettronico. ID significa identit\u00e0. ID \u00e8 un documento. [&hellip;]<\/p>\n","protected":false},"author":64,"featured_media":0,"parent":0,"menu_order":0,"comment_status":"closed","ping_status":"closed","template":"","meta":{"footnotes":""},"class_list":["post-167845","page","type-page","status-publish","hentry"],"_links":{"self":[{"href":"https:\/\/www.sp-ps.ch\/it\/wp-json\/wp\/v2\/pages\/167845","targetHints":{"allow":["GET"]}}],"collection":[{"href":"https:\/\/www.sp-ps.ch\/it\/wp-json\/wp\/v2\/pages"}],"about":[{"href":"https:\/\/www.sp-ps.ch\/it\/wp-json\/wp\/v2\/types\/page"}],"author":[{"embeddable":true,"href":"https:\/\/www.sp-ps.ch\/it\/wp-json\/wp\/v2\/users\/64"}],"replies":[{"embeddable":true,"href":"https:\/\/www.sp-ps.ch\/it\/wp-json\/wp\/v2\/comments?post=167845"}],"version-history":[{"count":1,"href":"https:\/\/www.sp-ps.ch\/it\/wp-json\/wp\/v2\/pages\/167845\/revisions"}],"predecessor-version":[{"id":167846,"href":"https:\/\/www.sp-ps.ch\/it\/wp-json\/wp\/v2\/pages\/167845\/revisions\/167846"}],"wp:attachment":[{"href":"https:\/\/www.sp-ps.ch\/it\/wp-json\/wp\/v2\/media?parent=167845"}],"curies":[{"name":"wp","href":"https:\/\/api.w.org\/{rel}","templated":true}]}}